{"id":3595,"date":"2023-06-22T16:33:56","date_gmt":"2023-06-22T16:33:56","guid":{"rendered":"https:\/\/www.appyweb.es\/diccionario\/?post_type=project&#038;p=3595"},"modified":"2024-03-28T16:34:10","modified_gmt":"2024-03-28T16:34:10","slug":"red-de-display","status":"publish","type":"page","link":"https:\/\/www.appyweb.es\/diccionario\/red-de-display\/","title":{"rendered":"Red de Display"},"content":{"rendered":"<h1><img loading=\"lazy\" decoding=\"async\" class=\"alignnone  wp-image-12796\" src=\"https:\/\/www.appyweb.es\/diccionario\/wp-content\/uploads\/2024\/03\/red-de-display-300x180.jpg\" alt=\"Red de display\" width=\"977\" height=\"586\" srcset=\"https:\/\/www.appyweb.es\/diccionario\/wp-content\/uploads\/2024\/03\/red-de-display-300x180.jpg 300w, https:\/\/www.appyweb.es\/diccionario\/wp-content\/uploads\/2024\/03\/red-de-display-768x461.jpg 768w, https:\/\/www.appyweb.es\/diccionario\/wp-content\/uploads\/2024\/03\/red-de-display.jpg 1000w\" sizes=\"auto, (max-width: 977px) 100vw, 977px\" \/><\/h1>\n<p>Es una herramienta de la <a href=\"https:\/\/www.appyweb.es\/campanas-google-adwords\/\">plataforma de anuncios Google Ads<\/a> que permite tener acceso a sitios web y otras plataformas para posicionar anuncios. La red de display se basa en un sistema de pujas.<\/p>\n<h2>\u00bfQu\u00e9 es la red de display?<\/h2>\n<p>Esta herramienta, que permite lanzar campa\u00f1as de anuncios para diferentes espacios publicitarios en sitios web y plataformas de Google Partners, cuenta con m\u00e1s de 2 millones de opciones para anunciarse. Con este cat\u00e1logo, <strong>los anunciantes pueden escoger cu\u00e1les son m\u00e1s convenientes para sus campa\u00f1as<\/strong>, seg\u00fan la tem\u00e1tica, palabras clave, n\u00famero de visitas y otras caracter\u00edsticas sin tener que contar con demasiadas <a href=\"https:\/\/www.appyweb.es\/posicionamiento-web\/\">estrategias de posicionamiento web<\/a>.<\/p>\n<p>Seg\u00fan los expertos en Ads, la red de display est\u00e1 disponible para el 90% de los usuarios en Internet, esto quiere decir que los anuncios podr\u00e1n acceder a un flujo de tr\u00e1fico con un gran volumen para garantizar el \u00e9xito con sus estrategias.<\/p>\n<h2>\u00bfPara qu\u00e9 sirve la red display?<\/h2>\n<p>Una de las razones de por qu\u00e9 las empresas utilizan este m\u00e9todo para promocionarse es que <strong>permite orientar los anuncios en contextos muy espec\u00edficos<\/strong>. Por ejemplo, cuando un usuario hace una b\u00fasqueda en Google sobre \u00ablas mejores playas del mediterr\u00e1neo\u00bb aparecer\u00e1 una lista de resultados de b\u00fasqueda con sitios web donde se puede posicionar el anuncio.<\/p>\n<p>Igualmente, gracias a la posibilidad de especificar estos aspectos, es posible tener una mayor rentabilidad. Tambi\u00e9n se puede a\u00f1adir un p\u00fablico particular, una localizaci\u00f3n espec\u00edfica, todo esto con una precisi\u00f3n incre\u00edble.<\/p>\n<h2>\u00bfC\u00f3mo funciona la red de display?<\/h2>\n<p>Es muy interesante porque analiza el comportamiento de los usuarios y recopila informaci\u00f3n al respecto, esto lo hace <strong>almacenando un historial de b\u00fasqueda en cookies y otras acciones<\/strong> desde sus herramientas como Google Assistant. As\u00ed, elabora un perfil de usuario basado en edad, g\u00e9nero, intereses, etc. Con esto, los anunciantes podr\u00e1n elegir todas las caracter\u00edsticas de los usuarios que quieren atraer.<\/p>\n<p>Los anuncios pueden ser pagados por impresiones o clics, en ambos casos son rentables, pero tambi\u00e9n se pueden medir por conversiones, ya que si se cuenta con un producto interesante y una web bien optimizada es posible que las conversiones empiecen a surgir.<\/p>\n<h2>Ejemplo de la red de display<\/h2>\n<p>Una de las mejores funcionalidades de la red de display es el remarketing, permite hacer un seguimiento constante de los usuarios que est\u00e1n m\u00e1s preparados para comprar, <strong>con la intenci\u00f3n de mostrarles el anuncio<\/strong> en todas las partes de Internet que permita. As\u00ed, se incentiva al usuario a volver al sitio web y seguir con la navegaci\u00f3n o con la compra.<\/p>\n<p>Son muy f\u00e1ciles de identificar, son los anuncios que se ven en buscadores, sitios web, YouTube y otras herramientas de forma constante y repetitiva.<\/p>\n<p><script type=\"application\/ld+json\">{\"@context\":\"https:\/\/schema.org\",\"@type\":\"FAQPage\",\"mainEntity\":[ \n{\"@type\":\"Question\",\"name\":\"\ud83d\udccc \u00bfQu\u00e9 es la red de display?\",\"acceptedAnswer\":{\"@type\":\"Answer\",\"text\":\"<\/p>\n<p>Esta herramienta, que permite lanzar campa\u00f1as de anuncios para diferentes espacios publicitarios en sitios web y plataformas de Google Partners, cuenta con m\u00e1s de 2 millones de opciones para anunciarse. Con este cat\u00e1logo, <strong>los anunciantes pueden escoger cu\u00e1les son m\u00e1s convenientes para sus campa\u00f1as<\/strong>, seg\u00fan la tem\u00e1tica, palabras clave, n\u00famero de visitas y otras caracter\u00edsticas sin tener que contar con demasiadas <a href='https:\/\/www.appyweb.es\/posicionamiento-web\/'>estrategias de posicionamiento web<\/a>.<\/p>\n<p>Seg\u00fan los expertos en Ads, la red de display est\u00e1 disponible para el 90% de los usuarios en Internet, esto quiere decir que los anuncios podr\u00e1n acceder a un flujo de tr\u00e1fico con un gran volumen para garantizar el \u00e9xito con sus estrategias.<\/p>\n<p>\"}},\n{\"@type\":\"Question\",\"name\":\"\ud83d\udccc \u00bfPara qu\u00e9 sirve la red display?\",\"acceptedAnswer\":{\"@type\":\"Answer\",\"text\":\"<\/p>\n<p>Una de las razones de por qu\u00e9 las empresas utilizan este m\u00e9todo para promocionarse es que <strong>permite orientar los anuncios en contextos muy espec\u00edficos<\/strong>. Por ejemplo, cuando un usuario hace una b\u00fasqueda en Google sobre 'las mejores playas del mediterr\u00e1neo' aparecer\u00e1 una lista de resultados de b\u00fasqueda con sitios web donde se puede posicionar el anuncio.<\/p>\n<p>Igualmente, gracias a la posibilidad de especificar estos aspectos, es posible tener una mayor rentabilidad. Tambi\u00e9n se puede a\u00f1adir un p\u00fablico particular, una localizaci\u00f3n espec\u00edfica, todo esto con una precisi\u00f3n incre\u00edble.<\/p>\n<p>\"}},\n{\"@type\":\"Question\",\"name\":\"\ud83d\udccc \u00bfC\u00f3mo funciona la red de display?\",\"acceptedAnswer\":{\"@type\":\"Answer\",\"text\":\"<\/p>\n<p>Es muy interesante porque analiza el comportamiento de los usuarios y recopila informaci\u00f3n al respecto, esto lo hace <strong>almacenando un historial de b\u00fasqueda en cookies y otras acciones<\/strong> desde sus herramientas como Google Assistant. As\u00ed, elabora un perfil de usuario basado en edad, g\u00e9nero, intereses, etc. Con esto, los anunciantes podr\u00e1n elegir todas las caracter\u00edsticas de los usuarios que quieren atraer.<\/p>\n<p>Los anuncios pueden ser pagados por impresiones o clics, en ambos casos son rentables, pero tambi\u00e9n se pueden medir por conversiones, ya que si se cuenta con un producto interesante y una web bien optimizada es posible que las conversiones empiecen a surgir.<\/p>\n<p>\"}},\n{\"@type\":\"Question\",\"name\":\"\ud83d\udccc Ejemplo de la red de display\",\"acceptedAnswer\":{\"@type\":\"Answer\",\"text\":\"<\/p>\n<p>Una de las mejores funcionalidades de la red de display es el remarketing, permite hacer un seguimiento constante de los usuarios que est\u00e1n m\u00e1s preparados para comprar, <strong>con la intenci\u00f3n de mostrarles el anuncio<\/strong> en todas las partes de Internet que permita. As\u00ed, se incentiva al usuario a volver al sitio web y seguir con la navegaci\u00f3n o con la compra.<\/p>\n<p>Son muy f\u00e1ciles de identificar, son los anuncios que se ven en buscadores, sitios web, YouTube y otras herramientas de forma constante y repetitiva.<\/p>\n<p>\"}}\n]}<\/script><\/p>\n<h2>M\u00e1s informaci\u00f3n sobre la red de display<\/h2>\n<p>La publicidad en display es genial para promocionarse, pero Google ofrece otras opciones como la red de b\u00fasqueda, mira los siguientes enlaces y conoce m\u00e1s.<\/p>\n<ul>\n<li><a href=\"https:\/\/www.appyweb.es\/tipos-campanas-google-ads-objetivo-negocio\/\">Tipos de campa\u00f1as de Google Ads para tu negocio<\/a><\/li>\n<li><a href=\"https:\/\/www.iebschool.com\/blog\/errores-evitar-perder-dinero-red-display-adwords-seo-sem\/\" rel=\"nofollow noopener\" target=\"_blank\">7 errores que debes evitar en la red Display de Adwords<\/a><\/li>\n<\/ul>\n<p>&nbsp;<\/p>\n","protected":false},"excerpt":{"rendered":"<p>Es una herramienta de la plataforma de anuncios Google Ads que permite tener acceso a sitios web y otras plataformas para posicionar anuncios. La red de display se basa en un sistema de pujas. \u00bfQu\u00e9 es la red de display? Esta herramienta, que permite lanzar campa\u00f1as de anuncios para diferentes espacios publicitarios en sitios web [&hellip;]<\/p>\n","protected":false},"author":1,"featured_media":12796,"parent":0,"menu_order":0,"comment_status":"open","ping_status":"closed","template":"","meta":{"inline_featured_image":false,"footnotes":""},"class_list":["post-3595","page","type-page","status-publish","has-post-thumbnail","hentry"],"_links":{"self":[{"href":"https:\/\/www.appyweb.es\/diccionario\/wp-json\/wp\/v2\/pages\/3595","targetHints":{"allow":["GET"]}}],"collection":[{"href":"https:\/\/www.appyweb.es\/diccionario\/wp-json\/wp\/v2\/pages"}],"about":[{"href":"https:\/\/www.appyweb.es\/diccionario\/wp-json\/wp\/v2\/types\/page"}],"author":[{"embeddable":true,"href":"https:\/\/www.appyweb.es\/diccionario\/wp-json\/wp\/v2\/users\/1"}],"replies":[{"embeddable":true,"href":"https:\/\/www.appyweb.es\/diccionario\/wp-json\/wp\/v2\/comments?post=3595"}],"version-history":[{"count":5,"href":"https:\/\/www.appyweb.es\/diccionario\/wp-json\/wp\/v2\/pages\/3595\/revisions"}],"predecessor-version":[{"id":12800,"href":"https:\/\/www.appyweb.es\/diccionario\/wp-json\/wp\/v2\/pages\/3595\/revisions\/12800"}],"wp:featuredmedia":[{"embeddable":true,"href":"https:\/\/www.appyweb.es\/diccionario\/wp-json\/wp\/v2\/media\/12796"}],"wp:attachment":[{"href":"https:\/\/www.appyweb.es\/diccionario\/wp-json\/wp\/v2\/media?parent=3595"}],"curies":[{"name":"wp","href":"https:\/\/api.w.org\/{rel}","templated":true}]}}