{"id":3599,"date":"2023-06-22T16:36:40","date_gmt":"2023-06-22T16:36:40","guid":{"rendered":"https:\/\/www.appyweb.es\/diccionario\/?post_type=project&#038;p=3599"},"modified":"2024-03-28T16:39:42","modified_gmt":"2024-03-28T16:39:42","slug":"redaccion-seo","status":"publish","type":"page","link":"https:\/\/www.appyweb.es\/diccionario\/redaccion-seo\/","title":{"rendered":"Redacci\u00f3n SEO"},"content":{"rendered":"<h1><img loading=\"lazy\" decoding=\"async\" class=\"alignnone  wp-image-12801\" src=\"https:\/\/www.appyweb.es\/diccionario\/wp-content\/uploads\/2024\/03\/redaccion-seo-300x180.jpg\" alt=\"Redaccion SEO\" width=\"973\" height=\"584\" srcset=\"https:\/\/www.appyweb.es\/diccionario\/wp-content\/uploads\/2024\/03\/redaccion-seo-300x180.jpg 300w, https:\/\/www.appyweb.es\/diccionario\/wp-content\/uploads\/2024\/03\/redaccion-seo-768x461.jpg 768w, https:\/\/www.appyweb.es\/diccionario\/wp-content\/uploads\/2024\/03\/redaccion-seo.jpg 1000w\" sizes=\"auto, (max-width: 973px) 100vw, 973px\" \/><\/h1>\n<p>Es una forma de <a href=\"https:\/\/www.appyweb.es\/marketing-de-contenidos\/\">hacer marketing de contenidos<\/a> escribiendo art\u00edculos que est\u00e9n optimizados para buscadores. <strong>La redacci\u00f3n SEO contiene todos los elementos para posicionar<\/strong>.<\/p>\n<h2>\u00bfQu\u00e9 es redacci\u00f3n SEO?<\/h2>\n<p>Es una forma de crear contenido de alta calidad con el prop\u00f3sito de <a href=\"https:\/\/www.appyweb.es\/posicionamiento-web\/\">obtener un posicionamiento web efectivo<\/a> en las SERP\\&#8217;s o p\u00e1ginas de resultados de b\u00fasqueda de Google. <strong>La redacci\u00f3n SEO es actualmente una de las t\u00e9cnicas m\u00e1s importantes<\/strong>, ya que se basan en textos de calidad que permitir\u00e1n disfrutar de los primeros lugares.<\/p>\n<p>En estos casos, los art\u00edculos deben ser optimizados en todos sus elementos para el SEO On Page y Off Page, es decir, que est\u00e9 en buenas condiciones para ser analizado por el algoritmo de b\u00fasqueda y para que los usuarios tengan una buena experiencia al leerlo.<\/p>\n<h2>\u00bfPara qu\u00e9 sirve la redacci\u00f3n SEO?<\/h2>\n<p>Esta t\u00e9cnica del marketing de contenidos es utilizada para <strong>conseguir una buena posici\u00f3n en los resultados de b\u00fasqueda de Google<\/strong>. No basta solo concentrarse en la cantidad del texto o en su promoci\u00f3n, sino en la calidad de las palabras clave, las estrategias de optimizaci\u00f3n, su estructura y experiencia del usuario en el sitio web.<\/p>\n<p>Igualmente, una vez posicionado el art\u00edculo, puede ser de ayuda para impulsar estrategias de contenidos para vender o promocionar. Por ejemplo, para insertar una t\u00e9cnica de suscripci\u00f3n o con recursos de productos digitales.<\/p>\n<p>Entre muchas ventajas que esto ofrece se pueden nombrar las siguientes.<\/p>\n<ol>\n<li>Un mayor flujo de visitas.<\/li>\n<li><strong>Mejor\u00eda en cuanto a visibilidad del sitio web o la p\u00e1gina<\/strong>.<\/li>\n<li>Impulsa estrategias de linkbuilding.<\/li>\n<li>Optimiza la experiencia del usuario.<\/li>\n<\/ol>\n<h2>\u00bfC\u00f3mo optimizar la redacci\u00f3n SEO?<\/h2>\n<p>Es importante tener en mente <strong>todos los elementos de la optimizaci\u00f3n para buscadores<\/strong>, como los siguientes.<\/p>\n<ul>\n<li><strong>T\u00edtulo<\/strong>: Debe ser menor a 50 caracteres y contener las palabras clave adecuadas.<\/li>\n<li><strong>URL<\/strong>: Tambi\u00e9n debe contener las keywords, se deben eliminar los n\u00fameros y caracteres extra\u00f1os.<\/li>\n<li><strong>Descripci\u00f3n<\/strong>: O meta-descripci\u00f3n, es el p\u00e1rrafo que se muestra en las SERP\\&#8217;s, debe contener a penas dos l\u00edneas y se directa y concisa.<\/li>\n<li><strong>Extensi\u00f3n<\/strong>: Bien es cierto que los m\u00e1s largos posicionan mejor, pero deben contener informaci\u00f3n sustancial y de la calidad.<\/li>\n<li><strong>Primer y \u00faltimo p\u00e1rrafo<\/strong>: Deben <strong>contener las palabras clave y llamadas a la acci\u00f3n<\/strong> como \u00absigue leyendo\u00bb, \u00abmira estos enlaces\u00bb, \u00abcomenta aqu\u00ed abajo\u00bb.<\/li>\n<li><strong>Estructura<\/strong>: Cosiste en los t\u00edtulos y niveles, la estructura del texto debe separarse con etiquetas H1, H2, H3&#8230;<\/li>\n<li><strong>Enlaces<\/strong>: Tanto internos como externos, deben responder a una construcci\u00f3n de enlaces bien organizada para el posicionamiento.<\/li>\n<\/ul>\n<h2>Ejemplo de redacci\u00f3n SEO<\/h2>\n<p>Los mejores ejemplos de la redacci\u00f3n SEO siempre <strong>se encontrar\u00e1n en los primeros lugares de la p\u00e1gina de resultados de b\u00fasqueda de Google<\/strong>, as\u00ed que solo basta con echar un vistazo a cu\u00e1les son los elementos en el texto de la competencia que pueden ayudar al posicionamiento. A continuaci\u00f3n, se observa una imagen de ejemplo, con los elementos m\u00e1s importantes del contenido SEO, el t\u00edtulo, descripci\u00f3n y URL.<\/p>\n<p><script type=\"application\/ld+json\">{\"@context\":\"https:\/\/schema.org\",\"@type\":\"FAQPage\",\"mainEntity\":[ \n{\"@type\":\"Question\",\"name\":\"\ud83d\udccc \u00bfQu\u00e9 es redacci\u00f3n SEO?\",\"acceptedAnswer\":{\"@type\":\"Answer\",\"text\":\"<\/p>\n<p>Es una forma de crear contenido de alta calidad con el prop\u00f3sito de <a href='https:\/\/www.appyweb.es\/posicionamiento-web\/'>obtener un posicionamiento web efectivo<\/a> en las SERP\\'s o p\u00e1ginas de resultados de b\u00fasqueda de Google. <strong>La redacci\u00f3n SEO es actualmente una de las t\u00e9cnicas m\u00e1s importantes<\/strong>, ya que se basan en textos de calidad que permitir\u00e1n disfrutar de los primeros lugares.<\/p>\n<p>En estos casos, los art\u00edculos deben ser optimizados en todos sus elementos para el SEO On Page y Off Page, es decir, que est\u00e9 en buenas condiciones para ser analizado por el algoritmo de b\u00fasqueda y para que los usuarios tengan una buena experiencia al leerlo.<\/p>\n<p>\"}},\n{\"@type\":\"Question\",\"name\":\"\ud83d\udccc \u00bfPara qu\u00e9 sirve la redacci\u00f3n SEO?\",\"acceptedAnswer\":{\"@type\":\"Answer\",\"text\":\"<\/p>\n<p>Esta t\u00e9cnica del marketing de contenidos es utilizada para <strong>conseguir una buena posici\u00f3n en los resultados de b\u00fasqueda de Google<\/strong>. No basta solo concentrarse en la cantidad del texto o en su promoci\u00f3n, sino en la calidad de las palabras clave, las estrategias de optimizaci\u00f3n, su estructura y experiencia del usuario en el sitio web.<\/p>\n<p>Igualmente, una vez posicionado el art\u00edculo, puede ser de ayuda para impulsar estrategias de contenidos para vender o promocionar. Por ejemplo, para insertar una t\u00e9cnica de suscripci\u00f3n o con recursos de productos digitales.<\/p>\n<p>Entre muchas ventajas que esto ofrece se pueden nombrar las siguientes.<\/p>\n<\/p>\n<ol>\n<\/p>\n<li>Un mayor flujo de visitas.<\/li>\n<\/p>\n<\/p>\n<\/p>\n<li><strong>Mejor\u00eda en cuanto a visibilidad del sitio web o la p\u00e1gina<\/strong>.<\/li>\n<\/p>\n<\/p>\n<\/p>\n<li> Impulsa estrategias de linkbuilding.<\/li>\n<\/p>\n<\/p>\n<\/p>\n<li> Optimiza la experiencia del usuario.<\/li>\n<\/p>\n<\/p>\n<\/ol>\n<\/p>\n<\/p>\n<p>\"}},\n{\"@type\":\"Question\",\"name\":\"\ud83d\udccc \u00bfC\u00f3mo optimizar la redacci\u00f3n SEO?\",\"acceptedAnswer\":{\"@type\":\"Answer\",\"text\":\"<\/p>\n<p>Es importante tener en mente <strong>todos los elementos de la optimizaci\u00f3n para buscadores<\/strong>, como los siguientes.<\/p>\n<\/p>\n<ul>\n<\/p>\n<li><strong>T\u00edtulo<\/strong>: Debe ser menor a 50 caracteres y contener las palabras clave adecuadas.<\/li>\n<\/p>\n<\/p>\n<\/p>\n<li><strong>URL<\/strong>: Tambi\u00e9n debe contener las keywords, se deben eliminar los n\u00fameros y caracteres extra\u00f1os.<\/li>\n<\/p>\n<\/p>\n<\/p>\n<li><strong>Descripci\u00f3n<\/strong>: O meta-descripci\u00f3n, es el p\u00e1rrafo que se muestra en las SERP\\'s, debe contener a penas dos l\u00edneas y se directa y concisa.<\/li>\n<\/p>\n<\/p>\n<\/p>\n<li><strong>Extensi\u00f3n<\/strong>: Bien es cierto que los m\u00e1s largos posicionan mejor, pero deben contener informaci\u00f3n sustancial y de la calidad.<\/li>\n<\/p>\n<\/p>\n<\/p>\n<li><strong>Primer y \u00faltimo p\u00e1rrafo<\/strong>: Deben <strong>contener las palabras clave y llamadas a la acci\u00f3n<\/strong> como 'sigue leyendo', 'mira estos enlaces', 'comenta aqu\u00ed abajo'.<\/li>\n<\/p>\n<\/p>\n<\/p>\n<li><strong>Estructura<\/strong>: Cosiste en los t\u00edtulos y niveles, la estructura del texto debe separarse con etiquetas H1, H2, H3...<\/li>\n<\/p>\n<\/p>\n<\/p>\n<li><strong>Enlaces<\/strong>: Tanto internos como externos, deben responder a una construcci\u00f3n de enlaces bien organizada para el posicionamiento.<\/li>\n<\/p>\n<\/p>\n<\/ul>\n<\/p>\n<\/p>\n<p>\"}},\n{\"@type\":\"Question\",\"name\":\"\ud83d\udccc Ejemplo de redacci\u00f3n SEO\",\"acceptedAnswer\":{\"@type\":\"Answer\",\"text\":\"<\/p>\n<p>Los mejores ejemplos de la redacci\u00f3n SEO siempre <strong>se encontrar\u00e1n en los primeros lugares de la p\u00e1gina de resultados de b\u00fasqueda de Google<\/strong>, as\u00ed que solo basta con echar un vistazo a cu\u00e1les son los elementos en el texto de la competencia que pueden ayudar al posicionamiento. A continuaci\u00f3n, se observa una imagen de ejemplo, con los elementos m\u00e1s importantes del contenido SEO, el t\u00edtulo, descripci\u00f3n y URL.<\/p>\n<p>\"}}\n]}<\/script><\/p>\n<h2>M\u00e1s informaci\u00f3n sobre redacci\u00f3n SEO<\/h2>\n<p>Llegar a <strong>escribir textos y contenidos que posicionen<\/strong> puede ser un poco dif\u00edcil, pero no imposible, mira estos enlaces para obtener m\u00e1s informaci\u00f3n.<\/p>\n<ul>\n<li><a href=\"https:\/\/www.appyweb.es\/que-es-consultoria-seo-como-mejorar-posicionamiento\/\">\u00bfQu\u00e9 es una auditor\u00eda SEO y C\u00f3mo mejora el posicionamiento?<\/a><\/li>\n<li><a href=\"https:\/\/es.semrush.com\/blog\/redaccion-seo-tips-optimizar-contenidos\/\" rel=\"nofollow noopener\" target=\"_blank\">Redacci\u00f3n SEO: 30 Tips para optimizar tus contenidos<\/a><\/li>\n<\/ul>\n<p>&nbsp;<\/p>\n","protected":false},"excerpt":{"rendered":"<p>Es una forma de hacer marketing de contenidos escribiendo art\u00edculos que est\u00e9n optimizados para buscadores. La redacci\u00f3n SEO contiene todos los elementos para posicionar. \u00bfQu\u00e9 es redacci\u00f3n SEO? Es una forma de crear contenido de alta calidad con el prop\u00f3sito de obtener un posicionamiento web efectivo en las SERP\\&#8217;s o p\u00e1ginas de resultados de b\u00fasqueda [&hellip;]<\/p>\n","protected":false},"author":1,"featured_media":12801,"parent":0,"menu_order":0,"comment_status":"open","ping_status":"closed","template":"","meta":{"inline_featured_image":false,"footnotes":""},"class_list":["post-3599","page","type-page","status-publish","has-post-thumbnail","hentry"],"_links":{"self":[{"href":"https:\/\/www.appyweb.es\/diccionario\/wp-json\/wp\/v2\/pages\/3599","targetHints":{"allow":["GET"]}}],"collection":[{"href":"https:\/\/www.appyweb.es\/diccionario\/wp-json\/wp\/v2\/pages"}],"about":[{"href":"https:\/\/www.appyweb.es\/diccionario\/wp-json\/wp\/v2\/types\/page"}],"author":[{"embeddable":true,"href":"https:\/\/www.appyweb.es\/diccionario\/wp-json\/wp\/v2\/users\/1"}],"replies":[{"embeddable":true,"href":"https:\/\/www.appyweb.es\/diccionario\/wp-json\/wp\/v2\/comments?post=3599"}],"version-history":[{"count":5,"href":"https:\/\/www.appyweb.es\/diccionario\/wp-json\/wp\/v2\/pages\/3599\/revisions"}],"predecessor-version":[{"id":12803,"href":"https:\/\/www.appyweb.es\/diccionario\/wp-json\/wp\/v2\/pages\/3599\/revisions\/12803"}],"wp:featuredmedia":[{"embeddable":true,"href":"https:\/\/www.appyweb.es\/diccionario\/wp-json\/wp\/v2\/media\/12801"}],"wp:attachment":[{"href":"https:\/\/www.appyweb.es\/diccionario\/wp-json\/wp\/v2\/media?parent=3599"}],"curies":[{"name":"wp","href":"https:\/\/api.w.org\/{rel}","templated":true}]}}