{"id":3602,"date":"2023-06-22T16:37:55","date_gmt":"2023-06-22T16:37:55","guid":{"rendered":"https:\/\/www.appyweb.es\/diccionario\/?post_type=project&#038;p=3602"},"modified":"2024-03-28T16:42:47","modified_gmt":"2024-03-28T16:42:47","slug":"redactor-seo","status":"publish","type":"page","link":"https:\/\/www.appyweb.es\/diccionario\/redactor-seo\/","title":{"rendered":"Redactor SEO"},"content":{"rendered":"<h1><img loading=\"lazy\" decoding=\"async\" class=\"alignnone  wp-image-12804\" src=\"https:\/\/www.appyweb.es\/diccionario\/wp-content\/uploads\/2024\/03\/redactor-seo-300x180.jpg\" alt=\"Redactor SEO\" width=\"978\" height=\"587\" srcset=\"https:\/\/www.appyweb.es\/diccionario\/wp-content\/uploads\/2024\/03\/redactor-seo-300x180.jpg 300w, https:\/\/www.appyweb.es\/diccionario\/wp-content\/uploads\/2024\/03\/redactor-seo-768x461.jpg 768w, https:\/\/www.appyweb.es\/diccionario\/wp-content\/uploads\/2024\/03\/redactor-seo.jpg 1000w\" sizes=\"auto, (max-width: 978px) 100vw, 978px\" \/><\/h1>\n<p>Es el profesional que se encarga de crear, estructurar y publicar los art\u00edculos de texto. <strong>Un redactor SEO sebe conocer todos los elementos para optimizar<\/strong> y posicionar los contenidos en buscadores.<\/p>\n<h2>\u00bfQu\u00e9 es un redactor SEO?<\/h2>\n<p>Para saber qu\u00e9 hace este profesional es importante saber que significa SEO. Para sus siglas S de \u201csearch\u201d, E de \u201cengine\u201d y O de \u201coptimization\u201d, su traducci\u00f3n al espa\u00f1ol es \u201coptimizaci\u00f3n en los motores de b\u00fasqueda\u201d. Entonces, ser\u00eda el profesional que <strong>se encarga de la creaci\u00f3n de contenido, para as\u00ed mejorar la posici\u00f3n de la p\u00e1gina en las SERP\\&#8217;s.<\/strong><\/p>\n<p>Un buen especialista normalmente se preocupa por <a href=\"https:\/\/www.appyweb.es\/posicionamiento-web\/\">lograr un buen posicionamiento web<\/a> y permitir que los contenidos sean populares en el buscador y entre la audiencia. Tambi\u00e9n puede volcarse a <strong>modificar y mejorar otros proyectos como post en redes sociales<\/strong> para alcanzar mejores resultados.<\/p>\n<h2>\u00bfPara qu\u00e9 sirve un redactor SEO?<\/h2>\n<p>Tiene la funci\u00f3n de <a href=\"https:\/\/www.appyweb.es\/gestion-blog-empresas\/\">gestionar el sitio web de empresa<\/a> o blogs, con la tarea de <strong>impulsar su visibilidad en los motores de b\u00fasqueda<\/strong>, con esto tambi\u00e9n incrementa la popularidad de la imagen de marca. Pero, los verdaderos beneficios se resumen en m\u00e1s visitas, m\u00e1s leads o posibles clientes.<\/p>\n<p>Igualmente, <strong>el redactor SEO puede darle un toque especial a sus contenidos<\/strong>, es decir, hacer que sus escritos sean reconocidos en cualquier parte de Internet, esto tambi\u00e9n se le adjunta a la imagen de marca, por lo que tambi\u00e9n incrementa la popularidad de la misma.<\/p>\n<h2>\u00bfC\u00f3mo conseguir un redactor SEO freelance?<\/h2>\n<p>Un freelance es un trabajador independiente, de forma que puede trabajar para diferentes empresas a la vez. Para <strong>conseguir un redactor SEO con una gran experiencia<\/strong>, sin necesidad de contratar directamente, se puede hacer a trav\u00e9s de plataformas como las siguientes.<\/p>\n<ul>\n<li>Freelancer.<\/li>\n<li>Twago.<\/li>\n<li>Fiverr.<\/li>\n<li>Flexjobs.<\/li>\n<li>Upwork.<\/li>\n<li>Workana.<\/li>\n<\/ul>\n<h2>\u00bfCualquiera puede ser un redactor SEO?<\/h2>\n<p>S\u00ed, cualquier persona puede trabajar en esta profesi\u00f3n, solamente debe <strong>tener conocimiento de todas las t\u00e9cnicas que se emplean para posicionar<\/strong>, por ejemplo el SEO On Page y Off Page, as\u00ed como la forma en c\u00f3mo trabaja el algoritmo al evaluar los contenidos. A parte, tambi\u00e9n debe contar con las habilidades t\u00edpicas de redacci\u00f3n.<\/p>\n<p>Es por eso que los mejores candidatos para realizar esta labor son los comunicadores, periodistas, publicistas, expertos en marketing, etc. Usualmente, este papel es desempe\u00f1ado por expertos en marketing de contenidos y copywriters.<\/p>\n<p><script type=\"application\/ld+json\">{\"@context\":\"https:\/\/schema.org\",\"@type\":\"FAQPage\",\"mainEntity\":[ \n{\"@type\":\"Question\",\"name\":\"\ud83d\udccc \u00bfQu\u00e9 es un redactor SEO?\",\"acceptedAnswer\":{\"@type\":\"Answer\",\"text\":\"<\/p>\n<p>Para saber qu\u00e9 hace este profesional es importante saber que significa SEO. Para sus siglas S de \u201csearch\u201d, E de \u201cengine\u201d y O de \u201coptimization\u201d, su traducci\u00f3n al espa\u00f1ol es \u201coptimizaci\u00f3n en los motores de b\u00fasqueda\u201d. Entonces, ser\u00eda el profesional que <strong>se encarga de la creaci\u00f3n de contenido, para as\u00ed mejorar la posici\u00f3n de la p\u00e1gina en las SERP\\'s.<\/strong><\/p>\n<p>Un buen especialista normalmente se preocupa por <a href='https:\/\/www.appyweb.es\/posicionamiento-web\/'>lograr un buen posicionamiento web<\/a> y permitir que los contenidos sean populares en el buscador y entre la audiencia. Tambi\u00e9n puede volcarse a <strong>modificar y mejorar otros proyectos como post en redes sociales<\/strong> para alcanzar mejores resultados.<\/p>\n<p>\"}},\n{\"@type\":\"Question\",\"name\":\"\ud83d\udccc \u00bfPara qu\u00e9 sirve un redactor SEO?\",\"acceptedAnswer\":{\"@type\":\"Answer\",\"text\":\"<\/p>\n<p>Tiene la funci\u00f3n de <a href='https:\/\/www.appyweb.es\/gestion-blog-empresas\/'>gestionar el sitio web de empresa<\/a> o blogs, con la tarea de <strong>impulsar su visibilidad en los motores de b\u00fasqueda<\/strong>, con esto tambi\u00e9n incrementa la popularidad de la imagen de marca. Pero, los verdaderos beneficios se resumen en m\u00e1s visitas, m\u00e1s leads o posibles clientes.<\/p>\n<p>Igualmente, <strong>el redactor SEO puede darle un toque especial a sus contenidos<\/strong>, es decir, hacer que sus escritos sean reconocidos en cualquier parte de Internet, esto tambi\u00e9n se le adjunta a la imagen de marca, por lo que tambi\u00e9n incrementa la popularidad de la misma.<\/p>\n<p>\"}},\n{\"@type\":\"Question\",\"name\":\"\ud83d\udccc \u00bfC\u00f3mo conseguir un redactor SEO freelance?\",\"acceptedAnswer\":{\"@type\":\"Answer\",\"text\":\"<\/p>\n<p>Un freelance es un trabajador independiente, de forma que puede trabajar para diferentes empresas a la vez. Para <strong>conseguir un redactor SEO con una gran experiencia<\/strong>, sin necesidad de contratar directamente, se puede hacer a trav\u00e9s de plataformas como las siguientes.<\/p>\n<\/p>\n<ul>\n<\/p>\n<li>Freelancer.<\/li>\n<\/p>\n<\/p>\n<\/p>\n<li>Twago.<\/li>\n<\/p>\n<\/p>\n<\/p>\n<li>Fiverr.<\/li>\n<\/p>\n<\/p>\n<\/p>\n<li>Flexjobs.<\/li>\n<\/p>\n<\/p>\n<\/p>\n<li>Upwork.<\/li>\n<\/p>\n<\/p>\n<\/p>\n<li>Workana.<\/li>\n<\/p>\n<\/p>\n<\/ul>\n<\/p>\n<\/p>\n<p>\"}},\n{\"@type\":\"Question\",\"name\":\"\ud83d\udccc \u00bfCualquiera puede ser un redactor SEO?\",\"acceptedAnswer\":{\"@type\":\"Answer\",\"text\":\"<\/p>\n<p>S\u00ed, cualquier persona puede trabajar en esta profesi\u00f3n, solamente debe <strong>tener conocimiento de todas las t\u00e9cnicas que se emplean para posicionar<\/strong>, por ejemplo el SEO On Page y Off Page, as\u00ed como la forma en c\u00f3mo trabaja el algoritmo al evaluar los contenidos. A parte, tambi\u00e9n debe contar con las habilidades t\u00edpicas de redacci\u00f3n.<\/p>\n<p>Es por eso que los mejores candidatos para realizar esta labor son los comunicadores, periodistas, publicistas, expertos en marketing, etc. Usualmente, este papel es desempe\u00f1ado por expertos en marketing de contenidos y copywriters.<\/p>\n<p>\"}}\n]}<\/script><\/p>\n<h2>M\u00e1s informaci\u00f3n sobre redactor SEO<\/h2>\n<p>Pero, no es necesario estudiar todo eso para ser un buen redactor, de hecho, existen muchas alternativas <strong>para conseguir textos profesionales de muy alta calidad<\/strong>, aqu\u00ed tienes algunos enlaces que te ayudar\u00e1n.<\/p>\n<ul>\n<li><a href=\"https:\/\/www.appyweb.es\/diccionario\/redaccion-seo\/\">\u00bfQu\u00e9 es la Redacci\u00f3n SEO y para qu\u00e9 sirve?<\/a><\/li>\n<li><a href=\"https:\/\/linkcontentpro.com\/como-hacer-una-redaccion-con-exito-para-el-contenido-de-una-pagina-web\/\" rel=\"nofollow noopener\" target=\"_blank\">Como hacer una redacci\u00f3n con \u00e9xito para el contenido de una p\u00e1gina web<\/a><\/li>\n<\/ul>\n<p>&nbsp;<\/p>\n","protected":false},"excerpt":{"rendered":"<p>Es el profesional que se encarga de crear, estructurar y publicar los art\u00edculos de texto. Un redactor SEO sebe conocer todos los elementos para optimizar y posicionar los contenidos en buscadores. \u00bfQu\u00e9 es un redactor SEO? Para saber qu\u00e9 hace este profesional es importante saber que significa SEO. Para sus siglas S de \u201csearch\u201d, E [&hellip;]<\/p>\n","protected":false},"author":1,"featured_media":12804,"parent":0,"menu_order":0,"comment_status":"open","ping_status":"closed","template":"","meta":{"inline_featured_image":false,"footnotes":""},"class_list":["post-3602","page","type-page","status-publish","has-post-thumbnail","hentry"],"_links":{"self":[{"href":"https:\/\/www.appyweb.es\/diccionario\/wp-json\/wp\/v2\/pages\/3602","targetHints":{"allow":["GET"]}}],"collection":[{"href":"https:\/\/www.appyweb.es\/diccionario\/wp-json\/wp\/v2\/pages"}],"about":[{"href":"https:\/\/www.appyweb.es\/diccionario\/wp-json\/wp\/v2\/types\/page"}],"author":[{"embeddable":true,"href":"https:\/\/www.appyweb.es\/diccionario\/wp-json\/wp\/v2\/users\/1"}],"replies":[{"embeddable":true,"href":"https:\/\/www.appyweb.es\/diccionario\/wp-json\/wp\/v2\/comments?post=3602"}],"version-history":[{"count":5,"href":"https:\/\/www.appyweb.es\/diccionario\/wp-json\/wp\/v2\/pages\/3602\/revisions"}],"predecessor-version":[{"id":12806,"href":"https:\/\/www.appyweb.es\/diccionario\/wp-json\/wp\/v2\/pages\/3602\/revisions\/12806"}],"wp:featuredmedia":[{"embeddable":true,"href":"https:\/\/www.appyweb.es\/diccionario\/wp-json\/wp\/v2\/media\/12804"}],"wp:attachment":[{"href":"https:\/\/www.appyweb.es\/diccionario\/wp-json\/wp\/v2\/media?parent=3602"}],"curies":[{"name":"wp","href":"https:\/\/api.w.org\/{rel}","templated":true}]}}