{"id":3606,"date":"2023-06-22T16:38:58","date_gmt":"2023-06-22T16:38:58","guid":{"rendered":"https:\/\/www.appyweb.es\/diccionario\/?post_type=project&#038;p=3606"},"modified":"2024-03-28T16:52:28","modified_gmt":"2024-03-28T16:52:28","slug":"redireccion-301","status":"publish","type":"page","link":"https:\/\/www.appyweb.es\/diccionario\/redireccion-301\/","title":{"rendered":"Redirecci\u00f3n 301"},"content":{"rendered":"<h1><img loading=\"lazy\" decoding=\"async\" class=\"alignnone  wp-image-12807\" src=\"https:\/\/www.appyweb.es\/diccionario\/wp-content\/uploads\/2024\/03\/redireccion-301-300x180.jpg\" alt=\"Redireccion 301\" width=\"973\" height=\"584\" srcset=\"https:\/\/www.appyweb.es\/diccionario\/wp-content\/uploads\/2024\/03\/redireccion-301-300x180.jpg 300w, https:\/\/www.appyweb.es\/diccionario\/wp-content\/uploads\/2024\/03\/redireccion-301-768x461.jpg 768w, https:\/\/www.appyweb.es\/diccionario\/wp-content\/uploads\/2024\/03\/redireccion-301.jpg 1000w\" sizes=\"auto, (max-width: 973px) 100vw, 973px\" \/><\/h1>\n<p>Es un c\u00f3digo que se utiliza para asignar funciones de redirecci\u00f3n, la 301 en especial <strong>permite enviar a los usuarios hacia otra p\u00e1gina web<\/strong>. Esto tiene muchas funcionalidades, sobre todo para evitar perder posicionamiento por una p\u00e1gina rota.<\/p>\n<h2>\u00bfQu\u00e9 es Redirecci\u00f3n 301?<\/h2>\n<p>La redirecci\u00f3n 301 es uno de los recursos m\u00e1s usados en <a href=\"https:\/\/www.appyweb.es\/diseno-web\/\">el dise\u00f1o de sitios web<\/a>, ya que permite corregir errores de direcci\u00f3n o URL\\&#8217;s de inmediato y de forma temporal. Por ejemplo, cuando el contenido de un sitio web posicionado es borrado, se puede insertar este c\u00f3digo para enviar el tr\u00e1fico hacia otro de \u00abemergencia\u00bb.<\/p>\n<p>Pero, tambi\u00e9n se puede utilizar con el prop\u00f3sito de <strong>enviar a los usuarios a otras p\u00e1ginas de inter\u00e9s para la empresa<\/strong>, por ejemplo, o anuncio o landing page. Sin embargo, es importante considerar que los algoritmos suelen penalizar este tipo de pr\u00e1cticas y penalizan con una baja posici\u00f3n en las SERP\\&#8217;s.<\/p>\n<h2>\u00bfC\u00f3mo funciona la redirecci\u00f3n 301?<\/h2>\n<p>Suelen insertarse a trav\u00e9s de meta-etiquetas en JavaScript y otros lenguajes de programaci\u00f3n, con la intenci\u00f3n de <strong>desviar el tr\u00e1fico de una p\u00e1gina que presente un error 404<\/strong> o bien porque se encuentra en construcci\u00f3n. B\u00e1sicamente, le indica a los indexadores de los motores de b\u00fasqueda que hay un nuevo contenido, sin la necesidad de que el posicionamiento pierda valor.<\/p>\n<p>Realmente este proceso es sencillo de hacer, ya que s\u00f3lo hace falta introducir unas simples l\u00edneas de c\u00f3digo entre las p\u00e1ginas que van a proceder este tipo de redireccionamiento.<\/p>\n<h2>\u00bfPara qu\u00e9 sirve la redirecci\u00f3n 301?<\/h2>\n<p>La redirecci\u00f3n 301 sirve <strong>para que Internet deje de mostrar contenido que esta expirado<\/strong> (caducado) y as\u00ed manda a todos los usuarios, que quer\u00edan entrar a esa p\u00e1gina a una m\u00e1s nueva y renovada. Es ideal para los proyectos de redise\u00f1o web y no altera el posicionamiento que ya la p\u00e1gina ten\u00eda en las SERP\\&#8217;s. Tambi\u00e9n se puede utilizar en las siguientes circunstancias<\/p>\n<ul>\n<li>Cuando existe un cambio de dominio web.<\/li>\n<li>Cuando los desarrolladores cambian el directorio.<\/li>\n<li>Al <strong>mejorar el posicionamiento web de una URL<\/strong>.<\/li>\n<li>Al momento en que se requiere reparaciones en el contenido.<\/li>\n<\/ul>\n<h2>Ventajas de la redirecci\u00f3n 301<\/h2>\n<ul>\n<li>Permite conservar el valor de posicionamiento de las p\u00e1ginas web.<\/li>\n<li>Los <strong>enlaces externos pueden seguir teniendo el mismo nivel de autoridad<\/strong>.<\/li>\n<li>Los usuarios no notar\u00e1n la diferencia entre el sitio nuevo y el viejo, suelen tener el mismo dise\u00f1o.<\/li>\n<li>La antigua URL podr\u00e1 ser reemplazada por la nueva sin tener que competir de nuevo por el posicionamiento.<\/li>\n<\/ul>\n<p><script type=\"application\/ld+json\">{\"@context\":\"https:\/\/schema.org\",\"@type\":\"FAQPage\",\"mainEntity\":[ \n{\"@type\":\"Question\",\"name\":\"\ud83d\udccc \u00bfQu\u00e9 es Redirecci\u00f3n 301?\",\"acceptedAnswer\":{\"@type\":\"Answer\",\"text\":\"<\/p>\n<p>La redirecci\u00f3n 301 es uno de los recursos m\u00e1s usados en <a href='https:\/\/www.appyweb.es\/diseno-web\/'>el dise\u00f1o de sitios web<\/a>, ya que permite corregir errores de direcci\u00f3n o URL\\'s de inmediato y de forma temporal. Por ejemplo, cuando el contenido de un sitio web posicionado es borrado, se puede insertar este c\u00f3digo para enviar el tr\u00e1fico hacia otro de 'emergencia'. <\/p>\n<p>Pero, tambi\u00e9n se puede utilizar con el prop\u00f3sito de <strong>enviar a los usuarios a otras p\u00e1ginas de inter\u00e9s para la empresa<\/strong>, por ejemplo, o anuncio o landing page. Sin embargo, es importante considerar que los algoritmos suelen penalizar este tipo de pr\u00e1cticas y penalizan con una baja posici\u00f3n en las SERP\\'s.<\/p>\n<p>\"}},\n{\"@type\":\"Question\",\"name\":\"\ud83d\udccc \u00bfC\u00f3mo funciona la redirecci\u00f3n 301?\",\"acceptedAnswer\":{\"@type\":\"Answer\",\"text\":\"<\/p>\n<p>Suelen insertarse a trav\u00e9s de meta-etiquetas en JavaScript y otros lenguajes de programaci\u00f3n, con la intenci\u00f3n de <strong>desviar el tr\u00e1fico de una p\u00e1gina que presente un error 404<\/strong> o bien porque se encuentra en construcci\u00f3n. B\u00e1sicamente, le indica a los indexadores de los motores de b\u00fasqueda que hay un nuevo contenido, sin la necesidad de que el posicionamiento pierda valor.<\/p>\n<p>Realmente este proceso es sencillo de hacer, ya que s\u00f3lo hace falta introducir unas simples l\u00edneas de c\u00f3digo entre las p\u00e1ginas que van a proceder este tipo de redireccionamiento. <\/p>\n<p>\"}},\n{\"@type\":\"Question\",\"name\":\"\ud83d\udccc \u00bfPara qu\u00e9 sirve la redirecci\u00f3n 301?\",\"acceptedAnswer\":{\"@type\":\"Answer\",\"text\":\"<\/p>\n<p>La redirecci\u00f3n 301 sirve <strong>para que Internet deje de mostrar contenido que esta expirado<\/strong> (caducado) y as\u00ed manda a todos los usuarios, que quer\u00edan entrar a esa p\u00e1gina a una m\u00e1s nueva y renovada. Es ideal para los proyectos de redise\u00f1o web y no altera el posicionamiento que ya la p\u00e1gina ten\u00eda en las SERP\\'s. Tambi\u00e9n se puede utilizar en las siguientes circunstancias<\/p>\n<\/p>\n<ul>\n<\/p>\n<li>Cuando existe un cambio de dominio web.<\/li>\n<\/p>\n<\/p>\n<\/p>\n<li>Cuando los desarrolladores cambian el directorio.<\/li>\n<\/p>\n<\/p>\n<\/p>\n<li>Al <strong>mejorar el posicionamiento web de una URL<\/strong>.<\/li>\n<\/p>\n<\/p>\n<\/p>\n<li>Al momento en que se requiere reparaciones en el contenido.<\/li>\n<\/p>\n<\/p>\n<\/ul>\n<\/p>\n<\/p>\n<p>\"}},\n{\"@type\":\"Question\",\"name\":\"\ud83d\udccc Ventajas de la redirecci\u00f3n 301\",\"acceptedAnswer\":{\"@type\":\"Answer\",\"text\":\"<\/p>\n<\/p>\n<ul>\n<\/p>\n<li>Permite conservar el valor de posicionamiento de las p\u00e1ginas web.<\/li>\n<\/p>\n<\/p>\n<\/p>\n<li>Los <strong>enlaces externos pueden seguir teniendo el mismo nivel de autoridad<\/strong>.<\/li>\n<\/p>\n<\/p>\n<\/p>\n<li>Los usuarios no notar\u00e1n la diferencia entre el sitio nuevo y el viejo, suelen tener el mismo dise\u00f1o.<\/li>\n<\/p>\n<\/p>\n<\/p>\n<li>La antigua URL podr\u00e1 ser reemplazada por la nueva sin tener que competir de nuevo por el posicionamiento.<\/li>\n<\/p>\n<\/p>\n<\/ul>\n<\/p>\n<\/p>\n<p>\"}}\n]}<\/script><\/p>\n<h2>M\u00e1s informaci\u00f3n sobre redirecci\u00f3n 301<\/h2>\n<p>Actualmente, es muy importante saber c\u00f3mo utilizar este c\u00f3digo, ya que si se inserta de forma err\u00f3nea puede acarrear una penalizaci\u00f3n y no poder posicionar la URL nueva en el intento. Mira estos enlaces que te pueden ayudar.<\/p>\n<ul>\n<li><a href=\"https:\/\/www.appyweb.es\/conoce-mas-la-redireccion-301\/\">\u00bfC\u00f3mo realizar una redirecci\u00f3n 301 en tu web?<\/a><\/li>\n<li><a href=\"https:\/\/www.redeszone.net\/tutoriales\/dominios\/redirigir-dominio-web\/\" rel=\"nofollow noopener\" target=\"_blank\">En qu\u00e9 consiste redirigir un dominio web<\/a><\/li>\n<\/ul>\n<p>&nbsp;<\/p>\n","protected":false},"excerpt":{"rendered":"<p>Es un c\u00f3digo que se utiliza para asignar funciones de redirecci\u00f3n, la 301 en especial permite enviar a los usuarios hacia otra p\u00e1gina web. Esto tiene muchas funcionalidades, sobre todo para evitar perder posicionamiento por una p\u00e1gina rota. \u00bfQu\u00e9 es Redirecci\u00f3n 301? La redirecci\u00f3n 301 es uno de los recursos m\u00e1s usados en el dise\u00f1o [&hellip;]<\/p>\n","protected":false},"author":1,"featured_media":12807,"parent":0,"menu_order":0,"comment_status":"open","ping_status":"closed","template":"","meta":{"inline_featured_image":false,"footnotes":""},"class_list":["post-3606","page","type-page","status-publish","has-post-thumbnail","hentry"],"_links":{"self":[{"href":"https:\/\/www.appyweb.es\/diccionario\/wp-json\/wp\/v2\/pages\/3606","targetHints":{"allow":["GET"]}}],"collection":[{"href":"https:\/\/www.appyweb.es\/diccionario\/wp-json\/wp\/v2\/pages"}],"about":[{"href":"https:\/\/www.appyweb.es\/diccionario\/wp-json\/wp\/v2\/types\/page"}],"author":[{"embeddable":true,"href":"https:\/\/www.appyweb.es\/diccionario\/wp-json\/wp\/v2\/users\/1"}],"replies":[{"embeddable":true,"href":"https:\/\/www.appyweb.es\/diccionario\/wp-json\/wp\/v2\/comments?post=3606"}],"version-history":[{"count":5,"href":"https:\/\/www.appyweb.es\/diccionario\/wp-json\/wp\/v2\/pages\/3606\/revisions"}],"predecessor-version":[{"id":12809,"href":"https:\/\/www.appyweb.es\/diccionario\/wp-json\/wp\/v2\/pages\/3606\/revisions\/12809"}],"wp:featuredmedia":[{"embeddable":true,"href":"https:\/\/www.appyweb.es\/diccionario\/wp-json\/wp\/v2\/media\/12807"}],"wp:attachment":[{"href":"https:\/\/www.appyweb.es\/diccionario\/wp-json\/wp\/v2\/media?parent=3606"}],"curies":[{"name":"wp","href":"https:\/\/api.w.org\/{rel}","templated":true}]}}