{"id":3617,"date":"2023-06-22T16:44:25","date_gmt":"2023-06-22T16:44:25","guid":{"rendered":"https:\/\/www.appyweb.es\/diccionario\/?post_type=project&#038;p=3617"},"modified":"2024-04-02T07:10:54","modified_gmt":"2024-04-02T07:10:54","slug":"redsys","status":"publish","type":"page","link":"https:\/\/www.appyweb.es\/diccionario\/redsys\/","title":{"rendered":"Redsys"},"content":{"rendered":"<h1><img loading=\"lazy\" decoding=\"async\" class=\"alignnone  wp-image-12814\" src=\"https:\/\/www.appyweb.es\/diccionario\/wp-content\/uploads\/2024\/04\/redsys-300x180.jpg\" alt=\"RedSys\" width=\"977\" height=\"586\" srcset=\"https:\/\/www.appyweb.es\/diccionario\/wp-content\/uploads\/2024\/04\/redsys-300x180.jpg 300w, https:\/\/www.appyweb.es\/diccionario\/wp-content\/uploads\/2024\/04\/redsys-768x461.jpg 768w, https:\/\/www.appyweb.es\/diccionario\/wp-content\/uploads\/2024\/04\/redsys.jpg 1000w\" sizes=\"auto, (max-width: 977px) 100vw, 977px\" \/><\/h1>\n<p>Se trata de un m\u00e9todo de pago virtual que <strong>se utiliza con frecuencia en sitios web de e-commerce<\/strong>. Redsys acepta factores de cobro como tarjetas de cr\u00e9dito y d\u00e9bito.<\/p>\n<h2>\u00bfQu\u00e9 es Redsys?<\/h2>\n<p>B\u00e1sicamente, Redsys es un TPV virtual, es decir, un terminal punto de venta. Los sitios web e-commerce lo utilizan para <strong>ofrecer un formulario de pago f\u00e1cil de utilizar, intuitivo y seguro<\/strong> al momento de hacer una venta. Esta plataforma es una de las m\u00e1s utilizadas en <a href=\"https:\/\/www.appyweb.es\/diseno-tienda-online\/\">el dise\u00f1o de tiendas online<\/a> en Espa\u00f1a gracias a su versatilidad, seguridad y sobre todo, trayectoria.<\/p>\n<p>Esta empresa empez\u00f3 a funcionar en los a\u00f1os 80 como una pasarela de pago virtual, a partir de una fusi\u00f3n entre dos pasarelas de pago populares en su tiempo, conocidas como Sermepa y Redy.<\/p>\n<h2>\u00bfPara qu\u00e9 sirve Redsys?<\/h2>\n<p>Al igual que la mayor\u00eda de los m\u00e9todos de pago en Internet, <strong>funcionan para facilitar las transacciones cliente-empresa<\/strong>, especialmente las ventas. Esto significa que los usuarios no solo tienen la opci\u00f3n de hacer transferencias electr\u00f3nicas, sino que tambi\u00e9n pueden hacerlo utilizando tarjetas de cr\u00e9dito y d\u00e9bito.<\/p>\n<p>Gracias a Redsys, se empez\u00f3 a tener una mejor concepci\u00f3n de las transacciones por Internet, debido a su m\u00e9todo de seguridad y confiabilidad, permiti\u00f3 que el comercio electr\u00f3nico fuera m\u00e1s com\u00fan y <a href=\"https:\/\/www.appyweb.es\/conversion-web\/\">aument\u00f3 las conversiones web<\/a>. Incluso actualmente es el favorito de muchos negocios y usuarios en Internet.<\/p>\n<h2>Caracter\u00edsticas de Redsys<\/h2>\n<ul>\n<li>Cuenta con al menos 60 bancos en su cat\u00e1logo de pago.<\/li>\n<li>Los bancos asociados incluyen entidades y cajas de cr\u00e9dito.<\/li>\n<li>La mayor\u00eda de los bancos de ahorros de Espa\u00f1a trabajan con este m\u00e9todo.<\/li>\n<li><strong>Acepta el uso de tarjetas Visa, MasterCard y American Express<\/strong>.<\/li>\n<li>Es de f\u00e1cil instalaci\u00f3n, tanto para el sitio web como para el sistema de seguridad.<\/li>\n<li>Cuenta con un sistema de autenticaci\u00f3n 3D Secure y herramientas antifraudes.<\/li>\n<\/ul>\n<h2>\u00bfC\u00f3mo funciona Redsys?<\/h2>\n<p>Cuando un e-commerce quiere utilizar esta pasarela de pago en sus opciones de compra tiene la opci\u00f3n de utilizar m\u00f3dulos, extensiones y plugins de Redsys. Todos estos se instalan f\u00e1cilmente en los gestores de contenido como WordPress y Woocommerce. Algunas opciones incluso cuentan con un <strong>sistema de pago de esta empresa de forma pre-establecida<\/strong>, solo basta con activarla.<\/p>\n<p>No es necesario contar con la ayuda de un profesional en desarrollo web para instalarla, su configuraci\u00f3n es una de las m\u00e1s f\u00e1ciles y seguras. Aparte, todas las plantillas y m\u00f3dulos disponibles para el formulario de pago se pueden adquirir de forma gratuita.<\/p>\n<p><script type=\"application\/ld+json\">{\"@context\":\"https:\/\/schema.org\",\"@type\":\"FAQPage\",\"mainEntity\":[ \n{\"@type\":\"Question\",\"name\":\"\ud83d\udccc \u00bfQu\u00e9 es Redsys?\",\"acceptedAnswer\":{\"@type\":\"Answer\",\"text\":\"<\/p>\n<p>B\u00e1sicamente, Redsys es un TPV virtual, es decir, un terminal punto de venta. Los sitios web e-commerce lo utilizan para <strong>ofrecer un formulario de pago f\u00e1cil de utilizar, intuitivo y seguro<\/strong> al momento de hacer una venta. Esta plataforma es una de las m\u00e1s utilizadas en <a href='https:\/\/www.appyweb.es\/diseno-tienda-online\/'>el dise\u00f1o de tiendas online<\/a> en Espa\u00f1a gracias a su versatilidad, seguridad y sobre todo, trayectoria.<\/p>\n<p>Esta empresa empez\u00f3 a funcionar en los a\u00f1os 80 como una pasarela de pago virtual, a partir de una fusi\u00f3n entre dos pasarelas de pago populares en su tiempo, conocidas como Sermepa y Redy. <\/p>\n<p>\"}},\n{\"@type\":\"Question\",\"name\":\"\ud83d\udccc \u00bfPara qu\u00e9 sirve Redsys?\",\"acceptedAnswer\":{\"@type\":\"Answer\",\"text\":\"<\/p>\n<p>Al igual que la mayor\u00eda de los m\u00e9todos de pago en Internet, <strong>funcionan para facilitar las transacciones cliente-empresa<\/strong>, especialmente las ventas. Esto significa que los usuarios no solo tienen la opci\u00f3n de hacer transferencias electr\u00f3nicas, sino que tambi\u00e9n pueden hacerlo utilizando tarjetas de cr\u00e9dito y d\u00e9bito.<\/p>\n<p>Gracias a Redsys, se empez\u00f3 a tener una mejor concepci\u00f3n de las transacciones por Internet, debido a su m\u00e9todo de seguridad y confiabilidad, permiti\u00f3 que el comercio electr\u00f3nico fuera m\u00e1s com\u00fan y <a href='https:\/\/www.appyweb.es\/conversion-web\/'>aument\u00f3 las conversiones web<\/a>. Incluso actualmente es el favorito de muchos negocios y usuarios en Internet.<\/p>\n<p>\"}},\n{\"@type\":\"Question\",\"name\":\"\ud83d\udccc Caracter\u00edsticas de Redsys\",\"acceptedAnswer\":{\"@type\":\"Answer\",\"text\":\"<\/p>\n<\/p>\n<ul>\n<\/p>\n<li>Cuenta con al menos 60 bancos en su cat\u00e1logo de pago.<\/li>\n<\/p>\n<\/p>\n<\/p>\n<li>Los bancos asociados incluyen entidades y cajas de cr\u00e9dito.<\/li>\n<\/p>\n<\/p>\n<\/p>\n<li>La mayor\u00eda de los bancos de ahorros de Espa\u00f1a trabajan con este m\u00e9todo.<\/li>\n<\/p>\n<\/p>\n<\/p>\n<li><strong>Acepta el uso de tarjetas Visa, MasterCard y American Express<\/strong>.<\/li>\n<\/p>\n<\/p>\n<\/p>\n<li>Es de f\u00e1cil instalaci\u00f3n, tanto para el sitio web como para el sistema de seguridad.<\/li>\n<\/p>\n<\/p>\n<\/p>\n<li>Cuenta con un sistema de autenticaci\u00f3n 3D Secure y herramientas antifraudes.<\/li>\n<\/p>\n<\/p>\n<\/ul>\n<\/p>\n<\/p>\n<p>\"}},\n{\"@type\":\"Question\",\"name\":\"\ud83d\udccc \u00bfC\u00f3mo funciona Redsys?\",\"acceptedAnswer\":{\"@type\":\"Answer\",\"text\":\"<\/p>\n<p>Cuando un e-commerce quiere utilizar esta pasarela de pago en sus opciones de compra tiene la opci\u00f3n de utilizar m\u00f3dulos, extensiones y plugins de Redsys. Todos estos se instalan f\u00e1cilmente en los gestores de contenido como WordPress y Woocommerce. Algunas opciones incluso cuentan con un <strong>sistema de pago de esta empresa de forma pre-establecida<\/strong>, solo basta con activarla.<\/p>\n<p>No es necesario contar con la ayuda de un profesional en desarrollo web para instalarla, su configuraci\u00f3n es una de las m\u00e1s f\u00e1ciles y seguras. Aparte, todas las plantillas y m\u00f3dulos disponibles para el formulario de pago se pueden adquirir de forma gratuita.<\/p>\n<p>\"}}\n]}<\/script><\/p>\n<h2>M\u00e1s informaci\u00f3n sobre Redsys<\/h2>\n<p>Actualmente, es importante contar con una <strong>gran variedad de m\u00e9todos de pago para los clientes online<\/strong>, pero los tradicionales nunca deben pasarse por alto. Mira m\u00e1s informaci\u00f3n al respecto en estos enlaces.<\/p>\n<ul>\n<li><a href=\"https:\/\/www.appyweb.es\/guia-mejorar-la-confianza-tienda-online\/\">Gu\u00eda para mejorar la confianza en tu tienda online<\/a><\/li>\n<li><a href=\"https:\/\/diegol.top\/woocommerce\/instalar-configurar-redsys-woocommerce\/\" rel=\"nofollow noopener\" target=\"_blank\">C\u00f3mo instalar y configurar Redsys en WooCommerce<\/a><\/li>\n<\/ul>\n<p>&nbsp;<\/p>\n","protected":false},"excerpt":{"rendered":"<p>Se trata de un m\u00e9todo de pago virtual que se utiliza con frecuencia en sitios web de e-commerce. Redsys acepta factores de cobro como tarjetas de cr\u00e9dito y d\u00e9bito. \u00bfQu\u00e9 es Redsys? B\u00e1sicamente, Redsys es un TPV virtual, es decir, un terminal punto de venta. Los sitios web e-commerce lo utilizan para ofrecer un formulario [&hellip;]<\/p>\n","protected":false},"author":1,"featured_media":12814,"parent":0,"menu_order":0,"comment_status":"open","ping_status":"closed","template":"","meta":{"inline_featured_image":false,"footnotes":""},"class_list":["post-3617","page","type-page","status-publish","has-post-thumbnail","hentry"],"_links":{"self":[{"href":"https:\/\/www.appyweb.es\/diccionario\/wp-json\/wp\/v2\/pages\/3617","targetHints":{"allow":["GET"]}}],"collection":[{"href":"https:\/\/www.appyweb.es\/diccionario\/wp-json\/wp\/v2\/pages"}],"about":[{"href":"https:\/\/www.appyweb.es\/diccionario\/wp-json\/wp\/v2\/types\/page"}],"author":[{"embeddable":true,"href":"https:\/\/www.appyweb.es\/diccionario\/wp-json\/wp\/v2\/users\/1"}],"replies":[{"embeddable":true,"href":"https:\/\/www.appyweb.es\/diccionario\/wp-json\/wp\/v2\/comments?post=3617"}],"version-history":[{"count":6,"href":"https:\/\/www.appyweb.es\/diccionario\/wp-json\/wp\/v2\/pages\/3617\/revisions"}],"predecessor-version":[{"id":12816,"href":"https:\/\/www.appyweb.es\/diccionario\/wp-json\/wp\/v2\/pages\/3617\/revisions\/12816"}],"wp:featuredmedia":[{"embeddable":true,"href":"https:\/\/www.appyweb.es\/diccionario\/wp-json\/wp\/v2\/media\/12814"}],"wp:attachment":[{"href":"https:\/\/www.appyweb.es\/diccionario\/wp-json\/wp\/v2\/media?parent=3617"}],"curies":[{"name":"wp","href":"https:\/\/api.w.org\/{rel}","templated":true}]}}