{"id":3625,"date":"2023-06-22T16:46:27","date_gmt":"2023-06-22T16:46:27","guid":{"rendered":"https:\/\/www.appyweb.es\/diccionario\/?post_type=project&#038;p=3625"},"modified":"2024-04-02T07:15:02","modified_gmt":"2024-04-02T07:15:02","slug":"referrer-spam","status":"publish","type":"page","link":"https:\/\/www.appyweb.es\/diccionario\/referrer-spam\/","title":{"rendered":"Referrer Spam"},"content":{"rendered":"<h1><img loading=\"lazy\" decoding=\"async\" class=\"alignnone wp-image-12817\" src=\"https:\/\/www.appyweb.es\/diccionario\/wp-content\/uploads\/2024\/04\/referrer-spam-300x180.jpg\" alt=\"Rederrer Spam\" width=\"978\" height=\"587\" srcset=\"https:\/\/www.appyweb.es\/diccionario\/wp-content\/uploads\/2024\/04\/referrer-spam-300x180.jpg 300w, https:\/\/www.appyweb.es\/diccionario\/wp-content\/uploads\/2024\/04\/referrer-spam-768x461.jpg 768w, https:\/\/www.appyweb.es\/diccionario\/wp-content\/uploads\/2024\/04\/referrer-spam.jpg 1000w\" sizes=\"auto, (max-width: 978px) 100vw, 978px\" \/><\/h1>\n<p>Son visitas \u00abfantasmas\u00bb que se registran en Google Analytics como tr\u00e1fico de referencia (es decir, que vienen desde un enlace en un sitio web de terceros). El referrer spam evita que el tr\u00e1fico sea analizado correctamente y afecta las estrategias de conversi\u00f3n.<\/p>\n<h2>\u00bfQu\u00e9 es Referrer Spam?<\/h2>\n<p>Es una forma de hacer referencia a las visitas falsas que se producen en un sitio web, estas se contabilizan en Google Analytics como \u00abtr\u00e1fico de referencia\u00bb. Por ejemplo, un sitio web public\u00f3 un enlace hacia una landing page desde un medio digital, pero los clics que se producen en ese enlace son de robots o por manipulaci\u00f3n del c\u00f3digo de seguimiento.<\/p>\n<p>Son estrategias que aprovechan los sitios web donde se anuncian las empresas <strong>para aumentar falsamente su cantidad de tr\u00e1fico<\/strong>. En las <a href=\"https:\/\/www.appyweb.es\/link-building\/\">t\u00e9cnicas de linkbuilding<\/a> los medios suelen inflar estos n\u00famero para hacer parecer que realmente el enlace est\u00e1 funcionando, cuando si quiera son usuarios reales.<\/p>\n<h2>\u00bfPara qu\u00e9 sirve el Referrer Spam?<\/h2>\n<p>Realmente es un m\u00e9todo poco \u00e9tico, ya que se intentan conseguir m\u00e1s visualizaciones o visitas, falseando las estad\u00edsticas de los enlaces en un sitio web de terceros, que originalmente tiene la funci\u00f3n de <strong>utilizarse para aumentar el nivel de autoridad ante buscadores<\/strong>. Igualmente, esta t\u00e9cnica suele ser utilizada por la competencia para alterar la informaci\u00f3n del tr\u00e1fico registrado.<\/p>\n<p>Esto significa que el rastreo que hacen los robots de Google Analytics no ser\u00e1 preciso o incluso falso, alterando las caracter\u00edsticas de esos presuntos visitantes y as\u00ed afectando las modificaciones en las campa\u00f1as de <a href=\"https:\/\/www.appyweb.es\/marketing-de-contenidos\/\">marketing de contenidos<\/a> y otros donde conocer el comportamiento del usuario es crucial.<\/p>\n<h2>Tipos de referrer spam<\/h2>\n<ul>\n<li><strong>Ghots<\/strong>: Tambi\u00e9n conocidos como \u00abfantasmas\u00bb con este m\u00e9todo se utilizan sistemas automatizados que generan la acci\u00f3n de una visita en el sitio web. Para esto se manipula el c\u00f3digo de rastreo de Google Analytics para que registre visitas de 0 segundos.<\/li>\n<li><strong>Crawler<\/strong>: Se producen <strong>a trav\u00e9s de robots o crawlers de un sistema de spam<\/strong>, esto registra las visitas como si fueran reales, pueden incluso simular que pasaron m\u00e1s tiempo en la p\u00e1gina, pero en realidad son robots que no aportar\u00e1n nada al an\u00e1lisis.<\/li>\n<\/ul>\n<h2>\u00bfC\u00f3mo evitar el referral spam?<\/h2>\n<p>La forma m\u00e1s \u00fatil es<strong> bloquearlos directamente desde Google Analytics<\/strong>, bueno, en realidad, puede que se registren m\u00e1s visitantes fantasmas, pero el menos se pueden aplicar filtros. Al crearlo en los informes de tr\u00e1fico, se aplican las siguientes configuraciones.<\/p>\n<ul>\n<li>Tipo de filtro: Personalizado.<\/li>\n<li>Opci\u00f3n: Excluir.<\/li>\n<li>Campo de filtro: Referencia.<\/li>\n<li>Patr\u00f3n: (puede ser algo as\u00ed como: ejemplo\/spam.<\/li>\n<\/ul>\n<p><script type=\"application\/ld+json\">{\"@context\":\"https:\/\/schema.org\",\"@type\":\"FAQPage\",\"mainEntity\":[ \n{\"@type\":\"Question\",\"name\":\"\ud83d\udccc \u00bfQu\u00e9 es Referrer Spam?\",\"acceptedAnswer\":{\"@type\":\"Answer\",\"text\":\"<\/p>\n<p>Es una forma de hacer referencia a las visitas falsas que se producen en un sitio web, estas se contabilizan en Google Analytics como 'tr\u00e1fico de referencia'. Por ejemplo, un sitio web public\u00f3 un enlace hacia una landing page desde un medio digital, pero los clics que se producen en ese enlace son de robots o por manipulaci\u00f3n del c\u00f3digo de seguimiento.<\/p>\n<p>Son estrategias que aprovechan los sitios web donde se anuncian las empresas <strong>para aumentar falsamente su cantidad de tr\u00e1fico<\/strong>. En las <a href='https:\/\/www.appyweb.es\/link-building\/'>t\u00e9cnicas de linkbuilding<\/a> los medios suelen inflar estos n\u00famero para hacer parecer que realmente el enlace est\u00e1 funcionando, cuando si quiera son usuarios reales.<\/p>\n<p>\"}},\n{\"@type\":\"Question\",\"name\":\"\ud83d\udccc \u00bfPara qu\u00e9 sirve el Referrer Spam?\",\"acceptedAnswer\":{\"@type\":\"Answer\",\"text\":\"<\/p>\n<p>Realmente es un m\u00e9todo poco \u00e9tico, ya que se intentan conseguir m\u00e1s visualizaciones o visitas, falseando las estad\u00edsticas de los enlaces en un sitio web de terceros, que originalmente tiene la funci\u00f3n de <strong>utilizarse para aumentar el nivel de autoridad ante buscadores<\/strong>. Igualmente, esta t\u00e9cnica suele ser utilizada por la competencia para alterar la informaci\u00f3n del tr\u00e1fico registrado.<\/p>\n<p>Esto significa que el rastreo que hacen los robots de Google Analytics no ser\u00e1 preciso o incluso falso, alterando las caracter\u00edsticas de esos presuntos visitantes y as\u00ed afectando las modificaciones en las campa\u00f1as de <a href='https:\/\/www.appyweb.es\/marketing-de-contenidos\/'>marketing de contenidos<\/a> y otros donde conocer el comportamiento del usuario es crucial.<\/p>\n<p>\"}},\n{\"@type\":\"Question\",\"name\":\"\ud83d\udccc Tipos de referrer spam\",\"acceptedAnswer\":{\"@type\":\"Answer\",\"text\":\"<\/p>\n<\/p>\n<\/p>\n<ul>\n<\/p>\n<\/p>\n<li><strong>Ghots<\/strong>: Tambi\u00e9n conocidos como 'fantasmas' con este m\u00e9todo se utilizan sistemas automatizados que generan la acci\u00f3n de una visita en el sitio web. Para esto se manipula el c\u00f3digo de rastreo de Google Analyticspara que registre visitas de 0 segundos.<\/li>\n<\/p>\n<\/p>\n<\/p>\n<\/p>\n<\/p>\n<\/p>\n<\/p>\n<li><strong>Crawler<\/strong>:Se producen <strong>a trav\u00e9s de robots o crawlers de un sistema de spam<\/strong>, esto registra las visitas como si fueran reales, pueden incluso simular que pasaron m\u00e1s tiempo en la p\u00e1gina, pero en realidad son robots que no aportar\u00e1n nada al an\u00e1lisis.<\/li>\n<\/p>\n<\/p>\n<\/p>\n<\/p>\n<\/p>\n<\/ul>\n<\/p>\n<\/p>\n<\/p>\n<\/p>\n<\/p>\n<p>\"}},\n{\"@type\":\"Question\",\"name\":\"\ud83d\udccc \u00bfC\u00f3mo evitar el referral spam?\",\"acceptedAnswer\":{\"@type\":\"Answer\",\"text\":\"<\/p>\n<p>La forma m\u00e1s \u00fatil es<strong> bloquearlos directamente desde Google Analytics<\/strong>, bueno, en realidad, puede que se registren m\u00e1s visitantes fantasmas, pero el menos se pueden aplicar filtros. Al crearlo en los informes de tr\u00e1fico, se aplican las siguientes configuraciones.<\/p>\n<\/p>\n<\/p>\n<ul>\n<\/p>\n<\/p>\n<li>Tipo de filtro: Personalizado.<\/li>\n<\/p>\n<\/p>\n<\/p>\n<\/p>\n<\/p>\n<\/p>\n<\/p>\n<li>Opci\u00f3n: Excluir.<\/li>\n<\/p>\n<\/p>\n<\/p>\n<\/p>\n<\/p>\n<\/p>\n<\/p>\n<li>Campo de filtro: Referencia.<\/li>\n<\/p>\n<\/p>\n<\/p>\n<\/p>\n<\/p>\n<\/p>\n<\/p>\n<li>Patr\u00f3n: (puede ser algo as\u00ed como: ejemplo\/spam.<\/li>\n<\/p>\n<\/p>\n<\/p>\n<\/p>\n<\/p>\n<\/ul>\n<\/p>\n<\/p>\n<\/p>\n<\/p>\n<\/p>\n<p>\"}}\n]}<\/script><\/p>\n<h2>M\u00e1s informaci\u00f3n sobre referrer spam<\/h2>\n<p>Al principio puede ser un poco dif\u00edcil configurar los filtros, sobre todo cuando se cuenta con mucho spam de otros dominios, aqu\u00ed tienes una ayuda para informarte mejor.<\/p>\n<ul>\n<li><a href=\"https:\/\/www.appyweb.es\/diccionario\/spam\/\">\u00bfQu\u00e9 es el Spam y para qu\u00e9 sirve?<\/a><\/li>\n<li><a href=\"https:\/\/tecnojupiter.net\/filtra-el-spam-google-analytics\/\" rel=\"nofollow noopener\" target=\"_blank\">C\u00f3mo filtrar el Referrer Spam y el Ghost Spam de Google<\/a><\/li>\n<\/ul>\n<p>&nbsp;<\/p>\n","protected":false},"excerpt":{"rendered":"<p>Son visitas \u00abfantasmas\u00bb que se registran en Google Analytics como tr\u00e1fico de referencia (es decir, que vienen desde un enlace en un sitio web de terceros). El referrer spam evita que el tr\u00e1fico sea analizado correctamente y afecta las estrategias de conversi\u00f3n. \u00bfQu\u00e9 es Referrer Spam? Es una forma de hacer referencia a las visitas [&hellip;]<\/p>\n","protected":false},"author":1,"featured_media":12817,"parent":0,"menu_order":0,"comment_status":"open","ping_status":"closed","template":"","meta":{"inline_featured_image":false,"footnotes":""},"class_list":["post-3625","page","type-page","status-publish","has-post-thumbnail","hentry"],"_links":{"self":[{"href":"https:\/\/www.appyweb.es\/diccionario\/wp-json\/wp\/v2\/pages\/3625","targetHints":{"allow":["GET"]}}],"collection":[{"href":"https:\/\/www.appyweb.es\/diccionario\/wp-json\/wp\/v2\/pages"}],"about":[{"href":"https:\/\/www.appyweb.es\/diccionario\/wp-json\/wp\/v2\/types\/page"}],"author":[{"embeddable":true,"href":"https:\/\/www.appyweb.es\/diccionario\/wp-json\/wp\/v2\/users\/1"}],"replies":[{"embeddable":true,"href":"https:\/\/www.appyweb.es\/diccionario\/wp-json\/wp\/v2\/comments?post=3625"}],"version-history":[{"count":5,"href":"https:\/\/www.appyweb.es\/diccionario\/wp-json\/wp\/v2\/pages\/3625\/revisions"}],"predecessor-version":[{"id":12819,"href":"https:\/\/www.appyweb.es\/diccionario\/wp-json\/wp\/v2\/pages\/3625\/revisions\/12819"}],"wp:featuredmedia":[{"embeddable":true,"href":"https:\/\/www.appyweb.es\/diccionario\/wp-json\/wp\/v2\/media\/12817"}],"wp:attachment":[{"href":"https:\/\/www.appyweb.es\/diccionario\/wp-json\/wp\/v2\/media?parent=3625"}],"curies":[{"name":"wp","href":"https:\/\/api.w.org\/{rel}","templated":true}]}}