{"id":3631,"date":"2023-06-22T16:48:59","date_gmt":"2023-06-22T16:48:59","guid":{"rendered":"https:\/\/www.appyweb.es\/diccionario\/?post_type=project&#038;p=3631"},"modified":"2024-04-02T07:24:03","modified_gmt":"2024-04-02T07:24:03","slug":"relevancia-de-contenidos","status":"publish","type":"page","link":"https:\/\/www.appyweb.es\/diccionario\/relevancia-de-contenidos\/","title":{"rendered":"Relevancia de Contenidos"},"content":{"rendered":"<h1><img loading=\"lazy\" decoding=\"async\" class=\"alignnone  wp-image-12826\" src=\"https:\/\/www.appyweb.es\/diccionario\/wp-content\/uploads\/2024\/04\/relevancia-de-contenidos-300x180.jpg\" alt=\"Relevancia de Contenidos\" width=\"975\" height=\"585\" srcset=\"https:\/\/www.appyweb.es\/diccionario\/wp-content\/uploads\/2024\/04\/relevancia-de-contenidos-300x180.jpg 300w, https:\/\/www.appyweb.es\/diccionario\/wp-content\/uploads\/2024\/04\/relevancia-de-contenidos-768x461.jpg 768w, https:\/\/www.appyweb.es\/diccionario\/wp-content\/uploads\/2024\/04\/relevancia-de-contenidos.jpg 1000w\" sizes=\"auto, (max-width: 975px) 100vw, 975px\" \/><\/h1>\n<p>Se trata de un concepto que se utiliza en las pr\u00e1cticas SEO y de posicionamiento para hacer referencia a la calidad de las publicaciones en Internet. <strong>La relevancia de contenidos puede hacer que un sitio web se posicione <\/strong>en los primeros lugares de b\u00fasqueda r\u00e1pidamente.<\/p>\n<h2>\u00bfQu\u00e9 es la relevancia de contenidos?<\/h2>\n<p>M\u00e1s espec\u00edficamente, se trata de un factor que emplea el buscador de Google para determinar el nivel de calidad de una publicaci\u00f3n en Internet, con la intenci\u00f3n de <a href=\"https:\/\/www.appyweb.es\/posicionamiento-web\/\">darle un mejor posicionamiento web<\/a> o no en la p\u00e1gina de resultados de b\u00fasqueda (SERP).<\/p>\n<p>Entre los <strong>aspectos que se eval\u00faan para la relevancia de contenidos<\/strong> se encuentra la calidad de redacci\u00f3n, la experiencia de navegaci\u00f3n del usuario, la naturalidad de los enlaces, las palabras clave utilizadas, entre otros. Entre los m\u00e1s importantes se encuentra la originalidad y las expresiones.<\/p>\n<h2>\u00bfPara qu\u00e9 sirve la relevancia de contenidos?<\/h2>\n<p>Una de las funcionalidades de la relevancia de contenidos es que permiten darle un mejor posicionamiento web a los sitios web en buscadores. Al optimizarla, <strong>es posible conseguir una mayor cantidad de tr\u00e1fico<\/strong>, al mismo tiempo, se le da una mayor exposici\u00f3n a la marca o el sitio web en el medio digital, pero principalmente frente a la p\u00e1gina de resultados de b\u00fasqueda de Google.<\/p>\n<p>Es uno de los factores m\u00e1s relevantes actualmente, ya que el buscador le est\u00e1 dando prioridad a los sitios web con <a href=\"https:\/\/www.appyweb.es\/marketing-de-contenidos\/\">mayor calidad de contenidos<\/a>. Esto es debido a que los usuarios suelen estar m\u00e1s interesados en publicaciones que en anuncios, as\u00ed como en textos que les dejen algo de valor.<\/p>\n<h2>\u00bfTambi\u00e9n se tiene en cuenta la relevancia en redes sociales?<\/h2>\n<p>Desde hace unos a\u00f1os, las redes sociales como Facebook, han cambiado su algoritmo a uno m\u00e1s relacionado con la calidad del post. Anteriormente, ten\u00eda en cuenta la fecha m\u00e1s reciente, pero ahora, las publicaciones con m\u00e1s participaci\u00f3n, reacciones, comentarios y popularidad entre el circulo con el que m\u00e1s se relaciona el usuario <strong>tendr\u00e1 mayor relevancia para el posicionamiento<\/strong>.<\/p>\n<p>Esa es una de las razones de por qu\u00e9 las empresas dejaron de posicionarse f\u00e1cilmente en redes sociales, no basta con solo publicar algo miles de veces, sino de hacer que sea popular y relevante para el nicho de mercado. Es por eso que esas publicaciones tienen que impulsar la acci\u00f3n, como compartir, reaccionar, etc.<\/p>\n<h2>Ejemplo de contenido relevante<\/h2>\n<p>Uno de los mejores ejemplos de un contenido relevante son las estrategias <em>evergreen<\/em> o perenne. Son textos o <strong>publicaciones en general que explican temas que nunca pasan de moda<\/strong>, por ejemplo, \u00abc\u00f3mo hacer un pastel de chocolate\u00bb es un tema que siempre tendr\u00e1 tr\u00e1fico, m\u00e1s que uno que haga referencia a \u00ablas tendencias de reposter\u00eda del 2020\u00bb, que solo ser\u00eda relevante ese a\u00f1o.<\/p>\n<p>Estos temas son relevantes tanto frente al usuario como frente a Google, ya que se mantiene en constante b\u00fasqueda. Pero, para que sea posicionado debe tener un texto impecable y la ayuda de recursos multimedia como v\u00eddeos, imagenes, etc.<\/p>\n<p><script type=\"application\/ld+json\">{\"@context\":\"https:\/\/schema.org\",\"@type\":\"FAQPage\",\"mainEntity\":[ \n{\"@type\":\"Question\",\"name\":\"\ud83d\udccc \u00bfQu\u00e9 es la relevancia de contenidos?\",\"acceptedAnswer\":{\"@type\":\"Answer\",\"text\":\"<\/p>\n<p>M\u00e1s espec\u00edficamente, se trata de un factor que emplea el buscador de Google para determinar el nivel de calidad de una publicaci\u00f3n en Internet, con la intenci\u00f3n de <a href='https:\/\/www.appyweb.es\/posicionamiento-web\/'>darle un mejor posicionamiento web<\/a> o no en la p\u00e1gina de resultados de b\u00fasqueda (SERP).<\/p>\n<p>Entre los <strong>aspectos que se eval\u00faan para la relevancia de contenidos<\/strong> se encuentra la calidad de redacci\u00f3n, la experiencia de navegaci\u00f3n del usuario, la naturalidad de los enlaces, las palabras clave utilizadas, entre otros. Entre los m\u00e1s importantes se encuentra la originalidad y las expresiones.<\/p>\n<p>\"}},\n{\"@type\":\"Question\",\"name\":\"\ud83d\udccc \u00bfPara qu\u00e9 sirve la relevancia de contenidos?\",\"acceptedAnswer\":{\"@type\":\"Answer\",\"text\":\"<\/p>\n<p>Una de las funcionalidades de la relevancia de contenidos es que permiten darle un mejor posicionamiento web a los sitios web en buscadores. Al optimizarla, <strong>es posible conseguir una mayor cantidad de tr\u00e1fico<\/strong>, al mismo tiempo, se le da una mayor exposici\u00f3n a la marca o el sitio web en el medio digital, pero principalmente frente a la p\u00e1gina de resultados de b\u00fasqueda de Google.<\/p>\n<p>Es uno de los factores m\u00e1s relevantes actualmente, ya que el buscador le est\u00e1 dando prioridad a los sitios web con <a href='https:\/\/www.appyweb.es\/marketing-de-contenidos\/'>mayor calidad de contenidos<\/a>. Esto es debido a que los usuarios suelen estar m\u00e1s interesados en publicaciones que en anuncios, as\u00ed como en textos que les dejen algo de valor.<\/p>\n<p>\"}},\n{\"@type\":\"Question\",\"name\":\"\ud83d\udccc \u00bfTambi\u00e9n se tiene en cuenta la relevancia en redes sociales?\",\"acceptedAnswer\":{\"@type\":\"Answer\",\"text\":\"<\/p>\n<p>Desde hace unos a\u00f1os, las redes sociales como Facebook, han cambiado su algoritmo a uno m\u00e1s relacionado con la calidad del post. Anteriormente, ten\u00eda en cuenta la fecha m\u00e1s reciente, pero ahora, las publicaciones con m\u00e1s participaci\u00f3n, reacciones, comentarios y popularidad entre el circulo con el que m\u00e1s se relaciona el usuario <strong>tendr\u00e1 mayor relevancia para el posicionamiento<\/strong>.<\/p>\n<p>Esa es una de las razones de por qu\u00e9 las empresas dejaron de posicionarse f\u00e1cilmente en redes sociales, no basta con solo publicar algo miles de veces, sino de hacer que sea popular y relevante para el nicho de mercado. Es por eso que esas publicaciones tienen que impulsar la acci\u00f3n, como compartir, reaccionar, etc.<\/p>\n<p>\"}},\n{\"@type\":\"Question\",\"name\":\"\ud83d\udccc Ejemplo de contenido relevante\",\"acceptedAnswer\":{\"@type\":\"Answer\",\"text\":\"<\/p>\n<p>Uno de los mejores ejemplos de un contenido relevante son las estrategias <em>evergreen<\/em> o perenne. Son textos o <strong>publicaciones en general que explican temas que nunca pasan de moda<\/strong>, por ejemplo, 'c\u00f3mo hacer un pastel de chocolate' es un tema que siempre tendr\u00e1 tr\u00e1fico, m\u00e1s que uno que haga referencia a 'las tendencias de reposter\u00eda del 2020', que solo ser\u00eda relevante ese a\u00f1o.<\/p>\n<p>Estos temas son relevantes tanto frente al usuario como frente a Google, ya que se mantiene en constante b\u00fasqueda. Pero, para que sea posicionado debe tener un texto impecable y la ayuda de recursos multimedia como v\u00eddeos, imagenes, etc.<\/p>\n<p>\"}}\n]}<\/script><\/p>\n<h2>M\u00e1s informaci\u00f3n sobre contenido relevante<\/h2>\n<p>Aprender a hacer una publicaci\u00f3n que tenga todos los aspectos para posicionarse es f\u00e1cil, pero se necesitan algunas herramientas. Mira los siguientes enlaces para m\u00e1s informaci\u00f3n.<\/p>\n<ul>\n<li><a href=\"https:\/\/www.appyweb.es\/medir-triunfo-plan-contenidos\/\">C\u00f3mo medir el triunfo en tu plan de contenidos<\/a><\/li>\n<li><a href=\"https:\/\/www.ezanime.net\/7-consejos-de-publicacion-para-ayudar-a-impulsar-su-marca-personal-en-linkedin\/\" rel=\"nofollow noopener\" target=\"_blank\">7 consejos de publicaci\u00f3n para ayudar a impulsar su marca<\/a><\/li>\n<\/ul>\n<p>&nbsp;<\/p>\n","protected":false},"excerpt":{"rendered":"<p>Se trata de un concepto que se utiliza en las pr\u00e1cticas SEO y de posicionamiento para hacer referencia a la calidad de las publicaciones en Internet. La relevancia de contenidos puede hacer que un sitio web se posicione en los primeros lugares de b\u00fasqueda r\u00e1pidamente. \u00bfQu\u00e9 es la relevancia de contenidos? M\u00e1s espec\u00edficamente, se trata [&hellip;]<\/p>\n","protected":false},"author":1,"featured_media":12826,"parent":0,"menu_order":0,"comment_status":"open","ping_status":"closed","template":"","meta":{"inline_featured_image":false,"footnotes":""},"class_list":["post-3631","page","type-page","status-publish","has-post-thumbnail","hentry"],"_links":{"self":[{"href":"https:\/\/www.appyweb.es\/diccionario\/wp-json\/wp\/v2\/pages\/3631","targetHints":{"allow":["GET"]}}],"collection":[{"href":"https:\/\/www.appyweb.es\/diccionario\/wp-json\/wp\/v2\/pages"}],"about":[{"href":"https:\/\/www.appyweb.es\/diccionario\/wp-json\/wp\/v2\/types\/page"}],"author":[{"embeddable":true,"href":"https:\/\/www.appyweb.es\/diccionario\/wp-json\/wp\/v2\/users\/1"}],"replies":[{"embeddable":true,"href":"https:\/\/www.appyweb.es\/diccionario\/wp-json\/wp\/v2\/comments?post=3631"}],"version-history":[{"count":6,"href":"https:\/\/www.appyweb.es\/diccionario\/wp-json\/wp\/v2\/pages\/3631\/revisions"}],"predecessor-version":[{"id":12828,"href":"https:\/\/www.appyweb.es\/diccionario\/wp-json\/wp\/v2\/pages\/3631\/revisions\/12828"}],"wp:featuredmedia":[{"embeddable":true,"href":"https:\/\/www.appyweb.es\/diccionario\/wp-json\/wp\/v2\/media\/12826"}],"wp:attachment":[{"href":"https:\/\/www.appyweb.es\/diccionario\/wp-json\/wp\/v2\/media?parent=3631"}],"curies":[{"name":"wp","href":"https:\/\/api.w.org\/{rel}","templated":true}]}}