{"id":3636,"date":"2023-06-22T16:50:56","date_gmt":"2023-06-22T16:50:56","guid":{"rendered":"https:\/\/www.appyweb.es\/diccionario\/?post_type=project&#038;p=3636"},"modified":"2024-04-02T07:31:52","modified_gmt":"2024-04-02T07:31:52","slug":"relevancia-web","status":"publish","type":"page","link":"https:\/\/www.appyweb.es\/diccionario\/relevancia-web\/","title":{"rendered":"Relevancia Web"},"content":{"rendered":"<h1><img loading=\"lazy\" decoding=\"async\" class=\"alignnone  wp-image-12830\" src=\"https:\/\/www.appyweb.es\/diccionario\/wp-content\/uploads\/2024\/04\/relevancia-web-300x180.jpg\" alt=\"Relevancia Web\" width=\"977\" height=\"586\" srcset=\"https:\/\/www.appyweb.es\/diccionario\/wp-content\/uploads\/2024\/04\/relevancia-web-300x180.jpg 300w, https:\/\/www.appyweb.es\/diccionario\/wp-content\/uploads\/2024\/04\/relevancia-web-768x461.jpg 768w, https:\/\/www.appyweb.es\/diccionario\/wp-content\/uploads\/2024\/04\/relevancia-web.jpg 1000w\" sizes=\"auto, (max-width: 977px) 100vw, 977px\" \/><\/h1>\n<p>Se trata de un aspecto que eval\u00faan los buscadores al posicionar un sitio, <strong>la relevancia web se analiza seg\u00fan la consulta del usuario<\/strong>, las palabras clave que utiliz\u00f3, su historial d b\u00fasqueda o su intenci\u00f3n.<\/p>\n<h2>\u00bfQu\u00e9 es relevancia web?<\/h2>\n<p>Es un factor que es evaluado por las \u00abara\u00f1as\u00bb de los buscadores como Google, es el nivel de relaci\u00f3n que tiene un sitio con la b\u00fasqueda que realiz\u00f3 un usuario. La relevancia web se utiliza para evaluar cu\u00e1l es <a href=\"https:\/\/www.appyweb.es\/posicionamiento-web\/\">el mejor recurso para el posicionamiento web<\/a>, as\u00ed se jerarquizan los m\u00e1s importantes cuando se presentan en las SERP.<\/p>\n<p>Este suele estar relacionado con el nivel de autoridad de p\u00e1gina, es decir, con su popularidad y la relaci\u00f3n que tiene con las b\u00fasquedas de usuarios similares entre s\u00ed. Por ejemplo, un art\u00edculo sobre \u00ablos mejores alimentos para perros\u00bb se posicionar\u00e1 mejor para usuarios que ya hayan hecho b\u00fasqueda sobre perros como \u00abc\u00f3mo cuidar un perro\u00bb, en comparaci\u00f3n con otro que haga una b\u00fasqueda sobre \u00abc\u00f3mo cuidar un gato\u00bb, que no tendr\u00e1 mucha relaci\u00f3n.<\/p>\n<h2>\u00bfPara qu\u00e9 sirve la relevancia web?<\/h2>\n<p>La verdad es que este factor ha evolucionado y ha crecido con el algoritmo, ahora el buscador tiene <strong>muchos aspectos en cuenta para determinar la relevancia web<\/strong> de un sitio. Por ejemplo, el comportamiento del usuario o la experiencia de navegaci\u00f3n <a href=\"https:\/\/www.appyweb.es\/diseno-web\/\">en el dise\u00f1o web<\/a>. Pero, sigue teniendo la misma funci\u00f3n, ayudar a determinar el posicionamiento.<\/p>\n<p>Por otro lado, cuando las optimizaciones SEO se concentran en mejorar este factor, siempre se tienen beneficios extra, como el aumento del tr\u00e1fico, las conversiones y las ventas.<\/p>\n<h2>\u00bfEs lo mismo que la relevancia SEO?<\/h2>\n<p>S\u00ed, porque <strong>se eval\u00faa la relaci\u00f3n que tienen las palabras clave que utiliza el usuario<\/strong> con el contenido de un sitio para posicionar. Por ejemplo, un sitio que quiere posicionarse mejor en el sector de las ventas de art\u00edculos para mascotas debe incluir en su contenido las palabras clave \u00abmascotas\u00bb y \u00abart\u00edculos\u00bb. Estas deben coincidir lo m\u00e1s posible con aspectos como t\u00edtulos, URL, texto, descripci\u00f3n de im\u00e1genes, etc.<\/p>\n<p>Estas son analizadas y comparadas con ayuda del algoritmo de los buscadores, el que tenga un <strong>mejor nivel de relevancia SEO entonces se posicionar\u00e1 mejor<\/strong>. Aqu\u00ed, las optimizaciones tienen que ser de calidad, no de cantidad, es por eso que el contenido debe ser variado y original.<\/p>\n<h2>\u00bfC\u00f3mo se mide la relevancia web?<\/h2>\n<p>Se han mencionado varios aspectos que participan en la evaluaci\u00f3n de este factor, pero actualmente es imposible saber c\u00f3mo Google mide la relevancia, ya que esto podr\u00eda ser manipulado para posicionar sitios con m\u00e9todos poco aceptables. Pero, se puede llegar a conocer un poco este nivel teniendo en cuenta m\u00e9tricas como las siguientes.<\/p>\n<ul>\n<li><strong>Nivel de tr\u00e1fico<\/strong>: Si se genera una buena tasa de tr\u00e1fico con respecto al volumen indicado por las palabras clave es que hay una buena relaci\u00f3n.<\/li>\n<li><strong>Cantidad de rese\u00f1as<\/strong>: En el caso de las redes sociales, la cantidad de rese\u00f1as y comentarios pueden dar un vistazo sobre su autoridad.<\/li>\n<li><strong>CTR<\/strong>: O tasa de clics, indica la cantidad de personas que hacen clic en el sitio o sus enlaces.<\/li>\n<\/ul>\n<p><script type=\"application\/ld+json\">{\"@context\":\"https:\/\/schema.org\",\"@type\":\"FAQPage\",\"mainEntity\":[ \n{\"@type\":\"Question\",\"name\":\"\ud83d\udccc \u00bfQu\u00e9 es relevancia web?\",\"acceptedAnswer\":{\"@type\":\"Answer\",\"text\":\"<\/p>\n<p>Es un factor que es evaluado por las 'ara\u00f1as' de los buscadores como Google, es el nivel de relaci\u00f3n que tiene un sitio con la b\u00fasqueda que realiz\u00f3 un usuario. La relevancia web se utiliza para evaluar cu\u00e1l es <a href='https:\/\/www.appyweb.es\/posicionamiento-web\/'>el mejor recurso para el posicionamiento web<\/a>, as\u00ed se jerarquizan los m\u00e1s importantes cuando se presentan en las SERP.<\/p>\n<p>Este suele estar relacionado con el nivel de autoridad de p\u00e1gina, es decir, con su popularidad y la relaci\u00f3n que tiene con las b\u00fasquedas de usuarios similares entre s\u00ed. Por ejemplo, un art\u00edculo sobre 'los mejores alimentos para perros' se posicionar\u00e1 mejor para usuarios que ya hayan hecho busqueda sobre perros como 'c\u00f3mo cuidar un perro', en comparaci\u00f3n con otro que haga una b\u00fasqueda sobre 'c\u00f3mo cuidar un gato', que no tendr\u00e1 mucha relaci\u00f3n.<\/p>\n<p>\"}},\n{\"@type\":\"Question\",\"name\":\"\ud83d\udccc \u00bfPara qu\u00e9 sirve la relevancia web?\",\"acceptedAnswer\":{\"@type\":\"Answer\",\"text\":\"<\/p>\n<p>La verdad es que este factor ha evolucionado y ha crecido con el algoritmo, ahora el buscador tiene <strong>muchos aspectos en cuenta para determinar la relevancia web<\/strong> de un sitio. Por ejemplo, el comportamiento del usuario o la experiencia de navegaci\u00f3n <a href='https:\/\/www.appyweb.es\/diseno-web\/'>en el dise\u00f1o web<\/a>. Pero, sigue teniendo la misma funci\u00f3n, ayudar a determinar el posicionamiento.<\/p>\n<p>Por otro lado, cuando las optimizaciones SEO se concentran en mejorar este factor, siempre se tienen beneficios extra, como el aumento del tr\u00e1fico, las conversiones y las ventas. <\/p>\n<p>\"}},\n{\"@type\":\"Question\",\"name\":\"\ud83d\udccc \u00bfEs lo mismo que la relevancia SEO?\",\"acceptedAnswer\":{\"@type\":\"Answer\",\"text\":\"<\/p>\n<p>S\u00ed, porque <strong>se eval\u00faa la relaci\u00f3nque tienen las palabras clave que utiliza el usuario<\/strong> con el contenido de un sitio para posicionar. Por ejemplo, un sitio que quiere posicionarse mejor en el sector de las ventas de art\u00edculos para mascotas debe incluir en su contenido las palabras clave 'mascotas' y 'art\u00edculos'. Estas deben coincidir lo m\u00e1s posible con aspectos como t\u00edtulos, URL, texto, descripci\u00f3n de imagenes, etc.<\/p>\n<p>Estas son analizadas y comparadas con ayuda del algoritmo de los buscadores, el que tenga un <strong>mejor nivel de relevancia SEO entonces se posicionar\u00e1 mejor<\/strong>. Aqu\u00ed, las optimizacines tienen que ser de calidad, no de cantidad, es por eso que el contenido debe ser variado y original.<\/p>\n<p>\"}},\n{\"@type\":\"Question\",\"name\":\"\ud83d\udccc \u00bfC\u00f3mo se mide la relevancia web?\",\"acceptedAnswer\":{\"@type\":\"Answer\",\"text\":\"<\/p>\n<p>Se han mencionado varios aspectos que participan en la evaluaci\u00f3n de este factor, pero actualmente es imposible saber c\u00f3mo Google mide la relevancia, ya que esto podr\u00eda ser manipulado para posicionar sitios con m\u00e9todos poco aceptables. Pero, se puede llegar a conocer un poco este nivel teniendo en cuenta m\u00e9tricas como las siguientes.<\/p>\n<\/p>\n<ul>\n<\/p>\n<li><strong>Nivel de tr\u00e1fico<\/strong>: Si se genera una buena tasa de tr\u00e1fico con respecto al volumen indicado por las palabras clave es que hay una buena relaci\u00f3n.<\/li>\n<\/p>\n<\/p>\n<\/p>\n<li><strong>Cantidad de rese\u00f1as<\/strong>: En el caso de las redes sociales, la cantidad de rese\u00f1as y comentarios pueden dar un vistazo sobre su autoridad.<\/li>\n<\/p>\n<\/p>\n<\/p>\n<li><strong>CTR<\/strong>: O tasa de clics, indica la cantidad de personas que hacen clic en el sitio o sus enlaces.<\/li>\n<\/p>\n<\/p>\n<\/ul>\n<\/p>\n<\/p>\n<p>\"}}\n]}<\/script><\/p>\n<h2>M\u00e1s informaci\u00f3n sobre relevancia web<\/h2>\n<p>Este factor trabaja en conjunto con otros, como la autoridad de dominio, para darle un posicionamiento digno a los sitios \u00bfquieres saber m\u00e1s al respecto? mira estos enlaces.<\/p>\n<ul>\n<li><a href=\"https:\/\/www.appyweb.es\/autoridad-dominio-web-estrategias-seo\/\">Autoridad de dominio web: factor clave en las estrategias SEO<\/a><\/li>\n<li><a href=\"https:\/\/quiwiq.com\/posicionamiento\/secretos-posicionamiento-web\/803\" rel=\"nofollow noopener\" target=\"_blank\">El secreto del posicionamiento web: autoridad y relevancia<\/a><\/li>\n<\/ul>\n<p>&nbsp;<\/p>\n","protected":false},"excerpt":{"rendered":"<p>Se trata de un aspecto que eval\u00faan los buscadores al posicionar un sitio, la relevancia web se analiza seg\u00fan la consulta del usuario, las palabras clave que utiliz\u00f3, su historial d b\u00fasqueda o su intenci\u00f3n. \u00bfQu\u00e9 es relevancia web? Es un factor que es evaluado por las \u00abara\u00f1as\u00bb de los buscadores como Google, es el [&hellip;]<\/p>\n","protected":false},"author":1,"featured_media":12830,"parent":0,"menu_order":0,"comment_status":"open","ping_status":"closed","template":"","meta":{"inline_featured_image":false,"footnotes":""},"class_list":["post-3636","page","type-page","status-publish","has-post-thumbnail","hentry"],"_links":{"self":[{"href":"https:\/\/www.appyweb.es\/diccionario\/wp-json\/wp\/v2\/pages\/3636","targetHints":{"allow":["GET"]}}],"collection":[{"href":"https:\/\/www.appyweb.es\/diccionario\/wp-json\/wp\/v2\/pages"}],"about":[{"href":"https:\/\/www.appyweb.es\/diccionario\/wp-json\/wp\/v2\/types\/page"}],"author":[{"embeddable":true,"href":"https:\/\/www.appyweb.es\/diccionario\/wp-json\/wp\/v2\/users\/1"}],"replies":[{"embeddable":true,"href":"https:\/\/www.appyweb.es\/diccionario\/wp-json\/wp\/v2\/comments?post=3636"}],"version-history":[{"count":5,"href":"https:\/\/www.appyweb.es\/diccionario\/wp-json\/wp\/v2\/pages\/3636\/revisions"}],"predecessor-version":[{"id":12832,"href":"https:\/\/www.appyweb.es\/diccionario\/wp-json\/wp\/v2\/pages\/3636\/revisions\/12832"}],"wp:featuredmedia":[{"embeddable":true,"href":"https:\/\/www.appyweb.es\/diccionario\/wp-json\/wp\/v2\/media\/12830"}],"wp:attachment":[{"href":"https:\/\/www.appyweb.es\/diccionario\/wp-json\/wp\/v2\/media?parent=3636"}],"curies":[{"name":"wp","href":"https:\/\/api.w.org\/{rel}","templated":true}]}}