{"id":364,"date":"2023-06-19T14:56:02","date_gmt":"2023-06-19T14:56:02","guid":{"rendered":"https:\/\/www.appyweb.es\/diccionario\/?page_id=364"},"modified":"2024-03-11T22:53:26","modified_gmt":"2024-03-11T22:53:26","slug":"booking","status":"publish","type":"page","link":"https:\/\/www.appyweb.es\/diccionario\/booking\/","title":{"rendered":"Booking"},"content":{"rendered":"<h1 class=\"entry-title main_title\"><img loading=\"lazy\" decoding=\"async\" class=\" wp-image-10343 aligncenter\" src=\"https:\/\/www.appyweb.es\/diccionario\/wp-content\/uploads\/2023\/09\/booking_logo-300x225.jpg\" alt=\"\" width=\"895\" height=\"671\" srcset=\"https:\/\/www.appyweb.es\/diccionario\/wp-content\/uploads\/2023\/09\/booking_logo-300x225.jpg 300w, https:\/\/www.appyweb.es\/diccionario\/wp-content\/uploads\/2023\/09\/booking_logo-768x576.jpg 768w, https:\/\/www.appyweb.es\/diccionario\/wp-content\/uploads\/2023\/09\/booking_logo.jpg 866w\" sizes=\"auto, (max-width: 895px) 100vw, 895px\" \/><\/h1>\n<p>Es una plataforma de b\u00fasqueda de tarifas de viaje y alojamiento l\u00edder en la red, su misi\u00f3n es conectar clientes y agencias de turismo desde cualquier parte del mundo.\u00a0<strong>En Booking incluso se pueden hacer reservaciones con anticipaci\u00f3n<\/strong>, as\u00ed como observar las listas de precios y experiencias de los usuarios.<\/p>\n<h2>\u00bfOrigen de la palabra?<\/h2>\n<p>Booking es la palabra en ingl\u00e9s para lo que en espa\u00f1ol se conoce como \u201creserva\u201d.<br \/>\nNormalmente, \u00e9ste t\u00e9rmino tambi\u00e9n se utiliza para <strong>definir el sistema de reservaci\u00f3n online dentro de los sitios web de agencias de viaje<\/strong>.<\/p>\n<h2>\u00bfPara qu\u00e9 sirve Booking?<\/h2>\n<p>Booking es una de esas plataformas online que <strong>re\u00fane una gran comunidad en el mercado del turismo<\/strong>, es por esto que cobra mucha importancia al momento de hacer marketing digital.<br \/>\nCuando una agencia de viajes quiere garantizar un buen posicionamiento en buscadores, para atraer una mayor cantidad de viajeros, debe <a href=\"https:\/\/www.appyweb.es\/diccionario\/directorio-web\/\">realizar un alta en directorios<\/a> y esta plataforma forma parte de uno de los directorios m\u00e1s grandes de Internet.<\/p>\n<p>Aparte, tambi\u00e9n ofrece otros servicios como mostrar los hoteles o agencias que pueden hacer reservaciones inmediatas, atenci\u00f3n al cliente las 24 horas, garantizan buenos precios y un sistema de pago totalmente seguro.<br \/>\nLo mejor de esta plataforma es que <strong>est\u00e1 disponible a nivel mundial en diferentes idiomas<\/strong>, por lo que incluso se puede globalizar el servicio de las empresas de viaje.<\/p>\n<p>Asimismo, tambi\u00e9n permite una libre competencia, ya que tanto grandes hoteles o empresas de viaje, as\u00ed como las m\u00e1s peque\u00f1as, pueden competir en un mismo ambiente.<\/p>\n<h2>Modelo de negocio de Booking.com<\/h2>\n<p>El sistema consiste en hacer que el cliente realice su reserva de hotel o viaje, sin la necesidad de pagar anticipadamente, de hecho, puede decidir entre pagar antes o al llegar al establecimiento.<br \/>\nLos negocios que hacen vida dentro de esta plataforma deben <strong>disponer de una cuota del 15% de comisi\u00f3n para la plataforma<\/strong>, a cambio de la promoci\u00f3n de sus tarifas y sus <a href=\"https:\/\/www.appyweb.es\/diccionario\/marketing-de-atraccion\/\">estrategias de marketing de atracci\u00f3n<\/a> desde ese sitio web.<\/p>\n<p>De esta forma, se puede decir que su modelo de negocio funciona como IDS o un sistema de distribuci\u00f3n de Internet, y no como un OTA o agencia de viajes.<br \/>\nEs muy importante tener esto en cuenta ya que la plataforma no se har\u00e1 responsable por incumplimiento de servicio por parte de ambas partes.<\/p>\n<p><script type=\"application\/ld+json\">{\"@context\":\"https:\/\/schema.org\",\"@type\":\"FAQPage\",\"mainEntity\":[ \n{\"@type\":\"Question\",\"name\":\"\u00bfOrigen de la palabra?\",\"acceptedAnswer\":{\"@type\":\"Answer\",\"text\":\"<\/p>\n<\/p>\n<p>Booking es la palabra en ingl\u00e9s para lo que en espa\u00f1ol se conoce como \u201creserva\u201d. <br \/>Normalmente, \u00e9ste t\u00e9rmino tambi\u00e9n se utiliza para <strong>definir el sistema de reservaci\u00f3n online dentro de los sitios web de agencias de viaje<\/strong>.<\/p>\n<\/p>\n<p>\"}},\n{\"@type\":\"Question\",\"name\":\"\u00bfPara qu\u00e9 sirve Booking?\",\"acceptedAnswer\":{\"@type\":\"Answer\",\"text\":\"<\/p>\n<\/p>\n<p>Booking es una de esas plataformas online que <strong>re\u00fane una gran comunidad en el mercado del turismo<\/strong>, es por esto que cobra mucha importancia al momento de hacer marketing digital. <br \/>Cuando una agencia de viajes quiere garantizar un buen posicionamiento en buscadores, para atraer una mayor cantidad de viajeros, debe <a href='https:\/\/www.appyweb.es\/diccionario\/directorio-web\/'>realizar un alta en directorios<\/a> y esta plataforma forma parte de uno de los directorios m\u00e1s grandes de Internet.<\/p>\n<\/p>\n<\/p>\n<p>Aparte, tambi\u00e9n ofrece otros servicios como mostrar los hoteles o agencias que pueden hacer reservaciones inmediatas, atenci\u00f3n al cliente las 24 horas, garantizan buenos precios y un sistema de pago totalmente seguro. <br \/>Lo mejor de esta plataforma es que <strong>est\u00e1 disponible a nivel mundial en diferentes idiomas<\/strong>, por lo que incluso se puede globalizar el servicio de las empresas de viaje.<\/p>\n<\/p>\n<\/p>\n<p>Asimismo, tambi\u00e9n permite una libre competencia, ya que tanto grandes hoteles o empresas de viaje, as\u00ed como las m\u00e1s peque\u00f1as, pueden competir en un mismo ambiente.<\/p>\n<\/p>\n<p>\"}},\n{\"@type\":\"Question\",\"name\":\"Modelo de negocio de Booking.com\",\"acceptedAnswer\":{\"@type\":\"Answer\",\"text\":\"<\/p>\n<\/p>\n<p>El sistema consiste en hacer que el cliente realice su reserva de hotel o viaje, sin la necesidad de pagar anticipadamente, de hecho, puede decidir entre pagar antes o al llegar al establecimiento.<br \/>Los negocios que hacen vida dentro de esta plataforma deben <strong>disponer de una cuota del 15% de comisi\u00f3n para la plataforma<\/strong>, a cambio de la promoci\u00f3n de sus tarifas y sus <a href='https:\/\/www.appyweb.es\/diccionario\/marketing-de-atraccion\/'>estrategias de marketing de atracci\u00f3n<\/a> desde ese sitio web.<\/p>\n<\/p>\n<\/p>\n<p>De esta forma, se puede decir que su modelo de negocio funciona como IDS o un sistema de distribuci\u00f3n de Internet, y no como un OTA o agencia de viajes. <br \/>Es muy importante tener esto en cuenta ya que la plataforma no se har\u00e1 responsable por incumplimiento de servicio por parte de ambas partes.<\/p>\n<\/p>\n<p>\"}}\n]}<\/script><\/p>\n<h2><span id=\"%F0%9F%93%8C_Ejemplo\" class=\"ez-toc-section\"><\/span>Ejemplo<\/h2>\n<p>Aparte de Booking, existen\u00a0<strong>otras plataformas como Trivago o Airbnb<\/strong>\u00a0que ofrecen este tipo de servicios, pues desde aqu\u00ed se pueden comparar precios, gestionar transportes, alojamientos en casas o hasta en los hoteles m\u00e1s lujosos.<\/p>\n<p>&nbsp;<\/p>\n<h2><span id=\"%F0%9F%93%8C_Mas_informacion_sobre_Booking\" class=\"ez-toc-section\"><\/span>M\u00e1s informaci\u00f3n sobre Booking<\/h2>\n<ul>\n<li><a href=\"https:\/\/www.appyweb.es\/diccionario\/fidelizacion-de-clientes\/\">\u00bfQu\u00e9 es la fidelizaci\u00f3n de clientes y para qu\u00e9 sirve?<\/a><\/li>\n<li><a href=\"https:\/\/es.wikipedia.org\/wiki\/Booking.com#Alianzas_de_Booking.com\" rel=\"nofollow noopener\" target=\"_blank\">Alianzas de Booking.com<\/a>.<\/li>\n<\/ul>\n<p>&nbsp;<\/p>\n","protected":false},"excerpt":{"rendered":"<p>Es una plataforma de b\u00fasqueda de tarifas de viaje y alojamiento l\u00edder en la red, su misi\u00f3n es conectar clientes y agencias de turismo desde cualquier parte del mundo.\u00a0En Booking incluso se pueden hacer reservaciones con anticipaci\u00f3n, as\u00ed como observar las listas de precios y experiencias de los usuarios. \u00bfOrigen de la palabra? Booking es [&hellip;]<\/p>\n","protected":false},"author":1,"featured_media":10343,"parent":0,"menu_order":0,"comment_status":"closed","ping_status":"closed","template":"","meta":{"inline_featured_image":false,"footnotes":""},"class_list":["post-364","page","type-page","status-publish","has-post-thumbnail","hentry"],"_links":{"self":[{"href":"https:\/\/www.appyweb.es\/diccionario\/wp-json\/wp\/v2\/pages\/364","targetHints":{"allow":["GET"]}}],"collection":[{"href":"https:\/\/www.appyweb.es\/diccionario\/wp-json\/wp\/v2\/pages"}],"about":[{"href":"https:\/\/www.appyweb.es\/diccionario\/wp-json\/wp\/v2\/types\/page"}],"author":[{"embeddable":true,"href":"https:\/\/www.appyweb.es\/diccionario\/wp-json\/wp\/v2\/users\/1"}],"replies":[{"embeddable":true,"href":"https:\/\/www.appyweb.es\/diccionario\/wp-json\/wp\/v2\/comments?post=364"}],"version-history":[{"count":8,"href":"https:\/\/www.appyweb.es\/diccionario\/wp-json\/wp\/v2\/pages\/364\/revisions"}],"predecessor-version":[{"id":11394,"href":"https:\/\/www.appyweb.es\/diccionario\/wp-json\/wp\/v2\/pages\/364\/revisions\/11394"}],"wp:featuredmedia":[{"embeddable":true,"href":"https:\/\/www.appyweb.es\/diccionario\/wp-json\/wp\/v2\/media\/10343"}],"wp:attachment":[{"href":"https:\/\/www.appyweb.es\/diccionario\/wp-json\/wp\/v2\/media?parent=364"}],"curies":[{"name":"wp","href":"https:\/\/api.w.org\/{rel}","templated":true}]}}