{"id":3640,"date":"2023-06-22T16:52:04","date_gmt":"2023-06-22T16:52:04","guid":{"rendered":"https:\/\/www.appyweb.es\/diccionario\/?post_type=project&#038;p=3640"},"modified":"2024-04-02T07:37:17","modified_gmt":"2024-04-02T07:37:17","slug":"remarketing","status":"publish","type":"page","link":"https:\/\/www.appyweb.es\/diccionario\/remarketing\/","title":{"rendered":"Remarketing"},"content":{"rendered":"<h1><img loading=\"lazy\" decoding=\"async\" class=\"alignnone  wp-image-12833\" src=\"https:\/\/www.appyweb.es\/diccionario\/wp-content\/uploads\/2024\/04\/remarketing-300x180.jpg\" alt=\"Remarketing\" width=\"1163\" height=\"698\" srcset=\"https:\/\/www.appyweb.es\/diccionario\/wp-content\/uploads\/2024\/04\/remarketing-300x180.jpg 300w, https:\/\/www.appyweb.es\/diccionario\/wp-content\/uploads\/2024\/04\/remarketing-768x461.jpg 768w, https:\/\/www.appyweb.es\/diccionario\/wp-content\/uploads\/2024\/04\/remarketing.jpg 1000w\" sizes=\"auto, (max-width: 1163px) 100vw, 1163px\" \/><\/h1>\n<p>Es un tipo de publicidad digital que permite mostrar anuncios que son previamente segmentados o hasta personalizados. El <strong>remarketing se basa en volver a llamar la atenci\u00f3n de un usuario<\/strong> que ya ha visitado un sitio web en el pasado, pero que no experiment\u00f3 <a href=\"https:\/\/www.appyweb.es\/conversion-web\/\">una conversi\u00f3n web<\/a> o una compra.<\/p>\n<h2>\u00bfQu\u00e9 es remarketing?<\/h2>\n<p>Es una t\u00e9cnica de marketing que se basa en mostrar anuncios en diferentes plataformas o en los motores de b\u00fasqueda, pero con la peculiaridad que <strong>esos anuncios se muestran a usuarios que ya han interactuado con un sitio web<\/strong>. A diferencia de los dem\u00e1s visitantes, estos suelen contar con un perfil del cliente que normalmente comprar\u00eda.<\/p>\n<p>Entonces, cuando el cliente no compra, se pueden llevar a cabo estrategias de <a href=\"https:\/\/www.appyweb.es\/campanas-google-adwords\/\">remarketing en Google Ads<\/a> que permitan seguir al usuario en los sitios web que frecuenta, para mostrarle un anuncio que le invite regresar y realizar alguna acci\u00f3n.<\/p>\n<h2>\u00bfPara qu\u00e9 sirve el remarketing?<\/h2>\n<p>Esta estrategia de marketing se usa principalmente <strong>para obtener una mayor tasa de conversi\u00f3n<\/strong>, esto permite que los usuarios pasen a ser clientes, especialmente aquellos que cuentan con mayores probabilidades para comprar. Igualmente, permite activar el factor <em>recuerdo<\/em> en la mente de los consumidores, por lo que incluso sino llegan a comprar, podr\u00e1n tenerlo en cuenta para recomendarlo o comprar a futuro.<\/p>\n<p>Asimismo, una de las tantas <strong>funcionalidades de remarketing<\/strong> es la posibilidad de segmentar o personalizar los anuncios, de esta forma, se limita la audiencia y no es necesario que las empresas deban pagar grandes cantidades por este tipo de publicidad.<\/p>\n<h2>\u00bfCu\u00e1les son las diferencias entre el remarketing y retargeting?<\/h2>\n<p>Ambos conceptos son muy similares, se utilizan para llamar la atenci\u00f3n con anuncios segmentados, pero existe una peque\u00f1a diferencia que los separa seg\u00fan sus estrategias. El retargeting, aunque emplea la misma t\u00e9cnica de seguimiento, est\u00e1 m\u00e1s direccionado a <strong>llamar la atenci\u00f3n de clientes actuales o que ya han comprado en el pasado<\/strong>, teniendo en cuenta tendencias o informaci\u00f3n recopilada gracias a las plataformas de an\u00e1lisis.<\/p>\n<p>Por otro lado, el remarketing realiza sus estrategias para <strong>llamar la atenci\u00f3n de los usuarios que no han comprado a\u00fan<\/strong>, pero s\u00ed cuentan con un inter\u00e9s. Por ejemplo, los que visitaron la p\u00e1gina de productos, compararon o hasta llenaron el carrito de compras, pero por alguna raz\u00f3n no compraron. All\u00ed a donde se dirigen sus esfuerzos.<\/p>\n<h2>Ejemplo de remarketing<\/h2>\n<p>Existen muchas formas de hacer remarketing, por ejemplo, a trav\u00e9s de la herramienta de Google Adsense con su funcionalidad de display y otros m\u00e9todos interesantes. Pero, en las redes sociales tambi\u00e9n se pueden llevar a cabo campa\u00f1as como estas, de hecho, <strong>son canales muy apropiados porque es m\u00e1s f\u00e1cil definir la audiencia<\/strong> o el tipo de cliente que se quiere volver a atraer.<\/p>\n<p>La empresa de marketing digital HubSpot utiliza este tipo de t\u00e9cnica para convencer a las personas que no se convirtieron, o no compraron sus productos, cuando dieron alguna se\u00f1al en su sitio web. Su canal favorito es a trav\u00e9s de Facebook, donde se encuentran la mayor\u00eda de sus posibles clientes, estos anuncios suelen generar hasta un 76% m\u00e1s de clics y efectividad.<\/p>\n<p><script type=\"application\/ld+json\">{\"@context\":\"https:\/\/schema.org\",\"@type\":\"FAQPage\",\"mainEntity\":[ \n{\"@type\":\"Question\",\"name\":\"\ud83d\udccc \u00bfQu\u00e9 es remarketing?\",\"acceptedAnswer\":{\"@type\":\"Answer\",\"text\":\"<\/p>\n<p>Es una t\u00e9cnica de marketing que se basa en mostrar anuncios en diferentes plataformas o en los motores de b\u00fasqueda, pero con la peculiaridad que <strong>esos anuncios se muestran a usuarios que ya han interactuado con un sitio web<\/strong>. A diferencia de los dem\u00e1s visitantes, estos suelen contar con un perfil del cliente que normalmente comprar\u00eda.<\/p>\n<p>Entonces, cuando el cliente no compra, se pueden llevar a cabo estrategias de <a href='https:\/\/www.appyweb.es\/campanas-google-adwords\/'>remarketing en Google Ads<\/a> que permitan seguir al usuario en los sitios web que frecuenta, para mostrarle un anuncio que le invite regresar y realizar alguna acci\u00f3n.<\/p>\n<p>\"}},\n{\"@type\":\"Question\",\"name\":\"\ud83d\udccc \u00bfPara qu\u00e9 sirve el remarketing?\",\"acceptedAnswer\":{\"@type\":\"Answer\",\"text\":\"<\/p>\n<p>Esta estrategia de marketing se usa principalmente <strong>para obtener una mayor tasa de conversi\u00f3n<\/strong>, esto permite que los usuarios pasen a ser clientes, especialmente aquellos que cuentan con mayores probabilidades para comprar. Igualmente, permite activar el factor <em>recuerdo<\/em> en la mente de los consumidores, por lo que incluso sino llegan a comprar, podr\u00e1n tenerlo en cuenta para recomendarlo o comprar a futuro.<\/p>\n<p>Asimismo, una de las tantas <strong>funcionalidades de remarketing<\/strong> es la posibilidad de segmentar o personalizar los anuncios, de esta forma, se limita la audiencia y no es necesario que las empresas deban pagar grandes cantidades por este tipo de publicidad.<\/p>\n<p>\"}},\n{\"@type\":\"Question\",\"name\":\"\ud83d\udccc \u00bfCu\u00e1les son las diferencias entre el remarketing y retargeting?\",\"acceptedAnswer\":{\"@type\":\"Answer\",\"text\":\"<\/p>\n<p>Ambos conceptos son muy similares, se utilizan para llamar la atenci\u00f3n con anuncios segmentados, pero existe una peque\u00f1a diferencia que los separa seg\u00fan sus estrategias. El retargeting, aunque emplea la misma t\u00e9cnica de seguimiento, est\u00e1 m\u00e1s direccionado a <strong>llamar la atenci\u00f3n de clientes actuales o que ya han comprado en el pasado<\/strong>, teniendo en cuenta tendencias o informaci\u00f3n recopilada gracias a las plataformas de an\u00e1lisis.<\/p>\n<p>Por otro lado, el remarketing realiza sus estrategias para <strong>llamar la atenci\u00f3n de los usuarios que no han comprado a\u00fan<\/strong>, pero s\u00ed cuentan con un inter\u00e9s. Por ejemplo, los que visitaron la p\u00e1gina de productos, compararon o hasta llenaron el carrito de compras, pero por alguna raz\u00f3n no compraron. All\u00ed a donde se dirigen sus esfuerzos.<\/p>\n<p>\"}},\n{\"@type\":\"Question\",\"name\":\"\ud83d\udccc Ejemplo de remarketing\",\"acceptedAnswer\":{\"@type\":\"Answer\",\"text\":\"<\/p>\n<p>Existen muchas formas de hacer remarketing, por ejemplo, a trav\u00e9s de la herramienta de Google Adsense con su funcionalidad de display y otros m\u00e9todos interesantes. Pero, en las redes sociales tambi\u00e9n se pueden llevar a cabo campa\u00f1as como estas, de hecho, <strong>son canales muy apropiados porque es m\u00e1s f\u00e1cil definir la audiencia<\/strong> o el tipo de cliente que se quiere volver a atraer.<\/p>\n<p>La empresa de marketing digital HubSpot utiliza este tipo de t\u00e9cnica para convencer a las personas que no se convirtieron, o no compraron sus productos, cuando dieron alguna se\u00f1al en su sitio web. Su canal favorito es a trav\u00e9s de Facebook, donde se encuentran la mayor\u00eda de sus posibles clientes, estos anuncios suelen generar hasta un 76% m\u00e1s de clics y efectividad.<\/p>\n<p>\"}}\n]}<\/script><\/p>\n<h2>M\u00e1s informaci\u00f3n sobre remarketing<\/h2>\n<p>Este tipo de publicidad se utiliza con frecuencia en las redes sociales, si quieres conocer c\u00f3mo emplearla en distintos escenarios mira los siguientes enlaces.<\/p>\n<ul>\n<li><a href=\"https:\/\/www.appyweb.es\/diccionario\/retargeting\/\">\u00bfQu\u00e9 es el Retargeting y para qu\u00e9 sirve?<\/a><\/li>\n<li><a href=\"https:\/\/produccionaudiovisual.com\/produccion-video-digital\/como-ganar-suscriptores-en-tu-canal-de-youtube-mediante-una-campana-de-remarketing\/\" rel=\"nofollow noopener\" target=\"_blank\">\u00bfC\u00f3mo ganar suscriptores en tu canal de YouTube mediante una campa\u00f1a de remarketing?<\/a><\/li>\n<\/ul>\n<p>&nbsp;<\/p>\n","protected":false},"excerpt":{"rendered":"<p>Es un tipo de publicidad digital que permite mostrar anuncios que son previamente segmentados o hasta personalizados. El remarketing se basa en volver a llamar la atenci\u00f3n de un usuario que ya ha visitado un sitio web en el pasado, pero que no experiment\u00f3 una conversi\u00f3n web o una compra. \u00bfQu\u00e9 es remarketing? Es una [&hellip;]<\/p>\n","protected":false},"author":1,"featured_media":12833,"parent":0,"menu_order":0,"comment_status":"open","ping_status":"closed","template":"","meta":{"inline_featured_image":false,"footnotes":""},"class_list":["post-3640","page","type-page","status-publish","has-post-thumbnail","hentry"],"_links":{"self":[{"href":"https:\/\/www.appyweb.es\/diccionario\/wp-json\/wp\/v2\/pages\/3640","targetHints":{"allow":["GET"]}}],"collection":[{"href":"https:\/\/www.appyweb.es\/diccionario\/wp-json\/wp\/v2\/pages"}],"about":[{"href":"https:\/\/www.appyweb.es\/diccionario\/wp-json\/wp\/v2\/types\/page"}],"author":[{"embeddable":true,"href":"https:\/\/www.appyweb.es\/diccionario\/wp-json\/wp\/v2\/users\/1"}],"replies":[{"embeddable":true,"href":"https:\/\/www.appyweb.es\/diccionario\/wp-json\/wp\/v2\/comments?post=3640"}],"version-history":[{"count":5,"href":"https:\/\/www.appyweb.es\/diccionario\/wp-json\/wp\/v2\/pages\/3640\/revisions"}],"predecessor-version":[{"id":12835,"href":"https:\/\/www.appyweb.es\/diccionario\/wp-json\/wp\/v2\/pages\/3640\/revisions\/12835"}],"wp:featuredmedia":[{"embeddable":true,"href":"https:\/\/www.appyweb.es\/diccionario\/wp-json\/wp\/v2\/media\/12833"}],"wp:attachment":[{"href":"https:\/\/www.appyweb.es\/diccionario\/wp-json\/wp\/v2\/media?parent=3640"}],"curies":[{"name":"wp","href":"https:\/\/api.w.org\/{rel}","templated":true}]}}