{"id":3643,"date":"2023-06-22T16:54:09","date_gmt":"2023-06-22T16:54:09","guid":{"rendered":"https:\/\/www.appyweb.es\/diccionario\/?post_type=project&#038;p=3643"},"modified":"2024-04-02T07:44:11","modified_gmt":"2024-04-02T07:44:11","slug":"reputacion-marca","status":"publish","type":"page","link":"https:\/\/www.appyweb.es\/diccionario\/reputacion-marca\/","title":{"rendered":"Reputaci\u00f3n de marca"},"content":{"rendered":"<p><img loading=\"lazy\" decoding=\"async\" class=\"alignnone  wp-image-12836\" src=\"https:\/\/www.appyweb.es\/diccionario\/wp-content\/uploads\/2024\/04\/reputacion-de-marca-300x180.jpg\" alt=\"Reputacion de marca\" width=\"1160\" height=\"696\" srcset=\"https:\/\/www.appyweb.es\/diccionario\/wp-content\/uploads\/2024\/04\/reputacion-de-marca-300x180.jpg 300w, https:\/\/www.appyweb.es\/diccionario\/wp-content\/uploads\/2024\/04\/reputacion-de-marca-768x461.jpg 768w, https:\/\/www.appyweb.es\/diccionario\/wp-content\/uploads\/2024\/04\/reputacion-de-marca.jpg 1000w\" sizes=\"auto, (max-width: 1160px) 100vw, 1160px\" \/><\/p>\n<p>B\u00e1sicamente es la percepci\u00f3n que tienen los clientes sobre una empresa, en Internet, <strong>la reputaci\u00f3n de marca se puede medir con las m\u00e9tricas de vanidad<\/strong> como la tasa de likes, comentarios, compartidos e interacciones.<\/p>\n<h2>\u00bfQu\u00e9 es la reputaci\u00f3n de marca?<\/h2>\n<p>Hace referencia a lo que piensan los consumidores de una empresa, puede ser negativo o positivo, en cualquier caso, esta tendr\u00e1 un efecto sobre los posibles interesados para decidir hacer una compra o no. Es por eso que <strong>la reputaci\u00f3n de marca es tan importante en la actualidad<\/strong>, ya que la opini\u00f3n de los mismos clientes tendr\u00e1 m\u00e1s peso que la publicidad.<\/p>\n<p>Especialmente en las estrategias digitales, es por eso que las empresas le dan mucha importancia a los testimoniales en el <a href=\"https:\/\/www.appyweb.es\/diseno-web\/\">dise\u00f1o de sus sitios web<\/a>, porque saben que pueden aumentar su reputaci\u00f3n de marca positiva.<\/p>\n<h2>\u00bfPara qu\u00e9 sirve la reputaci\u00f3n de marca?<\/h2>\n<p>Sirve para conocer cu\u00e1les son las opiniones de los usuarios y clientes con varias finalidades en mente, por ejemplo, para mejorar u optimizar el producto, hacer campa\u00f1as digitales m\u00e1s atractivas, entender c\u00f3mo funciona el nicho de mercado, entre otras. As\u00ed, las empresas tambi\u00e9n se nutren de <strong>informaci\u00f3n que puede ayudarlos a mejorar sus servicios y productos<\/strong>.<\/p>\n<p>Por otro lado, la reputaci\u00f3n de marca tambi\u00e9n puede ser un <strong>factor positivo para el crecimiento de la imagen de la empresa en Internet<\/strong>. Muchos productos digitales como Google Business, Google Shopping y otras plataformas de negocio suelen enumerar opiniones de clientes, mientras m\u00e1s opiniones positivas, <a href=\"https:\/\/www.appyweb.es\/posicionamiento-web\/\">mejor posicionamiento tendr\u00e1 la marca<\/a> en buscadores o redes sociales.<\/p>\n<h2>C\u00f3mo mejorar la reputaci\u00f3n de marca<\/h2>\n<p>Lamentablemente, cuando una reputaci\u00f3n de empresa es negativa, los usuarios no tendr\u00e1n la iniciativa de comprar o conocer mejor una empresa. Por eso es importante aplicar estrategias que permitan mejorarla y <strong>hacer que la imagen tenga mayor aceptaci\u00f3n en el mercado<\/strong>. Algunas t\u00e9cnicas que funcionan para esto son las siguientes.<\/p>\n<ul>\n<li>Publicar contenidos de valor, es una forma de hacer publicidad muy amigable.<\/li>\n<li>Responder los mensajes y comentarios, los usuarios deben sentirse apreciados siempre.<\/li>\n<li><strong>Generar una estrategia que permita captar y fidelizar usuarios<\/strong>, como el inbound marketing.<\/li>\n<li>Tambi\u00e9n es importante adaptarse a los cambios y tendencias del mercado.<\/li>\n<li>Compartir las experiencias de compra de los usuarios satisfechos.<\/li>\n<\/ul>\n<h2>Ejemplo de reputaci\u00f3n de marca<\/h2>\n<p>La reputaci\u00f3n de marca es un concepto que escala niveles, la empresa puede empezar siendo reconocida como un gran servicio en el sector, pero si su imagen se expande <strong>incluso puede llegar a ser un representante entre la competencia<\/strong>. Por ejemplo, la empresa de pa\u00f1uelos Kleenex tiene una percepci\u00f3n tan positiva entre los consumidores que incluso se utiliza para hacer referencia al material de papel sea cual sea la empresa en el mercado.<\/p>\n<p>Tambi\u00e9n sucede en otros escenarios como K\u00e9tchup para hacer referencia a la salsa de tomate. El nivel m\u00e1s alto de reconocimiento se logra cuando los usuarios son capaces de distinguir el logo o la forma del producto incluso sin verlo realmente. Mira el ejemplo de la campa\u00f1a de Coca-Cola en el t\u00e9rmino <a href=\"https:\/\/www.appyweb.es\/diccionario\/notoriedad\/\">Notoriedad en el diccionario de marketing<\/a> para que tengas una idea de esto.<\/p>\n<p><script type=\"application\/ld+json\">{\"@context\":\"https:\/\/schema.org\",\"@type\":\"FAQPage\",\"mainEntity\":[ \n{\"@type\":\"Question\",\"name\":\"\ud83d\udccc \u00bfQu\u00e9 es la reputaci\u00f3n de marca?\",\"acceptedAnswer\":{\"@type\":\"Answer\",\"text\":\"<\/p>\n<p>Hace referencia a lo que piensan los consumidores de una empresa, puede ser negativo o positivo, en cualquier caso, esta tendr\u00e1 un efecto sobre los posibles interesados para decidir hacer una compra o no. Es por eso que <strong>la reputaci\u00f3n de marca es tan importante en la actualidad<\/strong>, ya que la opini\u00f3n de los mismos clientes tendr\u00e1 m\u00e1s peso que la publicidad.<\/p>\n<p>Especialmente en las estrategias digitales, es por eso que las empresas le dan mucha importancia a los testimoniales en el <a href='https:\/\/www.appyweb.es\/diseno-web\/'>dise\u00f1o de sus sitios web<\/a>, porque saben que pueden aumentar su reputaci\u00f3n de marca positiva.<\/p>\n<p>\"}},\n{\"@type\":\"Question\",\"name\":\"\ud83d\udccc \u00bfPara qu\u00e9 sirve la reputaci\u00f3n de marca?\",\"acceptedAnswer\":{\"@type\":\"Answer\",\"text\":\"<\/p>\n<p>Sirve para conocer cu\u00e1les son las opiniones de los usuarios y clientes con varias finalidades en mente, por ejemplo, para mejorar u optimizar el producto, hacer campa\u00f1as digitales m\u00e1s atractivas, entender c\u00f3mo funciona el nicho de mercado, entre otras. As\u00ed, las empresas tambi\u00e9n se nutren de <strong>informaci\u00f3n que puede ayudarlos a mejorar sus servicios y productos<\/strong>.<\/p>\n<p>Por otro lado, la reputaci\u00f3n de marca tambi\u00e9n puede ser un <strong>factor positivo para el crecimiento de la imagen de la empresa en Internet<\/strong>. Muchos productos digitales como Google Business, Google Shopping y otras plataformas de negocio suelen enumerar opiniones de clientes, mientras m\u00e1s opiniones positivas, <a href='https:\/\/www.appyweb.es\/posicionamiento-web\/'>mejor posicionamiento tendr\u00e1 la marca<\/a> en buscadores o redes sociales.<\/p>\n<p>\"}},\n{\"@type\":\"Question\",\"name\":\"\ud83d\udccc C\u00f3mo mejorar la reputaci\u00f3n de marca\",\"acceptedAnswer\":{\"@type\":\"Answer\",\"text\":\"<\/p>\n<p>Lamentablemente, cuando una reputaci\u00f3n de empresa es negativa, los usuarios no tendr\u00e1n la iniciativa de comprar o conocer mejor una empresa. Por eso es importante aplicar estrategias que permitan mejorarla y <strong>hacer que la imagen tenga mayor aceptaci\u00f3n en el mercado<\/strong>. Algunas t\u00e9cnicas que funcionan para esto son las siguientes.<\/p>\n<\/p>\n<ul>\n<\/p>\n<li>Publicar contenidos de valor, es una forma de hacer publicidad muy amigable.<\/li>\n<\/p>\n<\/p>\n<\/p>\n<li>Responder los mensajes y comentarios, los usuarios deben sentirse apreciados siempre.<\/li>\n<\/p>\n<\/p>\n<\/p>\n<li><strong>Generar una estrategia que permita captar y fidelizar usuarios<\/strong>, como el inbound marketing.<\/li>\n<\/p>\n<\/p>\n<\/p>\n<li>Tambi\u00e9n es importante adaptarse a los cambios y tendencias del mercado.<\/li>\n<\/p>\n<\/p>\n<\/p>\n<li>Compartir las experiencias de compra de los usuarios satisfechos.<\/li>\n<\/p>\n<\/p>\n<\/ul>\n<\/p>\n<\/p>\n<p>\"}},\n{\"@type\":\"Question\",\"name\":\"\ud83d\udccc Ejemplo de reputaci\u00f3n de marca\",\"acceptedAnswer\":{\"@type\":\"Answer\",\"text\":\"<\/p>\n<p>La reputaci\u00f3n de marca es un concepto que escala niveles, la empresa puede empezar siendo reconocida como un gran servicio en el sector, pero si su imagen se expande <strong>incluso puede llegar a ser un representante entre la competencia<\/strong>. Por ejemplo, la empresa de pa\u00f1uelos Kleenex tiene una percepci\u00f3n tan positiva entre los consumidores que incluso se utiliza para hacer referencia al material de papel sea cual sea la empresa en el mercado.<\/p>\n<p>Tambi\u00e9n sucede en otros escenarios como K\u00e9tchup para hacer referencia a la salsa de tomate. El nivel m\u00e1s alto de reconocimiento se logra cuando los usuarios son capaces de distinguir el logo o la forma del producto incluso sin verlo realmente. Mira el ejemplo de la campa\u00f1a de Coca-Cola en el t\u00e9rmino <a href='https:\/\/www.appyweb.es\/diccionario\/notoriedad\/'>Notoriedad en el diccionario de marketing<\/a> para que tengas una idea de esto.<\/p>\n<p>\"}}\n]}<\/script><\/p>\n<h2>M\u00e1s informaci\u00f3n sobre reputaci\u00f3n de marca<\/h2>\n<p>Aunque este concepto traiga muchos beneficios sobre la empresa, es importante saber que tambi\u00e9n puede ser delicado y dif\u00edcil de mantener. Aqu\u00ed tienes un par de enlaces que te ayudar\u00e1n en casos de crisis.<\/p>\n<ul>\n<li><a href=\"https:\/\/www.appyweb.es\/gestionar-manera-adecuada-crisis-online\/\">C\u00f3mo gestionar de manera adecuada una crisis online<\/a><\/li>\n<li><a href=\"https:\/\/www.kantar.com\/es\/inspiracion\/publicidad-y-medios\/el-impacto-de-la-crisis-en-las-estrategias-de-comunicacion\" rel=\"nofollow noopener\" target=\"_blank\">El impacto de la crisis en las estrategias de comunicaci\u00f3n en la reputaci\u00f3n de marca<\/a><\/li>\n<\/ul>\n<p>&nbsp;<\/p>\n","protected":false},"excerpt":{"rendered":"<p>B\u00e1sicamente es la percepci\u00f3n que tienen los clientes sobre una empresa, en Internet, la reputaci\u00f3n de marca se puede medir con las m\u00e9tricas de vanidad como la tasa de likes, comentarios, compartidos e interacciones. \u00bfQu\u00e9 es la reputaci\u00f3n de marca? Hace referencia a lo que piensan los consumidores de una empresa, puede ser negativo o [&hellip;]<\/p>\n","protected":false},"author":1,"featured_media":12836,"parent":0,"menu_order":0,"comment_status":"open","ping_status":"closed","template":"","meta":{"inline_featured_image":false,"footnotes":""},"class_list":["post-3643","page","type-page","status-publish","has-post-thumbnail","hentry"],"_links":{"self":[{"href":"https:\/\/www.appyweb.es\/diccionario\/wp-json\/wp\/v2\/pages\/3643","targetHints":{"allow":["GET"]}}],"collection":[{"href":"https:\/\/www.appyweb.es\/diccionario\/wp-json\/wp\/v2\/pages"}],"about":[{"href":"https:\/\/www.appyweb.es\/diccionario\/wp-json\/wp\/v2\/types\/page"}],"author":[{"embeddable":true,"href":"https:\/\/www.appyweb.es\/diccionario\/wp-json\/wp\/v2\/users\/1"}],"replies":[{"embeddable":true,"href":"https:\/\/www.appyweb.es\/diccionario\/wp-json\/wp\/v2\/comments?post=3643"}],"version-history":[{"count":5,"href":"https:\/\/www.appyweb.es\/diccionario\/wp-json\/wp\/v2\/pages\/3643\/revisions"}],"predecessor-version":[{"id":12838,"href":"https:\/\/www.appyweb.es\/diccionario\/wp-json\/wp\/v2\/pages\/3643\/revisions\/12838"}],"wp:featuredmedia":[{"embeddable":true,"href":"https:\/\/www.appyweb.es\/diccionario\/wp-json\/wp\/v2\/media\/12836"}],"wp:attachment":[{"href":"https:\/\/www.appyweb.es\/diccionario\/wp-json\/wp\/v2\/media?parent=3643"}],"curies":[{"name":"wp","href":"https:\/\/api.w.org\/{rel}","templated":true}]}}