{"id":3648,"date":"2023-06-22T16:55:32","date_gmt":"2023-06-22T16:55:32","guid":{"rendered":"https:\/\/www.appyweb.es\/diccionario\/?post_type=project&#038;p=3648"},"modified":"2024-04-02T07:58:34","modified_gmt":"2024-04-02T07:58:34","slug":"retainer","status":"publish","type":"page","link":"https:\/\/www.appyweb.es\/diccionario\/retainer\/","title":{"rendered":"Retainer"},"content":{"rendered":"<h1><img loading=\"lazy\" decoding=\"async\" class=\"alignnone  wp-image-12839\" src=\"https:\/\/www.appyweb.es\/diccionario\/wp-content\/uploads\/2024\/04\/retainer-300x180.jpg\" alt=\"Retainer\" width=\"1163\" height=\"698\" srcset=\"https:\/\/www.appyweb.es\/diccionario\/wp-content\/uploads\/2024\/04\/retainer-300x180.jpg 300w, https:\/\/www.appyweb.es\/diccionario\/wp-content\/uploads\/2024\/04\/retainer-768x461.jpg 768w, https:\/\/www.appyweb.es\/diccionario\/wp-content\/uploads\/2024\/04\/retainer.jpg 1000w\" sizes=\"auto, (max-width: 1163px) 100vw, 1163px\" \/><\/h1>\n<p>Se trata de <strong>un tipo de contrato a largo plazo entre empresas<\/strong>, en este caso, entre un cliente y una agencia de marketing. Un retainer, que en espa\u00f1ol significa <em>retenci\u00f3n<\/em>, incluye plazos de tiempo, cantidad de inversi\u00f3n y las condiciones de ambas partes.<\/p>\n<h2>\u00bfQu\u00e9 es retainer?<\/h2>\n<p>Es netamente un acuerdo que pactan tanto la empresa como la agencia que se dedica la publicidad, no solamente para cumplir una funci\u00f3n, sino varias tareas a lo largo del plazo indicado. Por ejemplo, si una empresa hace un retainer con <a href=\"https:\/\/www.appyweb.es\/diseno-web\/\">una agencia de dise\u00f1o web<\/a>, tambi\u00e9n puede solicitar tareas de posicionamiento o SEO.<\/p>\n<p>En este acuerdo se <strong>introducen todas las posibles tareas a realizar<\/strong> y se hace una inversi\u00f3n completa. Usualmente, se hacen este tipo de contratos para garantizar que se alcancen objetivos comerciales, incrementar la imagen de marca y su reconocimiento. Por lo general, los acuerdos tienen un plazo de un a\u00f1o, pero el m\u00ednimo puede ser de hasta 3 meses.<\/p>\n<h2>\u00bfPara qu\u00e9 sirve retainer?<\/h2>\n<p>Este tipo de contrato sirve para que se lleven a cabo planes que no pueden ser abordados por un equipo de trabajo interno de una empresa, o bien para impulsar nuevas estrategias de la mano de verdaderos expertos. Algunas estrategias de marketing como la <a href=\"https:\/\/www.appyweb.es\/campanas-google-adwords\/\">publicidad SEM con Google Ads<\/a> requiere de muchos meses de perfeccionamiento.<\/p>\n<p>Igualmente, un contrato as\u00ed tambi\u00e9n permite que las agencias de publicidad <strong>se enfoquen completamente en la empresa cliente<\/strong>, algunas veces la retenci\u00f3n tiene como condici\u00f3n la disposici\u00f3n de trabajo con una prioridad del 100% durante el tiempo de contrato, especialmente en el caso de empresas grandes.<\/p>\n<h2>\u00bfC\u00f3mo se establece un retainer?<\/h2>\n<p>Para empezar, ambas partes deben asegurarse de <strong>determinar las tareas espec\u00edficas de la agencia de publicidad antes de firmar<\/strong>, de esta forma, se evitan mal entendidos o una carga adicional de trabajo. Lo mejor es que la agencia construya un presupuesto, que puede ser dividido por meses, para llevar a cabo todo el plan publicitario acordado.<\/p>\n<p>Tambi\u00e9n se establecen clausulas y condiciones, as\u00ed como el plazo espec\u00edfico del contrato. Lo recomendable es que se haga en presencia de representantes legales para garantizar que el acuerdo sea v\u00e1lido.<\/p>\n<h2>Ejemplos de retainer<\/h2>\n<p>Los profesionales freelancer, es decir, que trabajan de forma independiente, suelen utilizar este tipo de contrato. Es muy beneficioso para pymes, <strong>ya que pueden acordar un presupuesto m\u00e1s ajustada a ellas<\/strong>. Por ejemplo, la empresa de marketing de contenidos Link Content Pro ofrece servicios que permiten contratar redactores que se encarguen de llevar a cabo textos para la construcci\u00f3n de un sitio web o blog durante un tiempo determinado.<\/p>\n<p>Grandes empresas tambi\u00e9n establecen acuerdos importantes con otras agencias de publicidad, para alcanzar metas que eran dif\u00edciles de forma interna, usualmente, se establece un a\u00f1o para la expansi\u00f3n de la imagen de marca y una vez alcanzadas las metas las empresas vuelven a asumir las actividades.<\/p>\n<p><script type=\"application\/ld+json\">{\"@context\":\"https:\/\/schema.org\",\"@type\":\"FAQPage\",\"mainEntity\":[ \n{\"@type\":\"Question\",\"name\":\"\ud83d\udccc \u00bfQu\u00e9 es retainer?\",\"acceptedAnswer\":{\"@type\":\"Answer\",\"text\":\"<\/p>\n<p>Es netamente un acuerdo que pactan tanto la empresa como la agencia que se dedica la publicidad, no solamente para cumplir una funci\u00f3n, sino varias tareas a lo largo del plazo indicado. Por ejemplo, si una empresa hace un retainer con <a href='https:\/\/www.appyweb.es\/diseno-web\/'>una agencia de dise\u00f1o web<\/a>, tambi\u00e9n puede solicitar tareas de posicionamiento o SEO.<\/p>\n<p>En este acuerdo se <strong>introducen todas las posibles tareas a realizar<\/strong> y se hace una inversi\u00f3n completa. Usualmente, se hacen este tipo de contratos para garantizar que se alcancen objetivos comerciales, incrementar la imagen de marca y su reconocimiento. Por lo general, los acuerdos tienen un plazo de un a\u00f1o, pero el m\u00ednimo puede ser de hasta 3 meses.<\/p>\n<p>\"}},\n{\"@type\":\"Question\",\"name\":\"\ud83d\udccc \u00bfPara qu\u00e9 sirve retainer?\",\"acceptedAnswer\":{\"@type\":\"Answer\",\"text\":\"<\/p>\n<p>Este tipo de contrato sirve para que se lleven a cabo planes que no pueden ser abordados por un equipo de trabajo interno de una empresa, o bien para impulsar nuevas estrategias de la mano de verdaderos expertos. Algunas estrategias de marketing como la <a href='https:\/\/www.appyweb.es\/campanas-google-adwords\/'>publicidad SEM con Google Ads<\/a> requiere de muchos meses de perfeccionamiento.<\/p>\n<p>Igualmente, un contrato as\u00ed tambi\u00e9n permite que las agencias de publicidad <strong>se enfoquen completamente en la empresa cliente<\/strong>, algunas veces la retenci\u00f3n tiene como condici\u00f3n la disposici\u00f3n de trabajo con una prioridad del 100% durante el tiempo de contrato, especialmente en el caso de empresas grandes.<\/p>\n<p>\"}},\n{\"@type\":\"Question\",\"name\":\"\ud83d\udccc \u00bfC\u00f3mo se establece un retainer?\",\"acceptedAnswer\":{\"@type\":\"Answer\",\"text\":\"<\/p>\n<p>Para empezar, ambas partes deben asegurarse de <strong>determinar las tareas espec\u00edficas de la agencia de publicidad antes de firmar<\/strong>, de esta forma, se evitan mal entendidos o una carga adicional de trabajo. Lo mejor es que la agencia construya un presupuesto, que puede ser dividido por meses, para llevar a cabo todo el plan publicitario acordado.<\/p>\n<p>Tambi\u00e9n se establecen clausulas y condiciones, as\u00ed como el plazo espec\u00edfico del contrato. Lo recomendable es que se haga en presencia de representantes legales para garantizar que el acuerdo sea v\u00e1lido.<\/p>\n<p>\"}},\n{\"@type\":\"Question\",\"name\":\"\ud83d\udccc Ejemplos de retainer\",\"acceptedAnswer\":{\"@type\":\"Answer\",\"text\":\"<\/p>\n<p>Los profesionales freelancer, es decir, que trabajan de forma independiente, suelen utilizar este tipo de contrato. Es muy beneficioso para pymes, <strong>ya que pueden acordar un presupuesto m\u00e1s ajustada a ellas<\/strong>. Por ejemplo, la empresa de marketing de contenidos Link Content Pro ofrece servicios que permiten contratar redactores que se encarguen de llevar a cabo textos para la construcci\u00f3n de un sitio web o blog durante un tiempo determinado.<\/p>\n<p>Grandes empresas tambi\u00e9n establecen acuerdos importantes con otras agencias de publicidad, para alcanzar metas que eran dif\u00edciles de forma interna, usualmente, se establece un a\u00f1o para la expansi\u00f3n de la imagen de marca y una vez alcanzadas las metas las empresas vuelven a asumir las actividades.<\/p>\n<p>\"}}\n]}<\/script><\/p>\n<h2>M\u00e1s informaci\u00f3n sobre retainer<\/h2>\n<p>Hacer uno de estos acuerdos requiere de mucho protocolo (sin olvidar una buena suma de dinero), si quieres asegurarte de hacer una buena inversi\u00f3n y acci\u00f3n legal aqu\u00ed tienes un par de enlaces que te ayudar\u00e1n.<\/p>\n<ul>\n<li><a href=\"https:\/\/www.appyweb.es\/diccionario\/freelance\/\">\u00bfQu\u00e9 es el Freelance y para qu\u00e9 sirve?<\/a><\/li>\n<li><a href=\"https:\/\/www.uncommunitymanager.es\/contratos-marketing-digital-plantillas\/\" rel=\"nofollow noopener\" target=\"_blank\">C\u00f3mo elaborar un contrato de marketing digital<\/a><\/li>\n<\/ul>\n<p>&nbsp;<\/p>\n","protected":false},"excerpt":{"rendered":"<p>Se trata de un tipo de contrato a largo plazo entre empresas, en este caso, entre un cliente y una agencia de marketing. Un retainer, que en espa\u00f1ol significa retenci\u00f3n, incluye plazos de tiempo, cantidad de inversi\u00f3n y las condiciones de ambas partes. \u00bfQu\u00e9 es retainer? Es netamente un acuerdo que pactan tanto la empresa [&hellip;]<\/p>\n","protected":false},"author":1,"featured_media":12839,"parent":0,"menu_order":0,"comment_status":"open","ping_status":"closed","template":"","meta":{"inline_featured_image":false,"footnotes":""},"class_list":["post-3648","page","type-page","status-publish","has-post-thumbnail","hentry"],"_links":{"self":[{"href":"https:\/\/www.appyweb.es\/diccionario\/wp-json\/wp\/v2\/pages\/3648","targetHints":{"allow":["GET"]}}],"collection":[{"href":"https:\/\/www.appyweb.es\/diccionario\/wp-json\/wp\/v2\/pages"}],"about":[{"href":"https:\/\/www.appyweb.es\/diccionario\/wp-json\/wp\/v2\/types\/page"}],"author":[{"embeddable":true,"href":"https:\/\/www.appyweb.es\/diccionario\/wp-json\/wp\/v2\/users\/1"}],"replies":[{"embeddable":true,"href":"https:\/\/www.appyweb.es\/diccionario\/wp-json\/wp\/v2\/comments?post=3648"}],"version-history":[{"count":6,"href":"https:\/\/www.appyweb.es\/diccionario\/wp-json\/wp\/v2\/pages\/3648\/revisions"}],"predecessor-version":[{"id":12841,"href":"https:\/\/www.appyweb.es\/diccionario\/wp-json\/wp\/v2\/pages\/3648\/revisions\/12841"}],"wp:featuredmedia":[{"embeddable":true,"href":"https:\/\/www.appyweb.es\/diccionario\/wp-json\/wp\/v2\/media\/12839"}],"wp:attachment":[{"href":"https:\/\/www.appyweb.es\/diccionario\/wp-json\/wp\/v2\/media?parent=3648"}],"curies":[{"name":"wp","href":"https:\/\/api.w.org\/{rel}","templated":true}]}}