{"id":371,"date":"2023-06-19T14:59:08","date_gmt":"2023-06-19T14:59:08","guid":{"rendered":"https:\/\/www.appyweb.es\/diccionario\/?page_id=371"},"modified":"2024-02-22T09:44:17","modified_gmt":"2024-02-22T09:44:17","slug":"black-hat-seo","status":"publish","type":"page","link":"https:\/\/www.appyweb.es\/diccionario\/black-hat-seo\/","title":{"rendered":"Black Hat SEO"},"content":{"rendered":"<p><img loading=\"lazy\" decoding=\"async\" class=\"size-medium wp-image-10282 aligncenter\" src=\"https:\/\/www.appyweb.es\/diccionario\/wp-content\/uploads\/2023\/09\/black-hat-seo-significado-300x261.jpg\" alt=\"\" width=\"300\" height=\"261\" srcset=\"https:\/\/www.appyweb.es\/diccionario\/wp-content\/uploads\/2023\/09\/black-hat-seo-significado-300x261.jpg 300w, https:\/\/www.appyweb.es\/diccionario\/wp-content\/uploads\/2023\/09\/black-hat-seo-significado-1024x891.jpg 1024w, https:\/\/www.appyweb.es\/diccionario\/wp-content\/uploads\/2023\/09\/black-hat-seo-significado-768x668.jpg 768w, https:\/\/www.appyweb.es\/diccionario\/wp-content\/uploads\/2023\/09\/black-hat-seo-significado.jpg 1080w\" sizes=\"auto, (max-width: 300px) 100vw, 300px\" \/><\/p>\n<p>Se refiere a formas poco \u00e9ticas, para mejorar el posicionamiento SEO de una p\u00e1gina dentro de Google.<br \/>\nEl\u00a0<strong>Black Hat SEO busca evitar el largo recorrido natural para posicionarse<\/strong>, por lo que no es bien visto por los motores de b\u00fasqueda.<\/p>\n<h2>\u00bfOrigen de la palabra Black Hat SEO?<\/h2>\n<p>Se trata de un anglicismo que se traduce como <em>optimizaci\u00f3n de sombrero negro<\/em>, SEO proviene de la abreviaci\u00f3n ingresa para <a href=\"https:\/\/diseno20.appyweb.es\/auditoria-seo\/\" rel=\"nofollow noopener\" target=\"_blank\">optimizaci\u00f3n para motores de b\u00fasqueda<\/a>.<br \/>\nEs una clara referencia a <strong>pr\u00e1cticas oscuras en comparaci\u00f3n con el White Hat<\/strong>, que son pr\u00e1cticas m\u00e1s \u00e9ticas.<br \/>\nEsta diferenciaci\u00f3n de colores naci\u00f3 de las pel\u00edculas westerns donde el antagonista siempre utiliza un sombrero de color negro y el protagonista un sombrero de color blanco.<\/p>\n<h2>\u00bfPara qu\u00e9 sirve?<\/h2>\n<p>Consiste en un grupo de <a href=\"https:\/\/diseno20.appyweb.es\/diseno-web\/\" rel=\"nofollow noopener\" target=\"_blank\">pr\u00e1cticas que involucra el dise\u00f1o web<\/a> y las estrategias de marketing digital para lograr un buen posicionamiento en las <a href=\"https:\/\/www.appyweb.es\/diccionario\/serps\/\">SERP<\/a>\\\\\\\\\u2019s o p\u00e1ginas de resultados de b\u00fasqueda. Pero, esta vez <strong>utilizando t\u00e9cnicas para enga\u00f1ar a los algoritmos durante la indexaci\u00f3n<\/strong>. La finalidad es poder obtener uno de los primeros lugares, sin tener que hacer el t\u00edpico esfuerzo org\u00e1nico y sin pagar publicidad.<\/p>\n<p>Sin embargo, el Black Hat SEO son t\u00e9cnicas vistas como poco \u00e9ticas en el sector, ya que no solo motiva una competencia injusta en el mercado, sino que tambi\u00e9n suelen ser detectadas f\u00e1cilmente por el algoritmo, cuya consecuencia es una penalizaci\u00f3n para evitar posicionar el sitio nuevamente.<\/p>\n<h2>T\u00e9cnicas de Black Hat SEO<\/h2>\n<ul>\n<li><strong>Keyword stuffing<\/strong>: Consiste en repetir constantemente las palabras clave en todo el sitio web para <strong>hacer creer a Google que tiene relevancia con la b\u00fasqueda<\/strong>, aunque en realidad no sea as\u00ed.<\/li>\n<li><strong>Contenido oculto<\/strong>: Consiste en hacer creer al usuario y al buscador que el contenido tiene valor, cuando en realidad no es as\u00ed, la mayor\u00eda de las veces se tratan de textos poco legibles.<\/li>\n<li><strong>Contenido duplicado<\/strong>: Se utiliza un contenido redactado por la competencia, muchas veces plagiado, para lograr un posicionamiento similar.<\/li>\n<li><strong>Cloaking<\/strong>: Consiste en ocultar una p\u00e1gina web que sea especialmente para la indexaci\u00f3n, normalmente existe otra que est\u00e1 hecha para los usuarios y que muchas veces no tiene relevancia en la b\u00fasqueda.<\/li>\n<\/ul>\n<h2>Ejemplos<\/h2>\n<p><img decoding=\"async\" class=\"alignright\" style=\"font-weight: bold;\" src=\"https:\/\/www.appyweb.es\/wp-content\/uploads\/2020\/09\/black-hat-seo.png\" \/><\/p>\n<p>Uno de los ejemplos del Black Hat SEO m\u00e1s com\u00fan es el keyword stuffing o la densidad de palabras clave, es muy f\u00e1cil de determinar por parte de los usuarios, ya que norm<\/p>\n<p>almente se puede detectar <strong>una gran repetici\u00f3n de palabras que entorpecen el texto<\/strong>. En realidad, esta<\/p>\n<p>t\u00e9cnica ya no se utiliza con tanta frecuencia porque la actualizaci\u00f3n Penguin de Google permiti\u00f3 reconocer f\u00e1cilmente este tipo de lectura por parte del algoritmo, as\u00ed que cualquier sitio web que lo utilice puede ser sancionado.<\/p>\n<p>Sin embargo, en esta imagen se puede ver un ejemplo de c\u00f3mo era utilizado, una p\u00e1gina web que trata sobre los beneficios de la naranja repetir\u00eda tantas veces la palabra clave \u201cnaranja\u201d para hacerle entender al buscador que se trataba de un texto de gran calidad, cuando en realidad era molesto y poco \u00fatil para el usuario.<\/p>\n<p><script type=\"application\/ld+json\">{\"@context\":\"https:\/\/schema.org\",\"@type\":\"FAQPage\",\"mainEntity\":[ \n{\"@type\":\"Question\",\"name\":\"\u00bfOrigen de la palabra Black Hat SEO?\",\"acceptedAnswer\":{\"@type\":\"Answer\",\"text\":\"<\/p>\n<\/p>\n<\/p>\n<\/p>\n<\/p>\n<p>Se trata de un anglicismo que se traduce como <em>optimizaci\u00f3n de sombrero negro<\/em>, SEO proviene de la abreviaci\u00f3n ingresa para <a href='https:\/\/diseno20.appyweb.es\/auditoria-seo\/'>optimizaci\u00f3n para motores de b\u00fasqueda<\/a>. <br \/>Es una clara referencia a <strong>pr\u00e1cticas oscuras en comparaci\u00f3n con el White Hat<\/strong>, que son pr\u00e1cticas m\u00e1s \u00e9ticas. <br \/>Esta diferenciaci\u00f3n de colores naci\u00f3 de las pel\u00edculas westerns donde el antagonista siempre utiliza un sombrero de color negro y el protagonista un sombrero de color blanco.<\/p>\n<\/p>\n<\/p>\n<\/p>\n<\/p>\n<p>\"}},\n{\"@type\":\"Question\",\"name\":\"\u00bfPara qu\u00e9 sirve?\",\"acceptedAnswer\":{\"@type\":\"Answer\",\"text\":\"<\/p>\n<\/p>\n<\/p>\n<\/p>\n<\/p>\n<p>Consiste en un grupo de <a href='https:\/\/diseno20.appyweb.es\/diseno-web\/'>pr\u00e1cticas que involucra el dise\u00f1o web<\/a> y las estrategias de marketing digital para lograr un buen posicionamiento en las <a href='https:\/\/www.appyweb.es\/diccionario\/serps\/'>SERP<\/a>\\\\\\\\\u2019s o p\u00e1ginas de resultados de b\u00fasqueda. Pero, esta vez <strong>utilizando t\u00e9cnicas para enga\u00f1ar a los algoritmos durante la indexaci\u00f3n<\/strong>. La finalidad es poder obtener uno de los primeros lugares, sin tener que hacer el t\u00edpico esfuerzo org\u00e1nico y sin pagar publicidad.<\/p>\n<\/p>\n<\/p>\n<\/p>\n<\/p>\n<\/p>\n<\/p>\n<\/p>\n<\/p>\n<p>Sin embargo, el Black Hat SEO son t\u00e9cnicas vistas como poco \u00e9ticas en el sector, ya que no solo motiva una competencia injusta en el mercado, sino que tambi\u00e9n suelen ser detectadas f\u00e1cilmente por el algoritmo, cuya consecuencia es una penalizaci\u00f3n para evitar posicionar el sitio nuevamente.<\/p>\n<\/p>\n<\/p>\n<\/p>\n<\/p>\n<p>\"}},\n{\"@type\":\"Question\",\"name\":\"T\u00e9cnicas de Black Hat SEO\",\"acceptedAnswer\":{\"@type\":\"Answer\",\"text\":\"<\/p>\n<\/p>\n<\/p>\n<\/p>\n<\/p>\n<ul>\n<\/p>\n<\/p>\n<\/p>\n<\/p>\n<li><strong>Keyword stuffing<\/strong>: Consiste en repetir constantemente las palabras clave en todo el sitio web para <strong>hacer creer a Google que tiene relevancia con la b\u00fasqueda<\/strong>, aunque en realidad no sea as\u00ed.<\/li>\n<\/p>\n<\/p>\n<\/p>\n<\/p>\n<\/p>\n<\/p>\n<\/p>\n<li><strong>Contenido oculto<\/strong>: Consiste en hacer creer al usuario y al buscador que el contenido tiene valor, cuando en realidad no es as\u00ed, la mayor\u00eda de las veces se tratan de textos poco legibles.<\/li>\n<\/p>\n<\/p>\n<\/p>\n<\/p>\n<\/p>\n<\/p>\n<\/p>\n<li><strong>Contenido duplicado<\/strong>: Se utiliza un contenido redactado por la competencia, muchas veces plagiado, para lograr un posicionamiento similar.<\/li>\n<\/p>\n<\/p>\n<\/p>\n<\/p>\n<\/p>\n<\/p>\n<\/p>\n<li><strong>Cloaking<\/strong>: Consiste en ocultar una p\u00e1gina web que sea especialmente para la indexaci\u00f3n, normalmente existe otra que est\u00e1 hecha para los usuarios y que muchas veces no tiene relevancia en la b\u00fasqueda.<\/li>\n<\/p>\n<\/p>\n<\/p>\n<\/ul>\n<\/p>\n<\/p>\n<\/p>\n<p>\"}},\n{\"@type\":\"Question\",\"name\":\"Ejemplos\",\"acceptedAnswer\":{\"@type\":\"Answer\",\"text\":\"<\/p>\n<\/p>\n<\/p>\n<\/p>\n<\/p>\n<h2> <\/h2>\n<\/p>\n<\/p>\n<\/p>\n<\/p>\n<\/p>\n<\/p>\n<\/p>\n<\/p>\n<p><img class='alignright' style='font-weight: bold;' src='https:\/\/www.appyweb.es\/wp-content\/uploads\/2020\/09\/black-hat-seo.png' \/><\/p>\n<\/p>\n<\/p>\n<\/p>\n<\/p>\n<\/p>\n<\/p>\n<\/p>\n<\/p>\n<\/p>\n<\/p>\n<\/p>\n<\/p>\n<p>Uno de los ejemplos del Black Hat SEO m\u00e1s com\u00fan es el keyword stuffing o la densidad de palabras clave, es muy f\u00e1cil de determinar por parte de los usuarios, ya que norm<\/p>\n<\/p>\n<\/p>\n<\/p>\n<\/p>\n<\/p>\n<\/p>\n<\/p>\n<\/p>\n<p>almente se puede detectar <strong>una gran repetici\u00f3n de palabras que entorpecen el texto<\/strong>. En realidad, esta<\/p>\n<\/p>\n<\/p>\n<\/p>\n<\/p>\n<\/p>\n<\/p>\n<\/p>\n<\/p>\n<p> t\u00e9cnica ya no se utiliza con tanta frecuencia porque la actualizaci\u00f3n Penguin de Google permiti\u00f3 reconocer f\u00e1cilmente este tipo de lectura por parte del algoritmo, as\u00ed que cualquier sitio web que lo utilice puede ser sancionado.<\/p>\n<\/p>\n<\/p>\n<\/p>\n<\/p>\n<\/p>\n<\/p>\n<\/p>\n<\/p>\n<p>Sin embargo, en esta imagen se puede ver un ejemplo de c\u00f3mo era utilizado, una p\u00e1gina web que trata sobre los beneficios de la naranja repetir\u00eda tantas veces la palabra clave \u201cnaranja\u201d para hacerle entender al buscador que se trataba de un texto de gran calidad, cuando en realidad era molesto y poco \u00fatil para el usuario.<\/p>\n<\/p>\n<\/p>\n<\/p>\n<\/p>\n<p>\"}}\n]}<\/script><\/p>\n<p>&nbsp;<\/p>\n<h2><span id=\"%F0%9F%93%8C_Mas_informacion_sobre_Black_Hat_SEO\" class=\"ez-toc-section\"><\/span>M\u00e1s informaci\u00f3n sobre Black Hat SEO<\/h2>\n<ul>\n<li><a href=\"https:\/\/es.wikipedia.org\/wiki\/Black_hat_SEO#Especialista_en_Black_Hat_SEO\" rel=\"nofollow noopener\" target=\"_blank\">Especialista en Black Hat SEO<\/a>.<\/li>\n<\/ul>\n<p>&nbsp;<\/p>\n","protected":false},"excerpt":{"rendered":"<p>Se refiere a formas poco \u00e9ticas, para mejorar el posicionamiento SEO de una p\u00e1gina dentro de Google. El\u00a0Black Hat SEO busca evitar el largo recorrido natural para posicionarse, por lo que no es bien visto por los motores de b\u00fasqueda. \u00bfOrigen de la palabra Black Hat SEO? Se trata de un anglicismo que se traduce [&hellip;]<\/p>\n","protected":false},"author":1,"featured_media":10282,"parent":0,"menu_order":0,"comment_status":"closed","ping_status":"closed","template":"","meta":{"inline_featured_image":false,"footnotes":""},"class_list":["post-371","page","type-page","status-publish","has-post-thumbnail","hentry"],"_links":{"self":[{"href":"https:\/\/www.appyweb.es\/diccionario\/wp-json\/wp\/v2\/pages\/371","targetHints":{"allow":["GET"]}}],"collection":[{"href":"https:\/\/www.appyweb.es\/diccionario\/wp-json\/wp\/v2\/pages"}],"about":[{"href":"https:\/\/www.appyweb.es\/diccionario\/wp-json\/wp\/v2\/types\/page"}],"author":[{"embeddable":true,"href":"https:\/\/www.appyweb.es\/diccionario\/wp-json\/wp\/v2\/users\/1"}],"replies":[{"embeddable":true,"href":"https:\/\/www.appyweb.es\/diccionario\/wp-json\/wp\/v2\/comments?post=371"}],"version-history":[{"count":9,"href":"https:\/\/www.appyweb.es\/diccionario\/wp-json\/wp\/v2\/pages\/371\/revisions"}],"predecessor-version":[{"id":11344,"href":"https:\/\/www.appyweb.es\/diccionario\/wp-json\/wp\/v2\/pages\/371\/revisions\/11344"}],"wp:featuredmedia":[{"embeddable":true,"href":"https:\/\/www.appyweb.es\/diccionario\/wp-json\/wp\/v2\/media\/10282"}],"wp:attachment":[{"href":"https:\/\/www.appyweb.es\/diccionario\/wp-json\/wp\/v2\/media?parent=371"}],"curies":[{"name":"wp","href":"https:\/\/api.w.org\/{rel}","templated":true}]}}