{"id":42,"date":"2023-06-19T11:45:10","date_gmt":"2023-06-19T11:45:10","guid":{"rendered":"https:\/\/www.appyweb.es\/diccionario\/?page_id=42"},"modified":"2024-02-16T11:04:41","modified_gmt":"2024-02-16T11:04:41","slug":"angularjs","status":"publish","type":"page","link":"https:\/\/www.appyweb.es\/diccionario\/angularjs\/","title":{"rendered":"Angular.js"},"content":{"rendered":"<p><img loading=\"lazy\" decoding=\"async\" class=\" wp-image-8288 aligncenter\" src=\"https:\/\/www.appyweb.es\/diccionario\/wp-content\/uploads\/2023\/08\/que-es-angularjs-300x300.jpg\" alt=\"\" width=\"597\" height=\"597\" srcset=\"https:\/\/www.appyweb.es\/diccionario\/wp-content\/uploads\/2023\/08\/que-es-angularjs-300x300.jpg 300w, https:\/\/www.appyweb.es\/diccionario\/wp-content\/uploads\/2023\/08\/que-es-angularjs-1024x1024.jpg 1024w, https:\/\/www.appyweb.es\/diccionario\/wp-content\/uploads\/2023\/08\/que-es-angularjs-150x150.jpg 150w, https:\/\/www.appyweb.es\/diccionario\/wp-content\/uploads\/2023\/08\/que-es-angularjs-768x768.jpg 768w, https:\/\/www.appyweb.es\/diccionario\/wp-content\/uploads\/2023\/08\/que-es-angularjs.jpg 1080w\" sizes=\"auto, (max-width: 597px) 100vw, 597px\" \/><\/p>\n<p>Angular.js es un software muy reconocido en el mundo del desarrollo web, es muy demandado entre los programadores que desean\u00a0<strong>que su sitio digital cuente con todas las aplicaciones necesarias<\/strong>, tanto para complacer las exigencias de dise\u00f1o de sus usuarios, como para ofrecer una experiencia de navegaci\u00f3n de otro nivel.<\/p>\n<h2>\u00bfQu\u00e9 es Angular.js?<\/h2>\n<p>El Angular.js es un framework de JavaScript que se basa en un c\u00f3digo abierto de Google, el cual contiene una serie de libretas con muchas funciones, especialmente para el desarrollo de aplicaciones online. Igualmente, ofrece una serie de patrones de dise\u00f1o para llevar a cabo los proyectos de dichas apps.<\/p>\n<h2>\u00bfPara qu\u00e9 sirve?<\/h2>\n<p>Desde su aparici\u00f3n en el a\u00f1o 2009 ha facilitado el trabajo en el desarrollo de muchas p\u00e1gina online, aqu\u00ed te presentamos una listas de las mejores ventajas de este software.<\/p>\n<p>Sincroniza de forma autom\u00e1tica entre las vistas y lo modelos.<br \/>\nReduce de forma significativa los c\u00f3digos utilizados en JavaScript.<br \/>\nAumenta el flujo de aplicaciones que se basan en navegador con MVC.<br \/>\nEste software permite considerar las pruebas de las aplicaciones como iguales, gracias a la estructura del c\u00f3digo, la dificultad de las pruebas se reducen.<br \/>\nEs capaz de diferenciar una aplicaci\u00f3n del lado del cliente y otra del lado del servidor, as\u00ed el trabajo avanza de forma paralela.<br \/>\nPermite guiar a los desarrolladores en el proceso de creaci\u00f3n de la aplicaci\u00f3n, pasando por el dise\u00f1o de interfaz de usuario hasta las pruebas.<br \/>\nTodas las aplicaciones que se desarrollan en este formato se conocen por ser de una sola p\u00e1gina es decir single page application. El principal motivo para la utilizaci\u00f3n de esta herramienta es reducir en gran forma toda la complejidad que trae consigo el JavaScript, ya que reduce el c\u00f3digo que necesitan todas las p\u00e1ginas online. Tambi\u00e9n se adapta al HTML tradicional y se puede convertir a un formato DSL para utilizarlo en una app m\u00f3vil.<\/p>\n<h2>Diferencias antre Angular.js y Angular<\/h2>\n<p>En el 2018 los desarrolladores de este software de c\u00f3digo libre crearon un nuevo framework totalmente desde cero, incluso con conceptos y formas de trabajo completamente distintos. Algunos lo han llamado Angular2, sin embargo, este proyecto se denomina simplemente como Angular y se puede decir que es un sistema que puede ser hasta 5 veces m\u00e1s r\u00e1pido que Angular.js.<\/p>\n<p>La principal diferencia que tiene con \u00e9ste \u00faltimo es que cuenta con un sistema de inyecci\u00f3n de dependencias jer\u00e1rquico, esto quiere decir que detecta los cambios utilizando \u00e1rboles unidireccionales. Esto mejora el rendimiento del desarrollo, facilita el proceso y es a\u00fan m\u00e1s r\u00e1pido. Por lo que es una excelente alternativa cuando se trata de dise\u00f1o web. Aqu\u00ed hay otras diferencias importantes que vale la pena que verifiques.<\/p>\n<p>Angular est\u00e1 dise\u00f1ado para m\u00f3viles, por otro lado la versi\u00f3n JS se dise\u00f1\u00f3 solo para la creaci\u00f3n de apps web de tipo SPA.<br \/>\nLa nueva versi\u00f3n tambi\u00e9n soporta diferentes lenguajes no solo JavaScript, sino tambi\u00e9n TypeScript, ECMAScript y Dart.<br \/>\nAmbos utilizan direcciones diferentes al momento de programar, por ejemplo, la versi\u00f3n m\u00e1s antigua utiliza la direcci\u00f3n One Way Data Binding para enlazar los datos, mientras que la versi\u00f3n m\u00e1s nueva utilizar Property para actuar.<br \/>\nLa curva de aprendizaje es un poco m\u00e1s amplia en la nueva actualizaci\u00f3n, sin embargo, suele ser m\u00e1s sencillo para quienes ya domina el sistema anterior.<\/p>\n<h2>Ejemplo de Angular.js<\/h2>\n<p>Function HelloController($scope)<\/p>\n<p>{$scope.greeting = \u2018hello\u2019;)<\/p>\n<p>Tendremos disponible en html una variable greeting cuyo contenido es \u2018hello\u2019. En el html, podemos poner algo como esto<\/p>\n<p>{{gretting}}<\/p>\n<p>Se ha colocado un div, y en \u00e9l, el atributo data-ng-controller=\u201dHelloController\u201d. Ese HelloController es la funci\u00f3n javascript que hemos definido en app.js y que har\u00e1 de controlador Angularjs.<\/p>\n<p>Aqu\u00ed tambi\u00e9n tienes una imagen para visualizar un ejemplo de c\u00f3mo se utiliza Angular.js para programar.<\/p>\n<p><script type=\"application\/ld+json\">{\"@context\":\"https:\/\/schema.org\",\"@type\":\"FAQPage\",\"mainEntity\":[ \n{\"@type\":\"Question\",\"name\":\"\u00bfQu\u00e9 es Angular.js?\",\"acceptedAnswer\":{\"@type\":\"Answer\",\"text\":\"El Angular.js es un framework de JavaScript que se basa en un c\u00f3digo abierto de Google, el cual contiene una serie de libretas con muchas funciones, especialmente para el desarrollo de aplicaciones online. Igualmente, ofrece una serie de patrones de dise\u00f1o para llevar a cabo los proyectos de dichas apps.\"}},\n{\"@type\":\"Question\",\"name\":\"\u00bfPara qu\u00e9 sirve?\",\"acceptedAnswer\":{\"@type\":\"Answer\",\"text\":\"Desde su aparici\u00f3n en el a\u00f1o 2009 ha facilitado el trabajo en el desarrollo de muchas p\u00e1gina online, aqu\u00ed te presentamos una listas de las mejores ventajas de este software.<\/p>\n<p>Sincroniza de forma autom\u00e1tica entre las vistas y lo modelos.\nReduce de forma significativa los c\u00f3digos utilizados en JavaScript.\nAumenta el flujo de aplicaciones que se basan en navegador con MVC.\nEste software permite considerar las pruebas de las aplicaciones como iguales, gracias a la estructura del c\u00f3digo, la dificultad de las pruebas se reducen.\nEs capaz de diferenciar una aplicaci\u00f3n del lado del cliente y otra del lado del servidor, as\u00ed el trabajo avanza de forma paralela.\nPermite guiar a los desarrolladores en el proceso de creaci\u00f3n de la aplicaci\u00f3n, pasando por el dise\u00f1o de interfaz de usuario hasta las pruebas.\nTodas las aplicaciones que se desarrollan en este formato se conocen por ser de una sola p\u00e1gina es decir single page application. El principal motivo para la utilizaci\u00f3n de esta herramienta es reducir en gran forma toda la complejidad que trae consigo el JavaScript, ya que reduce el c\u00f3digo que necesitan todas las p\u00e1ginas online. Tambi\u00e9n se adapta al HTML tradicional y se puede convertir a un formato DSL para utilizarlo en una app m\u00f3vil.\"}},\n{\"@type\":\"Question\",\"name\":\"Diferencias antre Angular.js y Angular\",\"acceptedAnswer\":{\"@type\":\"Answer\",\"text\":\"En el 2018 los desarrolladores de este software de c\u00f3digo libre crearon un nuevo framework totalmente desde cero, incluso con conceptos y formas de trabajo completamente distintos. Algunos lo han llamado Angular2, sin embargo, este proyecto se denomina simplemente como Angular y se puede decir que es un sistema que puede ser hasta 5 veces m\u00e1s r\u00e1pido que Angular.js.<\/p>\n<p>La principal diferencia que tiene con \u00e9ste \u00faltimo es que cuenta con un sistema de inyecci\u00f3n de dependencias jer\u00e1rquico, esto quiere decir que detecta los cambios utilizando \u00e1rboles unidireccionales. Esto mejora el rendimiento del desarrollo, facilita el proceso y es a\u00fan m\u00e1s r\u00e1pido. Por lo que es una excelente alternativa cuando se trata de dise\u00f1o web. Aqu\u00ed hay otras diferencias importantes que vale la pena que verifiques.<\/p>\n<p>Angular est\u00e1 dise\u00f1ado para m\u00f3viles, por otro lado la versi\u00f3n JS se dise\u00f1\u00f3 solo para la creaci\u00f3n de apps web de tipo SPA.\nLa nueva versi\u00f3n tambi\u00e9n soporta diferentes lenguajes no solo JavaScript, sino tambi\u00e9n TypeScript, ECMAScript y Dart.\nAmbos utilizan direcciones diferentes al momento de programar, por ejemplo, la versi\u00f3n m\u00e1s antigua utiliza la direcci\u00f3n One Way Data Binding para enlazar los datos, mientras que la versi\u00f3n m\u00e1s nueva utilizar Property para actuar.\nLa curva de aprendizaje es un poco m\u00e1s amplia en la nueva actualizaci\u00f3n, sin embargo, suele ser m\u00e1s sencillo para quienes ya domina el sistema anterior.\n\"}},\n{\"@type\":\"Question\",\"name\":\"Ejemplo de Angular.js\",\"acceptedAnswer\":{\"@type\":\"Answer\",\"text\":\"unction HelloController($scope)<\/p>\n<p>{$scope.greeting = \u2018hello\u2019;)<\/p>\n<p>Tendremos disponible en html una variable greeting cuyo contenido es \u2018hello\u2019. En el html, podemos poner algo como esto<\/p>\n<p>{{gretting}}<\/p>\n<p>Se ha colocado un div, y en \u00e9l, el atributo data-ng-controller=\u201dHelloController\u201d. Ese HelloController es la funci\u00f3n javascript que hemos definido en app.js y que har\u00e1 de controlador Angularjs.<\/p>\n<p>Aqu\u00ed tambi\u00e9n tienes una imagen para visualizar un ejemplo de c\u00f3mo se utiliza Angular.js para programar.\n\"}}\n]}<\/script><br \/>\n&nbsp;<\/p>\n<p><img decoding=\"async\" src=\"https:\/\/dcv19h61vib2d.cloudfront.net\/thumbs\/angularjs-building-an-angular-app-controllers\/angularjs-building-an-angular-app-controllers.jpg\" \/><\/p>\n<h2><span id=\"Mas_informacion_de_Angularjs\" class=\"ez-toc-section\"><\/span>M\u00e1s informaci\u00f3n de Angular.js<\/h2>\n<ul>\n<li><a href=\"https:\/\/diseno20.appyweb.es\/design-thinking\/\" rel=\"nofollow noopener\" target=\"_blank\">Estilos y tendencias de dise\u00f1o web<\/a><\/li>\n<li><a href=\"https:\/\/www.adslzone.net\/listas\/mejores-webs\/cursos-programacion-web\/\" rel=\"nofollow noopener\" target=\"_blank\">Si quieres aprender desarrollo web empieza por aqu\u00ed<\/a>.<\/li>\n<\/ul>\n","protected":false},"excerpt":{"rendered":"<p>Angular.js es un software muy reconocido en el mundo del desarrollo web, es muy demandado entre los programadores que desean\u00a0que su sitio digital cuente con todas las aplicaciones necesarias, tanto para complacer las exigencias de dise\u00f1o de sus usuarios, como para ofrecer una experiencia de navegaci\u00f3n de otro nivel. \u00bfQu\u00e9 es Angular.js? El Angular.js es [&hellip;]<\/p>\n","protected":false},"author":1,"featured_media":8288,"parent":0,"menu_order":0,"comment_status":"closed","ping_status":"closed","template":"","meta":{"inline_featured_image":false,"footnotes":""},"class_list":["post-42","page","type-page","status-publish","has-post-thumbnail","hentry"],"_links":{"self":[{"href":"https:\/\/www.appyweb.es\/diccionario\/wp-json\/wp\/v2\/pages\/42","targetHints":{"allow":["GET"]}}],"collection":[{"href":"https:\/\/www.appyweb.es\/diccionario\/wp-json\/wp\/v2\/pages"}],"about":[{"href":"https:\/\/www.appyweb.es\/diccionario\/wp-json\/wp\/v2\/types\/page"}],"author":[{"embeddable":true,"href":"https:\/\/www.appyweb.es\/diccionario\/wp-json\/wp\/v2\/users\/1"}],"replies":[{"embeddable":true,"href":"https:\/\/www.appyweb.es\/diccionario\/wp-json\/wp\/v2\/comments?post=42"}],"version-history":[{"count":10,"href":"https:\/\/www.appyweb.es\/diccionario\/wp-json\/wp\/v2\/pages\/42\/revisions"}],"predecessor-version":[{"id":11238,"href":"https:\/\/www.appyweb.es\/diccionario\/wp-json\/wp\/v2\/pages\/42\/revisions\/11238"}],"wp:featuredmedia":[{"embeddable":true,"href":"https:\/\/www.appyweb.es\/diccionario\/wp-json\/wp\/v2\/media\/8288"}],"wp:attachment":[{"href":"https:\/\/www.appyweb.es\/diccionario\/wp-json\/wp\/v2\/media?parent=42"}],"curies":[{"name":"wp","href":"https:\/\/api.w.org\/{rel}","templated":true}]}}