{"id":691,"date":"2023-06-20T09:28:34","date_gmt":"2023-06-20T09:28:34","guid":{"rendered":"https:\/\/www.appyweb.es\/diccionario\/?page_id=691"},"modified":"2024-03-21T08:43:55","modified_gmt":"2024-03-21T08:43:55","slug":"cache","status":"publish","type":"page","link":"https:\/\/www.appyweb.es\/diccionario\/cache\/","title":{"rendered":"Cach\u00e9"},"content":{"rendered":"<h1 class=\"entry-title main_title\"><img loading=\"lazy\" decoding=\"async\" class=\"size-medium wp-image-10845 aligncenter\" src=\"https:\/\/www.appyweb.es\/diccionario\/wp-content\/uploads\/2023\/09\/cache-significado-300x300.jpg\" alt=\"\" width=\"300\" height=\"300\" srcset=\"https:\/\/www.appyweb.es\/diccionario\/wp-content\/uploads\/2023\/09\/cache-significado-300x300.jpg 300w, https:\/\/www.appyweb.es\/diccionario\/wp-content\/uploads\/2023\/09\/cache-significado-1024x1024.jpg 1024w, https:\/\/www.appyweb.es\/diccionario\/wp-content\/uploads\/2023\/09\/cache-significado-150x150.jpg 150w, https:\/\/www.appyweb.es\/diccionario\/wp-content\/uploads\/2023\/09\/cache-significado-768x768.jpg 768w, https:\/\/www.appyweb.es\/diccionario\/wp-content\/uploads\/2023\/09\/cache-significado.jpg 1080w\" sizes=\"auto, (max-width: 300px) 100vw, 300px\" \/><\/h1>\n<div class=\"entry-content\">\n<p>Todos los ordenadores, dispositivos smartphone y apps con acceso a Internet,\u00a0<strong>cuentan con un sistema de memoria cach\u00e9<\/strong>.<br \/>\nEste se define como el almacenamiento temporal de r\u00e1pido acceso, el cual se encarga de procesar datos que se han obtenido recientemente.<\/p>\n<h2>\u00bfQu\u00e9 es Cach\u00e9?<\/h2>\n<p>Es una memoria temporal o intermediaria, forma parte de los componentes del hardware o software. Su funci\u00f3n es <strong>almacenar datos que facilitan la obtenci\u00f3n de solicitudes futuras<\/strong>, sobre la misma p\u00e1gina o aplicaci\u00f3n. De esta forma, es un elemento esencial para el <a href=\"https:\/\/diseno20.appyweb.es\/diseno-web\/\" rel=\"nofollow noopener\" target=\"_blank\">dise\u00f1o web y la experiencia de navegaci\u00f3n<\/a>, ya que busca ahorrar recursos, como la velocidad de carga de p\u00e1ginas vistas anteriormente o la carga de elementos pesados como v\u00eddeos.<\/p>\n<p>El cach\u00e9 es un b\u00fafer especial que tienen los ordenadores, funciona de forma similar a la memoria principal, a diferencia de que es de menor tama\u00f1o y tiene una respuesta de funcionamiento m\u00e1s r\u00e1pida que la RAM. Luego de cierto tiempo, esta memoria procede a realizar una limpieza autom\u00e1tica.<\/p>\n<h2>Origen del t\u00e9rmino Cach\u00e9<\/h2>\n<p>La palabra <em>cach\u00e9<\/em> deriva de dos variantes, la versi\u00f3n inglesa que literalmente significa \u201cescondite secreto de mercanc\u00edas\u201d, era utilizada para denominar los lugares de contrabando.<br \/>\nTambi\u00e9n existe la versi\u00f3n francesa que significa \u201cescondite\u201d. Por lo que se puede decir que se utiliza para \u201cesconder\u201d informaci\u00f3n que se puede utilizar despu\u00e9s.<\/p>\n<h2>\u00bfPara qu\u00e9 sirve Cach\u00e9?<\/h2>\n<p>Su funci\u00f3n principal es guardar los datos de un sistema, sitio digital o app, para luego ser utilizados cuando lo requieran.<br \/>\nEs decir, al momento de recurrir al mismo dato del sitio el sistema lo tomar\u00e1 de esta memoria, para ofrecer una respuesta m\u00e1s r\u00e1pida.<br \/>\nSu funci\u00f3n es <strong>mantener los datos requeridos por el sistema de forma temporal y de f\u00e1cil acceso<\/strong>. Con el fin de realizar una funci\u00f3n espec\u00edfica en el futuro o acceder al sitio nuevamente.<\/p>\n<p>Igualmente, es muy utilizada por sitios web para <a href=\"https:\/\/diseno20.appyweb.es\/optimizacion-velocidad-web\/\" rel=\"nofollow noopener\" target=\"_blank\">realizar una optimizaci\u00f3n de velocidad de carga<\/a>, ya que el almacenamiento permite acelerar las p\u00e1ginas y ofrecer una experiencia de navegaci\u00f3n m\u00e1s agradable.<\/p>\n<p>Asimismo, esta memoria est\u00e1 dise\u00f1ada principalmente para hacer m\u00e1s organizado el almacenamiento de datos en un sistema, este puede ser un ordenador, smartphone o cualquier dispositivo que cuente con un procesador.<\/p>\n<h2>\u00bfQu\u00e9 es borrar cach\u00e9?<\/h2>\n<p>Aunque la memoria suele realizar esta acci\u00f3n temporalmente, <strong>los usuarios tienen la opci\u00f3n de proceder a borrar cach\u00e9 manualmente<\/strong>, esto es porque surge la necesidad de guardar nuevos datos o porque la velocidad del sistema ha disminuido. Mientras m\u00e1s informaci\u00f3n se genera en la memoria, m\u00e1s recursos necesitan para mantenerla, pero a veces con solo eliminarla se puede recuperar esa velocidad.<\/p>\n<p>Igualmente, <strong>algunos sitios no tienen permitido guardar datos en el sistema<\/strong>, estos principalmente trabajan con una plataforma inc\u00f3gnita.<\/p>\n<p><script type=\"application\/ld+json\">{\"@context\":\"https:\/\/schema.org\",\"@type\":\"FAQPage\",\"mainEntity\":[ \n{\"@type\":\"Question\",\"name\":\"\u00bfQu\u00e9 es Cach\u00e9?\",\"acceptedAnswer\":{\"@type\":\"Answer\",\"text\":\"<\/p>\n<\/p>\n<p>Es una memoria temporal o intermediaria, forma parte de los componentes del hardware o software. Su funci\u00f3n es <strong>almacenar datos que facilitan la obtenci\u00f3n de solicitudes futuras<\/strong>, sobre la misma p\u00e1gina o aplicaci\u00f3n. De esta forma, es un elemento esencial para el <a href='https:\/\/diseno20.appyweb.es\/diseno-web\/'>dise\u00f1o web y la experiencia de navegaci\u00f3n<\/a>, ya que busca ahorrar recursos, como la velocidad de carga de p\u00e1ginas vistas anteriormente o la carga de elementos pesados como v\u00eddeos.<\/p>\n<\/p>\n<\/p>\n<p>El cach\u00e9 es un b\u00fafer especial que tienen los ordenadores, funciona de forma similar a la memoria principal, a diferencia de que es de menor tama\u00f1o y tiene una respuesta de funcionamiento m\u00e1s r\u00e1pida que la RAM. Luego de cierto tiempo, esta memoria procede a realizar una limpieza autom\u00e1tica.<\/p>\n<\/p>\n<p>\"}},\n{\"@type\":\"Question\",\"name\":\"Origen del t\u00e9rmino Cach\u00e9\",\"acceptedAnswer\":{\"@type\":\"Answer\",\"text\":\"<\/p>\n<\/p>\n<p>La palabra <em>cach\u00e9<\/em> deriva de dos variantes, la versi\u00f3n inglesa que literalmente significa \u201cescondite secreto de mercanc\u00edas\u201d, era utilizada para denominar los lugares de contrabando.<br \/>Tambi\u00e9n existe la versi\u00f3n francesa que significa \u201cescondite\u201d. Por lo que se puede decir que se utiliza para \u201cesconder\u201d informaci\u00f3n que se puede utilizar despu\u00e9s.<\/p>\n<\/p>\n<p>\"}},\n{\"@type\":\"Question\",\"name\":\"\u00bfPara qu\u00e9 sirve Cach\u00e9?\",\"acceptedAnswer\":{\"@type\":\"Answer\",\"text\":\"<\/p>\n<\/p>\n<p>Su funci\u00f3n principal es guardar los datos de un sistema, sitio digital o app, para luego ser utilizados cuando lo requieran. Es decir, al momento de recurrir al mismo dato del sitio el sistema lo tomar\u00e1 de esta memoria, para ofrecer una respuesta m\u00e1s r\u00e1pida. Su funci\u00f3n es <strong>mantener los datos requeridos por el sistema de forma temporal y de f\u00e1cil acceso<\/strong>. Con el fin de realizar una funci\u00f3n espec\u00edfica en el futuro o acceder al sitio nuevamente<\/p>\n<\/p>\n<\/p>\n<p>Igualmente, es muy utilizada por sitios web para <a href='https:\/\/diseno20.appyweb.es\/optimizacion-velocidad-web\/'>realizar una optimizaci\u00f3n de velocidad de carga<\/a>, ya que el almacenamiento permite acelerar las p\u00e1ginas y ofrecer una experiencia de navegaci\u00f3n m\u00e1s agradable.<\/p>\n<\/p>\n<\/p>\n<p>Asimismo, esta memoria est\u00e1 dise\u00f1ada principalmente para hacer m\u00e1s organizado el almacenamiento de datos en un sistema, este puede ser un ordenador, smartphone o cualquier dispositivo que cuente con un procesador.<\/p>\n<\/p>\n<p>\"}},\n{\"@type\":\"Question\",\"name\":\"\u00bfQu\u00e9 es borrar cach\u00e9?\",\"acceptedAnswer\":{\"@type\":\"Answer\",\"text\":\"<\/p>\n<\/p>\n<p>Aunque la memoria suele realizar esta acci\u00f3n temporalmente, <strong>los usuarios tienen la opci\u00f3n de proceder a borrar cach\u00e9 manualmente<\/strong>, esto es porque surge la necesidad de guardar nuevos datos o porque la velocidad del sistema ha disminuido. Mientras m\u00e1s informaci\u00f3n se genera en la memoria, m\u00e1s recursos necesitan para mantenerla, pero a veces con solo eliminarla se puede recuperar esa velocidad.<\/p>\n<\/p>\n<\/p>\n<p>Igualmente, <strong>algunos sitios no tienen permitido guardar datos en el sistema<\/strong>, estos principalmente trabajan con una plataforma inc\u00f3gnita.<\/p>\n<\/p>\n<p>\"}}\n]}<\/script><\/p>\n<h2><span id=\"%F0%9F%93%8C_Mas_informacion_sobre_cache\" class=\"ez-toc-section\"><\/span>M\u00e1s informaci\u00f3n sobre cach\u00e9<\/h2>\n<ul>\n<li><a href=\"https:\/\/es.wikipedia.org\/wiki\/Cach%C3%A9_(inform%C3%A1tica)#Tipos_de_cach%C3%A9\" rel=\"nofollow noopener\" target=\"_blank\">Tipos de cach\u00e9<\/a>.<\/li>\n<\/ul>\n<\/div>\n<p>&nbsp;<\/p>\n","protected":false},"excerpt":{"rendered":"<p>Todos los ordenadores, dispositivos smartphone y apps con acceso a Internet,\u00a0cuentan con un sistema de memoria cach\u00e9. Este se define como el almacenamiento temporal de r\u00e1pido acceso, el cual se encarga de procesar datos que se han obtenido recientemente. \u00bfQu\u00e9 es Cach\u00e9? Es una memoria temporal o intermediaria, forma parte de los componentes del hardware [&hellip;]<\/p>\n","protected":false},"author":1,"featured_media":10845,"parent":0,"menu_order":0,"comment_status":"closed","ping_status":"closed","template":"","meta":{"inline_featured_image":false,"footnotes":""},"class_list":["post-691","page","type-page","status-publish","has-post-thumbnail","hentry"],"_links":{"self":[{"href":"https:\/\/www.appyweb.es\/diccionario\/wp-json\/wp\/v2\/pages\/691","targetHints":{"allow":["GET"]}}],"collection":[{"href":"https:\/\/www.appyweb.es\/diccionario\/wp-json\/wp\/v2\/pages"}],"about":[{"href":"https:\/\/www.appyweb.es\/diccionario\/wp-json\/wp\/v2\/types\/page"}],"author":[{"embeddable":true,"href":"https:\/\/www.appyweb.es\/diccionario\/wp-json\/wp\/v2\/users\/1"}],"replies":[{"embeddable":true,"href":"https:\/\/www.appyweb.es\/diccionario\/wp-json\/wp\/v2\/comments?post=691"}],"version-history":[{"count":7,"href":"https:\/\/www.appyweb.es\/diccionario\/wp-json\/wp\/v2\/pages\/691\/revisions"}],"predecessor-version":[{"id":11851,"href":"https:\/\/www.appyweb.es\/diccionario\/wp-json\/wp\/v2\/pages\/691\/revisions\/11851"}],"wp:featuredmedia":[{"embeddable":true,"href":"https:\/\/www.appyweb.es\/diccionario\/wp-json\/wp\/v2\/media\/10845"}],"wp:attachment":[{"href":"https:\/\/www.appyweb.es\/diccionario\/wp-json\/wp\/v2\/media?parent=691"}],"curies":[{"name":"wp","href":"https:\/\/api.w.org\/{rel}","templated":true}]}}