{"id":697,"date":"2023-06-20T09:31:30","date_gmt":"2023-06-20T09:31:30","guid":{"rendered":"https:\/\/www.appyweb.es\/diccionario\/?page_id=697"},"modified":"2024-03-21T08:45:44","modified_gmt":"2024-03-21T08:45:44","slug":"campo-semantico","status":"publish","type":"page","link":"https:\/\/www.appyweb.es\/diccionario\/campo-semantico\/","title":{"rendered":"Campo sem\u00e1ntico"},"content":{"rendered":"<h1 class=\"entry-title main_title\"><img loading=\"lazy\" decoding=\"async\" class=\"size-medium wp-image-10860 aligncenter\" src=\"https:\/\/www.appyweb.es\/diccionario\/wp-content\/uploads\/2023\/09\/campo-semantico-significado-300x240.jpg\" alt=\"\" width=\"300\" height=\"240\" srcset=\"https:\/\/www.appyweb.es\/diccionario\/wp-content\/uploads\/2023\/09\/campo-semantico-significado-300x240.jpg 300w, https:\/\/www.appyweb.es\/diccionario\/wp-content\/uploads\/2023\/09\/campo-semantico-significado-1024x819.jpg 1024w, https:\/\/www.appyweb.es\/diccionario\/wp-content\/uploads\/2023\/09\/campo-semantico-significado-768x614.jpg 768w, https:\/\/www.appyweb.es\/diccionario\/wp-content\/uploads\/2023\/09\/campo-semantico-significado.jpg 1080w\" sizes=\"auto, (max-width: 300px) 100vw, 300px\" \/><\/h1>\n<div class=\"entry-content\">\n<p>Es un conjunto de palabras, cuya utilizaci\u00f3n tienen un rasgo relacionado entre s\u00ed. Por ejemplo, el campo sem\u00e1ntico de la palabra \u201cpared\u201d contiene elementos como \u201cvalla, muro, muralla\u2026\u201d.<br \/>\nEs importante tener en cuenta este elemento para\u00a0<strong>entender la complejidad de los buscadores y sus algoritmos<\/strong>.<\/p>\n<h2><span id=\"%F0%9F%93%8C_%C2%BFQue_es\" class=\"ez-toc-section\"><\/span>\u00bfQu\u00e9 es un Campo sem\u00e1ntico?<\/h2>\n<p>Es un t\u00e9rmino que hace referencia directamente al conjunto de palabras que se encuentran relacionadas por su significado, ya sean por diferentes formas o por distintas clases.<br \/>\nEntender la complejidad del mismo es importante, ya que\u00a0<strong>los buscadores gestionan y trabajan con un campo sem\u00e1ntico<\/strong>, en el cual relacionan las palabras claves por sus significados, ya sean de un mismo grupo o no.<\/p>\n<p>Los profesionales en SEO tienen esto muy en cuenta al momento de la redacci\u00f3n de contenido y del trabajo de posicionamiento.<br \/>\nGracias a estos grupos de palabras, elaboran\u00a0<a href=\"https:\/\/diseno20.appyweb.es\/posicionamiento-web\/\" rel=\"nofollow noopener\" target=\"_blank\">nuevas estrategias de posicionamiento SEO<\/a>\u00a0en Internet.<br \/>\nTambi\u00e9n es una forma que\u00a0<strong>ayuda a aumentar la visibilidad del contenido<\/strong>\u00a0y mejorar el posicionamiento en el buscador.<\/p>\n<h2><span id=\"%F0%9F%93%8C_Origen\" class=\"ez-toc-section\"><\/span>Origen del Campo sem\u00e1ntico<\/h2>\n<p>Su origen nace con la implementaci\u00f3n de las estrategias de posicionamiento SEO desde 1997.<br \/>\nEn ese entonces, los desarrolladores de los buscadores entendieron que distintas\u00a0<strong>palabras derivadas de un mismo campo sem\u00e1ntico pod\u00edan tener relevancia para el usuario<\/strong>.<\/p>\n<p>Por ejemplo, al buscar la palabra \u201cviaje\u201d podr\u00eda referirse a otras como \u201creservaci\u00f3n, turismo, vuelo, aeropuerto\u2026\u201d.<\/p>\n<p>Es por eso que con la actualizaci\u00f3n de Google Panda en 2011 (cuando se establecieron las primeras penalizaciones, como el uso abusivo de keywords) tambi\u00e9n se estableci\u00f3 esa relaci\u00f3n.<br \/>\nDe forma que los sitios que utilizaran palabras relacionadas de una keyword en sus\u00a0<a href=\"https:\/\/diseno20.appyweb.es\/social-media-manager\/\" rel=\"nofollow noopener\" target=\"_blank\">estrategias de contenidos<\/a>\u00a0tendr\u00edan m\u00e1s probabilidades de ser mejor posicionados en las SERP\\\u2019s.<\/p>\n<h2><span id=\"%F0%9F%93%8C_%C2%BFPara_que_sirve\" class=\"ez-toc-section\"><\/span>\u00bfPara qu\u00e9 sirve el Campo sem\u00e1ntico?<\/h2>\n<p>Los campos sem\u00e1nticos tienen la finalidad de mostrar\u00a0<strong>las palabras que se encuentran relacionadas entre s\u00ed<\/strong>.<br \/>\nEsto por cuesti\u00f3n de significados, es decir, dos palabras que se escriben diferentes y que dentro de un contexto tienen el mismo significado.<\/p>\n<p>Por ejemplo \u201cavi\u00f3n\u201d y \u201caeronave\u201d, o bien est\u00e1n relacionadas en ese mismo contexto \u201cvolar, piloto, pasajeros\u2026\u201d.<\/p>\n<p>Este elemento es utilizado en la actualidad para optimizar el posicionamiento.<br \/>\nYa que los especialistas en SEO lo aprovechan para\u00a0<strong>utilizar la mayor cantidad de palabras relacionadas entre s\u00ed<\/strong>, con la finalidad de abarcar un sector mayor de la competencia.<br \/>\nTambi\u00e9n funciona para acercarse a un p\u00fablico que no se hab\u00eda explorado antes, teniendo m\u00e1s probabilidades de estar en los primeros lugares de los resultados.<br \/>\nDe esta forma, se puede decir que ayudan a mejorar la visibilidad de una marca.<\/p>\n<h2><span id=\"%F0%9F%93%8C_Ejemplo_de_campo_semantico\" class=\"ez-toc-section\"><\/span>Ejemplo de campo sem\u00e1ntico<\/h2>\n<p>Actualmente, es imposible visualizar c\u00f3mo el algoritmo de Google utiliza el campo sem\u00e1ntico para <a href=\"https:\/\/diseno20.appyweb.es\/seo-internacional\/\" rel=\"nofollow noopener\" target=\"_blank\">posicionar los sitios web<\/a>.<br \/>\nSin embargo, las tendencias en la optimizaci\u00f3n para buscadores indican que\u00a0<strong>aplicar esta relaci\u00f3n de keywords en el contenido puede dar muy buenos resultados<\/strong>.<br \/>\nA continuaci\u00f3n, se muestra imagen que indica c\u00f3mo se desglosa la palabra clave \u201cavi\u00f3n\u201d, todas esas ramas pueden utilizarse en el contenido para lograr un mejor posicionamiento.<\/p>\n<p><img decoding=\"async\" src=\"https:\/\/www.appyweb.es\/wp-content\/uploads\/2020\/09\/campo-semantico-ejemplo.jpg\" \/><\/p>\n<h2><span id=\"%F0%9F%93%8C_Mas_informacion_sobre_campo_semantico\" class=\"ez-toc-section\"><\/span>M\u00e1s informaci\u00f3n sobre campo sem\u00e1ntico<\/h2>\n<ul>\n<li><a href=\"https:\/\/www.appyweb.es\/diccionario\/densidad-de-keywords\/\">\u00bfQu\u00e9 es la densidad de keywords y para qu\u00e9 sirve?<\/a><\/li>\n<li><a href=\"https:\/\/es.wikipedia.org\/wiki\/Campo_sem%C3%A1ntico#Relaciones_dentro_de_los_campos_sem%C3%A1nticos\" rel=\"nofollow noopener\" target=\"_blank\">Relaciones dentro de los campos sem\u00e1nticos<\/a>.<\/li>\n<\/ul>\n<\/div>\n<p>&nbsp;<\/p>\n","protected":false},"excerpt":{"rendered":"<p>Es un conjunto de palabras, cuya utilizaci\u00f3n tienen un rasgo relacionado entre s\u00ed. Por ejemplo, el campo sem\u00e1ntico de la palabra \u201cpared\u201d contiene elementos como \u201cvalla, muro, muralla\u2026\u201d. Es importante tener en cuenta este elemento para\u00a0entender la complejidad de los buscadores y sus algoritmos. \u00bfQu\u00e9 es un Campo sem\u00e1ntico? Es un t\u00e9rmino que hace referencia [&hellip;]<\/p>\n","protected":false},"author":1,"featured_media":10860,"parent":0,"menu_order":0,"comment_status":"closed","ping_status":"closed","template":"","meta":{"inline_featured_image":false,"footnotes":""},"class_list":["post-697","page","type-page","status-publish","has-post-thumbnail","hentry"],"_links":{"self":[{"href":"https:\/\/www.appyweb.es\/diccionario\/wp-json\/wp\/v2\/pages\/697","targetHints":{"allow":["GET"]}}],"collection":[{"href":"https:\/\/www.appyweb.es\/diccionario\/wp-json\/wp\/v2\/pages"}],"about":[{"href":"https:\/\/www.appyweb.es\/diccionario\/wp-json\/wp\/v2\/types\/page"}],"author":[{"embeddable":true,"href":"https:\/\/www.appyweb.es\/diccionario\/wp-json\/wp\/v2\/users\/1"}],"replies":[{"embeddable":true,"href":"https:\/\/www.appyweb.es\/diccionario\/wp-json\/wp\/v2\/comments?post=697"}],"version-history":[{"count":7,"href":"https:\/\/www.appyweb.es\/diccionario\/wp-json\/wp\/v2\/pages\/697\/revisions"}],"predecessor-version":[{"id":10861,"href":"https:\/\/www.appyweb.es\/diccionario\/wp-json\/wp\/v2\/pages\/697\/revisions\/10861"}],"wp:featuredmedia":[{"embeddable":true,"href":"https:\/\/www.appyweb.es\/diccionario\/wp-json\/wp\/v2\/media\/10860"}],"wp:attachment":[{"href":"https:\/\/www.appyweb.es\/diccionario\/wp-json\/wp\/v2\/media?parent=697"}],"curies":[{"name":"wp","href":"https:\/\/api.w.org\/{rel}","templated":true}]}}