{"id":713,"date":"2023-06-20T09:39:16","date_gmt":"2023-06-20T09:39:16","guid":{"rendered":"https:\/\/www.appyweb.es\/diccionario\/?page_id=713"},"modified":"2024-03-21T08:47:56","modified_gmt":"2024-03-21T08:47:56","slug":"captaciones-de-leads","status":"publish","type":"page","link":"https:\/\/www.appyweb.es\/diccionario\/captaciones-de-leads\/","title":{"rendered":"Captaciones de Leads"},"content":{"rendered":"<h1 class=\"entry-title main_title\"><img loading=\"lazy\" decoding=\"async\" class=\"size-medium wp-image-10901 aligncenter\" src=\"https:\/\/www.appyweb.es\/diccionario\/wp-content\/uploads\/2023\/09\/captacion-de-leads-significado-300x300.jpg\" alt=\"\" width=\"300\" height=\"300\" srcset=\"https:\/\/www.appyweb.es\/diccionario\/wp-content\/uploads\/2023\/09\/captacion-de-leads-significado-300x300.jpg 300w, https:\/\/www.appyweb.es\/diccionario\/wp-content\/uploads\/2023\/09\/captacion-de-leads-significado-1024x1024.jpg 1024w, https:\/\/www.appyweb.es\/diccionario\/wp-content\/uploads\/2023\/09\/captacion-de-leads-significado-150x150.jpg 150w, https:\/\/www.appyweb.es\/diccionario\/wp-content\/uploads\/2023\/09\/captacion-de-leads-significado-768x768.jpg 768w, https:\/\/www.appyweb.es\/diccionario\/wp-content\/uploads\/2023\/09\/captacion-de-leads-significado.jpg 1080w\" sizes=\"auto, (max-width: 300px) 100vw, 300px\" \/><\/h1>\n<div class=\"entry-content\">\n<p>Es el conjunto de acciones estrat\u00e9gicas que se llevan a cabo para conseguir nuevos\u00a0contactos o suscriptores, que tengan la potencialidad de convertirse en clientes en un futuro cercano. La\u00a0<strong>captaci\u00f3n de leads tambi\u00e9n conlleva a una nutrici\u00f3n de la base de datos de usuarios<\/strong>\u00a0de un sitio web.<\/p>\n<h2>Origen de la palabra Captaciones de Leads<\/h2>\n<p>Lead se refiere al verbo \u201cdirigir\u201d, pero cuando se trata de marketing digital se puede definir un sin\u00f3nimo de \u201csobresalir\u201d.<br \/>\nEn espa\u00f1ol se suele utilizar m\u00e1s la palabra <em>prospecto<\/em> para <strong>hacer referencia a la captaci\u00f3n de usuarios en Internet<\/strong>.<br \/>\nSe utiliza para definir a los usuarios que suelen sobresaltar de los dem\u00e1s realizando una acci\u00f3n en el sitio web para registrarse con sus datos.<\/p>\n<h2>\u00bfPara qu\u00e9 sirve las Captaciones de Leads?<\/h2>\n<p>La captaci\u00f3n de leads sirve para <strong>aumentar la base de datos de los usuarios de la compa\u00f1\u00eda<\/strong>.<br \/>\nEl t\u00e9rmino suele utilizarse con mayor frecuencia en las <a href=\"https:\/\/diseno20.appyweb.es\/estrategia-marketing-360\/\" rel=\"nofollow noopener\" target=\"_blank\">estrategias de inbound marketing<\/a>, ya que pertenece a una de las principales etapas para llevar al usuario al ciclo de venta de forma natural<\/p>\n<p>Luego de generarlos, las empresas suelen clasificarlos en distintas categor\u00edas, en las cuales el contenido ser\u00e1 dirigido conforme a sus necesidades, a trav\u00e9s una estrategia de personalizaci\u00f3n.<br \/>\nLa idea es <strong>satisfacerlas mientras se crea y motiva el inter\u00e9s hacia la compa\u00f1\u00eda<\/strong>, pasando a ser un cliente oficial.<\/p>\n<h2>C\u00f3mo captar leads cualificados<\/h2>\n<p>Es importante hacer una diferencia entre los prospectos gen\u00e9ricos y los cualificados, los primeros son esos usuarios que muestran inter\u00e9s solo por el contenido, que en realidad no tienen intenci\u00f3n de comprar. Los \u00faltimos <strong>suelen tener un perfil m\u00e1s acorde al de cliente ideal<\/strong>, cuenta con los mismos intereses y necesidades establecidas anteriormente por la empresa. De esta forma. es m\u00e1s f\u00e1cil persuadirlos y convencerlos con las estrategias apropiadas en el ciclo de venta.<\/p>\n<p>Alguna de las formas para aprender c\u00f3mo captar leads cualificados son las siguientes.<\/p>\n<ul>\n<li>Utilizar un formulario con campos limitados, con solo <strong>solicitar el nombre y una direcci\u00f3n de email ser\u00e1 suficiente<\/strong>.<\/li>\n<li>Tambi\u00e9n es importante modificar el bot\u00f3n del formulario, hacerlo m\u00e1s atractivo utilizando frases como \u201csuscr\u00edbeme\u201d, \u201cvamos all\u00e1\u201d, \u201creg\u00edstrame\u201d.<\/li>\n<li>Es necesario aplicar <a href=\"https:\/\/diseno20.appyweb.es\/redaccion-textos-seo\/\" rel=\"nofollow noopener\" target=\"_blank\">estrategias de marketing de contenidos<\/a> para promocionar la suscripci\u00f3n de forma natural.<\/li>\n<li>Es necesario utilizar copies y call to actions m\u00e1s atractivos, teniendo en cuenta las necesidades del usuario.<\/li>\n<\/ul>\n<h2>Estrategias de captaci\u00f3n de leads<\/h2>\n<ul>\n<li><strong>Newsletters<\/strong>: Puede ser un contenido interesante para los usuarios, ya que pueden recibir contenido de valor directamente en su email, para acceder a esto simplemente deben suscribirse a la base de datos.<\/li>\n<li><strong>Ebooks descargables: <\/strong>La <strong>generaci\u00f3n de buen contenido es la f\u00f3rmula que atrae m\u00e1s leads<\/strong>, gu\u00edas de inter\u00e9s, libros, tutoriales. El \u00fanico requisito es llenar un formulario y proporcionar su correo electr\u00f3nico.<\/li>\n<li><strong>Webinars: <\/strong>Seminarios y masters class en l\u00ednea son ofertas tentadoras para un lead, que aparte de contenido, genera conocimiento.<\/li>\n<\/ul>\n<p><script type=\"application\/ld+json\">{\"@context\":\"https:\/\/schema.org\",\"@type\":\"FAQPage\",\"mainEntity\":[ \n{\"@type\":\"Question\",\"name\":\"Origen de la palabra Captaciones de Leads\",\"acceptedAnswer\":{\"@type\":\"Answer\",\"text\":\"<\/p>\n<\/p>\n<p>Lead se refiere al verbo \u201cdirigir\u201d, pero cuando se trata de marketing digital se puede definir un sin\u00f3nimo de \u201csobresalir\u201d. <br \/>En espa\u00f1ol se suele utilizar m\u00e1s la palabra <em>prospecto<\/em> para <strong>hacer referencia a la captaci\u00f3n de usuarios en Internet<\/strong>. <br \/>Se utiliza para definir a los usuarios que suelen sobresaltar de los dem\u00e1s realizando una acci\u00f3n en el sitio web para registrarse con sus datos.<\/p>\n<\/p>\n<p>\"}},\n{\"@type\":\"Question\",\"name\":\"\u00bfPara qu\u00e9 sirve las Captaciones de Leads?\",\"acceptedAnswer\":{\"@type\":\"Answer\",\"text\":\"<\/p>\n<\/p>\n<p>La captaci\u00f3n de leads sirve para <strong>aumentar la base de datos de los usuarios de la compa\u00f1\u00eda<\/strong>. <br \/>El t\u00e9rmino suele utilizarse con mayor frecuencia en las <a href='https:\/\/diseno20.appyweb.es\/estrategia-marketing-360\/'>estrategias de inbound marketing<\/a>, ya que pertenece a una de las principales etapas para llevar al usuario al ciclo de venta de forma natural<\/p>\n<\/p>\n<\/p>\n<p>Luego de generarlos, las empresas suelen clasificarlos en distintas categor\u00edas, en las cuales el contenido ser\u00e1 dirigido conforme a sus necesidades, a trav\u00e9s una estrategia de personalizaci\u00f3n. <br \/>La idea es <strong>satisfacerlas mientras se crea y motiva el inter\u00e9s hacia la compa\u00f1\u00eda<\/strong>, pasando a ser un cliente oficial.<\/p>\n<\/p>\n<p>\"}},\n{\"@type\":\"Question\",\"name\":\"C\u00f3mo captar leads cualificados\",\"acceptedAnswer\":{\"@type\":\"Answer\",\"text\":\"<\/p>\n<\/p>\n<p>Es importante hacer una diferencia entre los prospectos gen\u00e9ricos y los cualificados, los primeros son esos usuarios que muestran inter\u00e9s solo por el contenido, que en realidad no tienen intenci\u00f3n de comprar. Los \u00faltimos <strong>suelen tener un perfil m\u00e1s acorde al de cliente ideal<\/strong>, cuenta con los mismos intereses y necesidades establecidas anteriormente por la empresa. De esta forma. es m\u00e1s f\u00e1cil persuadirlos y convencerlos con las estrategias apropiadas en el ciclo de venta.<\/p>\n<\/p>\n<\/p>\n<p>Alguna de las formas para aprender c\u00f3mo captar leads cualificados son las siguientes.<\/p>\n<\/p>\n<\/p>\n<ul>\n<\/p>\n<li>Utilizar un formulario con campos limitados, con solo <strong>solicitar el nombre y una direcci\u00f3n de email ser\u00e1 suficiente<\/strong>.<\/li>\n<\/p>\n<li>Tambi\u00e9n es importante modificar el bot\u00f3n del formulario, hacerlo m\u00e1s atractivo utilizando frases como \u201csuscr\u00edbeme\u201d, \u201cvamos all\u00e1\u201d, \u201creg\u00edstrame\u201d.<\/li>\n<\/p>\n<li>Es necesario aplicar <a href='https:\/\/diseno20.appyweb.es\/redaccion-textos-seo\/'>estrategias de marketing de contenidos<\/a> para promocionar la suscripci\u00f3n de forma natural.<\/li>\n<\/p>\n<li>Es necesario utilizar copies y call to actions m\u00e1s atractivos, teniendo en cuenta las necesidades del usuario.<\/li>\n<\/ul>\n<p>\"}},\n{\"@type\":\"Question\",\"name\":\"Estrategias de captaci\u00f3n de leads\",\"acceptedAnswer\":{\"@type\":\"Answer\",\"text\":\"<\/p>\n<\/p>\n<ul>\n<\/p>\n<li><strong>Newsletters<\/strong>: Puede ser un contenido interesante para los usuarios, ya que pueden recibir contenido de valor directamente en su email, para acceder a esto simplemente deben suscribirse a la base de datos.<\/li>\n<\/p>\n<li><strong>Ebooks descargables: <\/strong>La <strong>generaci\u00f3n de buen contenido es la f\u00f3rmula que atrae m\u00e1s leads<\/strong>, gu\u00edas de inter\u00e9s, libros, tutoriales. El \u00fanico requisito es llenar un formulario y proporcionar su correo electr\u00f3nico.<\/li>\n<\/p>\n<li><strong>Webinars: <\/strong>Seminarios y masters class en l\u00ednea son ofertas tentadoras para un lead, que aparte de contenido, genera conocimiento.<\/li>\n<\/ul>\n<p>\"}}\n]}<\/script><\/p>\n<h2><span id=\"%F0%9F%93%8C_Mas_informacion_sobre_captacion_de_leads\" class=\"ez-toc-section\"><\/span>M\u00e1s informaci\u00f3n sobre captaci\u00f3n de leads<\/h2>\n<ul>\n<li><a href=\"https:\/\/www.elespanol.com\/formacion-digital\/20200828\/herramientas-debes-dominar-vender-internet\/515699404_0.html\" rel=\"nofollow noopener\" target=\"_blank\">Cuatro herramientas que debes dominar para vender en Internet<\/a>.<\/li>\n<\/ul>\n<\/div>\n<p>&nbsp;<\/p>\n","protected":false},"excerpt":{"rendered":"<p>Es el conjunto de acciones estrat\u00e9gicas que se llevan a cabo para conseguir nuevos\u00a0contactos o suscriptores, que tengan la potencialidad de convertirse en clientes en un futuro cercano. La\u00a0captaci\u00f3n de leads tambi\u00e9n conlleva a una nutrici\u00f3n de la base de datos de usuarios\u00a0de un sitio web. Origen de la palabra Captaciones de Leads Lead se [&hellip;]<\/p>\n","protected":false},"author":1,"featured_media":10901,"parent":0,"menu_order":0,"comment_status":"closed","ping_status":"closed","template":"","meta":{"inline_featured_image":false,"footnotes":""},"class_list":["post-713","page","type-page","status-publish","has-post-thumbnail","hentry"],"_links":{"self":[{"href":"https:\/\/www.appyweb.es\/diccionario\/wp-json\/wp\/v2\/pages\/713","targetHints":{"allow":["GET"]}}],"collection":[{"href":"https:\/\/www.appyweb.es\/diccionario\/wp-json\/wp\/v2\/pages"}],"about":[{"href":"https:\/\/www.appyweb.es\/diccionario\/wp-json\/wp\/v2\/types\/page"}],"author":[{"embeddable":true,"href":"https:\/\/www.appyweb.es\/diccionario\/wp-json\/wp\/v2\/users\/1"}],"replies":[{"embeddable":true,"href":"https:\/\/www.appyweb.es\/diccionario\/wp-json\/wp\/v2\/comments?post=713"}],"version-history":[{"count":5,"href":"https:\/\/www.appyweb.es\/diccionario\/wp-json\/wp\/v2\/pages\/713\/revisions"}],"predecessor-version":[{"id":11857,"href":"https:\/\/www.appyweb.es\/diccionario\/wp-json\/wp\/v2\/pages\/713\/revisions\/11857"}],"wp:featuredmedia":[{"embeddable":true,"href":"https:\/\/www.appyweb.es\/diccionario\/wp-json\/wp\/v2\/media\/10901"}],"wp:attachment":[{"href":"https:\/\/www.appyweb.es\/diccionario\/wp-json\/wp\/v2\/media?parent=713"}],"curies":[{"name":"wp","href":"https:\/\/api.w.org\/{rel}","templated":true}]}}