{"id":724,"date":"2023-06-20T09:44:21","date_gmt":"2023-06-20T09:44:21","guid":{"rendered":"https:\/\/www.appyweb.es\/diccionario\/?page_id=724"},"modified":"2024-03-21T08:49:43","modified_gmt":"2024-03-21T08:49:43","slug":"categorias","status":"publish","type":"page","link":"https:\/\/www.appyweb.es\/diccionario\/categorias\/","title":{"rendered":"Categor\u00edas"},"content":{"rendered":"<p><img loading=\"lazy\" decoding=\"async\" class=\"alignnone wp-image-11548\" src=\"https:\/\/www.appyweb.es\/diccionario\/wp-content\/uploads\/2024\/03\/categorias-300x180.jpg\" alt=\"categorias\" width=\"962\" height=\"577\" srcset=\"https:\/\/www.appyweb.es\/diccionario\/wp-content\/uploads\/2024\/03\/categorias-300x180.jpg 300w, https:\/\/www.appyweb.es\/diccionario\/wp-content\/uploads\/2024\/03\/categorias-768x461.jpg 768w, https:\/\/www.appyweb.es\/diccionario\/wp-content\/uploads\/2024\/03\/categorias.jpg 1000w\" sizes=\"auto, (max-width: 962px) 100vw, 962px\" \/><\/p>\n<h1 class=\"entry-title main_title\">Categor\u00edas<\/h1>\n<div class=\"entry-content\">\n<p>Es una forma jer\u00e1rquica de estructurar el contenido en un\u00a0sitio web, dependiendo de los temas que las p\u00e1ginas abordan pueden crearse dos o m\u00e1s de estas.\u00a0<strong>Con las categor\u00edas e<\/strong><strong>l usuario tiene la posibilidad de elegir por donde navegar<\/strong>, siguiendo la tem\u00e1tica m\u00e1s apropiada a sus intereses.<\/p>\n<h2><span id=\"%F0%9F%93%8C_%C2%BFOrigen_de_la_palabra\" class=\"ez-toc-section\"><\/span>\u00bfOrigen de la palabra?<\/h2>\n<p>Este t\u00e9rmino tiene origen en los tiempos de Arist\u00f3teles, fue utilizado por primera vez en su libro\u00a0<em>Categor\u00edas<\/em>, tambi\u00e9n conocido como\u00a0<em>Cat<\/em>, cuya primera impresi\u00f3n p\u00fablica data de 1834. En la obra, el fil\u00f3sofo describe 10 t\u00edtulos que jerarquizan o separan propiedades abstractas en la sociedad. M\u00e1s tarde, los mismos ser\u00edan estudiados por Kant, Hegel y Marx para definir los diferentes estratos sociales.<\/p>\n<p>El t\u00e9rmino evolucion\u00f3 a otras \u00e1reas como el \u00e1lgebra y esta vez, en los\u00a0<a href=\"https:\/\/www.appyweb.es\/diseno-web\/\">conceptos de dise\u00f1o web<\/a>\u00a0para\u00a0<strong>describir secciones y sub-secciones dentro del viaje de navegaci\u00f3n<\/strong>, de un sitio web o aplicaci\u00f3n.<\/p>\n<h2><span id=\"%F0%9F%93%8C_%C2%BFPara_que_sirve\" class=\"ez-toc-section\"><\/span>\u00bfPara qu\u00e9 sirve?<\/h2>\n<p>Su funci\u00f3n principal es permitir el orden dentro de los sitios web,\u00a0<strong>para optimizar la experiencia de navegaci\u00f3n del usuario<\/strong>. Igualmente, se destaca especialmente dentro de las\u00a0<a href=\"https:\/\/www.appyweb.es\/posicionamiento-web\/\">estrategias de posicionamiento SEO<\/a>, ya que si el contenido no es categorizado de forma adecuada, los algoritmos podr\u00edan solicitar m\u00e1s recursos para \u201centender\u201d como clasificar el contenido, lo que tambi\u00e9n puede ser penalizado.<\/p>\n<p>La forma m\u00e1s adecuada de organizar los temas es a trav\u00e9s de un mapa de sitio, estos suelen insertarse en el c\u00f3digo para indicarle al algoritmo cu\u00e1les son las p\u00e1ginas que deben ser indexadas y c\u00f3mo se organizan. Esto facilita la navegaci\u00f3n del bot, lo que significa que el proceso\u00a0<strong>ser\u00e1 m\u00e1s r\u00e1pido y el sitio se puede posicionar mejor en buscadores<\/strong>.<\/p>\n<p>Para crear ese mapa se incluyen etiquetas que definen cada secci\u00f3n y de ellas se desprenden otras, hasta crear una jerarqu\u00eda ordenada.<\/p>\n<h2><span id=\"%F0%9F%93%8C_Tipos_de_categoria\" class=\"ez-toc-section\"><\/span>Tipos de categor\u00eda<\/h2>\n<p>Cuando se habla de un proyecto de desarrollo digital existen dos tipos de categorizaci\u00f3n, son las siguientes.<\/p>\n<ul>\n<li><strong>Temas<\/strong>: Se organizan los art\u00edculos del blog o sitio web por temas bien diferenciados, por ejemplo, es un sitio de reposter\u00eda se pueden utilizar etiquetas como \u201cRecetas\u201d o \u201cUtensilios\u201d, cada uno contiene art\u00edculos que hablan espec\u00edficamente de esas preparaciones.<\/li>\n<li><strong>Listados<\/strong>: Re\u00fanen temas de un conjunto, por ejemplo, en el caso de la reposter\u00eda se pueden hacer listados de \u201cRecetas de pasteles\u201d o \u201cPasteles\u201d.\u00a0<strong>Tambi\u00e9n se consideran como sub-categor\u00edas<\/strong>, se utilizan para diferenciar los contenidos de un tema.<\/li>\n<\/ul>\n<h2><span id=\"%F0%9F%93%8C_Ejemplos\" class=\"ez-toc-section\"><\/span>Ejemplos<\/h2>\n<p>El mejor ejemplo es el blog de Appyweb\u00a0<a href=\"https:\/\/www.appy%3Cstrongfont-weight%20400%3B\/\" rel=\"nofollow\">https:\/\/www.appyweb.es\/blog\/<\/a>,\u00a0<strong>las categor\u00edas tienen que ver con marketing digital<\/strong>\u00a0y se pueden diferenciar en los siguiente temas.<\/p>\n<ul>\n<li>Empresa.<\/li>\n<li>Dise\u00f1o.<\/li>\n<li>Branding.<\/li>\n<li>Posicionamiento.<\/li>\n<li>Conversi\u00f3n.<\/li>\n<li>Otros servicios.<\/li>\n<\/ul>\n<p>&nbsp;<\/p>\n<h2><span id=\"%F0%9F%93%8C_Mas_informacion_sobre_Categorias\" class=\"ez-toc-section\"><\/span>M\u00e1s informaci\u00f3n sobre Categor\u00edas<\/h2>\n<ul>\n<li><a href=\"https:\/\/www.appyweb.es\/diccionario\/navegabilidad\/\">\u00bfQu\u00e9 es la Navegabilidad y para qu\u00e9 sirve?<\/a><\/li>\n<li><a href=\"https:\/\/es.wikipedia.org\/wiki\/Wikipedia:Categorizaci%C3%B3n#Errores_en_la_categorizaci%C3%B3n\" rel=\"nofollow noopener\" target=\"_blank\">Errores en la categorizaci\u00f3n<\/a>.<\/li>\n<\/ul>\n<\/div>\n","protected":false},"excerpt":{"rendered":"<p>Categor\u00edas Es una forma jer\u00e1rquica de estructurar el contenido en un\u00a0sitio web, dependiendo de los temas que las p\u00e1ginas abordan pueden crearse dos o m\u00e1s de estas.\u00a0Con las categor\u00edas el usuario tiene la posibilidad de elegir por donde navegar, siguiendo la tem\u00e1tica m\u00e1s apropiada a sus intereses. \u00bfOrigen de la palabra? Este t\u00e9rmino tiene origen [&hellip;]<\/p>\n","protected":false},"author":1,"featured_media":0,"parent":0,"menu_order":0,"comment_status":"closed","ping_status":"closed","template":"","meta":{"inline_featured_image":false,"footnotes":""},"class_list":["post-724","page","type-page","status-publish","hentry"],"_links":{"self":[{"href":"https:\/\/www.appyweb.es\/diccionario\/wp-json\/wp\/v2\/pages\/724","targetHints":{"allow":["GET"]}}],"collection":[{"href":"https:\/\/www.appyweb.es\/diccionario\/wp-json\/wp\/v2\/pages"}],"about":[{"href":"https:\/\/www.appyweb.es\/diccionario\/wp-json\/wp\/v2\/types\/page"}],"author":[{"embeddable":true,"href":"https:\/\/www.appyweb.es\/diccionario\/wp-json\/wp\/v2\/users\/1"}],"replies":[{"embeddable":true,"href":"https:\/\/www.appyweb.es\/diccionario\/wp-json\/wp\/v2\/comments?post=724"}],"version-history":[{"count":6,"href":"https:\/\/www.appyweb.es\/diccionario\/wp-json\/wp\/v2\/pages\/724\/revisions"}],"predecessor-version":[{"id":11860,"href":"https:\/\/www.appyweb.es\/diccionario\/wp-json\/wp\/v2\/pages\/724\/revisions\/11860"}],"wp:attachment":[{"href":"https:\/\/www.appyweb.es\/diccionario\/wp-json\/wp\/v2\/media?parent=724"}],"curies":[{"name":"wp","href":"https:\/\/api.w.org\/{rel}","templated":true}]}}