{"id":728,"date":"2023-06-20T09:47:03","date_gmt":"2023-06-20T09:47:03","guid":{"rendered":"https:\/\/www.appyweb.es\/diccionario\/?page_id=728"},"modified":"2024-03-21T08:52:15","modified_gmt":"2024-03-21T08:52:15","slug":"ceo-y-seo","status":"publish","type":"page","link":"https:\/\/www.appyweb.es\/diccionario\/ceo-y-seo\/","title":{"rendered":"CEO y SEO"},"content":{"rendered":"<p><img loading=\"lazy\" decoding=\"async\" class=\"alignnone wp-image-11556\" src=\"https:\/\/www.appyweb.es\/diccionario\/wp-content\/uploads\/2024\/03\/ceoyseo-300x180.jpg\" alt=\"ceo y seo\" width=\"973\" height=\"584\" srcset=\"https:\/\/www.appyweb.es\/diccionario\/wp-content\/uploads\/2024\/03\/ceoyseo-300x180.jpg 300w, https:\/\/www.appyweb.es\/diccionario\/wp-content\/uploads\/2024\/03\/ceoyseo-768x461.jpg 768w, https:\/\/www.appyweb.es\/diccionario\/wp-content\/uploads\/2024\/03\/ceoyseo.jpg 1000w\" sizes=\"auto, (max-width: 973px) 100vw, 973px\" \/><\/p>\n<h1 class=\"entry-title main_title\">CEO y SEO<\/h1>\n<div class=\"entry-content\">\n<p>Es m\u00e1s que una letra lo que los diferencia, pues si bien se leen igual, el CEO es lo que en nuestro idioma entendemos como \u201cdirector ejecutivo\u201d y SEO es el t\u00e9rmino que abrevia \u201coptimizaci\u00f3n de los motores de b\u00fasqueda\u201d,\u00a0<strong>ambos cumplen funciones distintas y deben ser diferenciadas correctamente<\/strong>.<\/p>\n<h2><span id=\"%F0%9F%93%8C_%C2%BFOrigen_de_las_palabras\" class=\"ez-toc-section\"><\/span>\u00bfOrigen de las palabras?<\/h2>\n<p>Ambas provienen de abreviaciones de t\u00e9rminos anglosajones, por ejemplo, CEO proviene de\u00a0<em>Chief Executive Officer<\/em>, lo que en espa\u00f1ol se puede traducir como \u201cDirector Ejecutivo\u201d, se utiliza para definir un alto cargo dentro de una empresa.<\/p>\n<p>Por otro lado, SEO proviene de\u00a0<em>Search Engine Optimization<\/em>, que significa \u201coptimizaci\u00f3n de motores de b\u00fasqueda\u201d. \u00c9ste t\u00e9rmino est\u00e1 m\u00e1s\u00a0<a href=\"https:\/\/www.appyweb.es\/marketing-de-atraccion\/\">relacionado al marketing digital<\/a>\u00a0y tiene que ver con las\u00a0<strong>estrategias org\u00e1nicas que se aplican dentro y fuera de un sitio web<\/strong>, con la finalidad de lograr un mejor posicionamiento en las SERP\\\u2019s o p\u00e1gina de resultados de b\u00fasqueda.<\/p>\n<p>\u00c9ste \u00faltimo t\u00e9rmino tambi\u00e9n puede ser utilizado para definir al profesional que se encarga de esas tareas, sin embargo, no tiene las mismas funciones que un director ejecutivo. Aun as\u00ed, ambos suelen ser confundido en ocasiones, especialmente entre los principiantes del marketing online.<\/p>\n<h2><span id=\"%F0%9F%93%8C_%C2%BFCual_es_la_diferencia_entre_un_SEO_y_CEO\" class=\"ez-toc-section\"><\/span>\u00bfCu\u00e1l es la diferencia entre un SEO y CEO?<\/h2>\n<p>Un SEO es un profesional encargado de\u00a0<strong>optimizar el contenido de un sitio web<\/strong>\u00a0<strong>dentro de los motores de b\u00fasqueda de Google<\/strong>. Normalmente, cuenta con un conocimiento profundo de los algoritmos, por lo que entiende c\u00f3mo funcionan las tendencias y las estrategias, pudiendo incluso personalizarlas seg\u00fan las necesidades del sitio de la empresa. Entre otras tareas se encuentran las siguientes.<\/p>\n<ul>\n<li>Se encarga de planificar la estrategia de palabras claves.<\/li>\n<li>Puede participar en la arquitectura y dise\u00f1o del sitio web.<\/li>\n<li>Realiza informes de los an\u00e1lisis de resultados, seg\u00fan las estrategias aplicadas.<\/li>\n<\/ul>\n<p>Por su parte el\u00a0<strong>CEO, es el m\u00e1s alto cargo dentro de la jerarqu\u00eda en la organizaci\u00f3n de una empresa<\/strong>, se encarga de tomar las decisiones trascendentales para esta. Es la cara de su empresa en el mundo de los negocios, por esta raz\u00f3n requiere destrezas en el liderazgo y visi\u00f3n para destacar en el mercado. Otras funciones son estas.<\/p>\n<ul>\n<li>Se encarga de la misi\u00f3n, visi\u00f3n y objetivos de la empresa.<\/li>\n<li>Verifica y aprueba los proyectos que se desarrollan.<\/li>\n<li>Analiza los nuevos productos que se ofrecer\u00e1n al mercado.<\/li>\n<li>Es el principal vocero ante presentaciones de productos y\/o crisis de empresa.<\/li>\n<\/ul>\n<h2><span id=\"%F0%9F%93%8C_%C2%BFQue_es_CEO_Marketing\" class=\"ez-toc-section\"><\/span>\u00bfQu\u00e9 es CEO Marketing?<\/h2>\n<p>Tal vez exista una oportunidad en la estos t\u00e9rminos se relacionan en una sola frase\u00a0<strong>y es cuando se habla de CEO Marketing<\/strong>. Es una pr\u00e1ctica que consiste en hacer que el nombre del director ejecutivo sea parte del posicionamiento de la marca en Internet. Consiste en crearle una imagen digital, para darle una reputaci\u00f3n de experto en el sector, que pueda respaldar la transparencia de su empresa.<\/p>\n<p>\u00bfPor qu\u00e9 es importante y necesario llevar a cabo esta pr\u00e1ctica? Porque la improvisaci\u00f3n puede salir cara. El mejor ejemplo es el de Elon Musk, directivo de Tesla, tuvo una entrevista con Joe Rogan en su programa radial el 7 de septiembre del 2018, donde fum\u00f3 marihuana y tom\u00f3 whiskey en vivo. Como consecuencia, la empresa tuvo una de las peores ca\u00eddas en la bolsa en toda su historia, cost\u00e1ndoles hasta 5 millones de d\u00f3lares a los contribuyentes.<\/p>\n<h2><span id=\"%F0%9F%93%8C_Ejemplos\" class=\"ez-toc-section\"><\/span>Ejemplos<\/h2>\n<p>Un SEO viene acompa\u00f1ado generalmente de una agencia, no es una sola persona,\u00a0<strong>son equipos de trabajo que persigue el objetivo de posicionar un sitio web<\/strong>. Appyweb es el mejor ejemplo, ya que ofrecemos estos servicios personalizados.<\/p>\n<p>Por otro lado, el CEO no trabaja en equipo y tradicionalmente es un cargo individual. Un ejemplo de esto es Steve Jobs, quien era el ejecutivo de Apple.<\/p>\n<p>&nbsp;<\/p>\n<h2><span id=\"%F0%9F%93%8C_Mas_informacion_sobre_CEO_y_SEO\" class=\"ez-toc-section\"><\/span>M\u00e1s informaci\u00f3n sobre CEO y SEO<\/h2>\n<ul>\n<li><a href=\"https:\/\/www.appyweb.es\/diccionario\/articulo-seo\/\">\u00bfQu\u00e9 es un Art\u00edculo SEO y para qu\u00e9 sirve?<\/a><\/li>\n<li><a href=\"https:\/\/blog.cliento.mx\/rol-ceo-transicion-marketing-digital\" rel=\"nofollow noopener\" target=\"_blank\">El rol del CEO en la transici\u00f3n al marketing digital<\/a>.<\/li>\n<\/ul>\n<\/div>\n<p>&nbsp;<\/p>\n","protected":false},"excerpt":{"rendered":"<p>CEO y SEO Es m\u00e1s que una letra lo que los diferencia, pues si bien se leen igual, el CEO es lo que en nuestro idioma entendemos como \u201cdirector ejecutivo\u201d y SEO es el t\u00e9rmino que abrevia \u201coptimizaci\u00f3n de los motores de b\u00fasqueda\u201d,\u00a0ambos cumplen funciones distintas y deben ser diferenciadas correctamente. \u00bfOrigen de las palabras? [&hellip;]<\/p>\n","protected":false},"author":1,"featured_media":11556,"parent":0,"menu_order":0,"comment_status":"closed","ping_status":"closed","template":"","meta":{"inline_featured_image":false,"footnotes":""},"class_list":["post-728","page","type-page","status-publish","has-post-thumbnail","hentry"],"_links":{"self":[{"href":"https:\/\/www.appyweb.es\/diccionario\/wp-json\/wp\/v2\/pages\/728","targetHints":{"allow":["GET"]}}],"collection":[{"href":"https:\/\/www.appyweb.es\/diccionario\/wp-json\/wp\/v2\/pages"}],"about":[{"href":"https:\/\/www.appyweb.es\/diccionario\/wp-json\/wp\/v2\/types\/page"}],"author":[{"embeddable":true,"href":"https:\/\/www.appyweb.es\/diccionario\/wp-json\/wp\/v2\/users\/1"}],"replies":[{"embeddable":true,"href":"https:\/\/www.appyweb.es\/diccionario\/wp-json\/wp\/v2\/comments?post=728"}],"version-history":[{"count":5,"href":"https:\/\/www.appyweb.es\/diccionario\/wp-json\/wp\/v2\/pages\/728\/revisions"}],"predecessor-version":[{"id":11558,"href":"https:\/\/www.appyweb.es\/diccionario\/wp-json\/wp\/v2\/pages\/728\/revisions\/11558"}],"wp:featuredmedia":[{"embeddable":true,"href":"https:\/\/www.appyweb.es\/diccionario\/wp-json\/wp\/v2\/media\/11556"}],"wp:attachment":[{"href":"https:\/\/www.appyweb.es\/diccionario\/wp-json\/wp\/v2\/media?parent=728"}],"curies":[{"name":"wp","href":"https:\/\/api.w.org\/{rel}","templated":true}]}}