{"id":732,"date":"2023-06-20T09:48:20","date_gmt":"2023-06-20T09:48:20","guid":{"rendered":"https:\/\/www.appyweb.es\/diccionario\/?page_id=732"},"modified":"2024-03-21T08:52:46","modified_gmt":"2024-03-21T08:52:46","slug":"cestas-abandonadas","status":"publish","type":"page","link":"https:\/\/www.appyweb.es\/diccionario\/cestas-abandonadas\/","title":{"rendered":"Cestas Abandonadas"},"content":{"rendered":"<h1 class=\"entry-title main_title\"><img loading=\"lazy\" decoding=\"async\" class=\"wp-image-11575 aligncenter\" src=\"https:\/\/www.appyweb.es\/diccionario\/wp-content\/uploads\/2024\/03\/cestasabandonadas-300x300.jpg\" alt=\"Cestas abandonadas\" width=\"646\" height=\"646\" srcset=\"https:\/\/www.appyweb.es\/diccionario\/wp-content\/uploads\/2024\/03\/cestasabandonadas-300x300.jpg 300w, https:\/\/www.appyweb.es\/diccionario\/wp-content\/uploads\/2024\/03\/cestasabandonadas-150x150.jpg 150w, https:\/\/www.appyweb.es\/diccionario\/wp-content\/uploads\/2024\/03\/cestasabandonadas.jpg 500w\" sizes=\"auto, (max-width: 646px) 100vw, 646px\" \/><\/h1>\n<p>&nbsp;<\/p>\n<div class=\"entry-content\">\n<p>Se habla de cestas abandonadas cuando un usuario sale del sitio web, pero con el carrito de compras online a\u00fan lleno. Esto significa que no se vio interesado en comprar,\u00a0<strong>incluso despu\u00e9s de haber llegado tan lejos en el viaje de ventas<\/strong>.<strong>\u00a0<\/strong>Las razones de esto suelen son estudiadas dentro de las tiendas online para consideraciones futuras en las estrategias de marketing.<\/p>\n<h2><span id=\"%F0%9F%93%8C_%C2%BFOrigen_de_la_palabra\" class=\"ez-toc-section\"><\/span>\u00bfOrigen de la palabra?<\/h2>\n<p>El t\u00e9rmino apareci\u00f3 con la utilizaci\u00f3n del software de la cesta de compra online, \u00e9ste tuvo inspiraci\u00f3n por parte de las t\u00edpicas canastas que se utilizan para llevar los productos dentro del supermercado hasta la caja registradora, lo que garantiza comodidad a los usuarios y clientes.<\/p>\n<p>Es igual en el sector digital, funciona para que\u00a0<strong>los usuarios puedan acceder a los art\u00edculos que m\u00e1s le interesan<\/strong>, sin necesidad de recordar en cu\u00e1l secci\u00f3n de la p\u00e1gina estuvieron. Cuando se refiere a \u201cabandonados\u201d es que los usuarios salen del sitio sin comprar ninguno de esos productos.<\/p>\n<h2><span id=\"%F0%9F%93%8C_%C2%BFPara_que_sirve\" class=\"ez-toc-section\"><\/span>\u00bfPara qu\u00e9 sirve?<\/h2>\n<p>Las cestas abandonadas otorgan informaci\u00f3n a los administradores de la tienda online, especialmente sobre\u00a0<strong>las posibles causas por las que la compra no fue realizada<\/strong>. Algunos expertos consideran que es menos complejo deducir las razones de esto cuando m\u00e1s avanzado est\u00e9 el cliente en el\u00a0<a href=\"https:\/\/www.appyweb.es\/embudo-ventas-e-commerce\/\">embudo de venta<\/a>, ya que se pueden comparar precios, m\u00e9todos de pago o caracter\u00edsticas de los productos.<\/p>\n<p>Esto permitir\u00e1 observar las posibles necesidades que hayan surgido en ese momento para el usuario y que no hayan sido complacidas. La finalidad es desarrollar estrategias que hagan m\u00e1s f\u00e1cil las futuras compras, analizando aspectos como costes de env\u00edo y formas de pago.<\/p>\n<p>Tambi\u00e9n pueden desarrollarse otras t\u00e9cnicas que permitan la posible recuperaci\u00f3n de esta compra. Una de estas es el uso del e-mail marketing,\u00a0<strong>en el cu\u00e1l se puede enviar un e-mail autom\u00e1tico al usuario\u00a0<\/strong>invit\u00e1ndole a finalizar la compra.<\/p>\n<h2><span id=\"%F0%9F%93%8C_Estrategias_para_recuperar_la_cesta_abandonada\" class=\"ez-toc-section\"><\/span>Estrategias para recuperar la cesta abandonada<\/h2>\n<p>Luego de estudiar cu\u00e1les son las posibles causas de que el cliente haya salido, es necesario hacer que vuelva lo antes posible. Esto se puede lograr realizando descuentos o promociones personalizadas, es necesario\u00a0<strong>utilizar la informaci\u00f3n recopilada sobre su viaje para hacer una propuesta irresistible<\/strong>. Algunas t\u00e9cnicas utilizadas son las siguientes.<\/p>\n<ul>\n<li><strong>Recordatorios<\/strong>: Son notificaciones que pueden ser enviadas a trav\u00e9s de la cuenta del usuario, suelen ser muy efectivas,\u00a0<strong>sobre todo en las apps de tiendas online<\/strong>, ya que tienen un impacto directo e inmediato.<\/li>\n<li><strong>Email<\/strong>: Es el m\u00e1s com\u00fan, la\u00a0<a href=\"https:\/\/www.appyweb.es\/gestion-newsletters\/\">notificaci\u00f3n a trav\u00e9s de una newsletter<\/a>\u00a0es efectiva porque cuenta con un toque de formalidad y transparencia, los usuarios pueden llegar a sentir que la tienda se toma la molestia de\u00a0<strong>guardar los productos que le interesan para despu\u00e9s hacer una propuesta m\u00e1s ajustada<\/strong>\u00a0a sus necesidades.<\/li>\n<li><strong>Remarketing<\/strong>: Sigue los pasos del viaje del cliente para mostrarle anuncios que permitan recordarle su paseo por la tienda, de forma que tenga la necesidad de ingresar nuevamente.<\/li>\n<\/ul>\n<p>&nbsp;<\/p>\n<h2><span id=\"%F0%9F%93%8C_Mas_informacion_sobre_cestas_abandonadas\" class=\"ez-toc-section\"><\/span>M\u00e1s informaci\u00f3n sobre cestas abandonadas<\/h2>\n<ul>\n<li><a href=\"https:\/\/www.appyweb.es\/aumento-ingresos-internet-funnel-ventas\/\">Aumenta tus ingresos en internet gracias al funnel de ventas<\/a>.<\/li>\n<li><a href=\"https:\/\/es.sendinblue.com\/blog\/aumentar-ventas-de-ecommerce-con-emails-de-carrito-abandonado\/\" rel=\"nofollow noopener\" target=\"_blank\">C\u00f3mo comenzar con los emails de carrito abandonado<\/a>.<\/li>\n<\/ul>\n<\/div>\n<p>&nbsp;<\/p>\n","protected":false},"excerpt":{"rendered":"<p>&nbsp; Se habla de cestas abandonadas cuando un usuario sale del sitio web, pero con el carrito de compras online a\u00fan lleno. Esto significa que no se vio interesado en comprar,\u00a0incluso despu\u00e9s de haber llegado tan lejos en el viaje de ventas.\u00a0Las razones de esto suelen son estudiadas dentro de las tiendas online para consideraciones [&hellip;]<\/p>\n","protected":false},"author":1,"featured_media":11580,"parent":0,"menu_order":0,"comment_status":"closed","ping_status":"closed","template":"","meta":{"inline_featured_image":false,"footnotes":""},"class_list":["post-732","page","type-page","status-publish","has-post-thumbnail","hentry"],"_links":{"self":[{"href":"https:\/\/www.appyweb.es\/diccionario\/wp-json\/wp\/v2\/pages\/732","targetHints":{"allow":["GET"]}}],"collection":[{"href":"https:\/\/www.appyweb.es\/diccionario\/wp-json\/wp\/v2\/pages"}],"about":[{"href":"https:\/\/www.appyweb.es\/diccionario\/wp-json\/wp\/v2\/types\/page"}],"author":[{"embeddable":true,"href":"https:\/\/www.appyweb.es\/diccionario\/wp-json\/wp\/v2\/users\/1"}],"replies":[{"embeddable":true,"href":"https:\/\/www.appyweb.es\/diccionario\/wp-json\/wp\/v2\/comments?post=732"}],"version-history":[{"count":12,"href":"https:\/\/www.appyweb.es\/diccionario\/wp-json\/wp\/v2\/pages\/732\/revisions"}],"predecessor-version":[{"id":11578,"href":"https:\/\/www.appyweb.es\/diccionario\/wp-json\/wp\/v2\/pages\/732\/revisions\/11578"}],"wp:featuredmedia":[{"embeddable":true,"href":"https:\/\/www.appyweb.es\/diccionario\/wp-json\/wp\/v2\/media\/11580"}],"wp:attachment":[{"href":"https:\/\/www.appyweb.es\/diccionario\/wp-json\/wp\/v2\/media?parent=732"}],"curies":[{"name":"wp","href":"https:\/\/api.w.org\/{rel}","templated":true}]}}