{"id":750,"date":"2023-06-20T09:55:16","date_gmt":"2023-06-20T09:55:16","guid":{"rendered":"https:\/\/www.appyweb.es\/diccionario\/?page_id=750"},"modified":"2024-03-21T08:55:27","modified_gmt":"2024-03-21T08:55:27","slug":"citysem","status":"publish","type":"page","link":"https:\/\/www.appyweb.es\/diccionario\/citysem\/","title":{"rendered":"CitySEM"},"content":{"rendered":"<h1 class=\"entry-title main_title\"><img loading=\"lazy\" decoding=\"async\" class=\"alignnone wp-image-11596\" src=\"https:\/\/www.appyweb.es\/diccionario\/wp-content\/uploads\/2024\/03\/city-sem-300x180.jpg\" alt=\"City SEM\" width=\"963\" height=\"578\" srcset=\"https:\/\/www.appyweb.es\/diccionario\/wp-content\/uploads\/2024\/03\/city-sem-300x180.jpg 300w, https:\/\/www.appyweb.es\/diccionario\/wp-content\/uploads\/2024\/03\/city-sem-768x461.jpg 768w, https:\/\/www.appyweb.es\/diccionario\/wp-content\/uploads\/2024\/03\/city-sem.jpg 1000w\" sizes=\"auto, (max-width: 963px) 100vw, 963px\" \/><\/h1>\n<div class=\"entry-content\">\n<p>Es una agencia de marketing online con m\u00e1s de 7 a\u00f1os experiencia en el sector,\u00a0<strong>CitySEM ha sido catalogada como una de las mejores diez agencias SEM<\/strong>\u00a0de Espa\u00f1a.\u00a0Esta agencia cuenta con dos sedes, una que se encuentra en Granada y otra en M\u00e1laga.<\/p>\n<h2><span id=\"%F0%9F%93%8C_%C2%BFOrigen_de_la_palabra\" class=\"ez-toc-section\"><\/span>\u00bfOrigen de la palabra?<\/h2>\n<p>City se traduce del ingl\u00e9s como \u201cciudad\u201d y SEM son las siglas en ingl\u00e9s para decir \u201cSearh Engine Marketing\u201d, en espa\u00f1ol,\u00a0<em>marketing para motores de b\u00fasqueda<\/em>. Por lo que CitySEM es una palabra compuesta, hace referencia a una ciudad de\u00a0<a href=\"https:\/\/www.appyweb.es\/campanas-google-adwords\/\">marketing para buscadores<\/a>, quiere decir que cuentan\u00a0<strong>con los servicios m\u00e1s indispensables<\/strong>\u00a0para hacer anuncios en Internet.<\/p>\n<h2><span id=\"%F0%9F%93%8C_%C2%BFPara_que_sirve\" class=\"ez-toc-section\"><\/span>\u00bfPara qu\u00e9 sirve?<\/h2>\n<p>Es una empresa l\u00edder en marketing en motores de b\u00fasqueda, que tambi\u00e9n ofrece\u00a0<a href=\"https:\/\/www.appyweb.es\/diseno-grafico\/\">servicios de dise\u00f1o gr\u00e1fico y web<\/a>, desarrollo de apps y posicionamiento en buscadores. Pero se dedica especialmente a la\u00a0<strong>creaci\u00f3n de campa\u00f1as en Adwords<\/strong>\u00a0y otras plataformas de anuncios de pago en buscadores.<\/p>\n<p>Entre sus servicios abarcan aspectos como el impacto a generar y el retorno de la inversi\u00f3n. Esta compa\u00f1\u00eda es una Google Partner, por lo que su trabajo est\u00e1 avalado para el buscador y \u00e9sta muy relacionada con todas las herramientas que Google ofrece.<\/p>\n<p>La interacci\u00f3n con los usuarios por parte de esta empresa, es bastante activa en las redes y en Google<strong>.<\/strong>\u00a0Han cimentado bases muy s\u00f3lidas para su reputaci\u00f3n dentro del buscador, teniendo puntuaci\u00f3n perfecta, cinco de cinco estrellas en las rese\u00f1as de Google.<\/p>\n<h2><span id=\"%F0%9F%93%8C_Servicios_de_CitySEM\" class=\"ez-toc-section\"><\/span>Servicios de CitySEM<\/h2>\n<p>Uno de los servicios que diferencia esta empresa de otras agencias es la personalizaci\u00f3n y accesibilidad, garantizan al cliente un servicio de atenci\u00f3n disponible las 24 horas, al mismo tiempo que\u00a0<strong>generan un plan de marketing especialmente dise\u00f1ado para cada cliente<\/strong>. Aparte, CitySEM no cuenta con contrato de permanencia, lo que puede ser muy atractivo para futuros proyectos. Sus servicios se agrupan entre los siguientes.<\/p>\n<ul>\n<li>Dise\u00f1o gr\u00e1fico.<\/li>\n<li>Dise\u00f1o web.<\/li>\n<li>Posicionamiento web.<\/li>\n<li>Redes sociales.<\/li>\n<li>Publicidad en medios digitales.<\/li>\n<\/ul>\n<h2><span id=\"%F0%9F%93%8C_Opiniones_sobre_CitySEM\" class=\"ez-toc-section\"><\/span>Opiniones sobre CitySEM<\/h2>\n<p>Como se mencion\u00f3 anteriormente, esta agencia cuenta con una puntuaci\u00f3n muy alta en cuanto a las referencias en el buscador de Google, de todas estas opiniones 155 son rese\u00f1as con\u00a0<strong>una alta clasificaci\u00f3n de media de 5 estrellas<\/strong>. Por otro lado, en el marketplace de Facebook cuenta con una puntuaci\u00f3n de 4,9 por un total de 24 rese\u00f1as.<\/p>\n<p>&nbsp;<\/p>\n<h2><span id=\"%F0%9F%93%8C_Mas_informacion_sobre_CitySEM\" class=\"ez-toc-section\"><\/span>M\u00e1s informaci\u00f3n sobre CitySEM<\/h2>\n<p>A continuaci\u00f3n, dejamos un par de enlaces para conocer un poco m\u00e1s sobre esta agencia y entender c\u00f3mo funcionan los anuncios de Internet.<\/p>\n<ul>\n<li><a href=\"https:\/\/www.appyweb.es\/mejorar-posicionamiento-sem-negocio\/\">\u00bfC\u00f3mo Mejorar El SEM De Tu P\u00e1gina Web?<\/a><\/li>\n<li><a href=\"https:\/\/citysem.es\/el-camino-del-exito\/\" rel=\"nofollow noopener\" target=\"_blank\">El camino del \u00e9xito | CitySEM Agencia de marketing online<\/a>.<\/li>\n<\/ul>\n<\/div>\n<p>&nbsp;<\/p>\n","protected":false},"excerpt":{"rendered":"<p>Es una agencia de marketing online con m\u00e1s de 7 a\u00f1os experiencia en el sector,\u00a0CitySEM ha sido catalogada como una de las mejores diez agencias SEM\u00a0de Espa\u00f1a.\u00a0Esta agencia cuenta con dos sedes, una que se encuentra en Granada y otra en M\u00e1laga. \u00bfOrigen de la palabra? City se traduce del ingl\u00e9s como \u201cciudad\u201d y SEM [&hellip;]<\/p>\n","protected":false},"author":1,"featured_media":11596,"parent":0,"menu_order":0,"comment_status":"closed","ping_status":"closed","template":"","meta":{"inline_featured_image":false,"footnotes":""},"class_list":["post-750","page","type-page","status-publish","has-post-thumbnail","hentry"],"_links":{"self":[{"href":"https:\/\/www.appyweb.es\/diccionario\/wp-json\/wp\/v2\/pages\/750","targetHints":{"allow":["GET"]}}],"collection":[{"href":"https:\/\/www.appyweb.es\/diccionario\/wp-json\/wp\/v2\/pages"}],"about":[{"href":"https:\/\/www.appyweb.es\/diccionario\/wp-json\/wp\/v2\/types\/page"}],"author":[{"embeddable":true,"href":"https:\/\/www.appyweb.es\/diccionario\/wp-json\/wp\/v2\/users\/1"}],"replies":[{"embeddable":true,"href":"https:\/\/www.appyweb.es\/diccionario\/wp-json\/wp\/v2\/comments?post=750"}],"version-history":[{"count":5,"href":"https:\/\/www.appyweb.es\/diccionario\/wp-json\/wp\/v2\/pages\/750\/revisions"}],"predecessor-version":[{"id":11598,"href":"https:\/\/www.appyweb.es\/diccionario\/wp-json\/wp\/v2\/pages\/750\/revisions\/11598"}],"wp:featuredmedia":[{"embeddable":true,"href":"https:\/\/www.appyweb.es\/diccionario\/wp-json\/wp\/v2\/media\/11596"}],"wp:attachment":[{"href":"https:\/\/www.appyweb.es\/diccionario\/wp-json\/wp\/v2\/media?parent=750"}],"curies":[{"name":"wp","href":"https:\/\/api.w.org\/{rel}","templated":true}]}}