{"id":760,"date":"2023-06-20T09:58:44","date_gmt":"2023-06-20T09:58:44","guid":{"rendered":"https:\/\/www.appyweb.es\/diccionario\/?page_id=760"},"modified":"2024-03-21T11:51:02","modified_gmt":"2024-03-21T11:51:02","slug":"ctr","status":"publish","type":"page","link":"https:\/\/www.appyweb.es\/diccionario\/ctr\/","title":{"rendered":"CTR"},"content":{"rendered":"<h1 class=\"entry-title main_title\"><img loading=\"lazy\" decoding=\"async\" class=\"alignnone  wp-image-11977\" src=\"https:\/\/www.appyweb.es\/diccionario\/wp-content\/uploads\/2024\/03\/ctr-300x180.jpg\" alt=\"ctr\" width=\"1138\" height=\"683\" srcset=\"https:\/\/www.appyweb.es\/diccionario\/wp-content\/uploads\/2024\/03\/ctr-300x180.jpg 300w, https:\/\/www.appyweb.es\/diccionario\/wp-content\/uploads\/2024\/03\/ctr-768x461.jpg 768w, https:\/\/www.appyweb.es\/diccionario\/wp-content\/uploads\/2024\/03\/ctr.jpg 1000w\" sizes=\"auto, (max-width: 1138px) 100vw, 1138px\" \/><\/h1>\n<div class=\"entry-content\">\n<p>Es el n\u00famero de clics que tiene un enlace, anuncio o contenido en Internet, teniendo en cuenta la cantidad de impresiones, es decir, las veces que se visualizan. El CTR se calcula en porcentaje y es un patr\u00f3n de referencia\u00a0<strong>al momento de medir el impacto de una campa\u00f1a online<\/strong>.<\/p>\n<h2><span id=\"%F0%9F%93%8C_%C2%BFOrigen_de_la_palabra_CTR\" class=\"ez-toc-section\"><\/span>\u00bfOrigen de la palabra CTR?<\/h2>\n<p>Son las siglas en ingl\u00e9s para \u201cClick Through Rate\u201d, al espa\u00f1ol se traduce como \u201cclic por calificaciones\u201d. Es un anglicismo y\u00a0<strong>se refiere a la acci\u00f3n de hacer clic sobre un anuncio<\/strong>, aunque en el mundo de la publicidad tambi\u00e9n se le conoce como\u00a0<em>proporci\u00f3n de clics<\/em>, se debe tener en cuenta al realizar las optimizaciones del\u00a0<a href=\"https:\/\/www.appyweb.es\/embudo-ventas-e-commerce\/\">embudo de ventas<\/a>.<\/p>\n<h2><span id=\"%F0%9F%93%8C_%C2%BFPara_que_sirve_el_CTR_en_marketing_digital\" class=\"ez-toc-section\"><\/span>\u00bfPara qu\u00e9 sirve el CTR en marketing digital?<\/h2>\n<p>Su funci\u00f3n principal es medir la eficiencia de una campa\u00f1a de publicidad online, mientras m\u00e1s alta sea la tasa de CTR m\u00e1s probabilidades hay de captar nuevos suscriptores. Sin dudas, es una m\u00e9trica que se debe\u00a0<strong>tener en cuenta al momento de calcular el presupuesto para las campa\u00f1as<\/strong>. Un promedio aceptable de esta m\u00e9trica puede ir desde 0,10% hasta 0,12%.<\/p>\n<p>En el caso de las campa\u00f1as publicitarias por pago, como los\u00a0<a href=\"https:\/\/www.appyweb.es\/campanas-google-adwords\/\">Adwords en Google<\/a>, suele tener un rendimiento de casi el 2% de media, pero esto depende de la posici\u00f3n en la que se encuentre dentro de la p\u00e1gina de resultados. Para tener acceso a estos datos es necesario tener una cuenta en Google Analytics, aunque tambi\u00e9n se pueden verificar desde Google Search Console.<\/p>\n<p>Para incrementar este valor es necesario implementar ciertas estrategias, adem\u00e1s de las t\u00edpicas de SEO, es importante utilizar s\u00edmbolos en la meta-descripci\u00f3n, como los fragmentos enriquecidos.<\/p>\n<h2><span id=\"%F0%9F%93%8C_%C2%BFComo_se_calcula_el_CTR\" class=\"ez-toc-section\"><\/span>\u00bfC\u00f3mo se calcula el CTR?<\/h2>\n<p>Como se mencion\u00f3 anteriormente, esta m\u00e9trica representa la cantidad de clics que obtuvo una campa\u00f1a publicitaria en Internet y se divide por la cantidad de impresiones que tuvo. \u00c9sta es la f\u00f3rmula m\u00e1s utilizada.<\/p>\n<ul>\n<li>CTR = N\u00famero de clics \/ n\u00famero de impresiones * 100.<\/li>\n<\/ul>\n<p>En las herramienta de an\u00e1lisis nombradas anteriormente, \u00e9ste c\u00e1lculo se realiza de forma autom\u00e1tica gracias algoritmo. Se pueden obtener informes personalizados seg\u00fan el tiempo de la campa\u00f1a, horarios, tipos de anuncios, entre otras caracter\u00edsticas.<\/p>\n<h2><span id=\"%F0%9F%93%8C_Ejemplos_de_CTR\" class=\"ez-toc-section\"><\/span>Ejemplos de CTR<\/h2>\n<p>Por ejemplo, una empresa de art\u00edculos para mascotas inicia una campa\u00f1a de anuncios en Google Adwords. Durante el primer d\u00eda se generaron 100 visualizaciones y un total de 7 clics. La f\u00f3rmula ser\u00eda la siguiente.<\/p>\n<ul>\n<li>Ratio de clics = 7 clics \/100 visualizaciones*100 = 7%.<\/li>\n<\/ul>\n<p>&nbsp;<\/p>\n<h2><span id=\"%F0%9F%93%8C_Mas_informacion_sobre_CTR\" class=\"ez-toc-section\"><\/span>M\u00e1s informaci\u00f3n sobre CTR<\/h2>\n<ul>\n<li><a href=\"https:\/\/www.appyweb.es\/tacticas-aumentar-visitas-web\/\">11 t\u00e1cticas efectivas para aumentar las visitas en tu web<\/a>.<\/li>\n<li><a href=\"https:\/\/support.google.com\/google-ads\/answer\/2615875?hl=es-419\" rel=\"nofollow noopener\" target=\"_blank\">Tasa de clics (CTR) en Google Ads<\/a>.<\/li>\n<\/ul>\n<\/div>\n<p>&nbsp;<\/p>\n","protected":false},"excerpt":{"rendered":"<p>Es el n\u00famero de clics que tiene un enlace, anuncio o contenido en Internet, teniendo en cuenta la cantidad de impresiones, es decir, las veces que se visualizan. El CTR se calcula en porcentaje y es un patr\u00f3n de referencia\u00a0al momento de medir el impacto de una campa\u00f1a online. \u00bfOrigen de la palabra CTR? Son [&hellip;]<\/p>\n","protected":false},"author":1,"featured_media":11977,"parent":0,"menu_order":0,"comment_status":"closed","ping_status":"closed","template":"","meta":{"inline_featured_image":false,"footnotes":""},"class_list":["post-760","page","type-page","status-publish","has-post-thumbnail","hentry"],"_links":{"self":[{"href":"https:\/\/www.appyweb.es\/diccionario\/wp-json\/wp\/v2\/pages\/760","targetHints":{"allow":["GET"]}}],"collection":[{"href":"https:\/\/www.appyweb.es\/diccionario\/wp-json\/wp\/v2\/pages"}],"about":[{"href":"https:\/\/www.appyweb.es\/diccionario\/wp-json\/wp\/v2\/types\/page"}],"author":[{"embeddable":true,"href":"https:\/\/www.appyweb.es\/diccionario\/wp-json\/wp\/v2\/users\/1"}],"replies":[{"embeddable":true,"href":"https:\/\/www.appyweb.es\/diccionario\/wp-json\/wp\/v2\/comments?post=760"}],"version-history":[{"count":5,"href":"https:\/\/www.appyweb.es\/diccionario\/wp-json\/wp\/v2\/pages\/760\/revisions"}],"predecessor-version":[{"id":11979,"href":"https:\/\/www.appyweb.es\/diccionario\/wp-json\/wp\/v2\/pages\/760\/revisions\/11979"}],"wp:featuredmedia":[{"embeddable":true,"href":"https:\/\/www.appyweb.es\/diccionario\/wp-json\/wp\/v2\/media\/11977"}],"wp:attachment":[{"href":"https:\/\/www.appyweb.es\/diccionario\/wp-json\/wp\/v2\/media?parent=760"}],"curies":[{"name":"wp","href":"https:\/\/api.w.org\/{rel}","templated":true}]}}