{"id":764,"date":"2023-06-20T10:00:09","date_gmt":"2023-06-20T10:00:09","guid":{"rendered":"https:\/\/www.appyweb.es\/diccionario\/?page_id=764"},"modified":"2024-03-21T08:58:47","modified_gmt":"2024-03-21T08:58:47","slug":"clickbait","status":"publish","type":"page","link":"https:\/\/www.appyweb.es\/diccionario\/clickbait\/","title":{"rendered":"Clickbait"},"content":{"rendered":"<h1 class=\"entry-title main_title\"><img loading=\"lazy\" decoding=\"async\" class=\"alignnone wp-image-11605\" src=\"https:\/\/www.appyweb.es\/diccionario\/wp-content\/uploads\/2024\/03\/clickbait-300x180.jpg\" alt=\"Clickbait\" width=\"963\" height=\"578\" srcset=\"https:\/\/www.appyweb.es\/diccionario\/wp-content\/uploads\/2024\/03\/clickbait-300x180.jpg 300w, https:\/\/www.appyweb.es\/diccionario\/wp-content\/uploads\/2024\/03\/clickbait-768x461.jpg 768w, https:\/\/www.appyweb.es\/diccionario\/wp-content\/uploads\/2024\/03\/clickbait.jpg 1000w\" sizes=\"auto, (max-width: 963px) 100vw, 963px\" \/><\/h1>\n<div class=\"entry-content\">\n<p>Es una t\u00e9cnica de Black Hat SEO que consiste en utilizar t\u00edtulos de contenidos amarillistas y sensacionalistas, la mayor\u00eda de las veces ofreciendo noticias enga\u00f1osas\u00a0<strong>con el \u00fanico objetivo de generar una mayor cantidad de clics<\/strong>. Aunque, actualmente es considerada una estrategia que se debe evitar, anteriormente era efectiva para lograr un mejor posicionamiento en buscadores.<\/p>\n<h2><span id=\"%F0%9F%93%8C_%C2%BFQue_es_y_como_afecta_el_Clickbait\" class=\"ez-toc-section\"><\/span>\u00bfQu\u00e9 es y c\u00f3mo afecta el Clickbait?<\/h2>\n<p>Es un vocablo que se ha adaptado al ciberespacio, propio del idioma ingl\u00e9s. Traducido al espa\u00f1ol, hace referencia a la t\u00e9cnica de atraer mayor cantidad de visitas o vistazos en plataformas utilizando im\u00e1genes y t\u00edtulos que provoquen curiosidad en el usuario. Su objetivo es\u00a0<strong>lograr llamar la atenci\u00f3n de los consumidores para que hagan clic<\/strong>, sin embargo, el contenido dentro de ese sitio web no tendr\u00e1 nada que ver con la informaci\u00f3n prometida.<\/p>\n<p>En espa\u00f1ol, se puede traducir como ciberanzuelo o anzuelo de clics, es descrito de esta forma tanto por los\u00a0<a href=\"https:\/\/www.appyweb.es\/marketing-de-atraccion\/\">expertos de marketing de atracci\u00f3n<\/a>, como por la comunidad de usuarios en Internet. Popularmente, se utiliza para hacer referencia a esos resultados en buscadores que utilizan informaci\u00f3n viral para promocionar productos o contenidos, sin llegar a satisfacer la necesidad del usuario.<\/p>\n<p>Es considerada una estrategia poco moral, ya que busca enga\u00f1ar al usuario para obtener el beneficio de aumentar la tasa de clics. Igualmente, esto afecta la reputaci\u00f3n del sitio web, ya que la mayor\u00eda de las veces generan una alta tasa de rebote. Al mismo tiempo, que crea una mala imagen entre los consumidores.<\/p>\n<h2><span id=\"%F0%9F%93%8C_Origen_del_Clickbait\" class=\"ez-toc-section\"><\/span>Origen del Clickbait<\/h2>\n<p>Empez\u00f3 a utilizarse en 1999, sin embargo, empez\u00f3 a tener mayor popularidad en el a\u00f1o 2010, esto a causa de un medio digital sat\u00edrico llamado ClickHole que hab\u00eda empezado a parodiar a otros medios en Internet que utilizaban t\u00edtulos exagerados como Buzzfeed.<\/p>\n<p>La plataforma de la red social Facebook empez\u00f3 a penalizar a las cuentas de empresas que\u00a0<strong>utilizaban este tipo de t\u00e9cnicas para generar visitas durante 2014<\/strong>, para distinguir este par\u00e1metro utilizaban tasa de tiempo de visita del usuario. Todo este movimiento tambi\u00e9n empez\u00f3 a afectar otras plataformas similares, teniendo un origen las actualizaciones del algoritmo de Google, que penalizaba a los sitios web que utilizaban palabras claves distintas en los t\u00edtulos y el contenido.<\/p>\n<h2><span id=\"%F0%9F%93%8C_Tips_de_uso_en_Clickbait\" class=\"ez-toc-section\"><\/span>Tips de uso en Clickbait<\/h2>\n<p>El Clickbait genera tal curiosidad en el cibernauta que lograr\u00e1 producir la necesidad de hacer clic, sin embargo, no es necesario enga\u00f1ar al consumidor para lograrlo, los expertos recomiendan estos tips para utilizarlo.<\/p>\n<ul>\n<li>Hacer uso de pronombres demostrativos, pueden despertar la curiosidad.<\/li>\n<li>A\u00f1adir frases imperativas que inducen a los usuarios o lectores a desarrollar la acci\u00f3n.<\/li>\n<li>Enunciar resultados y a su vez\u00a0<strong>incitando a los visitantes a verificar esta informaci\u00f3n<\/strong>.<\/li>\n<li>A\u00f1adir contenidos que mezclan emociones con im\u00e1genes.<\/li>\n<\/ul>\n<h2><span id=\"%F0%9F%93%8C_Ejemplo\" class=\"ez-toc-section\"><\/span>Ejemplo<\/h2>\n<p>El mejor ejemplo de clickbait es BuzzFeed, se trata de un portal de noticias de entretenimiento, por lo que esta estrategia de titulaci\u00f3n forma parte de su agenda. Su intenci\u00f3n es hacer que los usuarios\u00a0<strong>hagan clic en sus contenidos con la intenci\u00f3n de generar m\u00e1s visitas<\/strong>, no de informar u ofrecer informaci\u00f3n interesante.<\/p>\n<p>&nbsp;<\/p>\n<h2><span id=\"%F0%9F%93%8C_Mas_informacion_sobre_Clickbait\" class=\"ez-toc-section\"><\/span>M\u00e1s informaci\u00f3n sobre Clickbait<\/h2>\n<ul>\n<li><a href=\"https:\/\/www.appyweb.es\/diccionario\/clickmap\/\">\u00bfQu\u00e9 es el Clickmap y para qu\u00e9 sirve?<\/a><\/li>\n<li><a href=\"https:\/\/es.semrush.com\/blog\/que-es-clickbait\/#:~:text=El%20clickbait%20(pronunciaci%C3%B3n%20en%20ingl%C3%A9s,generar%20ingresos%20publicitarios%2C%20especialmente%20a\" rel=\"nofollow noopener\" target=\"_blank\">\u00bfQu\u00e9 es el clickbait y c\u00f3mo usarlo con buenos prop\u00f3sitos?<\/a><\/li>\n<\/ul>\n<\/div>\n<p>&nbsp;<\/p>\n","protected":false},"excerpt":{"rendered":"<p>Es una t\u00e9cnica de Black Hat SEO que consiste en utilizar t\u00edtulos de contenidos amarillistas y sensacionalistas, la mayor\u00eda de las veces ofreciendo noticias enga\u00f1osas\u00a0con el \u00fanico objetivo de generar una mayor cantidad de clics. Aunque, actualmente es considerada una estrategia que se debe evitar, anteriormente era efectiva para lograr un mejor posicionamiento en buscadores. [&hellip;]<\/p>\n","protected":false},"author":1,"featured_media":11605,"parent":0,"menu_order":0,"comment_status":"closed","ping_status":"closed","template":"","meta":{"inline_featured_image":false,"footnotes":""},"class_list":["post-764","page","type-page","status-publish","has-post-thumbnail","hentry"],"_links":{"self":[{"href":"https:\/\/www.appyweb.es\/diccionario\/wp-json\/wp\/v2\/pages\/764","targetHints":{"allow":["GET"]}}],"collection":[{"href":"https:\/\/www.appyweb.es\/diccionario\/wp-json\/wp\/v2\/pages"}],"about":[{"href":"https:\/\/www.appyweb.es\/diccionario\/wp-json\/wp\/v2\/types\/page"}],"author":[{"embeddable":true,"href":"https:\/\/www.appyweb.es\/diccionario\/wp-json\/wp\/v2\/users\/1"}],"replies":[{"embeddable":true,"href":"https:\/\/www.appyweb.es\/diccionario\/wp-json\/wp\/v2\/comments?post=764"}],"version-history":[{"count":6,"href":"https:\/\/www.appyweb.es\/diccionario\/wp-json\/wp\/v2\/pages\/764\/revisions"}],"predecessor-version":[{"id":11607,"href":"https:\/\/www.appyweb.es\/diccionario\/wp-json\/wp\/v2\/pages\/764\/revisions\/11607"}],"wp:featuredmedia":[{"embeddable":true,"href":"https:\/\/www.appyweb.es\/diccionario\/wp-json\/wp\/v2\/media\/11605"}],"wp:attachment":[{"href":"https:\/\/www.appyweb.es\/diccionario\/wp-json\/wp\/v2\/media?parent=764"}],"curies":[{"name":"wp","href":"https:\/\/api.w.org\/{rel}","templated":true}]}}