{"id":770,"date":"2023-06-20T10:02:50","date_gmt":"2023-06-20T10:02:50","guid":{"rendered":"https:\/\/www.appyweb.es\/diccionario\/?page_id=770"},"modified":"2024-03-21T08:59:17","modified_gmt":"2024-03-21T08:59:17","slug":"clickmap","status":"publish","type":"page","link":"https:\/\/www.appyweb.es\/diccionario\/clickmap\/","title":{"rendered":"Clickmap"},"content":{"rendered":"<h1 class=\"entry-title main_title\"><img loading=\"lazy\" decoding=\"async\" class=\"alignnone wp-image-11610\" src=\"https:\/\/www.appyweb.es\/diccionario\/wp-content\/uploads\/2024\/03\/Clickmap-300x180.jpg\" alt=\"Clickmap\" width=\"962\" height=\"577\" srcset=\"https:\/\/www.appyweb.es\/diccionario\/wp-content\/uploads\/2024\/03\/Clickmap-300x180.jpg 300w, https:\/\/www.appyweb.es\/diccionario\/wp-content\/uploads\/2024\/03\/Clickmap-768x461.jpg 768w, https:\/\/www.appyweb.es\/diccionario\/wp-content\/uploads\/2024\/03\/Clickmap.jpg 1000w\" sizes=\"auto, (max-width: 962px) 100vw, 962px\" \/><\/h1>\n<div class=\"entry-content\">\n<p>Durante el an\u00e1lisis del dise\u00f1o web es importante tener en cuenta las \u00e1reas donde los clientes hacen m\u00e1s clics, con esa informaci\u00f3n se puede optimizar el sitio web\u00a0<strong>para hacerlo m\u00e1s intuitivo y mejorar la experiencia de navegaci\u00f3n<\/strong>. Para lograrlo, se utiliza un Clickmap o mapa de sitio, sigue leyendo y conoce c\u00f3mo funciona.<\/p>\n<p>&nbsp;<\/p>\n<h2><span id=\"%F0%9F%93%8C_%C2%BFQue_es_Clickmap\" class=\"ez-toc-section\"><\/span>\u00bfQu\u00e9 es Clickmap?<\/h2>\n<p>Es una representaci\u00f3n gr\u00e1fica de las diferentes secciones del sitio, en \u00e9l se puede visualizar lo que se conoce como puntos \u201ccalientes\u201d y puntos \u201cfr\u00edos\u201d que son las zonas donde los usuarios hacen m\u00e1s clics o menos clics respectivamente.<\/p>\n<p>Se utiliza para\u00a0<strong>analizar el comportamiento y los intereses de los usuarios<\/strong>, de forma que la empresa pueda optimizar el\u00a0<a href=\"https:\/\/www.appyweb.es\/embudo-ventas-e-commerce\/\">ciclo del embudo de ventas<\/a>. El Clickmap tambi\u00e9n permite estudiar los aspectos importantes de la visibilidad, la estructura y el dise\u00f1o de la p\u00e1gina.<\/p>\n<p>Por su parte, los programadores y dise\u00f1adores lo utilizan frecuentemente\u00a0<strong>para evaluar la usabilidad de la p\u00e1gina<\/strong>, el nivel de acierto y receptividad sobre las campa\u00f1as que se han elaborado desde dicha p\u00e1gina. Esto quiere decir que su finalidad m\u00e1s directa es mejorar el dise\u00f1o de la p\u00e1gina para cubrir las necesidades de los usuarios.<\/p>\n<h2><span id=\"%F0%9F%93%8C_Origen\" class=\"ez-toc-section\"><\/span>Origen<\/h2>\n<p>Un clickmap ser\u00eda lo mismo que un mapa de calor en otras \u00e1reas fuera del marketing, por lo que se puede decir que es su origen principal. Este m\u00e9todo estad\u00edstico empez\u00f3 a utilizarse en Francia en el siglo XIX, donde empezaron a utilizar puntos rojos en el mapa de Par\u00eds para ilustrar los datos estad\u00edsticos.<\/p>\n<p>Actualmente, este tipo de an\u00e1lisis se utilizan en cualquier tipo de \u00e1rea diferente, en la meteorolog\u00eda se utilizan para captar zonas de cambios de climas dr\u00e1sticos, analizar juegos deportivos y hacer consultas de energ\u00eda el\u00e9ctrica. Su implementaci\u00f3n en la\u00a0<a href=\"https:\/\/www.appyweb.es\/diseno-web\/\">anal\u00edtica del dise\u00f1o web<\/a>\u00a0empez\u00f3 desde 2014, con el fin de\u00a0<strong>analizar la usabilidad y las principales \u00e1reas de mayor interacci\u00f3n<\/strong>\u00a0y las de menos vistas.<\/p>\n<h2><span id=\"%F0%9F%93%8C_%C2%BFPara_que_sirve\" class=\"ez-toc-section\"><\/span>\u00bfPara qu\u00e9 sirve?<\/h2>\n<p>Su funci\u00f3n es ofrecer\u00a0<strong>detalles de la interacci\u00f3n de los usuarios y compradores con el sitio<\/strong>, para conocer cu\u00e1les son los aspectos m\u00e1s visitados o preferidos por la audiencia y cu\u00e1les cuentan con menos clics.<\/p>\n<p>Esta herramienta permite observar cu\u00e1les son los puntos m\u00e1s favorables y los menos favorables dentro de la plataforma de la web, con ello, se gestiona el perfeccionamiento de dise\u00f1o y se mejora el sitio digital.<\/p>\n<p>Con el Clickmap se puede verificar la funcionalidad del dise\u00f1o de la p\u00e1gina<strong>,<\/strong>\u00a0de esta forma, se buscan crear hip\u00f3tesis para determinar cu\u00e1l es la raz\u00f3n de porque los usuarios\u00a0<strong>hacen m\u00e1s o menos clic en ciertas \u00e1reas<\/strong>. En estos casos, se debe tener en cuenta todos los aspectos del dise\u00f1o, como el texto, la estructura, las im\u00e1genes, los enlaces, entre otros.<\/p>\n<h2><span id=\"%F0%9F%93%8C_Herramientas_para_analizar_el_Clickmap\" class=\"ez-toc-section\"><\/span>Herramientas para analizar el Clickmap<\/h2>\n<ul>\n<li><strong>Google Analytics<\/strong>: Dentro de esta herramienta se encuentra una secci\u00f3n llamada Page Analytics que ofrece un mapa de clics a trav\u00e9s de porcentajes. Con ayuda de un plugin se puede determinar el porcentaje de inter\u00e9s de los usuarios en ciertos enlaces de una p\u00e1gina.<\/li>\n<li><strong>Yandex Metrica<\/strong>: Muy similar a Google Analytics y se puede utilizar para\u00a0<strong>generar informes de cualquier estrategia cuantitativa<\/strong>. Tambi\u00e9n se puede activar la opci\u00f3n de mapa de calor desde su plataforma.<\/li>\n<li><strong>SmartLook<\/strong>: Esta no es una plataforma gratuita, pero cuenta con varias herramientas de an\u00e1lisis a cambio de un plan personalizado, dependiendo del volumen de usuarios en el sitio web.<\/li>\n<\/ul>\n<p>&nbsp;<\/p>\n<h2><span id=\"%F0%9F%93%8C_Mas_informacion_sobre_Clickmap\" class=\"ez-toc-section\"><\/span>M\u00e1s informaci\u00f3n sobre Clickmap<\/h2>\n<ul>\n<li><a href=\"https:\/\/www.appyweb.es\/guia-configurar-google-analytics-pagina-web\/\">Gu\u00eda definitiva para configurar Google Analytics<\/a>.<\/li>\n<li><a href=\"https:\/\/albeiroochoa.com\/herramientas-mapas-calor-web\/\" rel=\"nofollow noopener\" target=\"_blank\">Herramientas para crear mapas de calor web<\/a>.<\/li>\n<\/ul>\n<\/div>\n<p>&nbsp;<\/p>\n","protected":false},"excerpt":{"rendered":"<p>Durante el an\u00e1lisis del dise\u00f1o web es importante tener en cuenta las \u00e1reas donde los clientes hacen m\u00e1s clics, con esa informaci\u00f3n se puede optimizar el sitio web\u00a0para hacerlo m\u00e1s intuitivo y mejorar la experiencia de navegaci\u00f3n. Para lograrlo, se utiliza un Clickmap o mapa de sitio, sigue leyendo y conoce c\u00f3mo funciona. &nbsp; \u00bfQu\u00e9 [&hellip;]<\/p>\n","protected":false},"author":1,"featured_media":11610,"parent":0,"menu_order":0,"comment_status":"closed","ping_status":"closed","template":"","meta":{"inline_featured_image":false,"footnotes":""},"class_list":["post-770","page","type-page","status-publish","has-post-thumbnail","hentry"],"_links":{"self":[{"href":"https:\/\/www.appyweb.es\/diccionario\/wp-json\/wp\/v2\/pages\/770","targetHints":{"allow":["GET"]}}],"collection":[{"href":"https:\/\/www.appyweb.es\/diccionario\/wp-json\/wp\/v2\/pages"}],"about":[{"href":"https:\/\/www.appyweb.es\/diccionario\/wp-json\/wp\/v2\/types\/page"}],"author":[{"embeddable":true,"href":"https:\/\/www.appyweb.es\/diccionario\/wp-json\/wp\/v2\/users\/1"}],"replies":[{"embeddable":true,"href":"https:\/\/www.appyweb.es\/diccionario\/wp-json\/wp\/v2\/comments?post=770"}],"version-history":[{"count":5,"href":"https:\/\/www.appyweb.es\/diccionario\/wp-json\/wp\/v2\/pages\/770\/revisions"}],"predecessor-version":[{"id":11613,"href":"https:\/\/www.appyweb.es\/diccionario\/wp-json\/wp\/v2\/pages\/770\/revisions\/11613"}],"wp:featuredmedia":[{"embeddable":true,"href":"https:\/\/www.appyweb.es\/diccionario\/wp-json\/wp\/v2\/media\/11610"}],"wp:attachment":[{"href":"https:\/\/www.appyweb.es\/diccionario\/wp-json\/wp\/v2\/media?parent=770"}],"curies":[{"name":"wp","href":"https:\/\/api.w.org\/{rel}","templated":true}]}}