{"id":788,"date":"2023-06-20T10:10:31","date_gmt":"2023-06-20T10:10:31","guid":{"rendered":"https:\/\/www.appyweb.es\/diccionario\/?page_id=788"},"modified":"2024-03-21T09:03:28","modified_gmt":"2024-03-21T09:03:28","slug":"cmo","status":"publish","type":"page","link":"https:\/\/www.appyweb.es\/diccionario\/cmo\/","title":{"rendered":"CMO"},"content":{"rendered":"<h1 class=\"entry-title main_title\"><img loading=\"lazy\" decoding=\"async\" class=\"alignnone wp-image-11636\" src=\"https:\/\/www.appyweb.es\/diccionario\/wp-content\/uploads\/2024\/03\/cmo-300x180.jpg\" alt=\"CMO\" width=\"982\" height=\"589\" srcset=\"https:\/\/www.appyweb.es\/diccionario\/wp-content\/uploads\/2024\/03\/cmo-300x180.jpg 300w, https:\/\/www.appyweb.es\/diccionario\/wp-content\/uploads\/2024\/03\/cmo-768x461.jpg 768w, https:\/\/www.appyweb.es\/diccionario\/wp-content\/uploads\/2024\/03\/cmo.jpg 1000w\" sizes=\"auto, (max-width: 982px) 100vw, 982px\" \/><\/h1>\n<div class=\"entry-content\">\n<p>Bien es cierto que el equipo de marketing est\u00e1 compuesto por una gran cantidad de profesionales especializados en diferentes \u00e1reas, pero en el \u00e1mbito empresarial estos suelen estar dirigidos por un cargo mayor, a\u00a0<strong>\u00e9ste se le conoce como CMO o director de marketing<\/strong>.<\/p>\n<h2><span id=\"%F0%9F%93%8C_%C2%BFQue_es_un_CMO_en_una_empresa\" class=\"ez-toc-section\"><\/span>\u00bfQu\u00e9 es un CMO en una empresa?<\/h2>\n<p>Un CMO es el director de marketing, cuenta con una gran responsabilidad en la parte comercial de una empresa, ya que \u00e9ste es el que se encarga de\u00a0<strong>cumplir con el seguimiento adecuado de todos los procedimientos de marketing<\/strong>.<\/p>\n<p>Este profesional tambi\u00e9n cumple con otras funcionalidades en cuanto a las ventas, publicidad, negocios, relaciones p\u00fablicas, desarrollo de\u00a0<a href=\"https:\/\/www.appyweb.es\/marketing-de-atraccion\/\">nuevas estrategias digitales<\/a>, entre otras. M\u00e1s espec\u00edficamente, es el que se encarga de\u00a0<strong>difundir el mensaje de la empresa a trav\u00e9s de diferentes canales<\/strong>, para cumplir con los objetivos de venta.<\/p>\n<h2><span id=\"%F0%9F%93%8C_%C2%BFQue_significan_las_siglas_CMO\" class=\"ez-toc-section\"><\/span>\u00bfQu\u00e9 significan las siglas CMO?<\/h2>\n<p>Este t\u00e9rmino CMO viene del ingl\u00e9s \u201cChief Executive Officer\u201d, que significa\u00a0<em>director de marketing<\/em>. Este cargo se implement\u00f3 debido a la demanda del crecimiento de las empresas, de esta forma, es m\u00e1s f\u00e1cil segmentar las responsabilidades. \u00c9sta direcci\u00f3n en especial se encarga de la imagen de la marca y su promoci\u00f3n.<\/p>\n<h2><span id=\"%F0%9F%93%8C_%C2%BFPara_que_sirve\" class=\"ez-toc-section\"><\/span>\u00bfPara qu\u00e9 sirve?<\/h2>\n<p>Un CMO tiene como objetivo\u00a0<strong>facilitar el crecimiento y reconocimiento a nivel global de una empresa<\/strong>, mediante el adecuado cumplimiento de todos los procesos de marketing necesarios para el gran desarrollo comercial, aumentando de forma significativa las ventas.<\/p>\n<p>Este cargo ayuda a la empresa a tener una gran ventaja sobre la competencia, creando grandes relaciones y experiencias en el\u00a0<a href=\"https:\/\/www.appyweb.es\/embudo-ventas-e-commerce\/\">perfeccionamiento del embudo de ventas<\/a>.<\/p>\n<h2><span id=\"%F0%9F%93%8C_Caracteristicas_de_un_CMO\" class=\"ez-toc-section\"><\/span>Caracter\u00edsticas de un CMO<\/h2>\n<p>Un CMO debe incluir ciertas caracter\u00edsticas y conocimientos que le permita tener una buena direcci\u00f3n de marketing en la empresa, las cuales son los siguientes.<\/p>\n<ul>\n<li>Verificar y establecer un perfil de consumidor seg\u00fan los cambios en la industria y en el mercado.<\/li>\n<li>Aprobar la imagen y la personalidad de la marca.<\/li>\n<li>Contar con\u00a0<strong>capacidades de mercadeo y gesti\u00f3n de herramienta de an\u00e1lisis<\/strong>.<\/li>\n<li>Proporcionar resultados en cuanto a los objetivos de cada campa\u00f1a.<\/li>\n<li>Representa a la empresa en casos de crisis de imagen.<\/li>\n<\/ul>\n<p>Si cumple con todo esto, le permitir\u00e1 a la empresa\u00a0<strong>tener un crecimiento potencial que le permitir\u00e1 abrirse a campos muchos m\u00e1s grandes.<\/strong><\/p>\n<p>&nbsp;<\/p>\n<h2><span id=\"%F0%9F%93%8C_Mas_informacion_sobre_CMO\" class=\"ez-toc-section\"><\/span>M\u00e1s informaci\u00f3n sobre CMO<\/h2>\n<ul>\n<li><a href=\"https:\/\/www.appyweb.es\/diccionario\/ceo-y-seo\/\">\u00bfQu\u00e9 es CEO y SEO y para qu\u00e9 sirve?<\/a><\/li>\n<li><a href=\"https:\/\/es.wikipedia.org\/wiki\/Direcci%C3%B3n_de_marketing#Organizaci%C3%B3n_de_un_departamento_de_marketing\" rel=\"nofollow noopener\" target=\"_blank\">Organizaci\u00f3n de un departamento de marketing<\/a>.<\/li>\n<\/ul>\n<\/div>\n<p>&nbsp;<\/p>\n","protected":false},"excerpt":{"rendered":"<p>Bien es cierto que el equipo de marketing est\u00e1 compuesto por una gran cantidad de profesionales especializados en diferentes \u00e1reas, pero en el \u00e1mbito empresarial estos suelen estar dirigidos por un cargo mayor, a\u00a0\u00e9ste se le conoce como CMO o director de marketing. \u00bfQu\u00e9 es un CMO en una empresa? Un CMO es el director [&hellip;]<\/p>\n","protected":false},"author":1,"featured_media":11636,"parent":0,"menu_order":0,"comment_status":"closed","ping_status":"closed","template":"","meta":{"inline_featured_image":false,"footnotes":""},"class_list":["post-788","page","type-page","status-publish","has-post-thumbnail","hentry"],"_links":{"self":[{"href":"https:\/\/www.appyweb.es\/diccionario\/wp-json\/wp\/v2\/pages\/788","targetHints":{"allow":["GET"]}}],"collection":[{"href":"https:\/\/www.appyweb.es\/diccionario\/wp-json\/wp\/v2\/pages"}],"about":[{"href":"https:\/\/www.appyweb.es\/diccionario\/wp-json\/wp\/v2\/types\/page"}],"author":[{"embeddable":true,"href":"https:\/\/www.appyweb.es\/diccionario\/wp-json\/wp\/v2\/users\/1"}],"replies":[{"embeddable":true,"href":"https:\/\/www.appyweb.es\/diccionario\/wp-json\/wp\/v2\/comments?post=788"}],"version-history":[{"count":4,"href":"https:\/\/www.appyweb.es\/diccionario\/wp-json\/wp\/v2\/pages\/788\/revisions"}],"predecessor-version":[{"id":11638,"href":"https:\/\/www.appyweb.es\/diccionario\/wp-json\/wp\/v2\/pages\/788\/revisions\/11638"}],"wp:featuredmedia":[{"embeddable":true,"href":"https:\/\/www.appyweb.es\/diccionario\/wp-json\/wp\/v2\/media\/11636"}],"wp:attachment":[{"href":"https:\/\/www.appyweb.es\/diccionario\/wp-json\/wp\/v2\/media?parent=788"}],"curies":[{"name":"wp","href":"https:\/\/api.w.org\/{rel}","templated":true}]}}