{"id":807,"date":"2023-06-20T10:17:36","date_gmt":"2023-06-20T10:17:36","guid":{"rendered":"https:\/\/www.appyweb.es\/diccionario\/?page_id=807"},"modified":"2024-03-21T09:09:21","modified_gmt":"2024-03-21T09:09:21","slug":"codigo-servidor-error-404-not-found","status":"publish","type":"page","link":"https:\/\/www.appyweb.es\/diccionario\/codigo-servidor-error-404-not-found\/","title":{"rendered":"C\u00f3digo de servidor error 404 Not Found"},"content":{"rendered":"<h1 class=\"entry-title main_title\"><img loading=\"lazy\" decoding=\"async\" class=\"alignnone wp-image-11664\" src=\"https:\/\/www.appyweb.es\/diccionario\/wp-content\/uploads\/2024\/03\/404-300x180.jpg\" alt=\"C\u00f3digo de servidor error 404 Not Found\" width=\"1115\" height=\"669\" srcset=\"https:\/\/www.appyweb.es\/diccionario\/wp-content\/uploads\/2024\/03\/404-300x180.jpg 300w, https:\/\/www.appyweb.es\/diccionario\/wp-content\/uploads\/2024\/03\/404-768x461.jpg 768w, https:\/\/www.appyweb.es\/diccionario\/wp-content\/uploads\/2024\/03\/404.jpg 1000w\" sizes=\"auto, (max-width: 1115px) 100vw, 1115px\" \/><\/h1>\n<div class=\"entry-content\">\n<p>Los c\u00f3digos de servidor error aparecen\u00a0<strong>cuando existe alg\u00fan inconveniente en un sitio web<\/strong>, especialmente al momento de cargar la informaci\u00f3n. De esta forma, el usuario no puede acceder despu\u00e9s de hacer clic. Seg\u00fan el n\u00famero se identifica el inconveniente, en este caso es el 404, sigue leyendo y conoce por qu\u00e9 ocurre.<\/p>\n<h2><span id=\"%F0%9F%93%8C_%C2%BFQue_es\" class=\"ez-toc-section\"><\/span>\u00bfQu\u00e9 es?<\/h2>\n<p>El error 404 Not Found hace referencia a que\u00a0<strong>el contenido del sitio ha sido eliminado o trasladado a otro URL<\/strong>. Espec\u00edficamente, indica que existe una conexi\u00f3n con el servidor, sin embargo, el elemento solicitado no ha sido encontrado, por lo que se supone que el contenido del web ha sido cambiado.<\/p>\n<p>Existen varias razones para determinar este inconveniente, puede que la URL o sus contenidos fueron eliminados temporalmente, el enlace se ha copiado incorrectamente o pueden existir problemas de conexi\u00f3n con el servidor.<\/p>\n<h2><span id=\"%F0%9F%93%8C_%C2%BFQue_significa_The_requested_URL_was_not_found_on_this_server\" class=\"ez-toc-section\"><\/span>\u00bfQu\u00e9 significa The requested URL was not found on this server?<\/h2>\n<p>Se refiere al mismo error de c\u00f3digo 404 Not Found, quiere decir que\u00a0<strong>el navegador no ha logrado encontrar el contenido solicitado<\/strong>. Aunque s\u00ed pudo conectarse con el servidor, es decir, el sitio web sigue all\u00ed, solo que esa p\u00e1gina ha sido eliminada o modificada.<\/p>\n<p>Este Inconveniente se presenta frecuentemente cuando existen\u00a0<a href=\"https:\/\/www.appyweb.es\/rediseno-web\/\">actividades de redise\u00f1o web<\/a>, en las cuales las URL recicladas suelen perder conectividad con el contenido.<\/p>\n<h2><span id=\"%F0%9F%93%8C_%C2%BFPara_que_sirve\" class=\"ez-toc-section\"><\/span>\u00bfPara qu\u00e9 sirve?<\/h2>\n<p>Cuando la comunicaci\u00f3n no se establece con el servidor, este es el m\u00e9todo para informarle al usuario que\u00a0<strong>algo no funciona con la p\u00e1gina o que toda la URL ha cambiado<\/strong>. De esta forma, un c\u00f3digo de error 404 Not Found significa que \u201cel navegador fue incapaz de resolver el n\u00famero de IP asignado a un dominio\u201d. Al mismo tiempo, no logr\u00f3 encontrar el fichero que se solicit\u00f3.<\/p>\n<p>Tambi\u00e9n es relevante durante el dise\u00f1o web, porque las p\u00e1ginas no encontradas son penalizadas. Por lo tanto, el sitio tendr\u00e1 un\u00a0<a href=\"https:\/\/www.appyweb.es\/posicionamiento-web\/\">posicionamiento web poco favorable<\/a>. Es por eso que una de las razones de utilidad de este inconveniente es para verificar que las URL sean las correctas.<\/p>\n<h2><span id=\"%F0%9F%93%8C_%C2%BFComo_solucionar_el_codigo_de_servidor_error_404_Not_Found\" class=\"ez-toc-section\"><\/span>\u00bfC\u00f3mo solucionar el c\u00f3digo de servidor error 404 Not Found?<\/h2>\n<p>Para evitar que Google penalice el sitio web es importante encontrar los inconvenientes que existen y solucionarlos, para esto se emplean herramientas de monitorizaci\u00f3n como Screaming Frog SEO spider o Broken Link Checker, luego se puede seguir los siguientes pasos.<\/p>\n<ol>\n<li>Se realiza una verificaci\u00f3n para confirmar que los enlaces encontrados en la herramienta sean errores 404 y no de otro tipo.<\/li>\n<li>Normalmente, estos suelen presentarse debido a una falta de ortograf\u00eda en la URL.<\/li>\n<li>Se procede a editarlos y hacer los cambios necesarios para conectar con el contenido.<\/li>\n<li>Tambi\u00e9n\u00a0<strong>es necesario eliminar las p\u00e1ginas duplicadas<\/strong>, ya que en este caso el servidor no entiende cu\u00e1l de las dos deber\u00eda enviar.<\/li>\n<li>Finalmente, es necesario verificar que todas est\u00e9n funcionando correctamente de nuevo.<\/li>\n<li>Por \u00faltimo,\u00a0<strong>se cambian las URL en el Sitemap para evitar que Google indexe las err\u00f3neas<\/strong>.<\/li>\n<\/ol>\n<p>&nbsp;<\/p>\n<h2><span id=\"%F0%9F%93%8C_Mas_informacion_sobre_codigo_de_servidor_error_404_Not_Found\" class=\"ez-toc-section\"><\/span>M\u00e1s informaci\u00f3n sobre c\u00f3digo de servidor error 404 Not Found<\/h2>\n<ul>\n<li><a href=\"https:\/\/www.appyweb.es\/diccionario\/codigo-respuesta-200-ok\/\">\u00bfQu\u00e9 es el C\u00f3digo de respuesta 200 OK y para qu\u00e9 sirve?<\/a><\/li>\n<li><a href=\"https:\/\/www.esquire.com\/es\/tecnologia\/a29656481\/error-404-error-world-wide-web\/\" rel=\"nofollow noopener\" target=\"_blank\">La historia de c\u00f3mo el error 404 cre\u00f3 la World Wide Web<\/a>.<\/li>\n<\/ul>\n<\/div>\n<p>&nbsp;<\/p>\n","protected":false},"excerpt":{"rendered":"<p>Los c\u00f3digos de servidor error aparecen\u00a0cuando existe alg\u00fan inconveniente en un sitio web, especialmente al momento de cargar la informaci\u00f3n. De esta forma, el usuario no puede acceder despu\u00e9s de hacer clic. Seg\u00fan el n\u00famero se identifica el inconveniente, en este caso es el 404, sigue leyendo y conoce por qu\u00e9 ocurre. \u00bfQu\u00e9 es? El [&hellip;]<\/p>\n","protected":false},"author":1,"featured_media":11664,"parent":0,"menu_order":0,"comment_status":"closed","ping_status":"closed","template":"","meta":{"inline_featured_image":false,"footnotes":""},"class_list":["post-807","page","type-page","status-publish","has-post-thumbnail","hentry"],"_links":{"self":[{"href":"https:\/\/www.appyweb.es\/diccionario\/wp-json\/wp\/v2\/pages\/807","targetHints":{"allow":["GET"]}}],"collection":[{"href":"https:\/\/www.appyweb.es\/diccionario\/wp-json\/wp\/v2\/pages"}],"about":[{"href":"https:\/\/www.appyweb.es\/diccionario\/wp-json\/wp\/v2\/types\/page"}],"author":[{"embeddable":true,"href":"https:\/\/www.appyweb.es\/diccionario\/wp-json\/wp\/v2\/users\/1"}],"replies":[{"embeddable":true,"href":"https:\/\/www.appyweb.es\/diccionario\/wp-json\/wp\/v2\/comments?post=807"}],"version-history":[{"count":5,"href":"https:\/\/www.appyweb.es\/diccionario\/wp-json\/wp\/v2\/pages\/807\/revisions"}],"predecessor-version":[{"id":11666,"href":"https:\/\/www.appyweb.es\/diccionario\/wp-json\/wp\/v2\/pages\/807\/revisions\/11666"}],"wp:featuredmedia":[{"embeddable":true,"href":"https:\/\/www.appyweb.es\/diccionario\/wp-json\/wp\/v2\/media\/11664"}],"wp:attachment":[{"href":"https:\/\/www.appyweb.es\/diccionario\/wp-json\/wp\/v2\/media?parent=807"}],"curies":[{"name":"wp","href":"https:\/\/api.w.org\/{rel}","templated":true}]}}