{"id":811,"date":"2023-06-20T10:20:13","date_gmt":"2023-06-20T10:20:13","guid":{"rendered":"https:\/\/www.appyweb.es\/diccionario\/?page_id=811"},"modified":"2024-03-21T09:10:29","modified_gmt":"2024-03-21T09:10:29","slug":"codigo-utm","status":"publish","type":"page","link":"https:\/\/www.appyweb.es\/diccionario\/codigo-utm\/","title":{"rendered":"C\u00f3digo utm"},"content":{"rendered":"<h1 class=\"entry-title main_title\"><img loading=\"lazy\" decoding=\"async\" class=\"alignnone wp-image-11669\" src=\"https:\/\/www.appyweb.es\/diccionario\/wp-content\/uploads\/2024\/03\/Codigoutm-300x180.jpg\" alt=\"C\u00f3digo utm\" width=\"1097\" height=\"658\" srcset=\"https:\/\/www.appyweb.es\/diccionario\/wp-content\/uploads\/2024\/03\/Codigoutm-300x180.jpg 300w, https:\/\/www.appyweb.es\/diccionario\/wp-content\/uploads\/2024\/03\/Codigoutm-768x461.jpg 768w, https:\/\/www.appyweb.es\/diccionario\/wp-content\/uploads\/2024\/03\/Codigoutm.jpg 1000w\" sizes=\"auto, (max-width: 1097px) 100vw, 1097px\" \/><\/h1>\n<div class=\"entry-content\">\n<p>Como su nombre lo indica, es un c\u00f3digo o un conjunto de caracteres que se le adiciona a una direcci\u00f3n URL, con el fin de obtener informaci\u00f3n acerca del tr\u00e1fico que atrae y otros movimientos de p\u00e1gina. El\u00a0<strong>c\u00f3digo UTM es muy utilizado en marketing digital<\/strong>\u00a0y en tareas de seguimiento.<\/p>\n<h2><span id=\"%F0%9F%93%8C_%C2%BFQue_es\" class=\"ez-toc-section\"><\/span>\u00bfQu\u00e9 es?<\/h2>\n<p>El c\u00f3digo utm es un conjunto o cadena de caracteres, el cual se le a\u00f1ade a un URL. Con el fin de facilitar las tareas de seguimiento y de anal\u00edtica de dicha p\u00e1gina. Es principalmente utilizado para evaluar los aspectos de la audiencia y lo que podr\u00eda estar afectando el\u00a0<a href=\"https:\/\/www.appyweb.es\/posicionamiento-web\/\">posicionamiento web de esa p\u00e1gina<\/a>.<\/p>\n<p>\u00c9ste fragmento es proporcionado por Google Analytics, de forma que pueda registrar toda la informaci\u00f3n dentro de la herramienta. Con esta funcionalidad tiene acceso a los siguientes espacios,\u00a0<strong>an\u00e1lisis de todos los detalles de los usuarios en la p\u00e1gina<\/strong>, localizaci\u00f3n geogr\u00e1fica y la cantidad de clics realizados.<\/p>\n<p>En el \u00e1rea del marketing este elemento es utilizado para\u00a0<strong>medir la eficacia de las campa\u00f1as digitales<\/strong>, especialmente para recopilar informaci\u00f3n acerca de los usuarios y as\u00ed construir un perfil de cliente cada vez m\u00e1s eficiente para las pr\u00f3ximas campa\u00f1as.<\/p>\n<h2><span id=\"%F0%9F%93%8C_Origen_del_codigo_UTM\" class=\"ez-toc-section\"><\/span>Origen del c\u00f3digo UTM<\/h2>\n<p>El c\u00f3digo UTM tu origen en la herramienta Urchin Traffic Monitor, significa\u00a0<em>Monitorizaci\u00f3n de Trafico de Urchin.<\/em>\u00a0Despu\u00e9s, fue comprada por Google para medir de d\u00f3nde procede el\u00a0<a href=\"https:\/\/www.appyweb.es\/diseno-web\/\">tr\u00e1fico de una p\u00e1gina<\/a>\u00a0de forma m\u00e1s f\u00e1cil.<\/p>\n<h2><span id=\"%F0%9F%93%8C_%C2%BFComo_funciona\" class=\"ez-toc-section\"><\/span>\u00bfC\u00f3mo funciona?<\/h2>\n<p>Para utilizar una serie de \u00e9stos elementos y medir las campa\u00f1as de marketing, es necesario hacerlo a trav\u00e9s de un sistema de an\u00e1lisis, el m\u00e1s conocido es Google Analytics, pero tambi\u00e9n existen otras opciones como SEMRush. Normalmente, es importante introducir estos elementos al momento de crear una nueva campa\u00f1a esto se hace en la barra de opciones del panel, m\u00e1s espec\u00edficamente dentro del men\u00fa de\u00a0<em>Adquisici\u00f3n<\/em>.<\/p>\n<p>En la actualidad, estos fragmentos est\u00e1n presentes en la mayor\u00eda de los sitios webs, ya que son indispensables para\u00a0<strong>ayudar a las empresas a generar estrategias nuevas<\/strong>, especialmente cuando es necesario acudir a nuevas audiencias.<\/p>\n<h2><span id=\"%F0%9F%93%8C_%C2%BFComo_crear_un_codigo_UTM\" class=\"ez-toc-section\"><\/span>\u00bfC\u00f3mo crear un c\u00f3digo UTM?<\/h2>\n<p>Una vez dentro del men\u00fa de\u00a0<em>Adquisici\u00f3n<\/em>\u00a0en la herramienta de Google Analytics, es necesario ejecutar una\u00a0<em>nueva campa\u00f1a<\/em>. All\u00ed se realizar\u00e1n las modificaciones necesarias, como crear el contenido y otros cambios. Seguidamente,\u00a0<strong>se establecen los par\u00e1metros UTM por el nombre de la campa\u00f1a<\/strong>. Com\u00fanmente se incluye el sufijo utm_campaign m\u00e1s el nombre de la campa\u00f1a, de esta forma.<\/p>\n<ul>\n<li>utm_campaign=descuentosNoviembre.<\/li>\n<\/ul>\n<p>Despu\u00e9s, se establece la fuente, es decir, el canal donde se quiere analizar el tr\u00e1fico, puede ser Google, Facebook, Twitter. Tambi\u00e9n se establece el medio, por ejemplo, si se elige Facebook como canal, entonces el medio es \u201credes sociales\u201d. Por \u00faltimo se a\u00f1ade el contenido y los t\u00e9rminos o palabras clave. Para finalizar se hace clic en \u201cgenerar\u201d y listo.<\/p>\n<p>&nbsp;<\/p>\n<p>&nbsp;<\/p>\n<h2><span id=\"%F0%9F%93%8C_Mas_informacion_sobre_codigos_UTM\" class=\"ez-toc-section\"><\/span>M\u00e1s informaci\u00f3n sobre c\u00f3digos UTM<\/h2>\n<ul>\n<li><a href=\"https:\/\/www.appyweb.es\/guia-configurar-google-analytics-pagina-web\/\">Gu\u00eda definitiva para configurar Google Analytics<\/a>.<\/li>\n<li><a href=\"https:\/\/marketing4ecommerce.net\/todo-lo-que-siempre-quisiste-saber-sobre-el-trafico-directo-de-tu-ecommerce\/\" rel=\"nofollow noopener\" target=\"_blank\">Todo lo que siempre quisiste saber sobre el tr\u00e1fico directo de tu eCommerce<\/a>.<\/li>\n<\/ul>\n<\/div>\n<p>&nbsp;<\/p>\n","protected":false},"excerpt":{"rendered":"<p>Como su nombre lo indica, es un c\u00f3digo o un conjunto de caracteres que se le adiciona a una direcci\u00f3n URL, con el fin de obtener informaci\u00f3n acerca del tr\u00e1fico que atrae y otros movimientos de p\u00e1gina. El\u00a0c\u00f3digo UTM es muy utilizado en marketing digital\u00a0y en tareas de seguimiento. \u00bfQu\u00e9 es? El c\u00f3digo utm es [&hellip;]<\/p>\n","protected":false},"author":1,"featured_media":11669,"parent":0,"menu_order":0,"comment_status":"closed","ping_status":"closed","template":"","meta":{"inline_featured_image":false,"footnotes":""},"class_list":["post-811","page","type-page","status-publish","has-post-thumbnail","hentry"],"_links":{"self":[{"href":"https:\/\/www.appyweb.es\/diccionario\/wp-json\/wp\/v2\/pages\/811","targetHints":{"allow":["GET"]}}],"collection":[{"href":"https:\/\/www.appyweb.es\/diccionario\/wp-json\/wp\/v2\/pages"}],"about":[{"href":"https:\/\/www.appyweb.es\/diccionario\/wp-json\/wp\/v2\/types\/page"}],"author":[{"embeddable":true,"href":"https:\/\/www.appyweb.es\/diccionario\/wp-json\/wp\/v2\/users\/1"}],"replies":[{"embeddable":true,"href":"https:\/\/www.appyweb.es\/diccionario\/wp-json\/wp\/v2\/comments?post=811"}],"version-history":[{"count":5,"href":"https:\/\/www.appyweb.es\/diccionario\/wp-json\/wp\/v2\/pages\/811\/revisions"}],"predecessor-version":[{"id":11671,"href":"https:\/\/www.appyweb.es\/diccionario\/wp-json\/wp\/v2\/pages\/811\/revisions\/11671"}],"wp:featuredmedia":[{"embeddable":true,"href":"https:\/\/www.appyweb.es\/diccionario\/wp-json\/wp\/v2\/media\/11669"}],"wp:attachment":[{"href":"https:\/\/www.appyweb.es\/diccionario\/wp-json\/wp\/v2\/media?parent=811"}],"curies":[{"name":"wp","href":"https:\/\/api.w.org\/{rel}","templated":true}]}}