{"id":815,"date":"2023-06-20T10:21:26","date_gmt":"2023-06-20T10:21:26","guid":{"rendered":"https:\/\/www.appyweb.es\/diccionario\/?page_id=815"},"modified":"2024-03-21T09:12:48","modified_gmt":"2024-03-21T09:12:48","slug":"comercio-electronico","status":"publish","type":"page","link":"https:\/\/www.appyweb.es\/diccionario\/comercio-electronico\/","title":{"rendered":"Comercio electr\u00f3nico"},"content":{"rendered":"<h1 class=\"entry-title main_title\"><img loading=\"lazy\" decoding=\"async\" class=\"alignnone wp-image-11675\" src=\"https:\/\/www.appyweb.es\/diccionario\/wp-content\/uploads\/2024\/03\/Comercioelectronico-300x180.jpg\" alt=\"Comercio electr\u00f3nico\" width=\"1108\" height=\"665\" srcset=\"https:\/\/www.appyweb.es\/diccionario\/wp-content\/uploads\/2024\/03\/Comercioelectronico-300x180.jpg 300w, https:\/\/www.appyweb.es\/diccionario\/wp-content\/uploads\/2024\/03\/Comercioelectronico-768x461.jpg 768w, https:\/\/www.appyweb.es\/diccionario\/wp-content\/uploads\/2024\/03\/Comercioelectronico.jpg 1000w\" sizes=\"auto, (max-width: 1108px) 100vw, 1108px\" \/><\/h1>\n<div class=\"entry-content\">\n<p>El\u00a0<strong>comercio electr\u00f3nico se refiere a la compra y venta online<\/strong>, mejor conocido como e-commerce. \u00c9ste t\u00e9rmino se refiere especialmente a las tiendas online, sin embargo, tambi\u00e9n puede describirse en las plataformas que fomentan esta actividad, como el market place de Facebook.<\/p>\n<h2><span id=\"%F0%9F%93%8C_%C2%BFQue_es\" class=\"ez-toc-section\"><\/span>\u00bfQu\u00e9 es?<\/h2>\n<p>Es el t\u00e9rmino que se utiliza para definir a todas las plataformas o medios digitales de compra y venta de productos o servicios a trav\u00e9s de Internet. Anteriormente, se utilizaba para\u00a0<a href=\"https:\/\/www.appyweb.es\/desarrollo-app\/\">definir solo los desarrollos web<\/a>\u00a0de establecimientos o tiendas f\u00edsicas, pero actualmente tambi\u00e9n hay tiendas que solo comercian por Internet y forman parte del ecosistema de e-commcerce.<\/p>\n<p>Igualmente, en las plataformas digitales de comercio puede establecerse una relaci\u00f3n directa vendedor-consumidor, pero tambi\u00e9n hay opciones para conectar consumidores con consumidores, es decir, negocios C2C, o vendedores con vendedores (B2B).<\/p>\n<p>Es una forma m\u00e1s r\u00e1pida y asequible de vender y de comprar, tiene m\u00e1s facilidades para el consumidor y el vendedor, debido a que pueden ahorrar en el alquiler de un establecimiento y todos los gastos adicionales del local. As\u00ed como\u00a0<strong>ofrecer a la audiencia la comodidad de comprar sin salir de casa<\/strong>. Es por eso que se considera que en un par de a\u00f1os, la era tecnol\u00f3gica cobrar\u00e1 tanta fuerza que las tiendas f\u00edsicas desaparecer\u00e1n.<\/p>\n<h2><span id=\"%F0%9F%93%8C_Origen\" class=\"ez-toc-section\"><\/span>Origen<\/h2>\n<p>La verdad es que hay contradicciones en lo que se refiere al origen de esta forma de comercializaci\u00f3n. Si es necesario ir hasta la ra\u00edz,\u00a0<strong>se puede decir que el comercio electr\u00f3nico tuvo origen en 1920<\/strong>, cuando el sector comercial de Estados Unidos habilit\u00f3 la posibilidad de hacer ventas por cat\u00e1logo por llamadas telef\u00f3nicas, los pagos se realizaban a trav\u00e9s de cargos a tarjetas de cr\u00e9dito.<\/p>\n<p>A principios de los a\u00f1os 70, con la aparici\u00f3n de los ordenadores, tambi\u00e9n increment\u00f3 la posibilidad de generar enlaces comerciales entre consumidores, vendedores y entes bancarios. Pero no fue hasta finales de los a\u00f1os 70 cuando\u00a0<strong>Michael Aldrich invent\u00f3 el procesamiento de compras online<\/strong>, ser\u00eda la base de lo que hoy se conoce como e-commerce.<\/p>\n<p>Actualmente al menos el 95% de las personas que ofrecen servicios y productos pertenecen al mercado electr\u00f3nico,\u00a0<a href=\"https:\/\/www.appyweb.es\/embudo-ventas-e-commerce\/\">generando un embudo de ventas<\/a>\u00a0que la mayor\u00eda de las veces nace de las plataformas digitales.<\/p>\n<h2><span id=\"%F0%9F%93%8C_%C2%BFComo_funciona_el_comercio_electronico\" class=\"ez-toc-section\"><\/span>\u00bfC\u00f3mo funciona el comercio electr\u00f3nico?<\/h2>\n<p>Principalmente, se lleva a cabo a trav\u00e9s de una plataforma digital, puede ser a trav\u00e9s del sitio web propiedad de una tienda online o marca, como nike.com. Pero tambi\u00e9n se establece a trav\u00e9s de \u201clugares de mercado\u201d\u00a0<strong>tambi\u00e9n conocidos como market places<\/strong>, disponibles en sitios web como Amazon o eBay. Estas plataformas tambi\u00e9n est\u00e1n disponibles en algunas redes sociales como Facebook.<\/p>\n<p>En ellas, se puede presentar un cat\u00e1logo de productos o servicios, tradicionalmente, se acompa\u00f1a de fotograf\u00edas, descripciones y precios. La mayor\u00eda de estos sistemas\u00a0<strong>permiten una comunicaci\u00f3n directa entre ambas partes de una transacci\u00f3n comercial<\/strong>, as\u00ed como la posibilidad al usuario de aplicar filtros para personalizar su b\u00fasqueda de productos al m\u00e1ximo.<\/p>\n<h2><span id=\"%F0%9F%93%8C_Tipos_de_comercio_electronico\" class=\"ez-toc-section\"><\/span>Tipos de comercio electr\u00f3nico<\/h2>\n<p>Como se mencion\u00f3 anteriormente, las plataformas digitales ofrecen\u00a0<strong>la posibilidad de acceder a transacciones de diferentes tipos<\/strong>, entre consumidores o vendedores. Es as\u00ed como se clasifican los e-commerce.<\/p>\n<ul>\n<li><strong>Business to consumer (B2C)<\/strong>: Se refiere a las transacciones entre negocios y consumidores, por ejemplo, en las tiendas online de marca.<\/li>\n<li><strong>Business to business (B2B)<\/strong>: Son las actividades entre negocios, por ejemplo, entre marcas y distribuidores.<\/li>\n<li><strong>Consumer to consumer (C2C)<\/strong>: Transacciones entre consumidores, normalmente no son tiendas online, sino market places. Facebook es la plataforma ideal para este tipo.<\/li>\n<li><strong>Peer to Peer (P2P)<\/strong>: Tambi\u00e9n es una forma de comercio entre consumidores o iguales, aunque se utiliza mayormente para definir transacciones por servicio. Airbnb se destaca por este tipo.<\/li>\n<li><strong>Goverment to consumer (G2C)<\/strong>: Es utilizado para transacciones de los ciudadanos con sus obligaciones tributarias al Estado, por ejemplo, para pagar tasas de tr\u00e1mites o servicios.<\/li>\n<li><strong>Business to goverment: (B2G)<\/strong>: Se lleva a cabo entre empresas y el gobierno, para llevar a cabo negociaciones digitales para que el Estado adquiera productos o servicios.<\/li>\n<\/ul>\n<p>&nbsp;<\/p>\n<h2><span id=\"%F0%9F%93%8C_Mas_informacion_sobre_comercio_electronico\" class=\"ez-toc-section\"><\/span>M\u00e1s informaci\u00f3n sobre comercio electr\u00f3nico<\/h2>\n<ul>\n<li><a href=\"https:\/\/www.appyweb.es\/aumentar-ventas-tienda-online\/\">\u00bfC\u00f3mo aumentar las ventas en tu tienda online?<\/a><\/li>\n<li><a href=\"https:\/\/www.elnacional.com\/economia\/el-crecimiento-del-comercio-electronico-dibuja-nuevos-perfiles-profesionales\/\" rel=\"nofollow noopener\" target=\"_blank\">El crecimiento del comercio electr\u00f3nico dibuja nuevos perfiles profesionales<\/a>.<\/li>\n<\/ul>\n<\/div>\n<p>&nbsp;<\/p>\n","protected":false},"excerpt":{"rendered":"<p>El\u00a0comercio electr\u00f3nico se refiere a la compra y venta online, mejor conocido como e-commerce. \u00c9ste t\u00e9rmino se refiere especialmente a las tiendas online, sin embargo, tambi\u00e9n puede describirse en las plataformas que fomentan esta actividad, como el market place de Facebook. \u00bfQu\u00e9 es? Es el t\u00e9rmino que se utiliza para definir a todas las plataformas [&hellip;]<\/p>\n","protected":false},"author":1,"featured_media":11675,"parent":0,"menu_order":0,"comment_status":"closed","ping_status":"closed","template":"","meta":{"inline_featured_image":false,"footnotes":""},"class_list":["post-815","page","type-page","status-publish","has-post-thumbnail","hentry"],"_links":{"self":[{"href":"https:\/\/www.appyweb.es\/diccionario\/wp-json\/wp\/v2\/pages\/815","targetHints":{"allow":["GET"]}}],"collection":[{"href":"https:\/\/www.appyweb.es\/diccionario\/wp-json\/wp\/v2\/pages"}],"about":[{"href":"https:\/\/www.appyweb.es\/diccionario\/wp-json\/wp\/v2\/types\/page"}],"author":[{"embeddable":true,"href":"https:\/\/www.appyweb.es\/diccionario\/wp-json\/wp\/v2\/users\/1"}],"replies":[{"embeddable":true,"href":"https:\/\/www.appyweb.es\/diccionario\/wp-json\/wp\/v2\/comments?post=815"}],"version-history":[{"count":4,"href":"https:\/\/www.appyweb.es\/diccionario\/wp-json\/wp\/v2\/pages\/815\/revisions"}],"predecessor-version":[{"id":11676,"href":"https:\/\/www.appyweb.es\/diccionario\/wp-json\/wp\/v2\/pages\/815\/revisions\/11676"}],"wp:featuredmedia":[{"embeddable":true,"href":"https:\/\/www.appyweb.es\/diccionario\/wp-json\/wp\/v2\/media\/11675"}],"wp:attachment":[{"href":"https:\/\/www.appyweb.es\/diccionario\/wp-json\/wp\/v2\/media?parent=815"}],"curies":[{"name":"wp","href":"https:\/\/api.w.org\/{rel}","templated":true}]}}