{"id":818,"date":"2023-06-20T10:22:51","date_gmt":"2023-06-20T10:22:51","guid":{"rendered":"https:\/\/www.appyweb.es\/diccionario\/?page_id=818"},"modified":"2024-03-21T09:13:29","modified_gmt":"2024-03-21T09:13:29","slug":"communica-t","status":"publish","type":"page","link":"https:\/\/www.appyweb.es\/diccionario\/communica-t\/","title":{"rendered":"Communica-t"},"content":{"rendered":"<h1 class=\"entry-title main_title\"><img loading=\"lazy\" decoding=\"async\" class=\"alignnone wp-image-11678\" src=\"https:\/\/www.appyweb.es\/diccionario\/wp-content\/uploads\/2024\/03\/Communica-t-300x180.jpg\" alt=\"Communica-t\" width=\"1140\" height=\"684\" srcset=\"https:\/\/www.appyweb.es\/diccionario\/wp-content\/uploads\/2024\/03\/Communica-t-300x180.jpg 300w, https:\/\/www.appyweb.es\/diccionario\/wp-content\/uploads\/2024\/03\/Communica-t-768x461.jpg 768w, https:\/\/www.appyweb.es\/diccionario\/wp-content\/uploads\/2024\/03\/Communica-t.jpg 1000w\" sizes=\"auto, (max-width: 1140px) 100vw, 1140px\" \/><\/h1>\n<div class=\"entry-content\">\n<p>Entre las mejores\u00a0<strong>agencias de comunicaci\u00f3n en Madrid se encuentra Communica-t<\/strong>. Incluye una serie de servicios para mejorar el proceso de comunicaci\u00f3n de las empresas y as\u00ed convertir usuarios en clientes r\u00e1pidamente.<\/p>\n<h2><span id=\"%F0%9F%93%8C_%C2%BFQue_es\" class=\"ez-toc-section\"><\/span>\u00bfQu\u00e9 es?<\/h2>\n<p>Es una red de comunicaci\u00f3n con sede principal en la ciudad de Madrid, exactamente en la Calle Vel\u00e1zquez 53, 2\u00ba 28001 Madrid. Son\u00a0<strong>especialistas en comunicaci\u00f3n corporativa, marketing digital, estrategia online y social media<\/strong>. Tambi\u00e9n se destacan por su participaci\u00f3n en el diario ABC, ya que a trav\u00e9s de \u00e9l publican notas de prensa y promocionan los servicios de sus clientes.<\/p>\n<p>En cuanto a los trabajos y estrategias que suelen llevar a cabo, incluyen la comunicaci\u00f3n externa e interna de la empresa, as\u00ed como el establecimiento de relaciones con otros medios de comunicaci\u00f3n. Tambi\u00e9n permiten la contrataci\u00f3n de community management para la creaci\u00f3n y actualizaci\u00f3n de perfiles en redes sociales. Igualmente, tambi\u00e9n\u00a0<a href=\"https:\/\/www.appyweb.es\/gestion-blog-empresas\/\">gestionan sitios web y blogs<\/a>, as\u00ed como las estrategias de branding.<\/p>\n<h2><span id=\"%F0%9F%93%8C_Acerca_de_Comunica-t\" class=\"ez-toc-section\"><\/span>Acerca de Comunica-t<\/h2>\n<p>Esta agencia cuenta con m\u00e1s de 15 a\u00f1os de experiencia en el sector y se destaca por ofrecer servicios tanto online, como offline. Igualmente, la misma empresa destaca que no se especializan en una sola \u00e1rea de comunicaci\u00f3n,\u00a0<strong>sino que tratan de ofrecer un servicio integral<\/strong>. Entre algunas de las caracter\u00edsticas m\u00e1s importantes de este negocio se encuentran las siguientes.<\/p>\n<ul>\n<li>Tienen convenios con algunos de los medios m\u00e1s importantes en Espa\u00f1a.<\/li>\n<li>Ofrecen servicios personalizados para sus clientes.<\/li>\n<li>Incluyen\u00a0<strong>servicios para mejorar la imagen y la difusi\u00f3n de la marca<\/strong>\u00a0a trav\u00e9s de diferentes plataformas de Internet.<\/li>\n<\/ul>\n<h2><span id=\"%F0%9F%93%8C_%C2%BFPara_que_sirve\" class=\"ez-toc-section\"><\/span>\u00bfPara qu\u00e9 sirve?<\/h2>\n<p>Esta agencia es \u00fatil para cualquier persona que desee comunicar un servicio o tener una nota de prensa en el diario ABC. Aunque como se puede observar, tambi\u00e9n tiene otros servicios b\u00e1sicos para la marca, solo es necesario contactarlos para construir una planificaci\u00f3n adaptada a las necesidades del cliente.<\/p>\n<p>Su servicio suele empezar con una primera reuni\u00f3n para establecer las pautas para las futuras estrategias, seguidamente realizan un\u00a0<a href=\"https:\/\/www.appyweb.es\/auditoria-seo\/\">an\u00e1lisis o auditor\u00eda SEO<\/a>\u00a0para identificar algunos problemas de comunicaci\u00f3n y detectar las oportunidades de venta. Posteriormente, realiza una planificaci\u00f3n con propuestas e ideas adaptadas a las necesidades del cliente.<\/p>\n<p>A partir de all\u00ed, gestionan crean y eval\u00faan todas las estrategias llevadas a cabo, para esto emplean un equipo de profesionales y una gran trayectoria en el sector.<\/p>\n<h2><span id=\"%F0%9F%93%8C_Equipo_de_Communica-t\" class=\"ez-toc-section\"><\/span>Equipo de Communica-t<\/h2>\n<p>La empresa destaca que cuenta con un equipo que se encuentra\u00a0<strong>en constante formaci\u00f3n en tareas multidisciplinarias<\/strong>, en este sentido, garantiza que todos sus empleados cumplen con capacidades para diversas \u00e1reas del marketing digital. Algunos de los profesionales que forman parte de su equipo est\u00e1n disponibles para sus clientes son los siguientes.<\/p>\n<ul>\n<li>Consultores de proyectos, marketing y comunicaci\u00f3n.<\/li>\n<li>Dise\u00f1adores y desarrolladores web.<\/li>\n<li>Periodistas y fot\u00f3grafos.<\/li>\n<li>Redactores creativos y traductores.<\/li>\n<\/ul>\n<p>&nbsp;<\/p>\n<h2><span id=\"%F0%9F%93%8C_Mas_informacion_sobre_Communica-t\" class=\"ez-toc-section\"><\/span>M\u00e1s informaci\u00f3n sobre Communica-t<\/h2>\n<ul>\n<li><a href=\"https:\/\/www.appyweb.es\/utiliza-whatsapp-para-tu-negocio\/\">\u00bfUtilizas Whatsapp para comunicarte con tus clientes?<\/a><\/li>\n<li><a href=\"http:\/\/www.communica-t.es\/contenido-prensa\/\" rel=\"nofollow noopener\" target=\"_blank\">Contenido de prensa de la agencia Communica-t<\/a>.<\/li>\n<\/ul>\n<\/div>\n<p>&nbsp;<\/p>\n","protected":false},"excerpt":{"rendered":"<p>Entre las mejores\u00a0agencias de comunicaci\u00f3n en Madrid se encuentra Communica-t. Incluye una serie de servicios para mejorar el proceso de comunicaci\u00f3n de las empresas y as\u00ed convertir usuarios en clientes r\u00e1pidamente. \u00bfQu\u00e9 es? Es una red de comunicaci\u00f3n con sede principal en la ciudad de Madrid, exactamente en la Calle Vel\u00e1zquez 53, 2\u00ba 28001 Madrid. [&hellip;]<\/p>\n","protected":false},"author":1,"featured_media":11678,"parent":0,"menu_order":0,"comment_status":"closed","ping_status":"closed","template":"","meta":{"inline_featured_image":false,"footnotes":""},"class_list":["post-818","page","type-page","status-publish","has-post-thumbnail","hentry"],"_links":{"self":[{"href":"https:\/\/www.appyweb.es\/diccionario\/wp-json\/wp\/v2\/pages\/818","targetHints":{"allow":["GET"]}}],"collection":[{"href":"https:\/\/www.appyweb.es\/diccionario\/wp-json\/wp\/v2\/pages"}],"about":[{"href":"https:\/\/www.appyweb.es\/diccionario\/wp-json\/wp\/v2\/types\/page"}],"author":[{"embeddable":true,"href":"https:\/\/www.appyweb.es\/diccionario\/wp-json\/wp\/v2\/users\/1"}],"replies":[{"embeddable":true,"href":"https:\/\/www.appyweb.es\/diccionario\/wp-json\/wp\/v2\/comments?post=818"}],"version-history":[{"count":5,"href":"https:\/\/www.appyweb.es\/diccionario\/wp-json\/wp\/v2\/pages\/818\/revisions"}],"predecessor-version":[{"id":11679,"href":"https:\/\/www.appyweb.es\/diccionario\/wp-json\/wp\/v2\/pages\/818\/revisions\/11679"}],"wp:featuredmedia":[{"embeddable":true,"href":"https:\/\/www.appyweb.es\/diccionario\/wp-json\/wp\/v2\/media\/11678"}],"wp:attachment":[{"href":"https:\/\/www.appyweb.es\/diccionario\/wp-json\/wp\/v2\/media?parent=818"}],"curies":[{"name":"wp","href":"https:\/\/api.w.org\/{rel}","templated":true}]}}