{"id":82,"date":"2023-06-19T12:04:34","date_gmt":"2023-06-19T12:04:34","guid":{"rendered":"https:\/\/www.appyweb.es\/diccionario\/?page_id=82"},"modified":"2024-03-20T10:07:12","modified_gmt":"2024-03-20T10:07:12","slug":"aliexpress","status":"publish","type":"page","link":"https:\/\/www.appyweb.es\/diccionario\/aliexpress\/","title":{"rendered":"AliExpress"},"content":{"rendered":"<p><img loading=\"lazy\" decoding=\"async\" class=\" wp-image-8214 aligncenter\" src=\"https:\/\/www.appyweb.es\/diccionario\/wp-content\/uploads\/2023\/08\/que-es-aliexpress-300x157.jpg\" alt=\"\" width=\"863\" height=\"451\" srcset=\"https:\/\/www.appyweb.es\/diccionario\/wp-content\/uploads\/2023\/08\/que-es-aliexpress-300x157.jpg 300w, https:\/\/www.appyweb.es\/diccionario\/wp-content\/uploads\/2023\/08\/que-es-aliexpress-1024x536.jpg 1024w, https:\/\/www.appyweb.es\/diccionario\/wp-content\/uploads\/2023\/08\/que-es-aliexpress-768x402.jpg 768w, https:\/\/www.appyweb.es\/diccionario\/wp-content\/uploads\/2023\/08\/que-es-aliexpress-1536x804.jpg 1536w, https:\/\/www.appyweb.es\/diccionario\/wp-content\/uploads\/2023\/08\/que-es-aliexpress-2048x1072.jpg 2048w\" sizes=\"auto, (max-width: 863px) 100vw, 863px\" \/><\/p>\n<p>Se trata de una tienda online que cuenta con un nivel de competencia similar al de Amazon, solo que esta vez, cuenta con una recepci\u00f3n especial en el continente asi\u00e1tico. Aun as\u00ed,\u00a0AliExpress tambi\u00e9n tiene mucha participaci\u00f3n en el comercio electr\u00f3nico internacional, principalmente por la variedad de marcas y productos, as\u00ed como por sus incre\u00edbles precios.<\/p>\n<h2>\u00bfQu\u00e9 es AliExpress?<\/h2>\n<p>Es una tienda online fundada el 26 de abril de 2010, originalmente, fue producto de la fusi\u00f3n de peque\u00f1as empresas en China y otros pa\u00edses orientales. Su idea de comercio est\u00e1 en ofrecer una gran cantidad de productos para el hogar, la cocina, cuidado personal y m\u00e1s, a usuarios en todas partes del mundo. Asimismo, es necesario mencionar que AliExpress es propiedad de Alibaba Group, una de las organizaciones asi\u00e1ticas m\u00e1s importantes en cuanto al comercio online. Por otro lado, esta tienda era muy diferente a Amazon en sus inicios, su plataforma de comercio estaba dirigida a un modelo de negocio B2B, es decir, ventas de negocio a negocio, por lo que los principales vendedores eran tambi\u00e9n distribuidores. Desde hace poco tiempo el portal ha expandido sus servicios, ofreciendo as\u00ed la venta desde negocios a consumidores y de consumidor a consumidor. A pesar de exportar a todas partes del mundo desde su sede principal, situada en Hangzhou, Rep\u00fablica Popular China, tambi\u00e9n cuenta con instalaciones en diferentes pa\u00edses asi\u00e1ticos y europeos. Hasta hace poco contaba con una sucursal en Madrid, pero fue retirada debido a falta de incumplimiento de env\u00edos.<\/p>\n<h2>\u00bfC\u00f3mo comprar en AliExpress?<\/h2>\n<p>Crearse un cuenta: Este es el primer paso para comprar, le das en el bot\u00f3n de reg\u00edstrate dentro del sitio web de AliExpress y sigues las instrucciones. Buscar el producto de preferencia: Utiliza la barra de b\u00fasqueda para encontrar la marca o el modelo que prefieres, tambi\u00e9n puedes utilizar las categor\u00edas. Comprar: Seleccionas lo que quieres dentro del carrito de compra, indica la cantidad de unidades y procedes con el pago. Pagar: Una vez que ya tengas el producto, la plataforma te ofrece varias formas de pago, como tarjetas de d\u00e9bito y cr\u00e9dito. Actualmente, muchos vendedores est\u00e1n aceptando, el m\u00e9todo de pago por PayPal. Seguir el producto: Al momento en que el vendedor env\u00eda el producto, podr\u00e1s visualizar una secci\u00f3n de seguimiento en tu cuenta. Ver\u00e1s todo el procedimiento, desde que el producto sale del almac\u00e9n hasta que llega a tu casa.<\/p>\n<h2>\u00bfSolo se puede comprar desde el sitio web?<\/h2>\n<p>No, tambi\u00e9n cuenta con un proyecto de desarrollo de app disponible para todos los usuarios. Desde all\u00ed se puede visualizar todo el proceso de seguimiento del paquete.<\/p>\n<h2>\u00bfQu\u00e9 m\u00e9todo de pago admite?<\/h2>\n<p>Adem\u00e1s de las tarjetas de cr\u00e9dito y d\u00e9bito, as\u00ed como las cuentas PayPal, tambi\u00e9n acepta Mercado Pago, Western Union, transferencias bancarias y otros pagos digitales.<\/p>\n<h2>\u00bfEs seguro comprar?<\/h2>\n<p>Muchos usuarios opinan que no es muy seguro comprar en esta tienda online, ya que no cuenta con ning\u00fan tipo de garant\u00eda para el comprador. El riesgo es muy alto debido a que solo funciona como un m\u00e9todo de comunicaci\u00f3n entre el vendedor y el comprador, de esta forma, pueden existir retrasos env\u00edos y otros inconvenientes.<\/p>\n<p><script type=\"application\/ld+json\">{\"@context\":\"https:\/\/schema.org\",\"@type\":\"FAQPage\",\"mainEntity\":[ \n{\"@type\":\"Question\",\"name\":\"\u00bfQu\u00e9 es AliExpress?\",\"acceptedAnswer\":{\"@type\":\"Answer\",\"text\":\"<\/p>\n<\/p>\n<\/p>\n<\/p>\n<\/p>\n<\/p>\n<\/p>\n<\/p>\n<\/p>\n<p>Es una tienda online fundada el 26 de abril de 2010, originalmente, fue producto de la fusi\u00f3n de peque\u00f1as empresas en China y otros pa\u00edses orientales. Su idea de comercio est\u00e1 en ofrecer una gran cantidad de productos para el hogar, la cocina, cuidado personal y m\u00e1s, a usuarios en todas partes del mundo. Asimismo, es necesario mencionar que AliExpress es propiedad de Alibaba Group, una de las organizaciones asi\u00e1ticas m\u00e1s importantes en cuanto al comercio online. Por otro lado, esta tienda era muy diferente a Amazon en sus inicios, su plataforma de comercio estaba dirigida a un modelo de negocio B2B, es decir, ventas de negocio a negocio, por lo que los principales vendedores eran tambi\u00e9n distribuidores. Desde hace poco tiempo el portal ha expandido sus servicios, ofreciendo as\u00ed la venta desde negocios a consumidores y de consumidor a consumidor. A pesar de exportar a todas partes del mundo desde su sede principal, situada en Hangzhou, Rep\u00fablica Popular China, tambi\u00e9n cuenta con instalaciones en diferentes pa\u00edses asi\u00e1ticos y europeos. Hasta hace poco contaba con una sucursal en Madrid, pero fue retirada debido a falta de incumplimiento de env\u00edos.<\/p>\n<\/p>\n<\/p>\n<\/p>\n<\/p>\n<\/p>\n<\/p>\n<\/p>\n<\/p>\n<p>\"}},\n{\"@type\":\"Question\",\"name\":\"\u00bfC\u00f3mo comprar en AliExpress?\",\"acceptedAnswer\":{\"@type\":\"Answer\",\"text\":\"<\/p>\n<\/p>\n<\/p>\n<\/p>\n<\/p>\n<\/p>\n<\/p>\n<\/p>\n<\/p>\n<p>Crearse un cuenta: Este es el primer paso para comprar, le das en el bot\u00f3n de reg\u00edstrate dentro del sitio web de AliExpress y sigues las instrucciones. Buscar el producto de preferencia: Utiliza la barra de b\u00fasqueda para encontrar la marca o el modelo que prefieres, tambi\u00e9n puedes utilizar las categor\u00edas. Comprar: Seleccionas lo que quieres dentro del carrito de compra, indica la cantidad de unidades y procedes con el pago. Pagar: Una vez que ya tengas el producto, la plataforma te ofrece varias formas de pago, como tarjetas de d\u00e9bito y cr\u00e9dito. Actualmente, muchos vendedores est\u00e1n aceptando, el m\u00e9todo de pago por PayPal. Seguir el producto: Al momento en que el vendedor env\u00eda el producto, podr\u00e1s visualizar una secci\u00f3n de seguimiento en tu cuenta. Ver\u00e1s todo el procedimiento, desde que el producto sale del almac\u00e9n hasta que llega a tu casa.<\/p>\n<\/p>\n<\/p>\n<\/p>\n<\/p>\n<\/p>\n<\/p>\n<\/p>\n<\/p>\n<p>\"}},\n{\"@type\":\"Question\",\"name\":\"\u00bfSolo se puede comprar desde el sitio web?\",\"acceptedAnswer\":{\"@type\":\"Answer\",\"text\":\"<\/p>\n<\/p>\n<\/p>\n<\/p>\n<\/p>\n<\/p>\n<\/p>\n<\/p>\n<\/p>\n<p>No, tambi\u00e9n cuenta con un proyecto de desarrollo de app disponible para todos los usuarios. Desde all\u00ed se puede visualizar todo el proceso de seguimiento del paquete.<\/p>\n<\/p>\n<\/p>\n<\/p>\n<\/p>\n<\/p>\n<\/p>\n<\/p>\n<\/p>\n<p>\"}},\n{\"@type\":\"Question\",\"name\":\"\u00bfQu\u00e9 m\u00e9todo de pago admite?\",\"acceptedAnswer\":{\"@type\":\"Answer\",\"text\":\"<\/p>\n<\/p>\n<\/p>\n<\/p>\n<\/p>\n<\/p>\n<\/p>\n<\/p>\n<\/p>\n<p>Adem\u00e1s de las tarjetas de cr\u00e9dito y d\u00e9bito, as\u00ed como las cuentas PayPal, tambi\u00e9n acepta Mercado Pago, Western Union, transferencias bancarias y otros pagos digitales.<\/p>\n<\/p>\n<\/p>\n<\/p>\n<\/p>\n<\/p>\n<\/p>\n<\/p>\n<\/p>\n<p>\"}},\n{\"@type\":\"Question\",\"name\":\"\u00bfEs seguro comprar?\",\"acceptedAnswer\":{\"@type\":\"Answer\",\"text\":\"Muchos usuarios opinan que no es muy seguro comprar en esta tienda online, ya que no cuenta con ning\u00fan tipo de garant\u00eda para el comprador. El riesgo es muy alto debido a que solo funciona como un m\u00e9todo de comunicaci\u00f3n entre el vendedor y el comprador, de esta forma, pueden existir retrasos env\u00edos y otros inconvenientes.\n\"}}\n]}<\/script><\/p>\n","protected":false},"excerpt":{"rendered":"<p>Se trata de una tienda online que cuenta con un nivel de competencia similar al de Amazon, solo que esta vez, cuenta con una recepci\u00f3n especial en el continente asi\u00e1tico. Aun as\u00ed,\u00a0AliExpress tambi\u00e9n tiene mucha participaci\u00f3n en el comercio electr\u00f3nico internacional, principalmente por la variedad de marcas y productos, as\u00ed como por sus incre\u00edbles precios. [&hellip;]<\/p>\n","protected":false},"author":1,"featured_media":8214,"parent":0,"menu_order":0,"comment_status":"closed","ping_status":"closed","template":"","meta":{"inline_featured_image":false,"footnotes":""},"class_list":["post-82","page","type-page","status-publish","has-post-thumbnail","hentry"],"_links":{"self":[{"href":"https:\/\/www.appyweb.es\/diccionario\/wp-json\/wp\/v2\/pages\/82","targetHints":{"allow":["GET"]}}],"collection":[{"href":"https:\/\/www.appyweb.es\/diccionario\/wp-json\/wp\/v2\/pages"}],"about":[{"href":"https:\/\/www.appyweb.es\/diccionario\/wp-json\/wp\/v2\/types\/page"}],"author":[{"embeddable":true,"href":"https:\/\/www.appyweb.es\/diccionario\/wp-json\/wp\/v2\/users\/1"}],"replies":[{"embeddable":true,"href":"https:\/\/www.appyweb.es\/diccionario\/wp-json\/wp\/v2\/comments?post=82"}],"version-history":[{"count":14,"href":"https:\/\/www.appyweb.es\/diccionario\/wp-json\/wp\/v2\/pages\/82\/revisions"}],"predecessor-version":[{"id":11511,"href":"https:\/\/www.appyweb.es\/diccionario\/wp-json\/wp\/v2\/pages\/82\/revisions\/11511"}],"wp:featuredmedia":[{"embeddable":true,"href":"https:\/\/www.appyweb.es\/diccionario\/wp-json\/wp\/v2\/media\/8214"}],"wp:attachment":[{"href":"https:\/\/www.appyweb.es\/diccionario\/wp-json\/wp\/v2\/media?parent=82"}],"curies":[{"name":"wp","href":"https:\/\/api.w.org\/{rel}","templated":true}]}}