{"id":829,"date":"2023-06-20T10:27:12","date_gmt":"2023-06-20T10:27:12","guid":{"rendered":"https:\/\/www.appyweb.es\/diccionario\/?page_id=829"},"modified":"2024-03-21T09:15:06","modified_gmt":"2024-03-21T09:15:06","slug":"concordancia-de-frase","status":"publish","type":"page","link":"https:\/\/www.appyweb.es\/diccionario\/concordancia-de-frase\/","title":{"rendered":"Concordancia de frase"},"content":{"rendered":"<h1 class=\"entry-title main_title\"><img loading=\"lazy\" decoding=\"async\" class=\"alignnone wp-image-11694\" src=\"https:\/\/www.appyweb.es\/diccionario\/wp-content\/uploads\/2024\/03\/Concordanciadefrase-300x180.jpg\" alt=\"Concordancia de frase\" width=\"1118\" height=\"671\" srcset=\"https:\/\/www.appyweb.es\/diccionario\/wp-content\/uploads\/2024\/03\/Concordanciadefrase-300x180.jpg 300w, https:\/\/www.appyweb.es\/diccionario\/wp-content\/uploads\/2024\/03\/Concordanciadefrase-768x461.jpg 768w, https:\/\/www.appyweb.es\/diccionario\/wp-content\/uploads\/2024\/03\/Concordanciadefrase.jpg 1000w\" sizes=\"auto, (max-width: 1118px) 100vw, 1118px\" \/><\/h1>\n<div class=\"entry-content\">\n<p>Es utilizada en el sistema Google Adwords para\u00a0<strong>dar especificidad a un anuncio con una oraci\u00f3n exacta<\/strong>. De esta forma, el usuario puede visualizar la publicidad seg\u00fan las palabras que haya utilizado en la b\u00fasqueda. La concordancia de frase se rige por las keywords exactas, sin la posibilidad de mostrar el anuncio en b\u00fasquedas de sin\u00f3nimos ni t\u00e9rminos similares.<\/p>\n<h2><span id=\"%F0%9F%93%8C_%C2%BFQue_es\" class=\"ez-toc-section\"><\/span>\u00bfQu\u00e9 es?<\/h2>\n<p>Es una configuraci\u00f3n establecida para mostrar la publicidad s\u00f3lo cuando el usuario introduzca en el buscador de Google\u00a0<strong>la frase exacta que identifica el anuncio<\/strong>. Sin embargo, puede incluir diferentes contextos antes o despu\u00e9s de la orgaci\u00f3n.<\/p>\n<p>Es una forma de\u00a0<a href=\"https:\/\/www.appyweb.es\/campanas-google-adwords\/\">indicar a Google Adwords que muestre el anuncio<\/a>, s\u00f3lo cuando el usuario busque esas palabras exactas. Asimismo, este sistema, al igual que los de concordancia amplia o modificada, est\u00e1 disponibles como posible configuraci\u00f3n, as\u00ed los anunciantes pueden optar a conseguir posiciones privilegiadas en los resultados de b\u00fasqueda<strong>.<\/strong><\/p>\n<h2><span id=\"%F0%9F%93%8C_%C2%BFComo_aplicar_la_concordancia_de_frase\" class=\"ez-toc-section\"><\/span>\u00bfC\u00f3mo aplicar la concordancia de frase?<\/h2>\n<p>Para poder utilizar este sistema es importante aprender a utilizar Google Adwords, ya que al momento de iniciar una nueva campa\u00f1a se solicita al anunciante que indique cu\u00e1ndo y c\u00f3mo quiere que aparezca su anuncio.<\/p>\n<p>\u00c9sta se aplica para segmentar mejor la audiencia que llegar\u00e1 al anuncio y tener una mejor rentabilidad, ya que\u00a0<strong>solo los usuarios que utilicen esa oraci\u00f3n podr\u00e1n ver el anuncio<\/strong>\u00a0y no habr\u00e1 que pagar por impresi\u00f3n adicionales, es una buena estrategia para el\u00a0<a href=\"https:\/\/www.appyweb.es\/posicionamiento-web\/\">posicionamiento web por pago<\/a>, sobre todo para peque\u00f1as empresas.<\/p>\n<h2><span id=\"%F0%9F%93%8C_%C2%BFComo_cambiar_una_concordancia_amplia_a_una_de_frase\" class=\"ez-toc-section\"><\/span>\u00bfC\u00f3mo cambiar una concordancia amplia a una de frase?<\/h2>\n<p>Normalmente, los anunciantes suelen probar con diferentes modificaciones para encontrar la que mejor se ajuste a sus objetivos. En el caso de la concordancia amplia, al momento de hacer esta modificaci\u00f3n se debe a\u00f1adir un s\u00edmbolo de m\u00e1s (+) justo delante de cada palabra clave, para insertar un atributo de ampliaci\u00f3n. Para cambiar este por uno de\u00a0<em>frase<\/em>\u00a0se debe\u00a0<strong>eliminar el s\u00edmbolo y a\u00f1adir la oraci\u00f3n entera<\/strong>, es decir sin iconos de por medio.<\/p>\n<p>Es importante tener en cuenta que una vez guardada esta modificaci\u00f3n el anuncio solo aparecer\u00e1 cuando el usuario realice una b\u00fasqueda de esa oraci\u00f3n exacta.<\/p>\n<h2><span id=\"%F0%9F%93%8C_Ejemplo_de_como_funciona_la_concordancia_de_frase\" class=\"ez-toc-section\"><\/span>Ejemplo de c\u00f3mo funciona la concordancia de frase<\/h2>\n<p>Cuando un anunciante\u00a0<strong>introduce las palabras clave para la aparici\u00f3n de su anuncio<\/strong>, est\u00e1s suelen ser individuales, por ejemplo, si se trata de una campa\u00f1a para vender pasteles puede utilizar las keywords \u201cpastel\u201d, \u201creposter\u00eda\u201d, \u201cpastel de chocolate\u201d, etc. Pero al introducir esta configuraci\u00f3n, deber\u00e1 utilizar una oraci\u00f3n como \u201ccomprar pastel de chocolate casero\u201d, de esta forma, cada vez que un usuario ingrese esta oraci\u00f3n en el buscador, el anuncio aparecer\u00e1 posicionado.<\/p>\n<p>En necesario hacer una referencia a la modificaci\u00f3n ampliada, que permite utilizar sin\u00f3nimos de esas palabras clave, por ejemplo, con la keyword ampliada \u201cpastel de chocolate\u201d, el anuncio puede aparecer en b\u00fasquedas relacionadas como \u201cpasteles\u201d, \u201cmuffins\u201d, \u201cpastel de cacao\u201d, etc., es decir, no tiene una finalidad exacta como en la concordancia de frase.<\/p>\n<p>&nbsp;<\/p>\n<h2><span id=\"%F0%9F%93%8C_Mas_informacion\" class=\"ez-toc-section\"><\/span>M\u00e1s informaci\u00f3n<\/h2>\n<ul>\n<li><a href=\"https:\/\/www.appyweb.es\/diccionario\/concordancia-exacta\/\">\u00bfQu\u00e9 es la Concordancia Exacta y para qu\u00e9 sirve?<\/a><\/li>\n<li><a href=\"https:\/\/support.google.com\/google-ads\/answer\/2497584?hl=es-419\" rel=\"nofollow noopener\" target=\"_blank\">Uso de la concordancia de frase<\/a>.<\/li>\n<\/ul>\n<\/div>\n<p>&nbsp;<\/p>\n","protected":false},"excerpt":{"rendered":"<p>Es utilizada en el sistema Google Adwords para\u00a0dar especificidad a un anuncio con una oraci\u00f3n exacta. De esta forma, el usuario puede visualizar la publicidad seg\u00fan las palabras que haya utilizado en la b\u00fasqueda. La concordancia de frase se rige por las keywords exactas, sin la posibilidad de mostrar el anuncio en b\u00fasquedas de sin\u00f3nimos [&hellip;]<\/p>\n","protected":false},"author":1,"featured_media":11694,"parent":0,"menu_order":0,"comment_status":"closed","ping_status":"closed","template":"","meta":{"inline_featured_image":false,"footnotes":""},"class_list":["post-829","page","type-page","status-publish","has-post-thumbnail","hentry"],"_links":{"self":[{"href":"https:\/\/www.appyweb.es\/diccionario\/wp-json\/wp\/v2\/pages\/829","targetHints":{"allow":["GET"]}}],"collection":[{"href":"https:\/\/www.appyweb.es\/diccionario\/wp-json\/wp\/v2\/pages"}],"about":[{"href":"https:\/\/www.appyweb.es\/diccionario\/wp-json\/wp\/v2\/types\/page"}],"author":[{"embeddable":true,"href":"https:\/\/www.appyweb.es\/diccionario\/wp-json\/wp\/v2\/users\/1"}],"replies":[{"embeddable":true,"href":"https:\/\/www.appyweb.es\/diccionario\/wp-json\/wp\/v2\/comments?post=829"}],"version-history":[{"count":6,"href":"https:\/\/www.appyweb.es\/diccionario\/wp-json\/wp\/v2\/pages\/829\/revisions"}],"predecessor-version":[{"id":11696,"href":"https:\/\/www.appyweb.es\/diccionario\/wp-json\/wp\/v2\/pages\/829\/revisions\/11696"}],"wp:featuredmedia":[{"embeddable":true,"href":"https:\/\/www.appyweb.es\/diccionario\/wp-json\/wp\/v2\/media\/11694"}],"wp:attachment":[{"href":"https:\/\/www.appyweb.es\/diccionario\/wp-json\/wp\/v2\/media?parent=829"}],"curies":[{"name":"wp","href":"https:\/\/api.w.org\/{rel}","templated":true}]}}