{"id":833,"date":"2023-06-20T10:28:53","date_gmt":"2023-06-20T10:28:53","guid":{"rendered":"https:\/\/www.appyweb.es\/diccionario\/?page_id=833"},"modified":"2024-03-21T09:15:46","modified_gmt":"2024-03-21T09:15:46","slug":"concordancia-exacta","status":"publish","type":"page","link":"https:\/\/www.appyweb.es\/diccionario\/concordancia-exacta\/","title":{"rendered":"Concordancia exacta"},"content":{"rendered":"<h1 class=\"entry-title main_title\"><img loading=\"lazy\" decoding=\"async\" class=\"alignnone wp-image-11701\" src=\"https:\/\/www.appyweb.es\/diccionario\/wp-content\/uploads\/2024\/03\/Concordanciaexacta-300x180.jpg\" alt=\"Concordancia exacta\" width=\"1138\" height=\"683\" srcset=\"https:\/\/www.appyweb.es\/diccionario\/wp-content\/uploads\/2024\/03\/Concordanciaexacta-300x180.jpg 300w, https:\/\/www.appyweb.es\/diccionario\/wp-content\/uploads\/2024\/03\/Concordanciaexacta-768x461.jpg 768w, https:\/\/www.appyweb.es\/diccionario\/wp-content\/uploads\/2024\/03\/Concordanciaexacta.jpg 1000w\" sizes=\"auto, (max-width: 1138px) 100vw, 1138px\" \/><\/h1>\n<div class=\"entry-content\">\n<p>La concordancia exacta es una configuraci\u00f3n en Google Adwords,\u00a0permite controlar los anuncios y que los mismos sean vistos\u00a0<strong>solo cuando se introduzcan las palabras clave indicadas<\/strong>. La concordancia exacta permite concentrar la inversi\u00f3n de la campa\u00f1a, de forma que se muestre solo a los usuarios m\u00e1s interesados.<\/p>\n<h2><span id=\"%F0%9F%93%8C_%C2%BFQue_es\" class=\"ez-toc-section\"><\/span>\u00bfQu\u00e9 es?<\/h2>\n<p>Es una configuraci\u00f3n de palabras clave, controla que los anuncios se muestren\u00a0<strong>\u00fanicamente cu\u00e1ndo esas keywords o derivaciones de ellas sean introducidas en la b\u00fasqueda<\/strong>. Las derivaciones incluyen errores ortogr\u00e1ficos, acentos y dem\u00e1s.<\/p>\n<p>Esta modificaci\u00f3n est\u00e1 pre-determinada\u00a0<a href=\"https:\/\/www.appyweb.es\/campanas-google-adwords\/\">en el sistema de Google Adwords<\/a>, pero el usuario tambi\u00e9n tiene otras opciones, como las modificaciones ampliadas o de frase, estas permiten cambiar las palabras por oraciones enteras o por opciones con sin\u00f3nimos incluidos.<\/p>\n<h2><span id=\"%F0%9F%93%8C_%C2%BFPara_que_sirve_la_concordancia_exacta\" class=\"ez-toc-section\"><\/span>\u00bfPara qu\u00e9 sirve la concordancia exacta?<\/h2>\n<p>Sirve para hacer que la aparici\u00f3n de los anuncios sea m\u00e1s exacta conforme a las b\u00fasquedas. Si las palabras se escriben entre corchetes [ \u2026] las b\u00fasquedas ser\u00e1n m\u00e1s precisas. Esto permite tener un mejor control de la inversi\u00f3n, ya que normalmente el sistema de pago de anuncios se calcula por impresiones, es decir, la cantidad de veces que la publicidad fue visualizada. De esta forma, se puede garantizar una rentabilidad justa, ya que los usuarios que busquen esas keywords en Google naturalmente ser\u00e1n de mayor calidad y seguir\u00e1n las\u00a0<a href=\"https:\/\/www.appyweb.es\/conversion-web\/\">estrategias hasta una conversi\u00f3n web<\/a>.<\/p>\n<p>De esta forma, es importante mencionar, que los anuncios no aparecer\u00e1n en b\u00fasquedas relacionadas ampliamente, por ejemplo, si un anunciante quiere posicionar su anuncio con la keyword \u201csmartphone\u201d de forma justa, \u00e9ste no aparecer\u00e1 en las b\u00fasquedas de \u201cm\u00f3viles inteligentes\u201d, pero s\u00ed en las b\u00fasquedas de \u201csmartphones\u201d y \u201csmart phones\u201d.<\/p>\n<h2><span id=\"%F0%9F%93%8C_%C2%BFCuales_son_las_variantes_de_la_concordancia_exacta\" class=\"ez-toc-section\"><\/span>\u00bfCu\u00e1les son las variantes de la concordancia exacta?<\/h2>\n<p>Pero ya que el algoritmo de Google intenta adaptarse a las tendencias comunicativas de los seres humanos,\u00a0<strong>tambi\u00e9n puede mostrar el anuncio cuando existen variantes cercanas<\/strong>, entre ellas se encuentran las siguientes.<\/p>\n<ul>\n<li>Cuando incluye errores ortogr\u00e1ficos.<\/li>\n<li>Las variantes en plural y singular.<\/li>\n<li>Derivaciones y verbos.<\/li>\n<li>Abreviaturas.<\/li>\n<li>Acento y s\u00edmbolos.<\/li>\n<li>Con diferente orden.<\/li>\n<li>Utilizaci\u00f3n o eliminaci\u00f3n de preposiciones, art\u00edculos y conjunciones.<\/li>\n<\/ul>\n<h2><span id=\"%F0%9F%93%8C_Ejemplo\" class=\"ez-toc-section\"><\/span>Ejemplo<\/h2>\n<p>Un ejemplo muy sencillo acerca de concordancia exacta es el siguiente. Si un anunciante quiere\u00a0<strong>posicionar una publicidad para la b\u00fasqueda de las palabras clave<\/strong>\u00a0\u201cagencia de viajes\u201d bajo esta modificaci\u00f3n, \u00e9ste tambi\u00e9n puede aparecer cuando el usuario realice b\u00fasquedas de \u201cviajes y agencias\u201d por diferente orden. La misma tambi\u00e9n est\u00e1 disponible para variantes como \u201cagencia viajes\u201d por la eliminaci\u00f3n de una preposici\u00f3n.<\/p>\n<p>Asimismo, tambi\u00e9n se incluir\u00e1n b\u00fasquedas en plural como \u201cagencias de viaje\u201d, oraciones con verbos como \u201cagencias para viajar\u201d, entre otras.<\/p>\n<p>&nbsp;<\/p>\n<h2><span id=\"%F0%9F%93%8C_Mas_informacion_sobre_concordancia_exacta\" class=\"ez-toc-section\"><\/span>M\u00e1s informaci\u00f3n sobre concordancia exacta<\/h2>\n<ul>\n<li><a href=\"https:\/\/www.appyweb.es\/diccionario\/concordancia-de-frase\/\">\u00bfQu\u00e9 es concordancia de frase y para qu\u00e9 sirve?<\/a><\/li>\n<li><a href=\"https:\/\/support.google.com\/google-ads\/answer\/2497825\" rel=\"nofollow noopener\" target=\"_blank\">C\u00f3mo utilizar la concordancia exacta<\/a>.<\/li>\n<\/ul>\n<\/div>\n<p>&nbsp;<\/p>\n","protected":false},"excerpt":{"rendered":"<p>La concordancia exacta es una configuraci\u00f3n en Google Adwords,\u00a0permite controlar los anuncios y que los mismos sean vistos\u00a0solo cuando se introduzcan las palabras clave indicadas. La concordancia exacta permite concentrar la inversi\u00f3n de la campa\u00f1a, de forma que se muestre solo a los usuarios m\u00e1s interesados. \u00bfQu\u00e9 es? Es una configuraci\u00f3n de palabras clave, controla [&hellip;]<\/p>\n","protected":false},"author":1,"featured_media":11701,"parent":0,"menu_order":0,"comment_status":"closed","ping_status":"closed","template":"","meta":{"inline_featured_image":false,"footnotes":""},"class_list":["post-833","page","type-page","status-publish","has-post-thumbnail","hentry"],"_links":{"self":[{"href":"https:\/\/www.appyweb.es\/diccionario\/wp-json\/wp\/v2\/pages\/833","targetHints":{"allow":["GET"]}}],"collection":[{"href":"https:\/\/www.appyweb.es\/diccionario\/wp-json\/wp\/v2\/pages"}],"about":[{"href":"https:\/\/www.appyweb.es\/diccionario\/wp-json\/wp\/v2\/types\/page"}],"author":[{"embeddable":true,"href":"https:\/\/www.appyweb.es\/diccionario\/wp-json\/wp\/v2\/users\/1"}],"replies":[{"embeddable":true,"href":"https:\/\/www.appyweb.es\/diccionario\/wp-json\/wp\/v2\/comments?post=833"}],"version-history":[{"count":5,"href":"https:\/\/www.appyweb.es\/diccionario\/wp-json\/wp\/v2\/pages\/833\/revisions"}],"predecessor-version":[{"id":11705,"href":"https:\/\/www.appyweb.es\/diccionario\/wp-json\/wp\/v2\/pages\/833\/revisions\/11705"}],"wp:featuredmedia":[{"embeddable":true,"href":"https:\/\/www.appyweb.es\/diccionario\/wp-json\/wp\/v2\/media\/11701"}],"wp:attachment":[{"href":"https:\/\/www.appyweb.es\/diccionario\/wp-json\/wp\/v2\/media?parent=833"}],"curies":[{"name":"wp","href":"https:\/\/api.w.org\/{rel}","templated":true}]}}