{"id":849,"date":"2023-06-20T10:33:56","date_gmt":"2023-06-20T10:33:56","guid":{"rendered":"https:\/\/www.appyweb.es\/diccionario\/?page_id=849"},"modified":"2024-03-21T09:19:20","modified_gmt":"2024-03-21T09:19:20","slug":"consultor-sem","status":"publish","type":"page","link":"https:\/\/www.appyweb.es\/diccionario\/consultor-sem\/","title":{"rendered":"Consultor SEM"},"content":{"rendered":"<h1 class=\"entry-title main_title\"><img loading=\"lazy\" decoding=\"async\" class=\"alignnone wp-image-11725\" src=\"https:\/\/www.appyweb.es\/diccionario\/wp-content\/uploads\/2024\/03\/ConsultorSEM-300x180.jpg\" alt=\"Consultor SEM\" width=\"1143\" height=\"686\" srcset=\"https:\/\/www.appyweb.es\/diccionario\/wp-content\/uploads\/2024\/03\/ConsultorSEM-300x180.jpg 300w, https:\/\/www.appyweb.es\/diccionario\/wp-content\/uploads\/2024\/03\/ConsultorSEM-768x461.jpg 768w, https:\/\/www.appyweb.es\/diccionario\/wp-content\/uploads\/2024\/03\/ConsultorSEM.jpg 1000w\" sizes=\"auto, (max-width: 1143px) 100vw, 1143px\" \/><\/h1>\n<div class=\"entry-content\">\n<p>El consultor SEM es el profesional encargado de realizar la optimizaci\u00f3n para el posicionamiento de anuncios en Internet. Igualmente, se encarga de\u00a0<strong>realizar todas las alianzas publicitarias y de pago<\/strong>, aunque normalmente se desempe\u00f1a en sistemas m\u00e1s espec\u00edficos como Google Ads.<\/p>\n<h2><span id=\"%F0%9F%93%8C_%C2%BFQue_es_un_Consultor_SEM\" class=\"ez-toc-section\"><\/span>\u00bfQu\u00e9 es un Consultor SEM?<\/h2>\n<p>Es un profesional del \u00e1rea de marketing y de las iniciativas SEM, su tarea es investigar y seleccionar diferentes\u00a0<strong>t\u00e9cnicas para la promocionar un sitio web en buscadores<\/strong>, a trav\u00e9s de un sistema de pago,\u00a0<a href=\"https:\/\/www.appyweb.es\/campanas-google-adwords\/\">como Google Adwords<\/a>\u00a0o mejor conocido simplemente como Ads.<\/p>\n<p>Debe contar con habilidades y conocimientos del algoritmo de posicionamiento de anuncios, es decir, c\u00f3mo funciona la configuraci\u00f3n de palabras clave, los tipos de promociones aplicables y cu\u00e1les pueden ser las proyecciones de un anuncio en ciertas audiencias. En este sentido,\u00a0<strong>se complementa con el consultor SEO<\/strong>, para establecer optimizaciones de posicionamiento acordes a los objetivos de la empresa.<\/p>\n<h2><span id=\"%F0%9F%93%8C_%C2%BFCuales_son_las_funciones_de_un_consultor_SEM\" class=\"ez-toc-section\"><\/span>\u00bfCu\u00e1les son las funciones de un consultor SEM?<\/h2>\n<p>Debe analizar a la competencia y a su vez la audiencia destino, teniendo en cuenta los servicios o productos que se deben promocionar, De esta forma, impulsa diferentes iniciativas a partir de las tendencias, de modo que se logre un incremento exponencial en los anuncios.<\/p>\n<p>La finalidad concreta es\u00a0<strong>lograr que las campa\u00f1as de anuncios para buscadores sean efectivas<\/strong>, es decir, que cuenten con\u00a0<a href=\"https:\/\/www.appyweb.es\/conversion-web\/\">una alta tasa de conversi\u00f3n web<\/a>, una buena tasa de clics y suscriptores, as\u00ed como un buen retorno de la inversi\u00f3n, m\u00e1s espec\u00edficamente debe realizar lo siguiente.<\/p>\n<ul>\n<li><strong>Analizar el ROI<\/strong>: Consiste en verificar la rentabilidad de los anuncios a trav\u00e9s de diferentes m\u00e9tricas.<\/li>\n<li><strong>Verificar la sostenibilidad<\/strong>: Debe estudiar la estrategia fondo para que no se vean afectadas por los cambios del algoritmo y las tendencias en los motores de b\u00fasqueda.<\/li>\n<li><strong>Investigar las palabras clave<\/strong>: Entender cu\u00e1l es el coste por cada keyword y cu\u00e1les pueden ser las m\u00e1s rentables para la estrategia.<\/li>\n<\/ul>\n<h2><span id=\"%F0%9F%93%8C_Origen\" class=\"ez-toc-section\"><\/span>Origen<\/h2>\n<p>Este consultor tiene origen en la creaci\u00f3n de la herramienta de Google Ads, que empez\u00f3 a funcionar a finales de 1999, el significado de las siglas SEM se traduce como \u201cmarketing para motores de b\u00fasqueda\u201d. Al principio, el sistema solo admit\u00eda el sistema de pago CPM, es decir, coste por mil o por cada mil impresiones. En este sentido, muchas empresas necesitaron de la ayuda de webmaster\u00a0<strong>para entender c\u00f3mo funcionaba el sistema<\/strong>, dando resultado a un profesional integral en el marketing digital, dirigido a anuncios en buscadores.<\/p>\n<p>Igualmente, tiene una relaci\u00f3n con el SEO, ya que ambas pr\u00e1cticas requieren de\u00a0<strong>conocimientos en el algoritmo de posicionamiento en buscadores<\/strong>, como Google. Asimismo, tambi\u00e9n es importante que cuente con conocimientos b\u00e1sicos en marketing para estudiar y segmentar la audiencia final.<\/p>\n<h2><span id=\"%F0%9F%93%8C_%C2%BFPara_que_sirve\" class=\"ez-toc-section\"><\/span>\u00bfPara qu\u00e9 sirve?<\/h2>\n<p>Un consultor SEM sirve para lograr un aumento del tr\u00e1fico de visitas en el sitio, implementa estrategias de marketing para buscadores, las cuales ayudan a mejorar el posicionamiento y la reputaci\u00f3n de la marca.<\/p>\n<p>Al momento de contratar este profesional es importante entender\u00a0<strong>c\u00f3mo funcionan las t\u00e9cnicas de b\u00fasqueda de los usuarios<\/strong>, estas suelen verse afectadas principalmente por los cambios en el algoritmo, que se llevan a cabo mensualmente. Estos cambios se deben tener en cuenta en la optimizaci\u00f3n de SEO, pero tambi\u00e9n tienen cierta influencia al momento de posicionar los anuncios en buscadores.<\/p>\n<p>El consultor est\u00e1 al tanto de todo estos cambios, especialmente para utilizarlo a favor de la estrategia de marketing de la empresa y as\u00ed aumentar el volumen de ventas y el reconocimiento de la marca.<\/p>\n<p>&nbsp;<\/p>\n<h2><span id=\"%F0%9F%93%8C_Mas_informacion_sobre_consultor_SEM\" class=\"ez-toc-section\"><\/span>M\u00e1s informaci\u00f3n sobre consultor SEM<\/h2>\n<ul>\n<li><a href=\"https:\/\/www.appyweb.es\/mejorar-posicionamiento-sem-negocio\/\">\u00bfC\u00f3mo mejorar el SEM de tu p\u00e1gina web?<\/a><\/li>\n<li><a href=\"https:\/\/www.elcorreogallego.es\/hemeroteca\/consultor-seo-sem-cuales-son-sus-principales-tareas-DCCG1186731\" rel=\"nofollow noopener\" target=\"_blank\">El consultor SEO SEM: Cu\u00e1les son sus principales tareas<\/a>.<\/li>\n<\/ul>\n<\/div>\n<p>&nbsp;<\/p>\n","protected":false},"excerpt":{"rendered":"<p>El consultor SEM es el profesional encargado de realizar la optimizaci\u00f3n para el posicionamiento de anuncios en Internet. Igualmente, se encarga de\u00a0realizar todas las alianzas publicitarias y de pago, aunque normalmente se desempe\u00f1a en sistemas m\u00e1s espec\u00edficos como Google Ads. \u00bfQu\u00e9 es un Consultor SEM? Es un profesional del \u00e1rea de marketing y de las [&hellip;]<\/p>\n","protected":false},"author":1,"featured_media":11725,"parent":0,"menu_order":0,"comment_status":"closed","ping_status":"closed","template":"","meta":{"inline_featured_image":false,"footnotes":""},"class_list":["post-849","page","type-page","status-publish","has-post-thumbnail","hentry"],"_links":{"self":[{"href":"https:\/\/www.appyweb.es\/diccionario\/wp-json\/wp\/v2\/pages\/849","targetHints":{"allow":["GET"]}}],"collection":[{"href":"https:\/\/www.appyweb.es\/diccionario\/wp-json\/wp\/v2\/pages"}],"about":[{"href":"https:\/\/www.appyweb.es\/diccionario\/wp-json\/wp\/v2\/types\/page"}],"author":[{"embeddable":true,"href":"https:\/\/www.appyweb.es\/diccionario\/wp-json\/wp\/v2\/users\/1"}],"replies":[{"embeddable":true,"href":"https:\/\/www.appyweb.es\/diccionario\/wp-json\/wp\/v2\/comments?post=849"}],"version-history":[{"count":5,"href":"https:\/\/www.appyweb.es\/diccionario\/wp-json\/wp\/v2\/pages\/849\/revisions"}],"predecessor-version":[{"id":11727,"href":"https:\/\/www.appyweb.es\/diccionario\/wp-json\/wp\/v2\/pages\/849\/revisions\/11727"}],"wp:featuredmedia":[{"embeddable":true,"href":"https:\/\/www.appyweb.es\/diccionario\/wp-json\/wp\/v2\/media\/11725"}],"wp:attachment":[{"href":"https:\/\/www.appyweb.es\/diccionario\/wp-json\/wp\/v2\/media?parent=849"}],"curies":[{"name":"wp","href":"https:\/\/api.w.org\/{rel}","templated":true}]}}