{"id":853,"date":"2023-06-20T10:35:17","date_gmt":"2023-06-20T10:35:17","guid":{"rendered":"https:\/\/www.appyweb.es\/diccionario\/?page_id=853"},"modified":"2024-03-21T09:19:48","modified_gmt":"2024-03-21T09:19:48","slug":"consultor-web","status":"publish","type":"page","link":"https:\/\/www.appyweb.es\/diccionario\/consultor-web\/","title":{"rendered":"Consultor Web"},"content":{"rendered":"<h1 class=\"entry-title main_title\"><img loading=\"lazy\" decoding=\"async\" class=\"alignnone wp-image-11731\" src=\"https:\/\/www.appyweb.es\/diccionario\/wp-content\/uploads\/2024\/03\/ConsultorWeb-300x180.jpg\" alt=\"Consultor Web\" width=\"1148\" height=\"689\" srcset=\"https:\/\/www.appyweb.es\/diccionario\/wp-content\/uploads\/2024\/03\/ConsultorWeb-300x180.jpg 300w, https:\/\/www.appyweb.es\/diccionario\/wp-content\/uploads\/2024\/03\/ConsultorWeb-768x461.jpg 768w, https:\/\/www.appyweb.es\/diccionario\/wp-content\/uploads\/2024\/03\/ConsultorWeb.jpg 1000w\" sizes=\"auto, (max-width: 1148px) 100vw, 1148px\" \/><\/h1>\n<div class=\"entry-content\">\n<p>Se trata de un profesional que se encarga del proyecto de los sitios desde el principio, planifica los objetivos del mismo junto a la empresa.\u00a0<strong>El consultor web tambi\u00e9n se encarga de desarrollar ideas para el dise\u00f1o y desarrollo<\/strong>, as\u00ed como para las estrategias de marketing digital y posicionamiento.<\/p>\n<h2><span id=\"%F0%9F%93%8C_%C2%BFQue_es\" class=\"ez-toc-section\"><\/span>\u00bfQu\u00e9 es?<\/h2>\n<p>Es un profesional que cuenta con habilidades integrales, sus conocimientos pueden alcanzar \u00e1reas del dise\u00f1o gr\u00e1fico, el desarrollo digital, as\u00ed como de las estrategias m\u00e1s b\u00e1sicas de marketing digital. Su finalidad es\u00a0<a href=\"https:\/\/www.appyweb.es\/marketing-de-atraccion\/\">crear un sitio web que sea atractivo<\/a>\u00a0para la experiencia de navegaci\u00f3n del usuario, al mismo tiempo que se esfuerza para convertirlo en un cliente.<\/p>\n<p>Es una persona que\u00a0<strong>cumple varias funciones en cuanto a servicios digitales<\/strong>, como la optimizaci\u00f3n de dise\u00f1o, mejor experiencia del consumidor, estrategias de marketing, con la finalidad de expandir el n\u00famero de usuarios. Pero, a diferencia de los consultores SEM o SEO, estos no se desenvuelven en un \u00e1rea espec\u00edfica, m\u00e1s bien se expanden en un poco de cada \u00e1rea.<\/p>\n<h2><span id=\"%F0%9F%93%8C_%C2%BFCual_es_el_trabajo_de_un_Consultor_Web\" class=\"ez-toc-section\"><\/span>\u00bfCu\u00e1l es el trabajo de un Consultor Web?<\/h2>\n<ul>\n<li>Analiza las necesidades y virtudes de la empresa para entender c\u00f3mo proyectar la marca en el espacio digital.<\/li>\n<li>Lleva a cabo un\u00a0<strong>an\u00e1lisis de las necesidades del grupo consumidor<\/strong>, despu\u00e9s comprueba las funciones y el alcance del sitio.<\/li>\n<li>Realiza un informe que repasa todos los aspectos de la p\u00e1gina, donde expresa las soluciones m\u00e1s viables para la marca y as\u00ed lograr el alcance de los objetivos.<\/li>\n<li>Crea una campa\u00f1a de estrategias y el mejoramiento del dise\u00f1o.<\/li>\n<li>Implementa nuevos m\u00e9todos para lograr los objetivos.<\/li>\n<li>Finalmente, elabora un informe con los resultados obtenidos, estos tambi\u00e9n tienen la funci\u00f3n de evaluar la eficiencia de las estrategias.<\/li>\n<\/ul>\n<h2><span id=\"%F0%9F%93%8C_%C2%BFPara_que_sirve\" class=\"ez-toc-section\"><\/span>\u00bfPara qu\u00e9 sirve?<\/h2>\n<p>Son especialistas en mejorar el rendimiento de una p\u00e1gina, para esto se encargan de\u00a0<strong>transmitir informaci\u00f3n sobre un producto o servicio de forma eficiente<\/strong>, es decir, sin dejar a un lado los ideales iniciales de la empresa y sin olvidar las caracter\u00edsticas del cliente final.<\/p>\n<p>Tambi\u00e9n cumple funciones en el aumento y\u00a0<a href=\"https:\/\/www.appyweb.es\/posicionamiento-web\/\">mejoramiento de posiciones en buscadores<\/a>, para esto, realiza contenido de calidad o trabaja en conjunto con el content manager para exponer art\u00edculos que permitan el reconocimiento de la marca en buscadores.<\/p>\n<h2><span id=\"%F0%9F%93%8C_%C2%BFEl_consultor_web_es_lo_mismo_que_el_desarrollador\" class=\"ez-toc-section\"><\/span>\u00bfEl consultor web es lo mismo que el desarrollador?<\/h2>\n<p>Aunque ambos t\u00edtulos son similares, la verdad es que sus funciones llegan a diferir en un punto. En este caso,\u00a0<strong>el desarrollador es un profesional que se encarga de todo el dise\u00f1o digital<\/strong>, cuenta con conocimientos profundos sobre programaci\u00f3n y est\u00e1 preparado para seguir las sugerencias de la empresa para el dise\u00f1o final del sitio.<\/p>\n<p>Por otro lado, el consultor web tambi\u00e9n cuenta con esos conocimientos en programaci\u00f3n, pero \u00e9ste profesional no se encarga de seguir fielmente las sugerencias de la empresa, sino que debe hacer su propia investigaci\u00f3n sobre el sector y los consumidores, de forma que pueda presentar\u00a0<strong>un modelo de sitio apropiado para los objetivos de marketing<\/strong>.<\/p>\n<p>Igualmente, este profesional se encarga de ajustar todas las estrategias para la conversi\u00f3n de los usuarios en clientes, mientras que el desarrollador usualmente se concentra en mejorar la experiencia de navegaci\u00f3n. Pero, ambos pueden trabajar en el mismo equipo, con la finalidad de mejorar los tiempos l\u00edmites del proyecto.<\/p>\n<p>&nbsp;<\/p>\n<h2><span id=\"%F0%9F%93%8C_Mas_informacion_sobre_Consultor_Web\" class=\"ez-toc-section\"><\/span>M\u00e1s informaci\u00f3n sobre Consultor Web<\/h2>\n<ul>\n<li><a href=\"https:\/\/www.appyweb.es\/12-las-mejores-empresas-desarrollo-aplicaciones-espana\/\">12 de las mejores empresas de desarrollo de aplicaciones en Espa\u00f1a<\/a>.<\/li>\n<li><a href=\"http:\/\/alexeybakulin.com\/desarrollador-web-guia-para-empezar\/\" rel=\"nofollow noopener\" target=\"_blank\">Desarrollador web: Gu\u00eda de conocimientos<\/a>.<\/li>\n<\/ul>\n<\/div>\n<p>&nbsp;<\/p>\n","protected":false},"excerpt":{"rendered":"<p>Se trata de un profesional que se encarga del proyecto de los sitios desde el principio, planifica los objetivos del mismo junto a la empresa.\u00a0El consultor web tambi\u00e9n se encarga de desarrollar ideas para el dise\u00f1o y desarrollo, as\u00ed como para las estrategias de marketing digital y posicionamiento. \u00bfQu\u00e9 es? Es un profesional que cuenta [&hellip;]<\/p>\n","protected":false},"author":1,"featured_media":11731,"parent":0,"menu_order":0,"comment_status":"closed","ping_status":"closed","template":"","meta":{"inline_featured_image":false,"footnotes":""},"class_list":["post-853","page","type-page","status-publish","has-post-thumbnail","hentry"],"_links":{"self":[{"href":"https:\/\/www.appyweb.es\/diccionario\/wp-json\/wp\/v2\/pages\/853","targetHints":{"allow":["GET"]}}],"collection":[{"href":"https:\/\/www.appyweb.es\/diccionario\/wp-json\/wp\/v2\/pages"}],"about":[{"href":"https:\/\/www.appyweb.es\/diccionario\/wp-json\/wp\/v2\/types\/page"}],"author":[{"embeddable":true,"href":"https:\/\/www.appyweb.es\/diccionario\/wp-json\/wp\/v2\/users\/1"}],"replies":[{"embeddable":true,"href":"https:\/\/www.appyweb.es\/diccionario\/wp-json\/wp\/v2\/comments?post=853"}],"version-history":[{"count":5,"href":"https:\/\/www.appyweb.es\/diccionario\/wp-json\/wp\/v2\/pages\/853\/revisions"}],"predecessor-version":[{"id":11733,"href":"https:\/\/www.appyweb.es\/diccionario\/wp-json\/wp\/v2\/pages\/853\/revisions\/11733"}],"wp:featuredmedia":[{"embeddable":true,"href":"https:\/\/www.appyweb.es\/diccionario\/wp-json\/wp\/v2\/media\/11731"}],"wp:attachment":[{"href":"https:\/\/www.appyweb.es\/diccionario\/wp-json\/wp\/v2\/media?parent=853"}],"curies":[{"name":"wp","href":"https:\/\/api.w.org\/{rel}","templated":true}]}}