{"id":857,"date":"2023-06-20T10:36:52","date_gmt":"2023-06-20T10:36:52","guid":{"rendered":"https:\/\/www.appyweb.es\/diccionario\/?page_id=857"},"modified":"2024-03-21T09:20:45","modified_gmt":"2024-03-21T09:20:45","slug":"consultoria-web","status":"publish","type":"page","link":"https:\/\/www.appyweb.es\/diccionario\/consultoria-web\/","title":{"rendered":"Consultor\u00eda Web"},"content":{"rendered":"<p><img loading=\"lazy\" decoding=\"async\" class=\"alignnone wp-image-11748\" src=\"https:\/\/www.appyweb.es\/diccionario\/wp-content\/uploads\/2024\/03\/ConsultoriaWeb-1-300x180.jpg\" alt=\"Consultor\u00eda Web\" width=\"1147\" height=\"688\" srcset=\"https:\/\/www.appyweb.es\/diccionario\/wp-content\/uploads\/2024\/03\/ConsultoriaWeb-1-300x180.jpg 300w, https:\/\/www.appyweb.es\/diccionario\/wp-content\/uploads\/2024\/03\/ConsultoriaWeb-1-768x461.jpg 768w, https:\/\/www.appyweb.es\/diccionario\/wp-content\/uploads\/2024\/03\/ConsultoriaWeb-1.jpg 1000w\" sizes=\"auto, (max-width: 1147px) 100vw, 1147px\" \/><\/p>\n<div class=\"entry-content\">\n<p>La consultor\u00eda web es un servicio que\u00a0<strong>se utiliza para conseguir una mayor presencia en Internet<\/strong>. Est\u00e1s suelen ser lideradas por consultores, que eval\u00faan completamente la estructura de una p\u00e1gina, especialmente lo que tiene que ver con el dise\u00f1o y las estrategias de marketing de atracci\u00f3n.<\/p>\n<h2><span id=\"%F0%9F%93%8C_%C2%BFQue_es\" class=\"ez-toc-section\"><\/span>\u00bfQu\u00e9 es?<\/h2>\n<p>Se trata de un servicio que re\u00fane un grupo de profesionales\u00a0<strong>capaces de desarrollar los objetivos digitales de una empresa<\/strong>, de forma que puedan crear un sitio adaptado a sus necesidades y expectativas. Al mismo tiempo, tambi\u00e9n tienen la funci\u00f3n de conocer y entender la audiencia a la cual se dirige para\u00a0<a href=\"https:\/\/www.appyweb.es\/marketing-de-atraccion\/\">implementar estrategias de marketing de atracci\u00f3n<\/a>\u00a0m\u00e1s apropiadas y efectivas.<\/p>\n<p>Algunos de los profesionales que se incluyen dentro de este equipo son los consultores de p\u00e1ginas, expertos en SEO, profesionales en programaci\u00f3n. Todas trabajan para aumentar el nivel de visitas en el sitio y que la mayor\u00eda de ese tr\u00e1fico se convierta en leads, posteriormente en clientes.<\/p>\n<h2><span id=\"%F0%9F%93%8C_%C2%BFPor_que_contratar_una_Consultoria_Web\" class=\"ez-toc-section\"><\/span>\u00bfPor qu\u00e9 contratar una Consultor\u00eda Web?<\/h2>\n<p>Debido al crecimiento exponencial del mercado digital, la competencia para las empresas, compa\u00f1\u00edas y marcas aumenta todos los d\u00edas. Por tal motivo, la consultor\u00eda web es indispensable, ya que los profesionales cuentan con las habilidades y el conocimiento en las tendencias m\u00e1s importantes actualmente, que pueden ayudar a mejorar las estrategias de cualquier negocio.<\/p>\n<p>Asimismo, tambi\u00e9n es importante mencionar\u00a0<strong>la experiencia con la que cuentan estos servicios<\/strong>, normalmente tienen un largo recorrido en diferentes sectores, como en\u00a0<a href=\"https:\/\/www.appyweb.es\/posicionamiento-web\/\">el posicionamiento web<\/a>\u00a0y la gesti\u00f3n de blogs de empresas. Pero tambi\u00e9n incluyen conocimientos profundos en pr\u00e1cticas como programaci\u00f3n y desarrollo, as\u00ed como en la utilizaci\u00f3n de diferentes herramientas de marketing. De forma que son una gran inversi\u00f3n para reconocimiento de la empresa en Internet.<\/p>\n<h2><span id=\"%F0%9F%93%8C_%C2%BFComo_funciona\" class=\"ez-toc-section\"><\/span>\u00bfC\u00f3mo funciona?<\/h2>\n<p>Su funci\u00f3n radica en hacer crecer el sitio de sus clientes, de modo que pueda\u00a0<strong>aumentar su negocio y receptividad por parte de los usuarios<\/strong>. Para ello, utilizan buenas estrategias de marketing y dise\u00f1o.<\/p>\n<p>Aunque es un servicio para la optimizaci\u00f3n t\u00e9cnico, tambi\u00e9n cabe destacar que permite una mejor transmisi\u00f3n de la informaci\u00f3n, normalmente trabaja en conjunto con el content manager\u00a0<strong>para crear una nueva vista del contenido<\/strong>, lo que sin duda ayudar\u00e1 mejorar la imagen de la empresa o marca.<\/p>\n<h2><span id=\"%F0%9F%93%8C_%C2%BFCuales_son_los_servicios_de_la_Consultoria_Web\" class=\"ez-toc-section\"><\/span>\u00bfCu\u00e1les son los servicios de la Consultor\u00eda Web?<\/h2>\n<ul>\n<li>Optimizan la usabilidad del sitio para\u00a0<strong>atraer un mayor volumen de usuarios y clientes<\/strong>.<\/li>\n<li>Crean y organizan los contenidos del blog o del sitio en general.<\/li>\n<li>Buscan\u00a0<strong>atraer mayor tr\u00e1fico de calidad y posicionar mejor en buscadores<\/strong>.<\/li>\n<li>Detentan las mejores tem\u00e1ticas y estrategias para mejorar la imagen de marca en el sector.<\/li>\n<li>Mejoran la presencia e interacci\u00f3n en redes sociales.<\/li>\n<li>Analizan y estudiar el resultado de todas las estrategias.<\/li>\n<\/ul>\n<p>&nbsp;<\/p>\n<h2><span id=\"%F0%9F%93%8C_Mas_informacion_sobre_Consultoria_Web\" class=\"ez-toc-section\"><\/span>M\u00e1s informaci\u00f3n sobre Consultor\u00eda Web<\/h2>\n<ul>\n<li><a href=\"https:\/\/www.appyweb.es\/diccionario\/especialistas-sem\/\">\u00bfQu\u00e9 son los Especialistas SEM y para qu\u00e9 sirve?<\/a><\/li>\n<li><a href=\"https:\/\/www.ituser.es\/actualidad\/2020\/08\/cinco-perfiles-digitales-cuya-demanda-sube-como-la-espuma\" rel=\"nofollow noopener\" target=\"_blank\">Cinco perfiles digitales cuya demanda sube como la espuma<\/a>.<\/li>\n<\/ul>\n<\/div>\n<p>&nbsp;<\/p>\n","protected":false},"excerpt":{"rendered":"<p>La consultor\u00eda web es un servicio que\u00a0se utiliza para conseguir una mayor presencia en Internet. Est\u00e1s suelen ser lideradas por consultores, que eval\u00faan completamente la estructura de una p\u00e1gina, especialmente lo que tiene que ver con el dise\u00f1o y las estrategias de marketing de atracci\u00f3n. \u00bfQu\u00e9 es? Se trata de un servicio que re\u00fane un [&hellip;]<\/p>\n","protected":false},"author":1,"featured_media":11748,"parent":0,"menu_order":0,"comment_status":"closed","ping_status":"closed","template":"","meta":{"inline_featured_image":false,"footnotes":""},"class_list":["post-857","page","type-page","status-publish","has-post-thumbnail","hentry"],"_links":{"self":[{"href":"https:\/\/www.appyweb.es\/diccionario\/wp-json\/wp\/v2\/pages\/857","targetHints":{"allow":["GET"]}}],"collection":[{"href":"https:\/\/www.appyweb.es\/diccionario\/wp-json\/wp\/v2\/pages"}],"about":[{"href":"https:\/\/www.appyweb.es\/diccionario\/wp-json\/wp\/v2\/types\/page"}],"author":[{"embeddable":true,"href":"https:\/\/www.appyweb.es\/diccionario\/wp-json\/wp\/v2\/users\/1"}],"replies":[{"embeddable":true,"href":"https:\/\/www.appyweb.es\/diccionario\/wp-json\/wp\/v2\/comments?post=857"}],"version-history":[{"count":5,"href":"https:\/\/www.appyweb.es\/diccionario\/wp-json\/wp\/v2\/pages\/857\/revisions"}],"predecessor-version":[{"id":11749,"href":"https:\/\/www.appyweb.es\/diccionario\/wp-json\/wp\/v2\/pages\/857\/revisions\/11749"}],"wp:featuredmedia":[{"embeddable":true,"href":"https:\/\/www.appyweb.es\/diccionario\/wp-json\/wp\/v2\/media\/11748"}],"wp:attachment":[{"href":"https:\/\/www.appyweb.es\/diccionario\/wp-json\/wp\/v2\/media?parent=857"}],"curies":[{"name":"wp","href":"https:\/\/api.w.org\/{rel}","templated":true}]}}