{"id":867,"date":"2023-06-20T10:40:37","date_gmt":"2023-06-20T10:40:37","guid":{"rendered":"https:\/\/www.appyweb.es\/diccionario\/?page_id=867"},"modified":"2024-03-21T09:21:20","modified_gmt":"2024-03-21T09:21:20","slug":"contenido","status":"publish","type":"page","link":"https:\/\/www.appyweb.es\/diccionario\/contenido\/","title":{"rendered":"Contenido"},"content":{"rendered":"<p><img loading=\"lazy\" decoding=\"async\" class=\"alignnone wp-image-11751\" src=\"https:\/\/www.appyweb.es\/diccionario\/wp-content\/uploads\/2024\/03\/contenido-300x180.jpg\" alt=\"Contenido\" width=\"1143\" height=\"686\" srcset=\"https:\/\/www.appyweb.es\/diccionario\/wp-content\/uploads\/2024\/03\/contenido-300x180.jpg 300w, https:\/\/www.appyweb.es\/diccionario\/wp-content\/uploads\/2024\/03\/contenido-768x461.jpg 768w, https:\/\/www.appyweb.es\/diccionario\/wp-content\/uploads\/2024\/03\/contenido.jpg 1000w\" sizes=\"auto, (max-width: 1143px) 100vw, 1143px\" \/><\/p>\n<div class=\"entry-content\">\n<p>T\u00e9cnicamente,\u00a0<strong>el contenido es informaci\u00f3n que se dirige a un usuario<\/strong>\u00a0o audiencia final, es algo que se expresa a trav\u00e9s de diferentes medios como el habla, el texto, v\u00eddeos o cualquier otro formato. En el mundo del marketing digital estos permiten captar a los usuarios de los motores de b\u00fasqueda para convertirlos en posibles clientes.<\/p>\n<h2><span id=\"%F0%9F%93%8C_%C2%BFQue_es\" class=\"ez-toc-section\"><\/span>\u00bfQu\u00e9 es?<\/h2>\n<p>Se puede entender por contenido la informaci\u00f3n de cualquier tipo que encuentra en diferentes medios, bien sean digitales o f\u00edsicos. Igualmente, es necesario\u00a0<a href=\"https:\/\/www.appyweb.es\/embudo-ventas-e-commerce\/\">definirlo en el embudo de ventas<\/a>, estos suelen ser presentados en diferentes audiencias digitales, a trav\u00e9s de blogs y redes sociales, con la intenci\u00f3n de inspirarlo a convertirse en cliente de forma natural.<\/p>\n<p>Son utilizados en estrategias de atracci\u00f3n para evitar incluir anuncios invasivos, esto se integra en una metodolog\u00eda llamada\u00a0<em>inbound marketing<\/em>. Consiste en mostrar informaci\u00f3n que sea necesaria para las audiencias y al mismo tiempo\u00a0<strong>funcione como puente para promocionar una marca<\/strong>\u00a0o empresa.<\/p>\n<h2><span id=\"%F0%9F%93%8C_%C2%BFPara_que_sirven_los_contenidos\" class=\"ez-toc-section\"><\/span>\u00bfPara qu\u00e9 sirven los contenidos?<\/h2>\n<p>Es una forma en la cual se puede hacer\u00a0<strong>que las personas comprendan algo o simplemente se interesen en algo<\/strong>. Estos pueden utilizarse para informar, educar o entretener, bien sea a trav\u00e9s de diferentes artes como la escritura o la pintura.<\/p>\n<p>En el\u00a0<a href=\"https:\/\/www.appyweb.es\/marketing-de-contenidos\/\">marketing de contenidos<\/a>\u00a0no solo sirve para atraer sigilosamente a un usuario para que se interese en un producto, sino tambi\u00e9n para hacer una optimizaci\u00f3n SEO. Es decir, aplicar t\u00e9cnicas que satisfagan a los algoritmos de b\u00fasqueda como Google.<\/p>\n<p>Estos suelen evaluar los formatos en Internet para posicionarlos en la p\u00e1gina de resultados, si cuentan con un buen rendimiento, es decir, son \u00fatiles, de calidad, extensos, con palabras clave apropiadas, tienen im\u00e1genes y otros formatos, pueden llegar a ocupar las primeras posiciones. Esto significa que tendr\u00e1 una mejor tasa de atracci\u00f3n de usuarios.<\/p>\n<h2><span id=\"%F0%9F%93%8C_%C2%BFPor_que_utilizar_contenidos_en_marketing\" class=\"ez-toc-section\"><\/span>\u00bfPor qu\u00e9 utilizar contenidos en marketing?<\/h2>\n<p>La raz\u00f3n principal es para crear una reputaci\u00f3n, mientras m\u00e1s post posicionados por calidad\u00a0<strong>m\u00e1s reconocida ser\u00e1 la marca en el sector<\/strong>. Igualmente, su importancia tambi\u00e9n radica en convertir usuarios en prospectos o clientes, evitando estrategias de anuncios que suelen ser invasivos y m\u00e1s caros.<\/p>\n<p>Al mismo tiempo, se puede proyectar mejor la imagen de marca en otros escenarios, no solo en buscadores, sino tambi\u00e9n en redes sociales y otras plataformas. Por otro lado, en el SEO tambi\u00e9n fomenta una mejor estrategia de link building, algo que incrementa la autoridad de dominio en buscadores.<\/p>\n<h2><span id=\"%F0%9F%93%8C_%C2%BFComo_crear_un_contenido_para_marketing\" class=\"ez-toc-section\"><\/span>\u00bfC\u00f3mo crear un contenido para marketing?<\/h2>\n<ol>\n<li>Lo primero es definir los objetivos, estos deben ser cuantificables, como llegar a mil suscriptores al blog al final del mes.<\/li>\n<li>Despu\u00e9s se investiga a la audiencia, con el fin de\u00a0<strong>entender cu\u00e1les son sus necesidades inmediatas o las tendencias m\u00e1s recientes<\/strong>.<\/li>\n<li>Tambi\u00e9n se debe prestar atenci\u00f3n a lo que est\u00e1 haciendo la competencia, para encontrar inspiraci\u00f3n en el proceso.<\/li>\n<li>Seguidamente, se establecen los formatos y la informaci\u00f3n que se debe crear para difundir.<\/li>\n<li>En el proceso se emplean medios de difusi\u00f3n como Facebook Ads.<\/li>\n<li>Finalmente, se analizan los resultados y se comparan con los objetivos.<\/li>\n<\/ol>\n<p>&nbsp;<\/p>\n<h2><span id=\"%F0%9F%93%8C_Mas_informacion_sobre_Contenido\" class=\"ez-toc-section\"><\/span>M\u00e1s informaci\u00f3n sobre Contenido<\/h2>\n<ul>\n<li><a href=\"https:\/\/www.appyweb.es\/diccionario\/articulo-seo\/\">\u00bfQu\u00e9 es un Art\u00edculo SEO y para qu\u00e9 sirve?<\/a><\/li>\n<li><a href=\"https:\/\/www.eleconomista.com.mx\/opinion\/Contenido-generado-por-el-usuario-apoyo-a-estrategias-de-marketing-20200914-0076.html\" rel=\"nofollow noopener\" target=\"_blank\">Contenido generado por el usuario, apoyo a estrategias de marketing<\/a>.<\/li>\n<\/ul>\n<\/div>\n<p>&nbsp;<\/p>\n","protected":false},"excerpt":{"rendered":"<p>T\u00e9cnicamente,\u00a0el contenido es informaci\u00f3n que se dirige a un usuario\u00a0o audiencia final, es algo que se expresa a trav\u00e9s de diferentes medios como el habla, el texto, v\u00eddeos o cualquier otro formato. En el mundo del marketing digital estos permiten captar a los usuarios de los motores de b\u00fasqueda para convertirlos en posibles clientes. \u00bfQu\u00e9 [&hellip;]<\/p>\n","protected":false},"author":1,"featured_media":11751,"parent":0,"menu_order":0,"comment_status":"closed","ping_status":"closed","template":"","meta":{"inline_featured_image":false,"footnotes":""},"class_list":["post-867","page","type-page","status-publish","has-post-thumbnail","hentry"],"_links":{"self":[{"href":"https:\/\/www.appyweb.es\/diccionario\/wp-json\/wp\/v2\/pages\/867","targetHints":{"allow":["GET"]}}],"collection":[{"href":"https:\/\/www.appyweb.es\/diccionario\/wp-json\/wp\/v2\/pages"}],"about":[{"href":"https:\/\/www.appyweb.es\/diccionario\/wp-json\/wp\/v2\/types\/page"}],"author":[{"embeddable":true,"href":"https:\/\/www.appyweb.es\/diccionario\/wp-json\/wp\/v2\/users\/1"}],"replies":[{"embeddable":true,"href":"https:\/\/www.appyweb.es\/diccionario\/wp-json\/wp\/v2\/comments?post=867"}],"version-history":[{"count":5,"href":"https:\/\/www.appyweb.es\/diccionario\/wp-json\/wp\/v2\/pages\/867\/revisions"}],"predecessor-version":[{"id":11753,"href":"https:\/\/www.appyweb.es\/diccionario\/wp-json\/wp\/v2\/pages\/867\/revisions\/11753"}],"wp:featuredmedia":[{"embeddable":true,"href":"https:\/\/www.appyweb.es\/diccionario\/wp-json\/wp\/v2\/media\/11751"}],"wp:attachment":[{"href":"https:\/\/www.appyweb.es\/diccionario\/wp-json\/wp\/v2\/media?parent=867"}],"curies":[{"name":"wp","href":"https:\/\/api.w.org\/{rel}","templated":true}]}}