{"id":873,"date":"2023-06-20T10:45:31","date_gmt":"2023-06-20T10:45:31","guid":{"rendered":"https:\/\/www.appyweb.es\/diccionario\/?page_id=873"},"modified":"2024-03-21T09:22:24","modified_gmt":"2024-03-21T09:22:24","slug":"contenido-online","status":"publish","type":"page","link":"https:\/\/www.appyweb.es\/diccionario\/contenido-online\/","title":{"rendered":"Contenido online"},"content":{"rendered":"<h1 class=\"entry-title main_title\"><img loading=\"lazy\" decoding=\"async\" class=\"alignnone wp-image-11763\" src=\"https:\/\/www.appyweb.es\/diccionario\/wp-content\/uploads\/2024\/03\/contenidoonline-300x180.jpg\" alt=\"Contenido online\" width=\"1125\" height=\"675\" srcset=\"https:\/\/www.appyweb.es\/diccionario\/wp-content\/uploads\/2024\/03\/contenidoonline-300x180.jpg 300w, https:\/\/www.appyweb.es\/diccionario\/wp-content\/uploads\/2024\/03\/contenidoonline-768x461.jpg 768w, https:\/\/www.appyweb.es\/diccionario\/wp-content\/uploads\/2024\/03\/contenidoonline.jpg 1000w\" sizes=\"auto, (max-width: 1125px) 100vw, 1125px\" \/><\/h1>\n<div class=\"entry-content\">\n<p>Con el paso de los a\u00f1os y los avances en la tecnolog\u00eda muchas cosas han cambiado, una de ellas es la forma en la que se puede acceder<strong>\u00a0<\/strong>a la informaci\u00f3n.\u00a0Ahora cualquier persona con un dispositivo conectado a Internet\u00a0<strong>puede visualizar contenido online para informarse, educarse o entretenerse<\/strong>.<\/p>\n<h2><span id=\"%F0%9F%93%8C_%C2%BFQue_es\" class=\"ez-toc-section\"><\/span>\u00bfQu\u00e9 es?<\/h2>\n<p>Se considera como contenido online a toda aquella\u00a0<strong>informaci\u00f3n que se puede obtener a trav\u00e9s de Internet<\/strong>. Esto incluye cualquier tipo de formato, bien sean textos, im\u00e1genes o v\u00eddeos, entre otros aplicables para la difusi\u00f3n digital.<\/p>\n<p>En el caso del\u00a0<a href=\"https:\/\/www.appyweb.es\/marketing-de-contenidos\/\">marketing de contenidos<\/a>\u00a0estos se presentan en una gran variedad de opciones, de forma que se pueda recurrir a diferentes alternativas para atraer, convertir o fidelizar usuarios y clientes.<\/p>\n<h2><span id=\"%F0%9F%93%8C_%C2%BFPara_que_sirve\" class=\"ez-toc-section\"><\/span>\u00bfPara qu\u00e9 sirve?<\/h2>\n<p>Su principal funci\u00f3n es ofrecer una fuente de informaci\u00f3n de f\u00e1cil acceso, normalmente,\u00a0<strong>los contenidos online incluyen datos significativos<\/strong>\u00a0para proyectos educativos o informativos. Sin embargo, es necesario verificar las fuentes, garantizar que provengan de dominios de autoridad, ya que en Internet es muy com\u00fan el uso de fake news o informaci\u00f3n falsa para desviar la opini\u00f3n p\u00fablica sobre un tema o crear rumores.<\/p>\n<p>Aun as\u00ed, estos formatos tambi\u00e9n\u00a0<a href=\"https:\/\/www.appyweb.es\/marketing-de-atraccion\/\">se utilizan para promocionar productos<\/a>\u00a0y ofrecer informaci\u00f3n sobre alguna marca en espec\u00edfico<strong>,<\/strong>\u00a0lo cual contribuye a que la misma vaya creciendo en el mercado y se desarrolle desde diferentes \u00e1ngulos.<\/p>\n<h2><span id=\"%F0%9F%93%8C_Tipos_de_contenido_online\" class=\"ez-toc-section\"><\/span>Tipos de contenido online<\/h2>\n<p>La principal funci\u00f3n de estos elementos es informar de forma efectiva, actualmente la velocidad tambi\u00e9n es un tema relevante, as\u00ed que es necesario\u00a0<strong>emplear distintos tipos para seguir las tendencias de navegaci\u00f3n de los usuarios<\/strong>. En este caso, se pueden nombrar los siguientes.<\/p>\n<ul>\n<li><strong>Art\u00edculos<\/strong>: Es la informaci\u00f3n que se publica en blogs de Internet, tambi\u00e9n son utilizados para mejorar las estrategias de posicionamiento de un sitio.<\/li>\n<li><strong>Post en redes sociales<\/strong>: Estas publicaciones se difunden con la finalidad de obtener reacciones en redes sociales e interactuar con la audiencia.<\/li>\n<li><strong>V\u00eddeos<\/strong>: Es el formato m\u00e1s popular en Internet, ya que utiliza elementos multimedia para facilitar la comprensi\u00f3n de los temas expuestos.<\/li>\n<li><strong>e-Books<\/strong>: Los libros electr\u00f3nicos permiten\u00a0<strong>acceder a informaci\u00f3n m\u00e1s profunda y datos m\u00e1s relevantes sobre un tema<\/strong>, sin olvidar mencionar que son de alto valor para los usuarios.<\/li>\n<li><strong>Infograf\u00edas<\/strong>: Facilitan la comunicaci\u00f3n de instrucciones, especialmente con la utilizaci\u00f3n de pasos o listas.<\/li>\n<\/ul>\n<h2><span id=\"%F0%9F%93%8C_%C2%BFComo_utilizar_el_contenido_online_en_marketing\" class=\"ez-toc-section\"><\/span>\u00bfC\u00f3mo utilizar el contenido online en marketing?<\/h2>\n<p>Estos suelen tener protagonismo en la metodolog\u00eda del inbound marketing,\u00a0<strong>ya que permiten atraer clientes de forma natural<\/strong>. Son utilizados en la primera etapa de atracci\u00f3n, as\u00ed como en la tercera etapa de interacci\u00f3n, especialmente cuando se pone en pr\u00e1ctica las t\u00e9cnicas automatizadas para ofrecer contenidos m\u00e1s apropiados a los usuarios.<\/p>\n<p>As\u00ed, es m\u00e1s f\u00e1cil\u00a0<strong>saber cu\u00e1les son los temas m\u00e1s interesantes para los usuarios<\/strong>, de forma que solo se ofrezcan formatos que se ajusten a esas preferencias. Igualmente, pueden utilizarse en la \u00faltima etapa del engagement para mantener a los usuarios interesados en los temas y propuestas comerciales de la marca.<\/p>\n<p>&nbsp;<\/p>\n<h2><span id=\"%F0%9F%93%8C_Mas_informacion_sobre_contenido_online\" class=\"ez-toc-section\"><\/span>M\u00e1s informaci\u00f3n sobre contenido online<\/h2>\n<ul>\n<li><a href=\"https:\/\/www.appyweb.es\/diccionario\/contenido-duplicado\/\">\u00bfQu\u00e9 es el Contenido duplicado y para qu\u00e9 sirve?<\/a><\/li>\n<li><a href=\"http:\/\/foco.lanacion.com.py\/2020\/08\/22\/pasos-para-un-buen-marketing-de-contenidos\/\" rel=\"nofollow noopener\" target=\"_blank\">Pasos para un buen marketing de contenidos<\/a>.<\/li>\n<\/ul>\n<\/div>\n<p>&nbsp;<\/p>\n","protected":false},"excerpt":{"rendered":"<p>Con el paso de los a\u00f1os y los avances en la tecnolog\u00eda muchas cosas han cambiado, una de ellas es la forma en la que se puede acceder\u00a0a la informaci\u00f3n.\u00a0Ahora cualquier persona con un dispositivo conectado a Internet\u00a0puede visualizar contenido online para informarse, educarse o entretenerse. \u00bfQu\u00e9 es? Se considera como contenido online a toda [&hellip;]<\/p>\n","protected":false},"author":1,"featured_media":11763,"parent":0,"menu_order":0,"comment_status":"closed","ping_status":"closed","template":"","meta":{"inline_featured_image":false,"footnotes":""},"class_list":["post-873","page","type-page","status-publish","has-post-thumbnail","hentry"],"_links":{"self":[{"href":"https:\/\/www.appyweb.es\/diccionario\/wp-json\/wp\/v2\/pages\/873","targetHints":{"allow":["GET"]}}],"collection":[{"href":"https:\/\/www.appyweb.es\/diccionario\/wp-json\/wp\/v2\/pages"}],"about":[{"href":"https:\/\/www.appyweb.es\/diccionario\/wp-json\/wp\/v2\/types\/page"}],"author":[{"embeddable":true,"href":"https:\/\/www.appyweb.es\/diccionario\/wp-json\/wp\/v2\/users\/1"}],"replies":[{"embeddable":true,"href":"https:\/\/www.appyweb.es\/diccionario\/wp-json\/wp\/v2\/comments?post=873"}],"version-history":[{"count":5,"href":"https:\/\/www.appyweb.es\/diccionario\/wp-json\/wp\/v2\/pages\/873\/revisions"}],"predecessor-version":[{"id":11766,"href":"https:\/\/www.appyweb.es\/diccionario\/wp-json\/wp\/v2\/pages\/873\/revisions\/11766"}],"wp:featuredmedia":[{"embeddable":true,"href":"https:\/\/www.appyweb.es\/diccionario\/wp-json\/wp\/v2\/media\/11763"}],"wp:attachment":[{"href":"https:\/\/www.appyweb.es\/diccionario\/wp-json\/wp\/v2\/media?parent=873"}],"curies":[{"name":"wp","href":"https:\/\/api.w.org\/{rel}","templated":true}]}}