{"id":891,"date":"2023-06-20T10:51:31","date_gmt":"2023-06-20T10:51:31","guid":{"rendered":"https:\/\/www.appyweb.es\/diccionario\/?page_id=891"},"modified":"2024-03-21T09:24:53","modified_gmt":"2024-03-21T09:24:53","slug":"content-marketing","status":"publish","type":"page","link":"https:\/\/www.appyweb.es\/diccionario\/content-marketing\/","title":{"rendered":"Content Marketing"},"content":{"rendered":"<h1 class=\"entry-title main_title\"><img loading=\"lazy\" decoding=\"async\" class=\"alignnone wp-image-11786\" src=\"https:\/\/www.appyweb.es\/diccionario\/wp-content\/uploads\/2024\/03\/ContentMarketing-300x180.jpg\" alt=\"Content Marketing\" width=\"1127\" height=\"676\" srcset=\"https:\/\/www.appyweb.es\/diccionario\/wp-content\/uploads\/2024\/03\/ContentMarketing-300x180.jpg 300w, https:\/\/www.appyweb.es\/diccionario\/wp-content\/uploads\/2024\/03\/ContentMarketing-768x461.jpg 768w, https:\/\/www.appyweb.es\/diccionario\/wp-content\/uploads\/2024\/03\/ContentMarketing.jpg 1000w\" sizes=\"auto, (max-width: 1127px) 100vw, 1127px\" \/><\/h1>\n<div class=\"entry-content\">\n<p>Se traduce como marketing de contenidos, es una t\u00e9cnica que se dedica exclusivamente a la creaci\u00f3n y distribuci\u00f3n de contenidos a trav\u00e9s de diferentes formatos.\u00a0<strong>La finalidad del content marketing es atraer usuarios<\/strong>, convertirlos en clientes e incluso mejorar la reputaci\u00f3n de la marca en Internet.<\/p>\n<h2><span id=\"%F0%9F%93%8C_%C2%BFQue_es\" class=\"ez-toc-section\"><\/span>\u00bfQu\u00e9 es?<\/h2>\n<p>M\u00e1s espec\u00edficamente, es una rama de la publicidad digital que\u00a0<strong>se encarga de creaci\u00f3n de contenido en diferentes formatos<\/strong>, para su posterior difusi\u00f3n a trav\u00e9s de diferentes canales digitales. Entre los medios m\u00e1s importantes para\u00a0<a href=\"https:\/\/www.appyweb.es\/marketing-de-contenidos\/\">hacer content marketing<\/a>\u00a0se destacan las redes sociales, plataformas de v\u00eddeo, blogs, entre otros.<\/p>\n<p>Se ha convertido en un aspecto indispensable en para la publicidad digital, especialmente para implementar estrategias poco invasivas. Su funci\u00f3n principal es permitir que los usuarios accedan a contenido que les permita informarse, entretenerse o educarse, que cuenten con alg\u00fan aspecto de valor y al mismo tiempo sea un recurso indispensable de la empresa para captar clientes.<\/p>\n<p>Asimismo, esta estrategia tambi\u00e9n\u00a0<strong>cuenta como parte esencial del posicionamiento SEO<\/strong>, ya que a trav\u00e9s de distintas t\u00e9cnicas de optimizaci\u00f3n es posible impulsar una mejor posici\u00f3n en buscadores, como la implementaci\u00f3n de palabras clave, recursos multimedia, storytelling, entre otros.<\/p>\n<h2><span id=\"%F0%9F%93%8C_%C2%BFPara_que_sirve\" class=\"ez-toc-section\"><\/span>\u00bfPara qu\u00e9 sirve?<\/h2>\n<p>El Content Marketing sirve para que una empresa pueda diferenciarse a\u00fan m\u00e1s de otras p\u00e1ginas de la competencia, no precisamente por el producto o servicio. Sino por el contenido que le da a conocer al usuario y comprador.<\/p>\n<p>Asimismo, esta estrategia forma\u00a0<a href=\"https:\/\/www.appyweb.es\/marketing-de-atraccion\/\">parte de la metodolog\u00eda inbound marketing<\/a>, que permite la\u00a0<strong>atracci\u00f3n de clientes a trav\u00e9s de contenidos de valor<\/strong>, para ello, se realizan diferentes formatos de contenido, como puede ser en redes sociales, distribuci\u00f3n de libros electr\u00f3nicos, infograf\u00edas, publicaciones en art\u00edculos, entre otros.<\/p>\n<h2><span id=\"%F0%9F%93%8C_Caracteristicas_mas_importantes_del_Content_Marketing\" class=\"ez-toc-section\"><\/span>Caracter\u00edsticas m\u00e1s importantes del Content Marketing<\/h2>\n<ul>\n<li><strong>Creatividad<\/strong>: La originalidad ser\u00e1 el pilar b\u00e1sico para el desarrollo de estrategias de contenidos, es indispensable mostrarle al usuario algo que no haya visto todav\u00eda.<\/li>\n<li><strong>Valor y calidad<\/strong>: Aparte de ser original, tambi\u00e9n debe ser un recurso valioso y de alta calidad para los usuarios, es decir, que sea \u00fatil e informativo.<\/li>\n<li><strong>Diversidad de medios<\/strong>: Todos los recursos deben ser difundidos a trav\u00e9s de diferentes canales, como espacios en sitios web y redes sociales.<\/li>\n<\/ul>\n<h2><span id=\"%F0%9F%93%8C_%C2%BFComo_hacer_Content_Marketing\" class=\"ez-toc-section\"><\/span>\u00bfC\u00f3mo hacer Content Marketing?<\/h2>\n<ol>\n<li>Se empieza estableciendo los objetivos de la campa\u00f1a, consiste en planificar las metas seg\u00fan las necesidades de la empresa.<\/li>\n<li>Seguidamente, se analizan todos los escenarios, es decir la situaci\u00f3n de la competencia, del cliente y de la marca.<\/li>\n<li>Luego, se define la audiencia objetivo, para esto se debe establecer un perfil del consumidor.<\/li>\n<li>Seguidamente, se establece la estrategia, es decir, cu\u00e1les ser\u00e1n los tipos de contenidos a difundir.<\/li>\n<li>A continuaci\u00f3n,\u00a0<strong>se procede con la difusi\u00f3n de todas las piezas tem\u00e1ticas creadas<\/strong>.<\/li>\n<li>Finalmente, se procede al an\u00e1lisis de los resultados.<\/li>\n<\/ol>\n<p>&nbsp;<\/p>\n<h2><span id=\"%F0%9F%93%8C_Mas_informacion_sobre_Content_Marketing\" class=\"ez-toc-section\"><\/span>M\u00e1s informaci\u00f3n sobre Content Marketing<\/h2>\n<ul>\n<li><a href=\"https:\/\/www.appyweb.es\/medir-triunfo-plan-contenidos\/\">C\u00f3mo medir el triunfo en tu plan de contenidos<\/a>.<\/li>\n<li><a href=\"https:\/\/www.merca20.com\/elementos-que-amenazan-el-exito-del-content-marketing-de-tu-marca\/\" rel=\"nofollow noopener\" target=\"_blank\">Elementos que amenazan el \u00e9xito del content marketing de tu marca<\/a>.<\/li>\n<\/ul>\n<\/div>\n<p>&nbsp;<\/p>\n","protected":false},"excerpt":{"rendered":"<p>Se traduce como marketing de contenidos, es una t\u00e9cnica que se dedica exclusivamente a la creaci\u00f3n y distribuci\u00f3n de contenidos a trav\u00e9s de diferentes formatos.\u00a0La finalidad del content marketing es atraer usuarios, convertirlos en clientes e incluso mejorar la reputaci\u00f3n de la marca en Internet. \u00bfQu\u00e9 es? M\u00e1s espec\u00edficamente, es una rama de la publicidad [&hellip;]<\/p>\n","protected":false},"author":1,"featured_media":11786,"parent":0,"menu_order":0,"comment_status":"closed","ping_status":"closed","template":"","meta":{"inline_featured_image":false,"footnotes":""},"class_list":["post-891","page","type-page","status-publish","has-post-thumbnail","hentry"],"_links":{"self":[{"href":"https:\/\/www.appyweb.es\/diccionario\/wp-json\/wp\/v2\/pages\/891","targetHints":{"allow":["GET"]}}],"collection":[{"href":"https:\/\/www.appyweb.es\/diccionario\/wp-json\/wp\/v2\/pages"}],"about":[{"href":"https:\/\/www.appyweb.es\/diccionario\/wp-json\/wp\/v2\/types\/page"}],"author":[{"embeddable":true,"href":"https:\/\/www.appyweb.es\/diccionario\/wp-json\/wp\/v2\/users\/1"}],"replies":[{"embeddable":true,"href":"https:\/\/www.appyweb.es\/diccionario\/wp-json\/wp\/v2\/comments?post=891"}],"version-history":[{"count":5,"href":"https:\/\/www.appyweb.es\/diccionario\/wp-json\/wp\/v2\/pages\/891\/revisions"}],"predecessor-version":[{"id":11788,"href":"https:\/\/www.appyweb.es\/diccionario\/wp-json\/wp\/v2\/pages\/891\/revisions\/11788"}],"wp:featuredmedia":[{"embeddable":true,"href":"https:\/\/www.appyweb.es\/diccionario\/wp-json\/wp\/v2\/media\/11786"}],"wp:attachment":[{"href":"https:\/\/www.appyweb.es\/diccionario\/wp-json\/wp\/v2\/media?parent=891"}],"curies":[{"name":"wp","href":"https:\/\/api.w.org\/{rel}","templated":true}]}}