{"id":901,"date":"2023-06-20T10:56:02","date_gmt":"2023-06-20T10:56:02","guid":{"rendered":"https:\/\/www.appyweb.es\/diccionario\/?page_id=901"},"modified":"2024-03-21T09:28:00","modified_gmt":"2024-03-21T09:28:00","slug":"conversion-rate-optimization","status":"publish","type":"page","link":"https:\/\/www.appyweb.es\/diccionario\/conversion-rate-optimization\/","title":{"rendered":"Conversion Rate Optimization"},"content":{"rendered":"<h1 class=\"entry-title main_title\"><img loading=\"lazy\" decoding=\"async\" class=\"alignnone wp-image-11800\" src=\"https:\/\/www.appyweb.es\/diccionario\/wp-content\/uploads\/2024\/03\/ConversionRateOptimization-300x180.jpg\" alt=\"Conversion Rate Optimization\" width=\"1118\" height=\"671\" srcset=\"https:\/\/www.appyweb.es\/diccionario\/wp-content\/uploads\/2024\/03\/ConversionRateOptimization-300x180.jpg 300w, https:\/\/www.appyweb.es\/diccionario\/wp-content\/uploads\/2024\/03\/ConversionRateOptimization-768x461.jpg 768w, https:\/\/www.appyweb.es\/diccionario\/wp-content\/uploads\/2024\/03\/ConversionRateOptimization.jpg 1000w\" sizes=\"auto, (max-width: 1118px) 100vw, 1118px\" \/><\/h1>\n<div class=\"entry-content\">\n<p>Muchas empresas utilizan el\u00a0conversion rate optimization\u00a0(CRO), o en espa\u00f1ol,\u00a0<em>optimizaci\u00f3n de la tasa de conversi\u00f3n,<\/em>\u00a0para mejorar sus estrategias de marketing. Su objetivo principal es aumentar la cantidad de usuarios que se registran en un sitio web.<\/p>\n<h2><span id=\"%F0%9F%93%8C_%C2%BFQue_es\" class=\"ez-toc-section\"><\/span>\u00bfQu\u00e9 es?<\/h2>\n<p>El Conversion Rate Optimization son pr\u00e1cticas que aplican los negocios digitales\u00a0<strong>para mejorar la efectividad de las estrategias de captaci\u00f3n<\/strong>. Es decir, incrementar el n\u00famero de usuarios que registran su informaci\u00f3n personal en la base de datos, as\u00ed como\u00a0<a href=\"https:\/\/www.appyweb.es\/conversion-web\/\">conseguir que los leads se conviertan<\/a>\u00a0en clientes m\u00e1s r\u00e1pidamente.<\/p>\n<p>En el sector del marketing y la publicidad online, este m\u00e9todo de optimizaci\u00f3n es considerado como una actividad profesional, ya que requiere de an\u00e1lisis constantes y el uso de herramientas tecnol\u00f3gicas para la interpretaci\u00f3n de los resultados.<\/p>\n<h2><span id=\"%F0%9F%93%8C_Origen_del_Conversion_Rate_Optimization\" class=\"ez-toc-section\"><\/span>Origen del Conversion Rate Optimization<\/h2>\n<p>La optimizaci\u00f3n de sitios web tuvo su origen a inicios del a\u00f1o 2000, en la que los comercios electr\u00f3nicos se vieron\u00a0<strong>obligados a mejorar la productividad de sus sitios digitales<\/strong>\u00a0con la\u00a0<a href=\"https:\/\/www.appyweb.es\/posicionamiento-web\/\">aparici\u00f3n del posicionamiento en buscadores<\/a>. Durante la primera d\u00e9cada, tambi\u00e9n se aprovecharon las nuevas tecnolog\u00edas digitales para incrementar el inter\u00e9s de los usuarios.<\/p>\n<p>De esta forma, los negocios se centrar\u00edan en optimizar la experiencia de navegaci\u00f3n, los contenidos interesantes, las propuestas comerciales de valor, entre otras estrategias para captar el mayor tr\u00e1fico posible en sus correspondientes sectores de mercado online.<\/p>\n<h2><span id=\"%F0%9F%93%8C_%C2%BFPara_que_sirve_el_CRO\" class=\"ez-toc-section\"><\/span>\u00bfPara qu\u00e9 sirve el CRO?<\/h2>\n<p>En una empresa, el Conversion Rate Optimization,\u00a0<strong>sirve para estudiar c\u00f3mo aumentar visitas en el sitio web<\/strong>\u00a0y lograr que los usuarios realicen una suscripci\u00f3n o compra. Su finalidad es para mejorar el acceso a los sitios digitales y hacerlos m\u00e1s atractivos ante los internautas.<\/p>\n<p>Otra de las razones por las que se usa este sistema es para mejorar los resultados en los motores de b\u00fasqueda. Normalmente, el algoritmo suele posicionar mejor en las p\u00e1ginas de resultados a\u00a0<strong>los sitios que realizan optimizaciones en pro al usuario<\/strong>. Eso incluye la implementaci\u00f3n de estrategias automatizadas, como el uso de chatbots, as\u00ed como la mejorar de la experiencia de navegaci\u00f3n.<\/p>\n<h2><span id=\"%F0%9F%93%8C_Como_poner_en_practica_las_estrategias_CRO\" class=\"ez-toc-section\"><\/span>C\u00f3mo poner en pr\u00e1ctica las estrategias CRO<\/h2>\n<ul>\n<li>Lo principal es generar una propuesta de valor, normalmente se realiza a trav\u00e9s de contenidos de alta calidad.<\/li>\n<li>La segmentaci\u00f3n y la personalizaci\u00f3n son t\u00e9cnicas que se deben llevar a cabo en esas\u00a0<strong>estrategias de contenido para aumentar la tasa de conversi\u00f3n<\/strong>.<\/li>\n<li>Tambi\u00e9n es importante verificar que el tr\u00e1fico est\u00e9 preparado para la captaci\u00f3n, es decir, que est\u00e9n en la b\u00fasqueda de servicios y productos.<\/li>\n<li>Es necesaria la planificaci\u00f3n y el dise\u00f1o de landing pages con diferentes propuestas comerciales.<\/li>\n<li>Durante la optimizaci\u00f3n se debe\u00a0<strong>mejorar el dise\u00f1o web para reducir la cantidad de clics<\/strong>\u00a0que hace el usuario antes de convertirse.<\/li>\n<\/ul>\n<p>&nbsp;<\/p>\n<h2><span id=\"%F0%9F%93%8C_Mas_informacion_sobre_Conversion_Rate_Optimization\" class=\"ez-toc-section\"><\/span>M\u00e1s informaci\u00f3n sobre Conversion Rate Optimization<\/h2>\n<ul>\n<li><a href=\"https:\/\/www.appyweb.es\/estrategias-mejorar-tasa-conversion\/\">Alcanza el \u00e9xito aumentando la conversi\u00f3n de tu web<\/a>.<\/li>\n<li><a href=\"https:\/\/directivosygerentes.es\/ecommerce\/noticias-ecommerce\/optimizar-pago-online-tasa-conversion\" rel=\"nofollow noopener\" target=\"_blank\">Optimizar el proceso de pago online, la clave para aumentar la tasa de conversi\u00f3n<\/a>.<\/li>\n<\/ul>\n<\/div>\n<p>&nbsp;<\/p>\n","protected":false},"excerpt":{"rendered":"<p>Muchas empresas utilizan el\u00a0conversion rate optimization\u00a0(CRO), o en espa\u00f1ol,\u00a0optimizaci\u00f3n de la tasa de conversi\u00f3n,\u00a0para mejorar sus estrategias de marketing. Su objetivo principal es aumentar la cantidad de usuarios que se registran en un sitio web. \u00bfQu\u00e9 es? El Conversion Rate Optimization son pr\u00e1cticas que aplican los negocios digitales\u00a0para mejorar la efectividad de las estrategias de [&hellip;]<\/p>\n","protected":false},"author":1,"featured_media":11800,"parent":0,"menu_order":0,"comment_status":"closed","ping_status":"closed","template":"","meta":{"inline_featured_image":false,"footnotes":""},"class_list":["post-901","page","type-page","status-publish","has-post-thumbnail","hentry"],"_links":{"self":[{"href":"https:\/\/www.appyweb.es\/diccionario\/wp-json\/wp\/v2\/pages\/901","targetHints":{"allow":["GET"]}}],"collection":[{"href":"https:\/\/www.appyweb.es\/diccionario\/wp-json\/wp\/v2\/pages"}],"about":[{"href":"https:\/\/www.appyweb.es\/diccionario\/wp-json\/wp\/v2\/types\/page"}],"author":[{"embeddable":true,"href":"https:\/\/www.appyweb.es\/diccionario\/wp-json\/wp\/v2\/users\/1"}],"replies":[{"embeddable":true,"href":"https:\/\/www.appyweb.es\/diccionario\/wp-json\/wp\/v2\/comments?post=901"}],"version-history":[{"count":5,"href":"https:\/\/www.appyweb.es\/diccionario\/wp-json\/wp\/v2\/pages\/901\/revisions"}],"predecessor-version":[{"id":11802,"href":"https:\/\/www.appyweb.es\/diccionario\/wp-json\/wp\/v2\/pages\/901\/revisions\/11802"}],"wp:featuredmedia":[{"embeddable":true,"href":"https:\/\/www.appyweb.es\/diccionario\/wp-json\/wp\/v2\/media\/11800"}],"wp:attachment":[{"href":"https:\/\/www.appyweb.es\/diccionario\/wp-json\/wp\/v2\/media?parent=901"}],"curies":[{"name":"wp","href":"https:\/\/api.w.org\/{rel}","templated":true}]}}