{"id":904,"date":"2023-06-20T10:57:17","date_gmt":"2023-06-20T10:57:17","guid":{"rendered":"https:\/\/www.appyweb.es\/diccionario\/?page_id=904"},"modified":"2024-03-21T09:28:43","modified_gmt":"2024-03-21T09:28:43","slug":"coobis","status":"publish","type":"page","link":"https:\/\/www.appyweb.es\/diccionario\/coobis\/","title":{"rendered":"Coobis"},"content":{"rendered":"<h1 class=\"entry-title main_title\"><img loading=\"lazy\" decoding=\"async\" class=\"alignnone wp-image-11806\" src=\"https:\/\/www.appyweb.es\/diccionario\/wp-content\/uploads\/2024\/03\/Coobis-300x180.jpg\" alt=\"Coobis\" width=\"1165\" height=\"699\" srcset=\"https:\/\/www.appyweb.es\/diccionario\/wp-content\/uploads\/2024\/03\/Coobis-300x180.jpg 300w, https:\/\/www.appyweb.es\/diccionario\/wp-content\/uploads\/2024\/03\/Coobis-768x461.jpg 768w, https:\/\/www.appyweb.es\/diccionario\/wp-content\/uploads\/2024\/03\/Coobis.jpg 1000w\" sizes=\"auto, (max-width: 1165px) 100vw, 1165px\" \/><\/h1>\n<div class=\"entry-content\">\n<p>Es una plataforma que permite conectar escritores con anunciantes, con el objetivo de promocionar marcas a trav\u00e9s del marketing de contenidos. Con\u00a0<strong>Coobis se puede acceder\u00a0 a cualquier tipo de redacci\u00f3n patrocinada<\/strong>, bien sea para monetizar blogs, hacer campa\u00f1a de contenido en redes sociales entre otras propuestas de marketing.<\/p>\n<h2><span id=\"%F0%9F%93%8C_%C2%BFQue_es\" class=\"ez-toc-section\"><\/span>\u00bfQu\u00e9 es?<\/h2>\n<p>La plataforma de Coobis es un ecosistema donde tanto anunciantes como escritores pueden hacer propuestas comerciales para\u00a0<a href=\"https:\/\/www.appyweb.es\/marketing-de-contenidos\/\">elaborar estrategias de marketing de contenidos<\/a>. Este tipo de t\u00e9cnica permite un mejor\u00a0<strong>posicionamiento en buscadores y una atracci\u00f3n de usuarios de forma natural<\/strong>.<\/p>\n<p>Actualmente, dicha plataforma cuenta con un poco m\u00e1s 10.000 editores disponibles, todos cuentan con diferentes habilidades y est\u00e1n dispuestos a redactar contenidos segmentados seg\u00fan sus conocimientos. De esta forma, los anunciantes pueden elegir a los profesionales m\u00e1s adecuados seg\u00fan el tipo de campa\u00f1a que realizar\u00e1n.<\/p>\n<h2><span id=\"%F0%9F%93%8C%C2%BFComo_funciona_Coobis\" class=\"ez-toc-section\"><\/span>\u00bfC\u00f3mo funciona Coobis?<\/h2>\n<p>Esta opci\u00f3n es\u00a0<strong>una de las mejores opciones para monetizar un blog o una red social<\/strong>, al mismo tiempo, ofrece la posibilidad a profesionales freelance de ganar dinero redactando contenidos interesantes. Cuenta con tres opciones iniciales para generar contenido de campa\u00f1as publicitarias \u201cgenerar\u201d, \u201cdifundir\u201d y \u201camplificar\u201d.<\/p>\n<ul>\n<li><strong>Generar<\/strong><em>:\u00a0<\/em>Le permite los usuarios redactar contenidos de cualquier tipo y las empresas les pagar\u00e1n por hacerlo.<\/li>\n<li><strong>Difundir<\/strong><em>:\u00a0<\/em>Permite la creaci\u00f3n de campa\u00f1as para diferentes medios de comunicaci\u00f3n, las empresas utilizan esta opci\u00f3n para\u00a0<a href=\"https:\/\/www.appyweb.es\/link-building\/\">generar una estrategia de link building<\/a>.<\/li>\n<li><strong>Amplificar<\/strong><em>:\u00a0<\/em>Est\u00e1 dise\u00f1ada exclusivamente para influencers y permite crear campa\u00f1as de promoci\u00f3n para una marca en redes sociales.<\/li>\n<\/ul>\n<p>Es importante destacar que\u00a0<strong>Coobis solicita una comisi\u00f3n por cada ingreso que obtiene el usuario<\/strong>, esta puede alcanzar hasta el 30%. Sin embargo, los redactores pueden retirar el dinero en cualquier momento, una diferencia notable con otras plataformas que exigen llegar a un l\u00edmite estimado para poder retirar.<\/p>\n<h2><span id=\"%F0%9F%93%8C_%C2%BFPara_que_sirve\" class=\"ez-toc-section\"><\/span>\u00bfPara qu\u00e9 sirve?<\/h2>\n<p>Coobis es la idea perfecta para que los editores y los anunciantes ganen dinero haciendo lo que m\u00e1s les gusta y en lo que m\u00e1s logran destacar.\u00a0<strong>Todo a trav\u00e9s de creaci\u00f3n de marketing de contenidos<\/strong>.<\/p>\n<p>Ayuda mucho a las personas que se quieren dedicar completamente a la redacci\u00f3n y tienen conocimientos en marketing de contenidos. Permitiendo que dicho trabajo sea cotizado monetariamente y priorizado en el mundo del SEO.<\/p>\n<p>En el caso de los anunciantes, les ayuda a que otras personas redacten y escriban acerca de ellos. Lo cual funciona como publicidad directa y logrando mayor alcance en diferentes escenarios digitales.<\/p>\n<h2><span id=\"%F0%9F%93%8C_Coobis_opiniones\" class=\"ez-toc-section\"><\/span>Coobis opiniones<\/h2>\n<p>La idea original de Coobis surgi\u00f3 en 2013, poco tiempo despu\u00e9s, en 2015 fue comprado por el Grupo Antevenio. Actualmente ofrecen sus servicios en Madrid, Nueva York, Mil\u00e1n, Par\u00eds, Bogot\u00e1, Ciudad de M\u00e9xico y Buenos Aires. La mayor\u00eda de las opiniones sobre esta empresa son positivas, de hecho, han\u00a0<strong>ayudado a muchas marcas encontrar visibilidad en el mercado digital\u00a0<\/strong>con ayuda del posicionamiento en buscadores.<\/p>\n<p>Por ejemplo, el community manager de Cosmopolitan TV, Adri\u00e1n Sancho, ha utilizado la plataforma desde hace varios a\u00f1os principalmente para monetizar su contenido a trav\u00e9s de diferentes tipos de anunciantes.<\/p>\n<p>&nbsp;<\/p>\n<h2><span id=\"%F0%9F%93%8C_Mas_informacion_sobre_Coobis\" class=\"ez-toc-section\"><\/span>M\u00e1s informaci\u00f3n sobre Coobis<\/h2>\n<ul>\n<li><a href=\"https:\/\/www.appyweb.es\/7-formulas-copywriting-efectivas\/\">7 f\u00f3rmulas de copywriting efectivas<\/a>.<\/li>\n<li><a href=\"https:\/\/soporte.coobis.com\/hc\/es\/articles\/115001984751--C%C3%B3mo-funciona-Coobis-\" rel=\"nofollow noopener\" target=\"_blank\">\u00bfC\u00f3mo funciona Coobis?<\/a><\/li>\n<\/ul>\n<\/div>\n<p>&nbsp;<\/p>\n","protected":false},"excerpt":{"rendered":"<p>Es una plataforma que permite conectar escritores con anunciantes, con el objetivo de promocionar marcas a trav\u00e9s del marketing de contenidos. Con\u00a0Coobis se puede acceder\u00a0 a cualquier tipo de redacci\u00f3n patrocinada, bien sea para monetizar blogs, hacer campa\u00f1a de contenido en redes sociales entre otras propuestas de marketing. \u00bfQu\u00e9 es? La plataforma de Coobis es [&hellip;]<\/p>\n","protected":false},"author":1,"featured_media":11806,"parent":0,"menu_order":0,"comment_status":"closed","ping_status":"closed","template":"","meta":{"inline_featured_image":false,"footnotes":""},"class_list":["post-904","page","type-page","status-publish","has-post-thumbnail","hentry"],"_links":{"self":[{"href":"https:\/\/www.appyweb.es\/diccionario\/wp-json\/wp\/v2\/pages\/904","targetHints":{"allow":["GET"]}}],"collection":[{"href":"https:\/\/www.appyweb.es\/diccionario\/wp-json\/wp\/v2\/pages"}],"about":[{"href":"https:\/\/www.appyweb.es\/diccionario\/wp-json\/wp\/v2\/types\/page"}],"author":[{"embeddable":true,"href":"https:\/\/www.appyweb.es\/diccionario\/wp-json\/wp\/v2\/users\/1"}],"replies":[{"embeddable":true,"href":"https:\/\/www.appyweb.es\/diccionario\/wp-json\/wp\/v2\/comments?post=904"}],"version-history":[{"count":5,"href":"https:\/\/www.appyweb.es\/diccionario\/wp-json\/wp\/v2\/pages\/904\/revisions"}],"predecessor-version":[{"id":11807,"href":"https:\/\/www.appyweb.es\/diccionario\/wp-json\/wp\/v2\/pages\/904\/revisions\/11807"}],"wp:featuredmedia":[{"embeddable":true,"href":"https:\/\/www.appyweb.es\/diccionario\/wp-json\/wp\/v2\/media\/11806"}],"wp:attachment":[{"href":"https:\/\/www.appyweb.es\/diccionario\/wp-json\/wp\/v2\/media?parent=904"}],"curies":[{"name":"wp","href":"https:\/\/api.w.org\/{rel}","templated":true}]}}