{"id":915,"date":"2023-06-20T11:01:45","date_gmt":"2023-06-20T11:01:45","guid":{"rendered":"https:\/\/www.appyweb.es\/diccionario\/?page_id=915"},"modified":"2024-03-21T09:30:50","modified_gmt":"2024-03-21T09:30:50","slug":"copyright","status":"publish","type":"page","link":"https:\/\/www.appyweb.es\/diccionario\/copyright\/","title":{"rendered":"Copyright"},"content":{"rendered":"<h1 class=\"entry-title main_title\"><img loading=\"lazy\" decoding=\"async\" class=\"alignnone wp-image-11824\" src=\"https:\/\/www.appyweb.es\/diccionario\/wp-content\/uploads\/2024\/03\/Copyright-300x180.jpg\" alt=\"Copyright\" width=\"1133\" height=\"680\" srcset=\"https:\/\/www.appyweb.es\/diccionario\/wp-content\/uploads\/2024\/03\/Copyright-300x180.jpg 300w, https:\/\/www.appyweb.es\/diccionario\/wp-content\/uploads\/2024\/03\/Copyright-768x461.jpg 768w, https:\/\/www.appyweb.es\/diccionario\/wp-content\/uploads\/2024\/03\/Copyright.jpg 1000w\" sizes=\"auto, (max-width: 1133px) 100vw, 1133px\" \/><\/h1>\n<div class=\"entry-content\">\n<p>Es una licencia que protege el derecho de autor sobre los contenidos realizados y cumple con una serie de requisitos para poder ser asignado.\u00a0<strong>El copyright se denomina como un derecho universal<\/strong>\u00a0y se deben respetar, de lo contrario podr\u00edan ser penalizados seg\u00fan el pa\u00eds.<\/p>\n<h2><span id=\"%F0%9F%93%8C_%C2%BFQue_es\" class=\"ez-toc-section\"><\/span>\u00bfQu\u00e9 es?<\/h2>\n<p>Es una licencia que protege la propiedad intelectual del autor, abarca una cantidad considerable de normas y leyes que\u00a0<strong>resguardan el reconocimiento de autor\u00eda de un contenido<\/strong>.<\/p>\n<p>El copyright protege tambi\u00e9n los derechos de explotaci\u00f3n de la obra, puede ser un libro, un art\u00edculo,\u00a0<a href=\"https:\/\/www.appyweb.es\/notas-de-prensa\/\">una nota de prensa<\/a>, una investigaci\u00f3n, un proyecto con fines did\u00e1cticos, un archivo audiovisual o m\u00fasica.<\/p>\n<p>Los derechos de autor\u00eda en la actualidad son reconocidos como derechos fundamentales, seg\u00fan la declaraci\u00f3n Universal de los Derechos Humanos. El autor del contenido\u00a0<strong>establece las condiciones bajo las cuales el contenido puede ser distribuido<\/strong>. Tambi\u00e9n el aporte econ\u00f3mico que recibe gracias a ello, como m\u00e9todo de ganancia por su obra o contenido escrito, y as\u00ed como tambi\u00e9n el momento en el que pueda retirar la obra o contenido del mercado actual.<\/p>\n<h2><span id=\"%F0%9F%93%8C_Origen_del_Copyright\" class=\"ez-toc-section\"><\/span>Origen del Copyright<\/h2>\n<p>El origen se puede remontar desde hace siglos. Algunas fuentes aseguran que el concepto se oficializ\u00f3 en Inglaterra, durante el siglo XVIII. Aunque lo primeros reclamos del derecho de autor, se registraron a finales del siglo XV por Antonio de Nebrija.<\/p>\n<h2><span id=\"%F0%9F%93%8C_%C2%BFPara_que_sirve\" class=\"ez-toc-section\"><\/span>\u00bfPara qu\u00e9 sirve?<\/h2>\n<p>Es el medio principal para amparar y resguardar el derecho de propiedad intelectual del redactor o escritor, bajo el aspecto judicial. As\u00ed mismo, combate los posibles plagios, que se pueden\u00a0<a href=\"https:\/\/www.appyweb.es\/marketing-de-contenidos\/\">generar de los contenidos en un sitio web<\/a>.<\/p>\n<h2><span id=\"%F0%9F%93%8C_%C2%BFComo_se_consigue_una_licencia_de_Copyright\" class=\"ez-toc-section\"><\/span>\u00bfC\u00f3mo se consigue una licencia de Copyright?<\/h2>\n<p>Para acceder a todos los beneficios de este sustento legal es necesario hacer un registro de la propiedad. Esto se realiza en la Administraci\u00f3n de cualquier ciudad, en la oficina de\u00a0<em>registro de la propiedad intelectual<\/em>. Es importante llevar\u00a0<strong>la original y la copia de la obra para hacer el debido registro<\/strong>.<\/p>\n<p>Igualmente, se deben abonar las tasas correspondientes al proceso y seleccionar el tiempo de duraci\u00f3n del copyright. Existen diferentes plazos de tiempo seg\u00fan el tipo de obra, de igual forma, la licencia deber\u00e1 renovarse al finalizar ese tiempo.<\/p>\n<p>&nbsp;<\/p>\n<h2><span id=\"%F0%9F%93%8C_Mas_informacion_sobre_Copyright\" class=\"ez-toc-section\"><\/span>M\u00e1s informaci\u00f3n sobre Copyright<\/h2>\n<ul>\n<li><a href=\"https:\/\/www.appyweb.es\/7-plataformas-descargar-canciones-videos-youtube\/\">7 plataformas descargar canciones o v\u00eddeos de YouTube<\/a>.<\/li>\n<li><a href=\"https:\/\/www.ciudadano2cero.com\/que-es-copyright-youtube\/\" rel=\"nofollow noopener\" target=\"_blank\">\u00bfQu\u00e9 es y c\u00f3mo funciona el Copyright de YouTube?<\/a><\/li>\n<\/ul>\n<\/div>\n<p>&nbsp;<\/p>\n","protected":false},"excerpt":{"rendered":"<p>Es una licencia que protege el derecho de autor sobre los contenidos realizados y cumple con una serie de requisitos para poder ser asignado.\u00a0El copyright se denomina como un derecho universal\u00a0y se deben respetar, de lo contrario podr\u00edan ser penalizados seg\u00fan el pa\u00eds. \u00bfQu\u00e9 es? Es una licencia que protege la propiedad intelectual del autor, [&hellip;]<\/p>\n","protected":false},"author":1,"featured_media":11824,"parent":0,"menu_order":0,"comment_status":"closed","ping_status":"closed","template":"","meta":{"inline_featured_image":false,"footnotes":""},"class_list":["post-915","page","type-page","status-publish","has-post-thumbnail","hentry"],"_links":{"self":[{"href":"https:\/\/www.appyweb.es\/diccionario\/wp-json\/wp\/v2\/pages\/915","targetHints":{"allow":["GET"]}}],"collection":[{"href":"https:\/\/www.appyweb.es\/diccionario\/wp-json\/wp\/v2\/pages"}],"about":[{"href":"https:\/\/www.appyweb.es\/diccionario\/wp-json\/wp\/v2\/types\/page"}],"author":[{"embeddable":true,"href":"https:\/\/www.appyweb.es\/diccionario\/wp-json\/wp\/v2\/users\/1"}],"replies":[{"embeddable":true,"href":"https:\/\/www.appyweb.es\/diccionario\/wp-json\/wp\/v2\/comments?post=915"}],"version-history":[{"count":5,"href":"https:\/\/www.appyweb.es\/diccionario\/wp-json\/wp\/v2\/pages\/915\/revisions"}],"predecessor-version":[{"id":11827,"href":"https:\/\/www.appyweb.es\/diccionario\/wp-json\/wp\/v2\/pages\/915\/revisions\/11827"}],"wp:featuredmedia":[{"embeddable":true,"href":"https:\/\/www.appyweb.es\/diccionario\/wp-json\/wp\/v2\/media\/11824"}],"wp:attachment":[{"href":"https:\/\/www.appyweb.es\/diccionario\/wp-json\/wp\/v2\/media?parent=915"}],"curies":[{"name":"wp","href":"https:\/\/api.w.org\/{rel}","templated":true}]}}