{"id":923,"date":"2023-06-20T11:04:05","date_gmt":"2023-06-20T11:04:05","guid":{"rendered":"https:\/\/www.appyweb.es\/diccionario\/?page_id=923"},"modified":"2024-03-21T09:37:33","modified_gmt":"2024-03-21T09:37:33","slug":"coste-adquisicion-cliente-cac","status":"publish","type":"page","link":"https:\/\/www.appyweb.es\/diccionario\/coste-adquisicion-cliente-cac\/","title":{"rendered":"Coste de adquisici\u00f3n de cliente o CAC"},"content":{"rendered":"<h1 class=\"entry-title main_title\"><img loading=\"lazy\" decoding=\"async\" class=\"alignnone  wp-image-11878\" src=\"https:\/\/www.appyweb.es\/diccionario\/wp-content\/uploads\/2024\/03\/cac-300x180.jpg\" alt=\"cac\" width=\"1115\" height=\"669\" srcset=\"https:\/\/www.appyweb.es\/diccionario\/wp-content\/uploads\/2024\/03\/cac-300x180.jpg 300w, https:\/\/www.appyweb.es\/diccionario\/wp-content\/uploads\/2024\/03\/cac-768x461.jpg 768w, https:\/\/www.appyweb.es\/diccionario\/wp-content\/uploads\/2024\/03\/cac.jpg 1000w\" sizes=\"auto, (max-width: 1115px) 100vw, 1115px\" \/><\/h1>\n<div class=\"entry-content\">\n<p>Es una inversi\u00f3n que se realiza\u00a0 para que el cliente o consumidor potencial se convierta en una conversi\u00f3n, as\u00ed se anime a comprar el producto o solicite el servicio que se ofrece. El coste de adquisici\u00f3n de cliente o CAC\u00a0<strong>se emplea en varios sectores de publicidad online como SEO, SEM, mailing<\/strong>, entre otros.<\/p>\n<h2><span id=\"%F0%9F%93%8C_%C2%BFQue_es\" class=\"ez-toc-section\"><\/span>\u00bfQu\u00e9 es?<\/h2>\n<p>Es un conjunto de inversiones que realiza una empresa para que un Lead se convierta en un consumidor. Tambi\u00e9n se utiliza el t\u00e9rmino coste de adquisici\u00f3n del cliente a la m\u00e9trica que analiza el promedio final de las\u00a0<a href=\"https:\/\/www.appyweb.es\/conversion-web\/\">estrategias de conversi\u00f3n web<\/a>, algo que tambi\u00e9n se puede calcular en herramientas de publicidad online como Google Ads.<\/p>\n<p>Se tiene en cuenta las diferentes fases del ciclo de ventas, mientras m\u00e1s datos se tengan de las mismas, m\u00e1s f\u00e1cil y pr\u00e1ctico es el c\u00e1lculo de esta m\u00e9trica. De esta forma, los expertos pueden conocer el\u00a0<strong>precio total de ventas y marketing que necesita una empresa o marca<\/strong>\u00a0para obtener un consumidor nuevo.<\/p>\n<p>Es importante destacar que el precio total de ventas y marketing, son todos los gastos de programas, marketing, salarios, bonificaciones y gastos extras que se generen en la obtenci\u00f3n de leads.<\/p>\n<h2><span id=\"%F0%9F%93%8C_%C2%BFComo_calcular_CAC\" class=\"ez-toc-section\"><\/span>\u00bfC\u00f3mo calcular CAC?<\/h2>\n<p>El CAC es un m\u00e9todo simple de c\u00e1lculo, que se basa en\u00a0<strong>dividir la suma de las inversiones por el n\u00famero de clientes obtenidos y conquistados<\/strong>, en un determinado periodo de tiempo. Se puede utilizar la siguiente f\u00f3rmula.<\/p>\n<p>CAC = Coste total de la campa\u00f1a (se tiene en cuenta solo los costes para adquisici\u00f3n) + Salarios de los responsables del marketing + Precio de las herramientas utilizadas + Servicios profesionales adicionales (agencias, dise\u00f1adores, consultores, etc.) + Gastos adicionales \/ Total de clientes adquiridos.<\/p>\n<p>Dentro de las inversiones se deben considerar: Sueldos, comisiones, entrenamientos, compra de anuncios, asesoramiento, materiales impresos, viajes, contactos telef\u00f3nicos, compra de herramientas, entre otros aspectos que generen un egreso publicitario en la empresa.<\/p>\n<h2><span id=\"%F0%9F%93%8C_%C2%BFComo_mejorar_el_CAC\" class=\"ez-toc-section\"><\/span>\u00bfC\u00f3mo mejorar el CAC?<\/h2>\n<ul>\n<li>Lo principal es aumentar la conversi\u00f3n de leads, lo m\u00e1s recomendado es\u00a0<a href=\"https:\/\/www.appyweb.es\/marketing-de-contenidos\/\">hacerlo con estrategias de contenidos<\/a>.<\/li>\n<li>Reducir el ciclo de ventas, acortar la cantidad de clics y mejorar la experiencia de navegaci\u00f3n.<\/li>\n<li>Aumentar el tr\u00e1fico org\u00e1nico utilizando estrategias de posicionamiento web.<\/li>\n<li>Utilizar un\u00a0<strong>m\u00e9todo de clasificaci\u00f3n de leads para mejorar las estrategias de conversi\u00f3n<\/strong>\u00a0a consumidores.<\/li>\n<li>Invertir en canales que garanticen resultados en poco tiempo, como anuncios en buscadores.<\/li>\n<\/ul>\n<p>&nbsp;<\/p>\n<h2><span id=\"%F0%9F%93%8C_Mas_informacion_sobre_Coste_de_adquisicion_de_clientes_o_CAC\" class=\"ez-toc-section\"><\/span>M\u00e1s informaci\u00f3n sobre Coste de adquisici\u00f3n de clientes o CAC<\/h2>\n<ul>\n<li><a href=\"https:\/\/www.appyweb.es\/diccionario\/coste-adquisicion-cpa\/\">\u00bfQu\u00e9 es el Coste por acci\u00f3n o CPA y para qu\u00e9 sirve?<\/a><\/li>\n<li><a href=\"https:\/\/www.forbes.com.mx\/aprende-hasta-cuanto-debes-invertir-por-cada-cliente-nuevo\/\" rel=\"nofollow noopener\" target=\"_blank\">Aprende hasta cu\u00e1nto debes invertir por cada cliente nuevo<\/a>.<\/li>\n<\/ul>\n<\/div>\n<p>&nbsp;<\/p>\n","protected":false},"excerpt":{"rendered":"<p>Es una inversi\u00f3n que se realiza\u00a0 para que el cliente o consumidor potencial se convierta en una conversi\u00f3n, as\u00ed se anime a comprar el producto o solicite el servicio que se ofrece. El coste de adquisici\u00f3n de cliente o CAC\u00a0se emplea en varios sectores de publicidad online como SEO, SEM, mailing, entre otros. \u00bfQu\u00e9 es? [&hellip;]<\/p>\n","protected":false},"author":1,"featured_media":11878,"parent":0,"menu_order":0,"comment_status":"closed","ping_status":"closed","template":"","meta":{"inline_featured_image":false,"footnotes":""},"class_list":["post-923","page","type-page","status-publish","has-post-thumbnail","hentry"],"_links":{"self":[{"href":"https:\/\/www.appyweb.es\/diccionario\/wp-json\/wp\/v2\/pages\/923","targetHints":{"allow":["GET"]}}],"collection":[{"href":"https:\/\/www.appyweb.es\/diccionario\/wp-json\/wp\/v2\/pages"}],"about":[{"href":"https:\/\/www.appyweb.es\/diccionario\/wp-json\/wp\/v2\/types\/page"}],"author":[{"embeddable":true,"href":"https:\/\/www.appyweb.es\/diccionario\/wp-json\/wp\/v2\/users\/1"}],"replies":[{"embeddable":true,"href":"https:\/\/www.appyweb.es\/diccionario\/wp-json\/wp\/v2\/comments?post=923"}],"version-history":[{"count":5,"href":"https:\/\/www.appyweb.es\/diccionario\/wp-json\/wp\/v2\/pages\/923\/revisions"}],"predecessor-version":[{"id":11881,"href":"https:\/\/www.appyweb.es\/diccionario\/wp-json\/wp\/v2\/pages\/923\/revisions\/11881"}],"wp:featuredmedia":[{"embeddable":true,"href":"https:\/\/www.appyweb.es\/diccionario\/wp-json\/wp\/v2\/media\/11878"}],"wp:attachment":[{"href":"https:\/\/www.appyweb.es\/diccionario\/wp-json\/wp\/v2\/media?parent=923"}],"curies":[{"name":"wp","href":"https:\/\/api.w.org\/{rel}","templated":true}]}}