{"id":935,"date":"2023-06-20T11:08:23","date_gmt":"2023-06-20T11:08:23","guid":{"rendered":"https:\/\/www.appyweb.es\/diccionario\/?page_id=935"},"modified":"2024-03-21T09:50:07","modified_gmt":"2024-03-21T09:50:07","slug":"coste-lead-cpl","status":"publish","type":"page","link":"https:\/\/www.appyweb.es\/diccionario\/coste-lead-cpl\/","title":{"rendered":"Coste por lead o CPL"},"content":{"rendered":"<h1 class=\"entry-title main_title\"><img loading=\"lazy\" decoding=\"async\" class=\"alignnone wp-image-11890\" src=\"https:\/\/www.appyweb.es\/diccionario\/wp-content\/uploads\/2024\/03\/cpl-300x180.jpg\" alt=\"cpl\" width=\"1128\" height=\"677\" srcset=\"https:\/\/www.appyweb.es\/diccionario\/wp-content\/uploads\/2024\/03\/cpl-300x180.jpg 300w, https:\/\/www.appyweb.es\/diccionario\/wp-content\/uploads\/2024\/03\/cpl-768x461.jpg 768w, https:\/\/www.appyweb.es\/diccionario\/wp-content\/uploads\/2024\/03\/cpl.jpg 1000w\" sizes=\"auto, (max-width: 1128px) 100vw, 1128px\" \/><\/h1>\n<div class=\"entry-content\">\n<p>Se trata de un m\u00e9todo de pago de anuncios en Internet, el\u00a0<strong>coste por lead o CPL enumera la cantidad de posibles clientes obtenidos en una campa\u00f1a<\/strong>, para despu\u00e9s establecer una facturaci\u00f3n total. Estos solo se contabilizan cuando se han registrado en un sitio web\u00a0 o han compartido sus datos personales con el anunciante.<\/p>\n<h2><span id=\"%F0%9F%93%8C_%C2%BFQue_es\" class=\"ez-toc-section\"><\/span>\u00bfQu\u00e9 es?<\/h2>\n<p><strong>Es un m\u00e9todo de pago que se factura a partir de la tasa de clientes potenciales o leads.<\/strong>\u00a0Cada plataforma de espacio publicitario tiene su coste por cada lead generado, normalmente se tiene en cuenta el nivel del prospecto en el que se encuentra el usuario para proceder con la factura. Esto tiene mucho que ver con el\u00a0<a href=\"https:\/\/www.appyweb.es\/marketing-de-atraccion\/\">inbound marketing o publicidad de atracci\u00f3n<\/a>, donde se establece un embudo de ventas.<\/p>\n<p>Este embudo incluye varias fases en lo que tambi\u00e9n se denomina el viaje del cliente o buyer\\\u2019s journey, all\u00ed se determina qu\u00e9 tan preparado se encuentra el prospecto para convertirse en cliente.<\/p>\n<h2><span id=\"%F0%9F%93%8C_%C2%BFPara_que_sirve\" class=\"ez-toc-section\"><\/span>\u00bfPara qu\u00e9 sirve?<\/h2>\n<p>Sirve para obtener rentabilidad en las estrategias de marketing de pago, ya que no ser\u00e1 necesario invertir en usuarios que generen una visita, ni por los que realicen clics, sino\u00a0<strong>por los que tienen m\u00e1s posibilidades de convertirse en cliente<\/strong>. Aunque la mayor\u00eda de las veces, la rentabilidad depender\u00e1 del tipo de campa\u00f1a, por ejemplo, si se trata de retargeting los clics pueden ser m\u00e1s valiosos.<\/p>\n<p>Igualmente,\u00a0<a href=\"https:\/\/www.appyweb.es\/campanas-google-adwords\/\">en plataformas como Google Ads<\/a>\u00a0se pueden obtener muchos datos por cada conversi\u00f3n. Por ejemplo, la localizaci\u00f3n de los leads, su nacionalidad, idioma, etc.<\/p>\n<h2><span id=\"%F0%9F%93%8C_%C2%BFComo_calcular_el_CPL\" class=\"ez-toc-section\"><\/span>\u00bfC\u00f3mo calcular el CPL?<\/h2>\n<p>Es importante saber c\u00f3mo calcular esta m\u00e9trica porque pueden\u00a0<strong>indicar el nivel de rentabilidad de las estrategias de inbound marketing<\/strong>, para hacerlo correctamente se puede utilizar la siguiente f\u00f3rmula.<\/p>\n<ul>\n<li>CPL = Cantidad invertida en la campa\u00f1a \/ Total de leads generados en la campa\u00f1a<\/li>\n<\/ul>\n<h2><span id=\"%F0%9F%93%8C_Ejemplos\" class=\"ez-toc-section\"><\/span>Ejemplos<\/h2>\n<p>Si una empresa decide hacer un anuncio de helados en un medio online de noticias, cuya aparici\u00f3n en la cabecera tiene un valor de 200 euros por un mes y gener\u00f3 un total de 40 posibles clientes, el CPL final se calcular\u00eda de la siguiente forma.<\/p>\n<ul>\n<li>CPL = 200 euros \/ 40 posibles clientes = 5<\/li>\n<\/ul>\n<p>En este caso, cada lead convertido tuvo un valor de 5 euros.<\/p>\n<p>&nbsp;<\/p>\n<h2><span id=\"%F0%9F%93%8C_Mas_informacion_sobre_Coste_por_lead_o_CPL\" class=\"ez-toc-section\"><\/span>M\u00e1s informaci\u00f3n sobre Coste por lead o CPL<\/h2>\n<ul>\n<li><a href=\"https:\/\/www.appyweb.es\/diccionario\/coste-clic-cpc\/\">\u00bfQu\u00e9 es el Coste por Clic o CPC y para qu\u00e9 sirve?<\/a><\/li>\n<li><a href=\"https:\/\/www.america-retail.com\/marketing-digital\/marketing-digital-un-lead-una-conversion\/\" rel=\"nofollow noopener\" target=\"_blank\">Marketing Digital: un lead una conversi\u00f3n<\/a>.<\/li>\n<\/ul>\n<\/div>\n<p>&nbsp;<\/p>\n","protected":false},"excerpt":{"rendered":"<p>Se trata de un m\u00e9todo de pago de anuncios en Internet, el\u00a0coste por lead o CPL enumera la cantidad de posibles clientes obtenidos en una campa\u00f1a, para despu\u00e9s establecer una facturaci\u00f3n total. Estos solo se contabilizan cuando se han registrado en un sitio web\u00a0 o han compartido sus datos personales con el anunciante. \u00bfQu\u00e9 es? [&hellip;]<\/p>\n","protected":false},"author":1,"featured_media":11890,"parent":0,"menu_order":0,"comment_status":"closed","ping_status":"closed","template":"","meta":{"inline_featured_image":false,"footnotes":""},"class_list":["post-935","page","type-page","status-publish","has-post-thumbnail","hentry"],"_links":{"self":[{"href":"https:\/\/www.appyweb.es\/diccionario\/wp-json\/wp\/v2\/pages\/935","targetHints":{"allow":["GET"]}}],"collection":[{"href":"https:\/\/www.appyweb.es\/diccionario\/wp-json\/wp\/v2\/pages"}],"about":[{"href":"https:\/\/www.appyweb.es\/diccionario\/wp-json\/wp\/v2\/types\/page"}],"author":[{"embeddable":true,"href":"https:\/\/www.appyweb.es\/diccionario\/wp-json\/wp\/v2\/users\/1"}],"replies":[{"embeddable":true,"href":"https:\/\/www.appyweb.es\/diccionario\/wp-json\/wp\/v2\/comments?post=935"}],"version-history":[{"count":5,"href":"https:\/\/www.appyweb.es\/diccionario\/wp-json\/wp\/v2\/pages\/935\/revisions"}],"predecessor-version":[{"id":11892,"href":"https:\/\/www.appyweb.es\/diccionario\/wp-json\/wp\/v2\/pages\/935\/revisions\/11892"}],"wp:featuredmedia":[{"embeddable":true,"href":"https:\/\/www.appyweb.es\/diccionario\/wp-json\/wp\/v2\/media\/11890"}],"wp:attachment":[{"href":"https:\/\/www.appyweb.es\/diccionario\/wp-json\/wp\/v2\/media?parent=935"}],"curies":[{"name":"wp","href":"https:\/\/api.w.org\/{rel}","templated":true}]}}