{"id":952,"date":"2023-06-20T11:19:28","date_gmt":"2023-06-20T11:19:28","guid":{"rendered":"https:\/\/www.appyweb.es\/diccionario\/?page_id=952"},"modified":"2024-03-21T10:03:26","modified_gmt":"2024-03-21T10:03:26","slug":"cpanel-1","status":"publish","type":"page","link":"https:\/\/www.appyweb.es\/diccionario\/cpanel-1\/","title":{"rendered":"cPanel"},"content":{"rendered":"<h1 class=\"entry-title main_title\"><img loading=\"lazy\" decoding=\"async\" class=\"alignnone wp-image-11902\" src=\"https:\/\/www.appyweb.es\/diccionario\/wp-content\/uploads\/2024\/03\/cpanel-300x180.jpg\" alt=\"cpanel\" width=\"1135\" height=\"681\" srcset=\"https:\/\/www.appyweb.es\/diccionario\/wp-content\/uploads\/2024\/03\/cpanel-300x180.jpg 300w, https:\/\/www.appyweb.es\/diccionario\/wp-content\/uploads\/2024\/03\/cpanel-768x461.jpg 768w, https:\/\/www.appyweb.es\/diccionario\/wp-content\/uploads\/2024\/03\/cpanel.jpg 1000w\" sizes=\"auto, (max-width: 1135px) 100vw, 1135px\" \/><\/h1>\n<div class=\"entry-content\">\n<p>El t\u00e9rmino es el acr\u00f3nimo de\u00a0<em>Control Panel<\/em>. Como su nombre lo indica, es un\u00a0<strong>panel de control para administrar servidores de alojamiento web<\/strong>. Tambi\u00e9n tiene dos tipos de interfaz disponibles, uno para los usuarios y otro para los administradores.<\/p>\n<h2><span id=\"%F0%9F%93%8C_%C2%BFQue_es\" class=\"ez-toc-section\"><\/span>\u00bfQu\u00e9 es?<\/h2>\n<p>Es un panel de control exclusivo para administradores de alojamiento web, cuenta con una serie de herramientas que permiten automatizar procesos, dividir paneles y gestionar datos.<\/p>\n<p>El\u00a0<strong>dise\u00f1o de cPanel cuenta con tres capas\u00a0<\/strong>que muestran atributos diferentes en administradores, usuarios y revendedores. Se puede definir como un software de tipo propietario, es compatible con la mayor\u00eda de distribuciones de Linux.<\/p>\n<p>En la actualidad, es el software m\u00e1s utilizado para el panel de control de un sitio web, el\u00a0<a href=\"https:\/\/www.appyweb.es\/diseno-web\/\">almacenamiento del dise\u00f1o web<\/a>, mantenimiento del est\u00e1ndar de control y la gesti\u00f3n de servidores web.<\/p>\n<p>Asimismo, es un sistema que se utiliza como m\u00e9todo de seguridad para el acceso al servidor. Todos los involucrados con el almacenamiento de los datos deben contar con un usuario y contrase\u00f1a para poder acceder.<\/p>\n<h2><span id=\"%F0%9F%93%8C_Origen\" class=\"ez-toc-section\"><\/span>Origen<\/h2>\n<p>Originalmente, se llamaba Panel de Control, fue dise\u00f1ado\u00a0<em>por Speed Hosting.<\/em>\u00a0Despu\u00e9s, sali\u00f3 a luz p\u00fablica como Cpanel, creada por Nick J. Koston, que participaba en\u00a0<em>Speed hosting<\/em>.<\/p>\n<h2><span id=\"%F0%9F%93%8C_%C2%BFComo_funciona\" class=\"ez-toc-section\"><\/span>\u00bfC\u00f3mo funciona?<\/h2>\n<p>La\u00a0<strong>funci\u00f3n principal que ofrece es controlar el Hosting<\/strong>, de all\u00ed se derivan la creaci\u00f3n de las cuentas de correo corporativas y cuentas ftp, revisi\u00f3n de los registros, creaci\u00f3n de subdominios, gesti\u00f3n de archivos y lo m\u00e1s importante, la administraci\u00f3n de datos del servidor.<\/p>\n<p>Se puede considerar una estrategia muy importante para completar la seguridad de la web, permite que las empresas puedan\u00a0<a href=\"https:\/\/www.appyweb.es\/diseno-tienda-online\/\">gestionar todo el dise\u00f1o de cat\u00e1logo principal<\/a>\u00a0de una manera f\u00e1cil, segura y c\u00f3moda.<\/p>\n<h2><span id=\"%F0%9F%93%8C_Ventajas_y_desventajas_de_utilizar_cPanel\" class=\"ez-toc-section\"><\/span>Ventajas y desventajas de utilizar cPanel<\/h2>\n<h3><span id=\"Beneficios\" class=\"ez-toc-section\"><\/span>Beneficios<\/h3>\n<ul>\n<li>Es f\u00e1cil de utilizar.<\/li>\n<li>Su interfaz es muy intuitiva.<\/li>\n<li>Permite ahorrar tiempo dinero al utilizarlo.<\/li>\n<li>El instalador del software es autom\u00e1tico.<\/li>\n<li>Hay\u00a0<strong>mucha informaci\u00f3n disponible sobre c\u00f3mo utilizarlo en Internet<\/strong>.<\/li>\n<\/ul>\n<h3><span id=\"Contras\" class=\"ez-toc-section\"><\/span>Contras<\/h3>\n<ul>\n<li>Tiene tantas funciones que puede ser dif\u00edcil familiarizarse con ellas por completo.<\/li>\n<li>Las funciones importantes no se encuentran asiladas, por lo que se pueden modificar accidentalmente.<\/li>\n<li>Algunos hosting ejecutan un software antiguo.<\/li>\n<\/ul>\n<p>&nbsp;<\/p>\n<h2><span id=\"%F0%9F%93%8C_Mas_informacion_sobre_cPanel\" class=\"ez-toc-section\"><\/span>M\u00e1s informaci\u00f3n sobre cPanel<\/h2>\n<ul>\n<li><a href=\"https:\/\/www.appyweb.es\/elegir-mejor-alojamiento-web\/\">Las 3 claves para elegir el mejor alojamiento web<\/a>.<\/li>\n<li><a href=\"https:\/\/www.tribunavalladolid.com\/noticias\/que-sabes-acerca-de-cpanel\/1566400104\" rel=\"nofollow noopener\" target=\"_blank\">\u00bfQu\u00e9 sabes acerca de cPanel?<\/a><\/li>\n<\/ul>\n<\/div>\n<p>&nbsp;<\/p>\n","protected":false},"excerpt":{"rendered":"<p>El t\u00e9rmino es el acr\u00f3nimo de\u00a0Control Panel. Como su nombre lo indica, es un\u00a0panel de control para administrar servidores de alojamiento web. Tambi\u00e9n tiene dos tipos de interfaz disponibles, uno para los usuarios y otro para los administradores. \u00bfQu\u00e9 es? Es un panel de control exclusivo para administradores de alojamiento web, cuenta con una serie [&hellip;]<\/p>\n","protected":false},"author":1,"featured_media":11902,"parent":0,"menu_order":0,"comment_status":"closed","ping_status":"closed","template":"","meta":{"inline_featured_image":false,"footnotes":""},"class_list":["post-952","page","type-page","status-publish","has-post-thumbnail","hentry"],"_links":{"self":[{"href":"https:\/\/www.appyweb.es\/diccionario\/wp-json\/wp\/v2\/pages\/952","targetHints":{"allow":["GET"]}}],"collection":[{"href":"https:\/\/www.appyweb.es\/diccionario\/wp-json\/wp\/v2\/pages"}],"about":[{"href":"https:\/\/www.appyweb.es\/diccionario\/wp-json\/wp\/v2\/types\/page"}],"author":[{"embeddable":true,"href":"https:\/\/www.appyweb.es\/diccionario\/wp-json\/wp\/v2\/users\/1"}],"replies":[{"embeddable":true,"href":"https:\/\/www.appyweb.es\/diccionario\/wp-json\/wp\/v2\/comments?post=952"}],"version-history":[{"count":6,"href":"https:\/\/www.appyweb.es\/diccionario\/wp-json\/wp\/v2\/pages\/952\/revisions"}],"predecessor-version":[{"id":11904,"href":"https:\/\/www.appyweb.es\/diccionario\/wp-json\/wp\/v2\/pages\/952\/revisions\/11904"}],"wp:featuredmedia":[{"embeddable":true,"href":"https:\/\/www.appyweb.es\/diccionario\/wp-json\/wp\/v2\/media\/11902"}],"wp:attachment":[{"href":"https:\/\/www.appyweb.es\/diccionario\/wp-json\/wp\/v2\/media?parent=952"}],"curies":[{"name":"wp","href":"https:\/\/api.w.org\/{rel}","templated":true}]}}