{"id":965,"date":"2023-06-20T11:29:15","date_gmt":"2023-06-20T11:29:15","guid":{"rendered":"https:\/\/www.appyweb.es\/diccionario\/?page_id=965"},"modified":"2024-03-21T10:20:00","modified_gmt":"2024-03-21T10:20:00","slug":"crawl-budget","status":"publish","type":"page","link":"https:\/\/www.appyweb.es\/diccionario\/crawl-budget\/","title":{"rendered":"Crawl Budget"},"content":{"rendered":"<h1 class=\"entry-title main_title\"><img loading=\"lazy\" decoding=\"async\" class=\"alignnone  wp-image-11920\" src=\"https:\/\/www.appyweb.es\/diccionario\/wp-content\/uploads\/2024\/03\/CrawlBudget-300x180.jpg\" alt=\"Crawl Budget\" width=\"1132\" height=\"679\" srcset=\"https:\/\/www.appyweb.es\/diccionario\/wp-content\/uploads\/2024\/03\/CrawlBudget-300x180.jpg 300w, https:\/\/www.appyweb.es\/diccionario\/wp-content\/uploads\/2024\/03\/CrawlBudget-768x461.jpg 768w, https:\/\/www.appyweb.es\/diccionario\/wp-content\/uploads\/2024\/03\/CrawlBudget.jpg 1000w\" sizes=\"auto, (max-width: 1132px) 100vw, 1132px\" \/><\/h1>\n<div class=\"entry-content\">\n<p>Un crawl es un bot de un buscador, \u00e9ste recopila datos de diferentes p\u00e1ginas,\u00a0<strong>almacenando y ordenando la informaci\u00f3n encontrada<\/strong>.<br \/>\nAlgunos de estos rastreadores, como el bot de Google, asignan un per\u00edodo tiempo determinado para esta indexaci\u00f3n y este tiempo es llamado\u00a0<em>Crawl Budget<\/em>\u00a0o presupuesto del bot.<\/p>\n<h2><span id=\"%F0%9F%93%8C_%C2%BFQue_es_el_Crawl_Budget\" class=\"ez-toc-section\"><\/span>\u00bfQu\u00e9 es el Crawl Budget?<\/h2>\n<p>Para entender qu\u00e9 es y para qu\u00e9 sirve es necesario saber c\u00f3mo funciona Google. El buscador utiliza un algoritmo que permite\u00a0<strong>rastrear, evaluar y posicionar casi toda la informaci\u00f3n disponible en Internet<\/strong>. Este algoritmo se reparte en varias \u201cpiezas\u201d de un todo, por lo que tambi\u00e9n se les llama crawler, que se traduce como \u201crastreador\u201d, aunque tambi\u00e9n se utiliza para hacer una comparaci\u00f3n con ara\u00f1as, ya que estas \u201cse pasean\u201d por una red tejida (como el Internet) de forma similar.<\/p>\n<p>Estos bots o ara\u00f1as\u00a0<strong>cuentan con un presupuesto determinado para recorrer cada sitio web<\/strong>, dependiendo del tiempo que tarden en ello, a esto se le conoce como Crawl Budget. Tiene una\u00a0<a href=\"https:\/\/www.appyweb.es\/posicionamiento-web\/\">gran importancia en el posicionamiento web<\/a>, ya que mientras m\u00e1s optimizada este una p\u00e1gina web, menos tiempo le tomara al bot analizarla, por lo que puede distribuir mejor el presupuesto en el resto del sitio web.<\/p>\n<p>Igualmente, mientras menos presupuesto le lleve al robot hacer todo este procedimiento, tambi\u00e9n es una buena se\u00f1al para el posicionamiento, lo que significa que un sitio web puede aparecer en los primeros resultados de b\u00fasqueda.<\/p>\n<h2><span id=\"%F0%9F%93%8C_%C2%BFPara_que_sirve\" class=\"ez-toc-section\"><\/span>\u00bfPara qu\u00e9 sirve?<\/h2>\n<p>Los mismos expertos de Google han indicado que funciona para trabajar con\u00a0<strong>sitios grandes que cuentan con m\u00e1s de 5.000 URL en su plantilla<\/strong>, ya que esto supondr\u00eda un tiempo estimado de evaluaci\u00f3n. Sin embargo, tambi\u00e9n han comentado que para sitios web m\u00e1s peque\u00f1os cuentan con recursos de sobra para realizar la evaluaci\u00f3n.<\/p>\n<p>Aun as\u00ed, nunca est\u00e1 de m\u00e1s\u00a0<a href=\"https:\/\/www.appyweb.es\/auditoria-seo\/\">invertir un poco en una auditor\u00eda SEO<\/a>\u00a0para encontrar cu\u00e1les puede ser los errores de indexaci\u00f3n m\u00e1s comunes. De forma que los robots puedan hacer su trabajo de forma r\u00e1pida y pulcra.<\/p>\n<h2><span id=\"%F0%9F%93%8C_%C2%BFComo_ver_el_Crawl_Budget\" class=\"ez-toc-section\"><\/span>\u00bfC\u00f3mo ver el Crawl Budget?<\/h2>\n<p>Aunque el buscador de Google guarda en secreto muchas de sus funciones, la verdad es que los propietarios de sitios web pueden acceder al\u00a0<strong>presupuesto disponible para la indexaci\u00f3n a trav\u00e9s de Google Search Console<\/strong>. Solo basta con ingresar al men\u00fa izquierdo dentro de la secci\u00f3n\u00a0<em>herramientas y reportes de seguimiento<\/em>, se puede visualizar una opci\u00f3n de\u00a0<em>estad\u00edsticas de Crawl<\/em>.<\/p>\n<p>Al acceder a esta configuraci\u00f3n, se puede visualizar un promedio de las p\u00e1ginas indexadas por d\u00eda. Tambi\u00e9n indica cu\u00e1ndo este factor es alto o bajo en el sector, de esta forma, los usuarios pueden optimizar su sitio web para hacer que la cantidad de p\u00e1ginas indexadas por d\u00eda sea igual o mejor al promedio. Aqu\u00ed se puede visualizar una imagen de c\u00f3mo funciona.<\/p>\n<p>&nbsp;<\/p>\n<p>&nbsp;<\/p>\n<h2><span id=\"%F0%9F%93%8C_Mas_informacion_sobre_Crawl_Budget\" class=\"ez-toc-section\"><\/span>M\u00e1s informaci\u00f3n sobre Crawl Budget<\/h2>\n<ul>\n<li><a href=\"https:\/\/www.appyweb.es\/diccionario\/crawling\/\">\u00bfQu\u00e9 es el Crawling y para qu\u00e9 sirve?<\/a><\/li>\n<li><a href=\"https:\/\/www.iebschool.com\/blog\/crawl-budget-seo-sem\/\" rel=\"nofollow noopener\" target=\"_blank\">Optimizaci\u00f3n Crawl Budget para SEO<\/a>.<\/li>\n<\/ul>\n<\/div>\n<p>&nbsp;<\/p>\n","protected":false},"excerpt":{"rendered":"<p>Un crawl es un bot de un buscador, \u00e9ste recopila datos de diferentes p\u00e1ginas,\u00a0almacenando y ordenando la informaci\u00f3n encontrada. Algunos de estos rastreadores, como el bot de Google, asignan un per\u00edodo tiempo determinado para esta indexaci\u00f3n y este tiempo es llamado\u00a0Crawl Budget\u00a0o presupuesto del bot. \u00bfQu\u00e9 es el Crawl Budget? Para entender qu\u00e9 es y [&hellip;]<\/p>\n","protected":false},"author":1,"featured_media":11920,"parent":0,"menu_order":0,"comment_status":"closed","ping_status":"closed","template":"","meta":{"inline_featured_image":false,"footnotes":""},"class_list":["post-965","page","type-page","status-publish","has-post-thumbnail","hentry"],"_links":{"self":[{"href":"https:\/\/www.appyweb.es\/diccionario\/wp-json\/wp\/v2\/pages\/965","targetHints":{"allow":["GET"]}}],"collection":[{"href":"https:\/\/www.appyweb.es\/diccionario\/wp-json\/wp\/v2\/pages"}],"about":[{"href":"https:\/\/www.appyweb.es\/diccionario\/wp-json\/wp\/v2\/types\/page"}],"author":[{"embeddable":true,"href":"https:\/\/www.appyweb.es\/diccionario\/wp-json\/wp\/v2\/users\/1"}],"replies":[{"embeddable":true,"href":"https:\/\/www.appyweb.es\/diccionario\/wp-json\/wp\/v2\/comments?post=965"}],"version-history":[{"count":6,"href":"https:\/\/www.appyweb.es\/diccionario\/wp-json\/wp\/v2\/pages\/965\/revisions"}],"predecessor-version":[{"id":11922,"href":"https:\/\/www.appyweb.es\/diccionario\/wp-json\/wp\/v2\/pages\/965\/revisions\/11922"}],"wp:featuredmedia":[{"embeddable":true,"href":"https:\/\/www.appyweb.es\/diccionario\/wp-json\/wp\/v2\/media\/11920"}],"wp:attachment":[{"href":"https:\/\/www.appyweb.es\/diccionario\/wp-json\/wp\/v2\/media?parent=965"}],"curies":[{"name":"wp","href":"https:\/\/api.w.org\/{rel}","templated":true}]}}