{"id":972,"date":"2023-06-20T11:32:54","date_gmt":"2023-06-20T11:32:54","guid":{"rendered":"https:\/\/www.appyweb.es\/diccionario\/?page_id=972"},"modified":"2024-03-21T11:11:00","modified_gmt":"2024-03-21T11:11:00","slug":"crawling","status":"publish","type":"page","link":"https:\/\/www.appyweb.es\/diccionario\/crawling\/","title":{"rendered":"Crawling"},"content":{"rendered":"<h1 class=\"entry-title main_title\"><img loading=\"lazy\" decoding=\"async\" class=\"alignnone wp-image-11933\" src=\"https:\/\/www.appyweb.es\/diccionario\/wp-content\/uploads\/2024\/03\/crawling-300x180.jpg\" alt=\"Crawling\" width=\"1140\" height=\"684\" srcset=\"https:\/\/www.appyweb.es\/diccionario\/wp-content\/uploads\/2024\/03\/crawling-300x180.jpg 300w, https:\/\/www.appyweb.es\/diccionario\/wp-content\/uploads\/2024\/03\/crawling-768x461.jpg 768w, https:\/\/www.appyweb.es\/diccionario\/wp-content\/uploads\/2024\/03\/crawling.jpg 1000w\" sizes=\"auto, (max-width: 1140px) 100vw, 1140px\" \/><\/h1>\n<div class=\"entry-content\">\n<p>Expertos en SEO definen el crawling como la funci\u00f3n principal de los bots o el algoritmo de Google, conocidos como crawlers. Se basa en \u00abrastrear\u00bb diferentes sitios web para procesar la informaci\u00f3n y almacenarla, permitiendo as\u00ed establecer un posicionamiento adecuado en los motores de b\u00fasqueda.<\/p>\n<h2><strong>\u00bfQu\u00e9 es?<\/strong><\/h2>\n<p>El crawling es la acci\u00f3n realizada por las ara\u00f1as web o crawlers para procesar la informaci\u00f3n en Internet. Consiste en explorar varios sitios web y almacenar sus datos, que luego se procesar\u00e1n y clasificar\u00e1n para el posicionamiento web. Esta tarea se realiza de forma autom\u00e1tica y constante.<\/p>\n<p>El proceso cuenta con varias fases, que incluyen el reconocimiento de nuevos sitios en Internet y el an\u00e1lisis de todas sus URL. Los sitios web pueden ser analizados en cualquier momento, especialmente cuando se realizan modificaciones u optimizaciones. As\u00ed, el algoritmo compara estos cambios con sus par\u00e1metros y asigna una posici\u00f3n en las p\u00e1ginas de resultados de b\u00fasqueda (SERPs).<\/p>\n<h2><strong>\u00bfC\u00f3mo funciona?<\/strong><\/h2>\n<p>El sistema utiliza un peque\u00f1o software, tambi\u00e9n conocido como bot o ara\u00f1a web, que lee y analiza c\u00f3digos. Este bot explora las redes en Internet, \u00ablee\u00bb los contenidos de forma similar a un usuario y analiza su c\u00f3digo.<\/p>\n<p>Adem\u00e1s, sigue enlaces de una p\u00e1gina a otra para analizarlas, evaluando estrategias de linkbuilding y la autoridad de los sitios. Luego, procesa esta informaci\u00f3n con el algoritmo y determina si el sitio web merece estar entre los primeros puestos en las SERPs.<\/p>\n<p>Estos robots dependen de un presupuesto de crawling, que determina el tiempo exacto que tardar\u00e1n en analizar un sitio web. Este presupuesto se divide en dos: el crawl limit, que indica el tiempo m\u00e1ximo de rastreo, y el crawl demand, que indica la frecuencia de rastreo. Cuanto m\u00e1s optimizado est\u00e9 el sitio web, menos presupuesto requerir\u00e1 y mejor posicionamiento tendr\u00e1.<\/p>\n<h2><strong>Fases del proceso de rastreo<\/strong><\/h2>\n<ol>\n<li><strong>Crawling:<\/strong> Los bots eval\u00faan o rastrean toda la informaci\u00f3n de una URL a detalle, teniendo una vista simult\u00e1nea del contenido visible para el usuario y del c\u00f3digo detr\u00e1s de este.<\/li>\n<li><strong>Clasificaci\u00f3n:<\/strong> Se clasifica la informaci\u00f3n seg\u00fan la audiencia a la que se dirige, incluyendo palabras clave y aspectos relacionados con el posicionamiento.<\/li>\n<li><strong>Indexaci\u00f3n:<\/strong> Se eval\u00faa la informaci\u00f3n con la f\u00f3rmula del algoritmo y se almacenan todos los datos. Esta fase es esencial para el posicionamiento en las SERPs.<\/li>\n<\/ol>\n<h2><span id=\"%F0%9F%93%8C_Mas_informacion_sobre_Crawling\" class=\"ez-toc-section\"><\/span>M\u00e1s informaci\u00f3n sobre Crawling<\/h2>\n<ul>\n<li><a href=\"https:\/\/www.appyweb.es\/diccionario\/crawlers\/\">\u00bfQu\u00e9 son los Crawlers y para qu\u00e9 sirve?<\/a><\/li>\n<li><a href=\"http:\/\/www.matiacosta.com\/como-funciona-algoritmo-google\/\" rel=\"nofollow noopener\" target=\"_blank\">\u00bfC\u00f3mo funciona el algoritmo de Google?<\/a><\/li>\n<\/ul>\n<\/div>\n<p>&nbsp;<\/p>\n","protected":false},"excerpt":{"rendered":"<p>Expertos en SEO definen el crawling como la funci\u00f3n principal de los bots o el algoritmo de Google, conocidos como crawlers. Se basa en \u00abrastrear\u00bb diferentes sitios web para procesar la informaci\u00f3n y almacenarla, permitiendo as\u00ed establecer un posicionamiento adecuado en los motores de b\u00fasqueda. \u00bfQu\u00e9 es? El crawling es la acci\u00f3n realizada por las [&hellip;]<\/p>\n","protected":false},"author":1,"featured_media":11933,"parent":0,"menu_order":0,"comment_status":"closed","ping_status":"closed","template":"","meta":{"inline_featured_image":false,"footnotes":""},"class_list":["post-972","page","type-page","status-publish","has-post-thumbnail","hentry"],"_links":{"self":[{"href":"https:\/\/www.appyweb.es\/diccionario\/wp-json\/wp\/v2\/pages\/972","targetHints":{"allow":["GET"]}}],"collection":[{"href":"https:\/\/www.appyweb.es\/diccionario\/wp-json\/wp\/v2\/pages"}],"about":[{"href":"https:\/\/www.appyweb.es\/diccionario\/wp-json\/wp\/v2\/types\/page"}],"author":[{"embeddable":true,"href":"https:\/\/www.appyweb.es\/diccionario\/wp-json\/wp\/v2\/users\/1"}],"replies":[{"embeddable":true,"href":"https:\/\/www.appyweb.es\/diccionario\/wp-json\/wp\/v2\/comments?post=972"}],"version-history":[{"count":6,"href":"https:\/\/www.appyweb.es\/diccionario\/wp-json\/wp\/v2\/pages\/972\/revisions"}],"predecessor-version":[{"id":11945,"href":"https:\/\/www.appyweb.es\/diccionario\/wp-json\/wp\/v2\/pages\/972\/revisions\/11945"}],"wp:featuredmedia":[{"embeddable":true,"href":"https:\/\/www.appyweb.es\/diccionario\/wp-json\/wp\/v2\/media\/11933"}],"wp:attachment":[{"href":"https:\/\/www.appyweb.es\/diccionario\/wp-json\/wp\/v2\/media?parent=972"}],"curies":[{"name":"wp","href":"https:\/\/api.w.org\/{rel}","templated":true}]}}