{"id":983,"date":"2023-06-20T11:36:21","date_gmt":"2023-06-20T11:36:21","guid":{"rendered":"https:\/\/www.appyweb.es\/diccionario\/?page_id=983"},"modified":"2024-03-21T11:26:51","modified_gmt":"2024-03-21T11:26:51","slug":"cross-media-marketing","status":"publish","type":"page","link":"https:\/\/www.appyweb.es\/diccionario\/cross-media-marketing\/","title":{"rendered":"Cross-media marketing"},"content":{"rendered":"<h1 class=\"entry-title main_title\"><img loading=\"lazy\" decoding=\"async\" class=\"alignnone  wp-image-11956\" src=\"https:\/\/www.appyweb.es\/diccionario\/wp-content\/uploads\/2024\/03\/Cross-media-marketing-300x180.jpg\" alt=\"Cross-media marketing\" width=\"1123\" height=\"674\" srcset=\"https:\/\/www.appyweb.es\/diccionario\/wp-content\/uploads\/2024\/03\/Cross-media-marketing-300x180.jpg 300w, https:\/\/www.appyweb.es\/diccionario\/wp-content\/uploads\/2024\/03\/Cross-media-marketing-768x461.jpg 768w, https:\/\/www.appyweb.es\/diccionario\/wp-content\/uploads\/2024\/03\/Cross-media-marketing.jpg 1000w\" sizes=\"auto, (max-width: 1123px) 100vw, 1123px\" \/><\/h1>\n<div class=\"entry-content\">\n<p>Es una estrategia que involucra una serie de\u00a0<strong>canales diferentes para difundir campa\u00f1as de marketing similares<\/strong>, el objetivo es hacer que la marca tenga una visibilidad exponencial en todos los \u00e1mbitos digitales. El cross-media marketing es una estrategia que impulsa el reconocimiento de un negocio a gran escala en Internet.<\/p>\n<h2><span id=\"%F0%9F%93%8C_%C2%BFQue_es\" class=\"ez-toc-section\"><\/span>\u00bfQu\u00e9 es?<\/h2>\n<p>Es una estrategia la cual consiste en promocionar bien sea a una empresa o una marca,\u00a0<strong>por todos los medios disponibles para la inversi\u00f3n<\/strong>. Su objetivo es lograr un crecimiento m\u00e1s r\u00e1pido, tanto en el reconocimiento dentro del mercado, como en las ventas de la empresa. En este sentido,\u00a0<a href=\"https:\/\/www.appyweb.es\/marketing-de-atraccion\/\">se crean estrategias de marketing de atracci\u00f3n<\/a>\u00a0muy similares para diferentes canales, ajustando algunas caracter\u00edsticas para su aceptaci\u00f3n en diferentes audiencias.<\/p>\n<p>Por supuesto, este tipo de promoci\u00f3n no se orienta s\u00f3lo al mundo digital, tambi\u00e9n se pueden involucrar campa\u00f1as que se difunden a trav\u00e9s de medios tradicionales como peri\u00f3dicos, revistas, televisi\u00f3n o radio.<\/p>\n<h2><span id=\"%F0%9F%93%8C_%C2%BFComo_hacer_Cross-media_marketing\" class=\"ez-toc-section\"><\/span>\u00bfC\u00f3mo hacer Cross-media marketing?<\/h2>\n<p>Para empezar a producir campa\u00f1as de cross-media marketing es importante involucrar a todos los sectores digitales, esto incluye las redes sociales,\u00a0<a href=\"https:\/\/www.appyweb.es\/email-marketing-para-empresas\/\">email marketing<\/a>, posicionamiento org\u00e1nico, anuncios para buscadores, banners en medio digitales, entre otros.<\/p>\n<p>Al mismo tiempo, es importante realizar un estudio para determinar\u00a0<strong>que sean los canales m\u00e1s apropiados para llegar a la audiencia que se quiere<\/strong>, aunque se trata de una campa\u00f1a masiva no quiere decir que no cuente con una estrategia determinada. Es importante establecer objetivos espec\u00edficos para cada uno de los canales, por ejemplo, la cantidad de visualizaciones final y la cantidad de usuarios convertidos en clientes.<\/p>\n<p>Tambi\u00e9n se pueden crear estrategias alternativas para reconocimiento de la marca, como puede ser el desarrollo de c\u00f3digos QR, los cuales se pueden colocar en tarjetas de presentaci\u00f3n para dirigir hacia la p\u00e1gina principal de la empresa. Aqu\u00ed se puede destacar el uso de canales m\u00e1s tradicionales en combinaci\u00f3n con los medios digitales.<\/p>\n<h2><span id=\"%F0%9F%93%8C_%C2%BFEl_Cross-media_marketing_funciona\" class=\"ez-toc-section\"><\/span>\u00bfEl Cross-media marketing funciona?<\/h2>\n<p>Seg\u00fan diversos estudios, se ha estimado que con\u00a0<strong>el enfoque multicanal aumenta en un 35% el \u00e9xito de la campa\u00f1a<\/strong>. Aparte, ofrece muchas ventajas tanto para grandes como peque\u00f1as empresas, sin embargo, tiene una desventaja que consiste en la inversi\u00f3n de la campa\u00f1a, ya que al desarrollar estrategias para medios de anuncios de pago puede llegar a superar el coste estimado.<\/p>\n<p>En este caso, solo es necesario implementarlo cu\u00e1ndo se requiera de masificar un mensaje o expandir la noticia sobre alg\u00fan nuevo producto. De esta forma se pueden llegar a diferentes audiencias de forma m\u00e1s r\u00e1pida durante un corto periodo de tiempo.<\/p>\n<p>&nbsp;<\/p>\n<h2><span id=\"%F0%9F%93%8C_Mas_informacion_sobre_Cross_media_marketing\" class=\"ez-toc-section\"><\/span>M\u00e1s informaci\u00f3n sobre Cross media marketing<\/h2>\n<ul>\n<li>C<a href=\"https:\/\/www.appyweb.es\/4-consejos-desarrollar-una-estrategia-social-media-efectiva\/\">onsejos para desarrollar una estrategia de social media m\u00e1s efectiva<\/a>.<\/li>\n<li><a href=\"https:\/\/www.merca20.com\/por-que-es-importante-el-cross-media-en-marketing\/\" rel=\"nofollow noopener\" target=\"_blank\">\u00bfPor qu\u00e9 es importante el cross-media en marketing?<\/a><\/li>\n<\/ul>\n<\/div>\n<p>&nbsp;<\/p>\n","protected":false},"excerpt":{"rendered":"<p>Es una estrategia que involucra una serie de\u00a0canales diferentes para difundir campa\u00f1as de marketing similares, el objetivo es hacer que la marca tenga una visibilidad exponencial en todos los \u00e1mbitos digitales. El cross-media marketing es una estrategia que impulsa el reconocimiento de un negocio a gran escala en Internet. \u00bfQu\u00e9 es? Es una estrategia la [&hellip;]<\/p>\n","protected":false},"author":1,"featured_media":11956,"parent":0,"menu_order":0,"comment_status":"closed","ping_status":"closed","template":"","meta":{"inline_featured_image":false,"footnotes":""},"class_list":["post-983","page","type-page","status-publish","has-post-thumbnail","hentry"],"_links":{"self":[{"href":"https:\/\/www.appyweb.es\/diccionario\/wp-json\/wp\/v2\/pages\/983","targetHints":{"allow":["GET"]}}],"collection":[{"href":"https:\/\/www.appyweb.es\/diccionario\/wp-json\/wp\/v2\/pages"}],"about":[{"href":"https:\/\/www.appyweb.es\/diccionario\/wp-json\/wp\/v2\/types\/page"}],"author":[{"embeddable":true,"href":"https:\/\/www.appyweb.es\/diccionario\/wp-json\/wp\/v2\/users\/1"}],"replies":[{"embeddable":true,"href":"https:\/\/www.appyweb.es\/diccionario\/wp-json\/wp\/v2\/comments?post=983"}],"version-history":[{"count":6,"href":"https:\/\/www.appyweb.es\/diccionario\/wp-json\/wp\/v2\/pages\/983\/revisions"}],"predecessor-version":[{"id":11958,"href":"https:\/\/www.appyweb.es\/diccionario\/wp-json\/wp\/v2\/pages\/983\/revisions\/11958"}],"wp:featuredmedia":[{"embeddable":true,"href":"https:\/\/www.appyweb.es\/diccionario\/wp-json\/wp\/v2\/media\/11956"}],"wp:attachment":[{"href":"https:\/\/www.appyweb.es\/diccionario\/wp-json\/wp\/v2\/media?parent=983"}],"curies":[{"name":"wp","href":"https:\/\/api.w.org\/{rel}","templated":true}]}}