{"id":987,"date":"2023-06-20T11:37:52","date_gmt":"2023-06-20T11:37:52","guid":{"rendered":"https:\/\/www.appyweb.es\/diccionario\/?page_id=987"},"modified":"2024-03-21T11:35:13","modified_gmt":"2024-03-21T11:35:13","slug":"cross-sell","status":"publish","type":"page","link":"https:\/\/www.appyweb.es\/diccionario\/cross-sell\/","title":{"rendered":"Cross-sell"},"content":{"rendered":"<h1 class=\"entry-title main_title\"><img loading=\"lazy\" decoding=\"async\" class=\"alignnone  wp-image-11963\" src=\"https:\/\/www.appyweb.es\/diccionario\/wp-content\/uploads\/2024\/03\/Cross-sell-300x180.jpg\" alt=\"Cross-sell\" width=\"1115\" height=\"669\" srcset=\"https:\/\/www.appyweb.es\/diccionario\/wp-content\/uploads\/2024\/03\/Cross-sell-300x180.jpg 300w, https:\/\/www.appyweb.es\/diccionario\/wp-content\/uploads\/2024\/03\/Cross-sell-768x461.jpg 768w, https:\/\/www.appyweb.es\/diccionario\/wp-content\/uploads\/2024\/03\/Cross-sell.jpg 1000w\" sizes=\"auto, (max-width: 1115px) 100vw, 1115px\" \/><\/h1>\n<div class=\"entry-content\">\n<p>Cross sell o venta cruzada es una t\u00e1ctica utilizada por sitios web de e-commerce, donde un vendedor en particular realiza la venta de un producto, con\u00a0<strong>la posibilidad de vender productos complementarios<\/strong>\u00a0tambi\u00e9n. Por ejemplo, si vende smartphones tambi\u00e9n puede ofrecer cascos, fundas o vidrios templados en la misma venta.<\/p>\n<h2><span id=\"%F0%9F%93%8C_%C2%BFQue_es\" class=\"ez-toc-section\"><\/span>\u00bfQu\u00e9 es?<\/h2>\n<p>Es una t\u00e9cnica que consiste en ofrecer varios productos relacionados con la venta de algo en concreto. La idea es\u00a0<strong>garantizar que sean art\u00edculos necesarios para el cliente<\/strong>, hacerle ver que lo que est\u00e1 comprando funcionar\u00eda mejor con un complemento. Actualmente, tambi\u00e9n se le conoce como sistema de recomendaci\u00f3n, donde se utilizan software para automatizar el proceso de cross-selling<\/p>\n<p>Es una estrategia muy utilizada en los sitios web de e-commerce como Amazon, en estos casos, las estrategias de las\u00a0<a href=\"https:\/\/www.appyweb.es\/embudo-ventas-e-commerce\/\">\u00faltimas etapas del embudo de ventas<\/a>\u00a0consiste en ofrecerle al usuario un producto complementario de f\u00e1cil acceso y con buen precio, con la finalidad de aumentar los ingresos del vendedor.<\/p>\n<h2><span id=\"%F0%9F%93%8C_%C2%BFQue_beneficios_ofrece\" class=\"ez-toc-section\"><\/span>\u00bfQu\u00e9 beneficios ofrece?<\/h2>\n<p>Es una excelente pr\u00e1ctica en el caso de\u00a0<a href=\"https:\/\/www.appyweb.es\/campanas-google-adwords\/\">llevar a cabo campa\u00f1as de retargeting<\/a>, el\u00a0<strong>cross selling no es invasivo con el cliente al momento de una compra<\/strong>\u00a0en espec\u00edfico, pero con ayuda de los anuncios de memoria puede volver a la tienda online por lo que le hace falta, aumentando as\u00ed los ingresos a corto y largo plazo.<\/p>\n<p>Asimismo, tambi\u00e9n es un buen m\u00e9todo para ofrecer un mejor servicio al cliente, con las ventas cruzadas el usuario se sentir\u00e1 mejor atendido, sabr\u00e1 que el vendedor se preocupa por sus necesidades y cuenta con productos de alta calidad para cubrirlas.<\/p>\n<h2><span id=\"%F0%9F%93%8C_Diferencias_entre_cross-sell_y_up-sell\" class=\"ez-toc-section\"><\/span>Diferencias entre cross-sell y up-sell<\/h2>\n<p>Las estrategias de up-selling o venta incrementada tambi\u00e9n tienen una t\u00e9cnica similar a la anterior, en ocasiones se aplican en conjunto para obtener mejores resultados de venta. De hecho,\u00a0<strong>puede existir desde un 10% y 30% de m\u00e1s ganancias<\/strong>\u00a0en caso de que se implementen juntas. Pero, aun as\u00ed es necesario saber diferenciarlas, algunas de sus caracter\u00edsticas son las siguientes.<\/p>\n<ul>\n<li>El up-selling busca ofrecer algo similar al usuario, por ejemplo, con la compra de un smartphone se puede ofrecer una tablet o un smartwatch.<\/li>\n<li>La venta cruzada se concentra en vender complementos, como un protector de pantalla, un cable USB, cargador inal\u00e1mbrico para ese mismo smartphone.<\/li>\n<li>La venta incrementada normalmente busca hacer que el cliente\u00a0<strong>invierta m\u00e1s en una compra de un solo producto<\/strong>, por ejemplo, si est\u00e1 interesado en un smartphone de Samsung se puede ofrecer un \u00faltimo modelo de iPhone y convencerlo de que es lo que necesita.<\/li>\n<\/ul>\n<p>&nbsp;<\/p>\n<h2><span id=\"%F0%9F%93%8C_Mas_informacion_sobre_Cross-sell\" class=\"ez-toc-section\"><\/span>M\u00e1s informaci\u00f3n sobre Cross-sell<\/h2>\n<ul>\n<li><a href=\"https:\/\/www.appyweb.es\/aumento-ingresos-internet-funnel-ventas\/\">Aumenta tus ingresos en internet gracias al funnel de ventas<\/a>.<\/li>\n<li><a href=\"https:\/\/tecnohotelnews.com\/2020\/05\/19\/upselling-cross-selling-estrategias-ventas\/\" rel=\"nofollow noopener\" target=\"_blank\">Upselling y cross-selling, dos estrategias precisas para multiplicar ingresos<\/a>.<\/li>\n<\/ul>\n<\/div>\n<p>&nbsp;<\/p>\n","protected":false},"excerpt":{"rendered":"<p>Cross sell o venta cruzada es una t\u00e1ctica utilizada por sitios web de e-commerce, donde un vendedor en particular realiza la venta de un producto, con\u00a0la posibilidad de vender productos complementarios\u00a0tambi\u00e9n. Por ejemplo, si vende smartphones tambi\u00e9n puede ofrecer cascos, fundas o vidrios templados en la misma venta. \u00bfQu\u00e9 es? Es una t\u00e9cnica que consiste [&hellip;]<\/p>\n","protected":false},"author":1,"featured_media":11963,"parent":0,"menu_order":0,"comment_status":"closed","ping_status":"closed","template":"","meta":{"inline_featured_image":false,"footnotes":""},"class_list":["post-987","page","type-page","status-publish","has-post-thumbnail","hentry"],"_links":{"self":[{"href":"https:\/\/www.appyweb.es\/diccionario\/wp-json\/wp\/v2\/pages\/987","targetHints":{"allow":["GET"]}}],"collection":[{"href":"https:\/\/www.appyweb.es\/diccionario\/wp-json\/wp\/v2\/pages"}],"about":[{"href":"https:\/\/www.appyweb.es\/diccionario\/wp-json\/wp\/v2\/types\/page"}],"author":[{"embeddable":true,"href":"https:\/\/www.appyweb.es\/diccionario\/wp-json\/wp\/v2\/users\/1"}],"replies":[{"embeddable":true,"href":"https:\/\/www.appyweb.es\/diccionario\/wp-json\/wp\/v2\/comments?post=987"}],"version-history":[{"count":5,"href":"https:\/\/www.appyweb.es\/diccionario\/wp-json\/wp\/v2\/pages\/987\/revisions"}],"predecessor-version":[{"id":11965,"href":"https:\/\/www.appyweb.es\/diccionario\/wp-json\/wp\/v2\/pages\/987\/revisions\/11965"}],"wp:featuredmedia":[{"embeddable":true,"href":"https:\/\/www.appyweb.es\/diccionario\/wp-json\/wp\/v2\/media\/11963"}],"wp:attachment":[{"href":"https:\/\/www.appyweb.es\/diccionario\/wp-json\/wp\/v2\/media?parent=987"}],"curies":[{"name":"wp","href":"https:\/\/api.w.org\/{rel}","templated":true}]}}